{"id":2,"date":"2010-12-15T18:14:58","date_gmt":"2010-12-15T18:14:58","guid":{"rendered":"http:\/\/blogg.hiof.no\/andrea\/?page_id=2"},"modified":"2010-12-15T18:14:58","modified_gmt":"2010-12-15T18:14:58","slug":"om","status":"publish","type":"page","link":"https:\/\/blogg.hiof.no\/andrea\/om\/","title":{"rendered":"Om"},"content":{"rendered":"<p>Dette er et eksempel p\u00e5 en WordPress-side. Du kan redigere denne og legge inn informasjon om deg selv eller nettstedet slik at lesere vet hvor du kommer fra. Du kan lage s\u00e5 mange sider som denne og s\u00e5 mange undersider som du bare m\u00e5tte \u00f8nske, og alt administreres i WordPress.<\/p>\n","protected":false},"excerpt":{"rendered":"<p>Dette er et eksempel p\u00e5 en WordPress-side. Du kan redigere denne og legge inn informasjon om deg selv eller nettstedet slik at lesere vet hvor du kommer fra. Du kan lage s\u00e5 mange sider som denne og s\u00e5 mange undersider &hellip;<\/p>\n<p class=\"read-more\"><a href=\"https:\/\/blogg.hiof.no\/andrea\/om\/\">Les mer &raquo;<\/a><\/p>\n","protected":false},"author":201,"featured_media":0,"parent":0,"menu_order":0,"comment_status":"open","ping_status":"open","template":"","meta":{"footnotes":""},"class_list":["post-2","page","type-page","status-publish","hentry"],"jetpack_sharing_enabled":true,"_links":{"self":[{"href":"https:\/\/blogg.hiof.no\/andrea\/wp-json\/wp\/v2\/pages\/2","targetHints":{"allow":["GET"]}}],"collection":[{"href":"https:\/\/blogg.hiof.no\/andrea\/wp-json\/wp\/v2\/pages"}],"about":[{"href":"https:\/\/blogg.hiof.no\/andrea\/wp-json\/wp\/v2\/types\/page"}],"author":[{"embeddable":true,"href":"https:\/\/blogg.hiof.no\/andrea\/wp-json\/wp\/v2\/users\/201"}],"replies":[{"embeddable":true,"href":"https:\/\/blogg.hiof.no\/andrea\/wp-json\/wp\/v2\/comments?post=2"}],"version-history":[{"count":0,"href":"https:\/\/blogg.hiof.no\/andrea\/wp-json\/wp\/v2\/pages\/2\/revisions"}],"wp:attachment":[{"href":"https:\/\/blogg.hiof.no\/andrea\/wp-json\/wp\/v2\/media?parent=2"}],"curies":[{"name":"wp","href":"https:\/\/api.w.org\/{rel}","templated":true}]}}