{"id":1369,"date":"2019-12-02T20:25:56","date_gmt":"2019-12-02T20:25:56","guid":{"rendered":"https:\/\/blogg.hiof.no\/areas\/?page_id=1369"},"modified":"2019-12-04T08:46:09","modified_gmt":"2019-12-04T08:46:09","slug":"sos-podast","status":"publish","type":"page","link":"https:\/\/blogg.hiof.no\/areas\/sos-podast\/","title":{"rendered":"SOS podcast"},"content":{"rendered":"<figure id=\"attachment_1383\" aria-describedby=\"caption-attachment-1383\" style=\"width: 326px\" class=\"wp-caption aligncenter\"><a href=\"https:\/\/blogg.hiof.no\/areas\/sos-podast\/sos-logo\/\" rel=\"attachment wp-att-1383\"><img loading=\"lazy\" decoding=\"async\" class=\"wp-image-1383 \" src=\"https:\/\/blogg.hiof.no\/areas\/files\/2019\/12\/SOS-logo-242x300.jpg\" alt=\"\" width=\"326\" height=\"404\" srcset=\"https:\/\/blogg.hiof.no\/areas\/files\/2019\/12\/SOS-logo-242x300.jpg 242w, https:\/\/blogg.hiof.no\/areas\/files\/2019\/12\/SOS-logo-768x953.jpg 768w, https:\/\/blogg.hiof.no\/areas\/files\/2019\/12\/SOS-logo-825x1024.jpg 825w, https:\/\/blogg.hiof.no\/areas\/files\/2019\/12\/SOS-logo.jpg 1031w\" sizes=\"auto, (max-width: 326px) 100vw, 326px\" \/><\/a><figcaption id=\"caption-attachment-1383\" class=\"wp-caption-text\">Illustrasjon: Sondre Lindahl<\/figcaption><\/figure>\n<p class=\" elm-has-own-text\"><a href=\"https:\/\/blogg.hiof.no\/areas\/sos-podast\/sos\/\" rel=\"attachment wp-att-1370\"><br \/>\n<\/a><br \/>\nInteressert i en kort men informativ innf\u00f8ring i sentrale politiske begreper og konsepter, samt diskusjon av dagsaktuelle sp\u00f8rsm\u00e5l?<\/p>\n<p>Da er\u00a0<strong class=\" elm-has-own-text\">Statsvitenskap og s\u00e5nt<\/strong>\u00a0eller SOS en\u00a0podcast deg! I hver episode\u00a0vil Harald Borgebund og Sondre Lindahl diskutere politiske sp\u00f8rsm\u00e5l, temaer, ideer og aktuelle politiske situasjoner.<\/p>\n<p>Harald og sondre tar gjerne imot sp\u00f8rsm\u00e5l. Send til:\u00a0<a href=\"mailto:harald.borgebund@hiof.no\">harald.borgebund@hiof.no<\/a>\u00a0eller\u00a0<a href=\"mailto:sondre.lindahl@hiof.no\">sondre.lindahl@hiof.no<\/a><\/p>\n<ul>\n<li class=\" elm-has-own-text\">Episode 1:\u00a0<a href=\"https:\/\/soundcloud.com\/user-352116999\/sos-episode-1\">Demokrati er som pornografi, du vet hva det er n\u00e5r du ser det!<\/a><\/li>\n<li class=\" elm-has-own-text\">Episode 2:\u00a0<a href=\"https:\/\/soundcloud.com\/user-352116999\/sos-episode-2-wav\">SOS Hong Kong!<\/a><\/li>\n<li class=\" elm-has-own-text\">Episode 3:\u00a0<a href=\"https:\/\/soundcloud.com\/user-352116999\/sos-brexit\">SOS Brexit!<\/a><\/li>\n<\/ul>\n","protected":false},"excerpt":{"rendered":"<p>Interessert i en kort men informativ innf\u00f8ring i sentrale politiske begreper og konsepter, samt diskusjon av dagsaktuelle sp\u00f8rsm\u00e5l? Da er\u00a0Statsvitenskap og s\u00e5nt\u00a0eller SOS en\u00a0podcast deg! I hver episode\u00a0vil Harald Borgebund og Sondre Lindahl diskutere politiske sp\u00f8rsm\u00e5l, temaer, ideer og aktuelle politiske situasjoner. Harald og sondre tar gjerne imot sp\u00f8rsm\u00e5l. Send til:\u00a0harald.borgebund@hiof.no\u00a0eller\u00a0sondre.lindahl@hiof.no Episode 1:\u00a0Demokrati er som &hellip; <\/p>\n<p class=\"link-more\"><a href=\"https:\/\/blogg.hiof.no\/areas\/sos-podast\/\" class=\"more-link\">Continue reading<span class=\"screen-reader-text\"> &#8220;SOS podcast&#8221;<\/span><\/a><\/p>\n","protected":false},"author":243,"featured_media":0,"parent":0,"menu_order":0,"comment_status":"closed","ping_status":"closed","template":"","meta":{"footnotes":""},"class_list":["post-1369","page","type-page","status-publish","hentry"],"jetpack_sharing_enabled":true,"_links":{"self":[{"href":"https:\/\/blogg.hiof.no\/areas\/wp-json\/wp\/v2\/pages\/1369","targetHints":{"allow":["GET"]}}],"collection":[{"href":"https:\/\/blogg.hiof.no\/areas\/wp-json\/wp\/v2\/pages"}],"about":[{"href":"https:\/\/blogg.hiof.no\/areas\/wp-json\/wp\/v2\/types\/page"}],"author":[{"embeddable":true,"href":"https:\/\/blogg.hiof.no\/areas\/wp-json\/wp\/v2\/users\/243"}],"replies":[{"embeddable":true,"href":"https:\/\/blogg.hiof.no\/areas\/wp-json\/wp\/v2\/comments?post=1369"}],"version-history":[{"count":9,"href":"https:\/\/blogg.hiof.no\/areas\/wp-json\/wp\/v2\/pages\/1369\/revisions"}],"predecessor-version":[{"id":1384,"href":"https:\/\/blogg.hiof.no\/areas\/wp-json\/wp\/v2\/pages\/1369\/revisions\/1384"}],"wp:attachment":[{"href":"https:\/\/blogg.hiof.no\/areas\/wp-json\/wp\/v2\/media?parent=1369"}],"curies":[{"name":"wp","href":"https:\/\/api.w.org\/{rel}","templated":true}]}}