{"id":1537,"date":"2021-10-29T14:42:56","date_gmt":"2021-10-29T14:42:56","guid":{"rendered":"https:\/\/blogg.hiof.no\/areas\/?page_id=1537"},"modified":"2021-10-29T14:42:56","modified_gmt":"2021-10-29T14:42:56","slug":"frankrike-forklart","status":"publish","type":"page","link":"https:\/\/blogg.hiof.no\/areas\/frankrike-forklart\/","title":{"rendered":"Frankrike forklart"},"content":{"rendered":"<p><a href=\"https:\/\/blogg.hiof.no\/areas\/frankrike-forklart\/logo-frankrike-forklart\/\" rel=\"attachment wp-att-1538\"><img loading=\"lazy\" decoding=\"async\" class=\"wp-image-1538 aligncenter\" src=\"https:\/\/blogg.hiof.no\/areas\/files\/2021\/10\/logo-frankrike-forklart.png\" alt=\"\" width=\"177\" height=\"177\" srcset=\"https:\/\/blogg.hiof.no\/areas\/files\/2021\/10\/logo-frankrike-forklart.png 120w, https:\/\/blogg.hiof.no\/areas\/files\/2021\/10\/logo-frankrike-forklart-100x100.png 100w\" sizes=\"auto, (max-width: 177px) 100vw, 177px\" \/><\/a><\/p>\n<p>I denne podkasten inviterer Kjerstin Aukrust og Geir Uvsl\u00f8kk fra UiO og Franck Orban fra Hi\u00d8 kompetente og frankofile gjester til samtale om temaer som er viktige for \u00e5 forst\u00e5 det som skjer i Frankrike i dag, og for \u00e5 vite mer om landets historie, politikk og kultur.<\/p>\n<p>Frankrike forklart er et samarbeid mellom Universitetet i Oslo og H\u00f8gskolen i \u00d8stfold. Podkasten har full redaksjonell frihet n\u00e5r det gjelder b\u00e5de podkastepisoder og kronikker.<\/p>\n<p>Frankrike forklart distribueres av <a href=\"https:\/\/forskning.no\/podcast-frankrike-forklart\">Forskning.no<\/a>, <a href=\"https:\/\/www.transitmag.no\/kategori\/podkast\/frankrike-forklart\/\">Transit Magasin<\/a> og <a href=\"https:\/\/www.europeiskpolitikk.no\/frankrike-forklart\">Europeiskpolitikk.no<\/a> og finnes p\u00e5 Itunes, Spotify og <a href=\"https:\/\/www.hf.uio.no\/ilos\/tjenester\/kunnskap\/frankrike-forklart\/\">UiOs webside<\/a> og p\u00e5 Hi\u00d8s webside. Annenhver uke kan du ogs\u00e5 finne kronikker i Forskning.no og i Transit Magasin, som kronikker belyser ukens tema i podkasten fra en annen vinkel.<\/p>\n<p>Frankrike forklart st\u00f8ttes av Det norske universitetssenter i Paris (DNUP) og Institut fran\u00e7ais Norge.<\/p>\n","protected":false},"excerpt":{"rendered":"<p>I denne podkasten inviterer Kjerstin Aukrust og Geir Uvsl\u00f8kk fra UiO og Franck Orban fra Hi\u00d8 kompetente og frankofile gjester til samtale om temaer som er viktige for \u00e5 forst\u00e5 det som skjer i Frankrike i dag, og for \u00e5 vite mer om landets historie, politikk og kultur. Frankrike forklart er et samarbeid mellom Universitetet &hellip; <\/p>\n<p class=\"link-more\"><a href=\"https:\/\/blogg.hiof.no\/areas\/frankrike-forklart\/\" class=\"more-link\">Continue reading<span class=\"screen-reader-text\"> &#8220;Frankrike forklart&#8221;<\/span><\/a><\/p>\n","protected":false},"author":243,"featured_media":0,"parent":0,"menu_order":0,"comment_status":"closed","ping_status":"closed","template":"","meta":{"footnotes":""},"class_list":["post-1537","page","type-page","status-publish","hentry"],"jetpack_sharing_enabled":true,"_links":{"self":[{"href":"https:\/\/blogg.hiof.no\/areas\/wp-json\/wp\/v2\/pages\/1537","targetHints":{"allow":["GET"]}}],"collection":[{"href":"https:\/\/blogg.hiof.no\/areas\/wp-json\/wp\/v2\/pages"}],"about":[{"href":"https:\/\/blogg.hiof.no\/areas\/wp-json\/wp\/v2\/types\/page"}],"author":[{"embeddable":true,"href":"https:\/\/blogg.hiof.no\/areas\/wp-json\/wp\/v2\/users\/243"}],"replies":[{"embeddable":true,"href":"https:\/\/blogg.hiof.no\/areas\/wp-json\/wp\/v2\/comments?post=1537"}],"version-history":[{"count":2,"href":"https:\/\/blogg.hiof.no\/areas\/wp-json\/wp\/v2\/pages\/1537\/revisions"}],"predecessor-version":[{"id":1541,"href":"https:\/\/blogg.hiof.no\/areas\/wp-json\/wp\/v2\/pages\/1537\/revisions\/1541"}],"wp:attachment":[{"href":"https:\/\/blogg.hiof.no\/areas\/wp-json\/wp\/v2\/media?parent=1537"}],"curies":[{"name":"wp","href":"https:\/\/api.w.org\/{rel}","templated":true}]}}