{"id":22,"date":"2016-08-19T14:11:42","date_gmt":"2016-08-19T14:11:42","guid":{"rendered":"https:\/\/blogg.hiof.no\/areas\/?page_id=22"},"modified":"2021-10-29T14:58:40","modified_gmt":"2021-10-29T14:58:40","slug":"om-areas","status":"publish","type":"page","link":"https:\/\/blogg.hiof.no\/areas\/om-areas\/","title":{"rendered":"Om AreaS"},"content":{"rendered":"<p><a href=\"https:\/\/blogg.hiof.no\/areas\/about-areas\/impression\/\" rel=\"attachment wp-att-998\"><img loading=\"lazy\" decoding=\"async\" class=\"size-full wp-image-998 alignleft\" src=\"https:\/\/blogg.hiof.no\/areas\/files\/2018\/11\/LOGO-Areas.jpg\" alt=\"\" width=\"226\" height=\"268\" \/><\/a>Forskergruppen for omr\u00e5destudier AreaS er stiftet i juni 2016 og er en del av\u00a0Institutt<a class=\"subtitle\" href=\"https:\/\/www.hiof.no\/lusp\/slik\"> for spr\u00e5k, litteratur og kultur<\/a> ved H\u00f8gskolen i \u00d8stfold. Gruppen er \u00e5pen for kolleger fra andre avdelinger ved h\u00f8yskolen og eksterne institusjoner. Gruppens s\u00e6rinteresse er analysen av materielle og immaterielle omr\u00e5der.<\/p>\n<p>Med \u00abmaterielle omr\u00e5der\u00bb menes territorier med en kontinental, nasjonal eller regional dimensjon.<\/p>\n<p>\u00abImmaterielle omr\u00e5der\u00bb kan forst\u00e5s som politiske, kulturelle, \u00f8konomiske, historiske eller spr\u00e5klige konstruksjoner som p\u00e5 en eller annen m\u00e5te har v\u00e6rt eller er knyttet til og interagerer med territorier.<\/p>\n<p>AreaS prioriterer en tverrfaglig tiln\u00e6rming til studien av omr\u00e5der som trekker p\u00e5 fag som statsvitenskap, \u00f8konomi, historie, geografi, kulturkunnskap, sosiologi og spr\u00e5k. AreaS legger stor vekt p\u00e5 spr\u00e5kmangfold.<\/p>\n<p>Gruppen publiserer prim\u00e6rt p\u00e5 norsk og engelsk, samtidig som andre spr\u00e5k som er aktuelle for analysen av et bestemt omr\u00e5de vil tas i bruk. Dette gjenspeiles i gruppens bloggside.<\/p>\n<p>AreaS har kompetanse p\u00e5 f\u00f8lgende omr\u00e5der. Se <a href=\"http:\/\/www2.hiof.no\/nor\/avdeling-for-okonomi_-sprak-og-samfunnsfag\/forskergrupper-ved-avdelingen\/forskergruppe-i-omradestudier---areas\/medlemmer?lang=nor\">medlemsliste<\/a> for kontakt.<\/p>\n<ul>\n<li>Vest- og \u00d8st-Europa (EU, Storbritannia, Frankrike, Tyskland, Spania, Italia, Polen, Ungarn)<\/li>\n<li>Midt\u00f8sten<\/li>\n<li>\u00d8st- og Vest-Norden (Norge, Sverige, Finland)<\/li>\n<li>Det arktiske omr\u00e5det og Island.<\/li>\n<li>Russland\/Sovjetunionen<\/li>\n<li>USA<\/li>\n<li>Latin-Amerika<\/li>\n<\/ul>\n","protected":false},"excerpt":{"rendered":"<p>Forskergruppen for omr\u00e5destudier AreaS er stiftet i juni 2016 og er en del av\u00a0Institutt for spr\u00e5k, litteratur og kultur ved H\u00f8gskolen i \u00d8stfold. Gruppen er \u00e5pen for kolleger fra andre avdelinger ved h\u00f8yskolen og eksterne institusjoner. Gruppens s\u00e6rinteresse er analysen av materielle og immaterielle omr\u00e5der. Med \u00abmaterielle omr\u00e5der\u00bb menes territorier med en kontinental, nasjonal eller &hellip; <\/p>\n<p class=\"link-more\"><a href=\"https:\/\/blogg.hiof.no\/areas\/om-areas\/\" class=\"more-link\">Continue reading<span class=\"screen-reader-text\"> &#8220;Om AreaS&#8221;<\/span><\/a><\/p>\n","protected":false},"author":243,"featured_media":0,"parent":0,"menu_order":0,"comment_status":"closed","ping_status":"closed","template":"","meta":{"footnotes":""},"class_list":["post-22","page","type-page","status-publish","hentry"],"jetpack_sharing_enabled":true,"_links":{"self":[{"href":"https:\/\/blogg.hiof.no\/areas\/wp-json\/wp\/v2\/pages\/22","targetHints":{"allow":["GET"]}}],"collection":[{"href":"https:\/\/blogg.hiof.no\/areas\/wp-json\/wp\/v2\/pages"}],"about":[{"href":"https:\/\/blogg.hiof.no\/areas\/wp-json\/wp\/v2\/types\/page"}],"author":[{"embeddable":true,"href":"https:\/\/blogg.hiof.no\/areas\/wp-json\/wp\/v2\/users\/243"}],"replies":[{"embeddable":true,"href":"https:\/\/blogg.hiof.no\/areas\/wp-json\/wp\/v2\/comments?post=22"}],"version-history":[{"count":8,"href":"https:\/\/blogg.hiof.no\/areas\/wp-json\/wp\/v2\/pages\/22\/revisions"}],"predecessor-version":[{"id":1553,"href":"https:\/\/blogg.hiof.no\/areas\/wp-json\/wp\/v2\/pages\/22\/revisions\/1553"}],"wp:attachment":[{"href":"https:\/\/blogg.hiof.no\/areas\/wp-json\/wp\/v2\/media?parent=22"}],"curies":[{"name":"wp","href":"https:\/\/api.w.org\/{rel}","templated":true}]}}