{"id":454,"date":"2017-09-01T14:44:35","date_gmt":"2017-09-01T14:44:35","guid":{"rendered":"https:\/\/blogg.hiof.no\/areas\/?page_id=454"},"modified":"2024-01-26T10:36:24","modified_gmt":"2024-01-26T10:36:24","slug":"areas-medlemmer","status":"publish","type":"page","link":"https:\/\/blogg.hiof.no\/areas\/areas-medlemmer\/","title":{"rendered":"AreaS-medlemmer"},"content":{"rendered":"<p><strong>Area<em>S <\/em>medlemmer.<\/strong><\/p>\n<p><a href=\"https:\/\/www.hiof.no\/oss\/personer\/und-forsk-ansatte\/fro\/index.html\">Franck Orban<\/a> (Leder), omr\u00e5dekunnskap, historie, EU<br \/>\n<a href=\"https:\/\/www.hiof.no\/oss\/personer\/und-forsk-ansatte\/elinsla\/index.html\">Elin Strand Larsen<\/a> (Nestleder), medievitenskap, Norden<br \/>\n<a href=\"https:\/\/www.hiof.no\/lusp\/slik\/personer\/und-forsk-ansatte\/lailaber\/index.html\">Laila Berg <\/a>(koordinator)\u00a0Storbritannia, Skottland<br \/>\n<a href=\"https:\/\/www.hiof.no\/oss\/personer\/und-forsk-ansatte\/haraldbo\/index.html\">Harald Borgebund<\/a>, statsvitenskap, EU<br \/>\n<a href=\"https:\/\/www.hiof.no\/oss\/personer\/und-forsk-ansatte\/wladimic\/index.html\">Wladimir Alfredo Chavez Vaca<\/a>, litteratur, Latin-Amerika<br \/>\n<a href=\"https:\/\/www.hiof.no\/oss\/personer\/und-forsk-ansatte\/dlf\/index.html\">Daniel Lees Fryer<\/a>, litteratur, Storbritannia<br \/>\n<a href=\"https:\/\/www.hiof.no\/oss\/personer\/und-forsk-ansatte\/jowa\/index.html\">Johanna Mary Wagner<\/a>, kj\u00f8nnsforskning, USA<br \/>\n<a href=\"havard.friis.nilsen@hiof.no\">H\u00e5vard Friis Nilsen<\/a>, statsvitenskap, psykologiens og pedagogikkens historie,<br \/>\n<a href=\"https:\/\/www.hiof.no\/oss\/personer\/und-forsk-ansatte\/raniamak\/index.html\">Rania Maktabi<\/a>, Statsvitenskap, Midt\u00f8sten, Nord-Afrika<br \/>\n<a href=\"https:\/\/www.hiof.no\/lusp\/slik\/personer\/und-forsk-ansatte\/mfm\/index.html\"><u>Fabian Marcos Mosenson, latinamerikansk kultur<\/u><\/a><br \/>\n<a href=\"helene.celdran@hiof.no\">H\u00e9l\u00e8ne Marie Celdran, fransktalende verden, Nord-Afrika<\/a><br \/>\n<a href=\"sondre.lindahl@hiof.no\">Sondre Lindahl<\/a>, terrorismestudier<br \/>\n<a href=\"danuta.a.tomczak@hiof.no\">Danuta Aniela Tomczak<\/a>, internasjonal \u00f8konomi<br \/>\n<a href=\"https:\/\/www.hiof.no\/bibliotek\/personer\/tekn-adm-ansatte\/olev\/\">Ole Vanem<\/a>, bibliotekar, seminarkoordinator<br \/>\n<a href=\"https:\/\/www.nla.no\/ansattliste\/ansatte\/torgeir-landro\/\">Torgeir Landro<\/a>, historie, Norge\/Norden (NLA, H\u00f8gskolen Bergen)<br \/>\n<a href=\"https:\/\/www.hf.uio.no\/iakh\/personer\/vit\/historie\/fast\/elisabcw\/\">Elisabetta Cassina Wolff<\/a>, historie, Italia (IAKH, Universitet i Oslo)<br \/>\n<a href=\"https:\/\/www.maastrichtuniversity.nl\/kai.heidemann\">Kai Heidemann<\/a>, Maastricht University, Nederland (assosiert medlem)<br \/>\n<a href=\"https:\/\/www.kristiania.no\/om-kristiania\/ansatte\/school-of-arts-design-and-media\/institutt-for-scenekunst-musikk-og-studio\/kai-hanno-schwind\/\">Kai Hanno Schwind<\/a>, H\u00f8yskolen Kristiania (assosiert medlem)<br \/>\n<a href=\"https:\/\/www.hf.uio.no\/ilos\/personer\/vit\/aukrust\/\">Kjerstin Aukrust<\/a>, ILOS, Universitetet i Oslo (assosiert medlem)<br \/>\n<a href=\"https:\/\/www.hf.uio.no\/ilos\/personer\/vit\/evasa\/\">Eva Sarfi<\/a>, ILOS, Universitetet i Oslo (assosiert medlem)<!--more--><\/p>\n","protected":false},"excerpt":{"rendered":"<p>AreaS medlemmer. Franck Orban (Leder), omr\u00e5dekunnskap, historie, EU Elin Strand Larsen (Nestleder), medievitenskap, Norden Laila Berg (koordinator)\u00a0Storbritannia, Skottland Harald Borgebund, statsvitenskap, EU Wladimir Alfredo Chavez Vaca, litteratur, Latin-Amerika Daniel Lees Fryer, litteratur, Storbritannia Johanna Mary Wagner, kj\u00f8nnsforskning, USA H\u00e5vard Friis Nilsen, statsvitenskap, psykologiens og pedagogikkens historie, Rania Maktabi, Statsvitenskap, Midt\u00f8sten, Nord-Afrika Fabian Marcos Mosenson, latinamerikansk &hellip; <\/p>\n<p class=\"link-more\"><a href=\"https:\/\/blogg.hiof.no\/areas\/areas-medlemmer\/\" class=\"more-link\">Continue reading<span class=\"screen-reader-text\"> &#8220;AreaS-medlemmer&#8221;<\/span><\/a><\/p>\n","protected":false},"author":243,"featured_media":0,"parent":0,"menu_order":0,"comment_status":"closed","ping_status":"closed","template":"","meta":{"footnotes":""},"class_list":["post-454","page","type-page","status-publish","hentry"],"jetpack_sharing_enabled":true,"_links":{"self":[{"href":"https:\/\/blogg.hiof.no\/areas\/wp-json\/wp\/v2\/pages\/454","targetHints":{"allow":["GET"]}}],"collection":[{"href":"https:\/\/blogg.hiof.no\/areas\/wp-json\/wp\/v2\/pages"}],"about":[{"href":"https:\/\/blogg.hiof.no\/areas\/wp-json\/wp\/v2\/types\/page"}],"author":[{"embeddable":true,"href":"https:\/\/blogg.hiof.no\/areas\/wp-json\/wp\/v2\/users\/243"}],"replies":[{"embeddable":true,"href":"https:\/\/blogg.hiof.no\/areas\/wp-json\/wp\/v2\/comments?post=454"}],"version-history":[{"count":41,"href":"https:\/\/blogg.hiof.no\/areas\/wp-json\/wp\/v2\/pages\/454\/revisions"}],"predecessor-version":[{"id":1653,"href":"https:\/\/blogg.hiof.no\/areas\/wp-json\/wp\/v2\/pages\/454\/revisions\/1653"}],"wp:attachment":[{"href":"https:\/\/blogg.hiof.no\/areas\/wp-json\/wp\/v2\/media?parent=454"}],"curies":[{"name":"wp","href":"https:\/\/api.w.org\/{rel}","templated":true}]}}