{"id":199,"date":"2016-09-20T08:07:44","date_gmt":"2016-09-20T08:07:44","guid":{"rendered":"https:\/\/blogg.hiof.no\/biblioteket\/?page_id=199"},"modified":"2016-09-21T12:14:28","modified_gmt":"2016-09-21T12:14:28","slug":"om-oss","status":"publish","type":"page","link":"https:\/\/blogg.hiof.no\/biblioteket\/om-oss\/","title":{"rendered":"Om oss"},"content":{"rendered":"<p>&nbsp;<\/p>\n<p><span class=\"embed-youtube\" style=\"text-align:center; display: block;\"><iframe loading=\"lazy\" class=\"youtube-player\" width=\"640\" height=\"360\" src=\"https:\/\/www.youtube.com\/embed\/jh11ENFLylY?version=3&#038;rel=1&#038;showsearch=0&#038;showinfo=1&#038;iv_load_policy=1&#038;fs=1&#038;hl=nb-NO&#038;autohide=2&#038;wmode=transparent\" allowfullscreen=\"true\" style=\"border:0;\" sandbox=\"allow-scripts allow-same-origin allow-popups allow-presentation allow-popups-to-escape-sandbox\"><\/iframe><\/span><\/p>\n<p style=\"text-align: left\"><strong>Gjennom denne bloggen \u00f8nsker vi \u00e5 speile studiemilj\u00f8et, tilbudet og aktivitetene ved HI\u00d8- biblioteket. Vi skaffer deg b\u00f8ker og artikler, og vi hjelper deg \u00e5 s\u00f8ke etter informasjon til oppgaver og arbeidskrav, men biblioteket er mer enn pensum. I tillegg til \u00e5 skape en arbeids- og m\u00f8teplass for studenter og ansatte \u00f8nsker vi \u00e5 bidra til et levende og engasjerende faglig milj\u00f8 gjennom ulike arrangementer og\u00a0 utstillinger.<br \/>\n<\/strong><\/p>\n","protected":false},"excerpt":{"rendered":"<p>&nbsp; Gjennom denne bloggen \u00f8nsker vi \u00e5 speile studiemilj\u00f8et, tilbudet og aktivitetene ved HI\u00d8- biblioteket. Vi skaffer deg b\u00f8ker og artikler, og vi hjelper deg \u00e5 s\u00f8ke etter informasjon til oppgaver og arbeidskrav, men biblioteket er mer enn pensum. I tillegg til \u00e5 skape en arbeids- og m\u00f8teplass for studenter og ansatte \u00f8nsker vi \u00e5 <a class=\"read-more\" href=\"https:\/\/blogg.hiof.no\/biblioteket\/om-oss\/\">&hellip;&nbsp;<span class=\"meta-nav\">&rarr;<\/span><\/a><\/p>\n","protected":false},"author":661,"featured_media":0,"parent":0,"menu_order":0,"comment_status":"closed","ping_status":"closed","template":"","meta":{"jetpack_post_was_ever_published":false,"footnotes":""},"class_list":["post-199","page","type-page","status-publish","hentry"],"jetpack_sharing_enabled":true,"jetpack_shortlink":"https:\/\/wp.me\/P7UY9t-3d","jetpack-related-posts":[],"_links":{"self":[{"href":"https:\/\/blogg.hiof.no\/biblioteket\/wp-json\/wp\/v2\/pages\/199","targetHints":{"allow":["GET"]}}],"collection":[{"href":"https:\/\/blogg.hiof.no\/biblioteket\/wp-json\/wp\/v2\/pages"}],"about":[{"href":"https:\/\/blogg.hiof.no\/biblioteket\/wp-json\/wp\/v2\/types\/page"}],"author":[{"embeddable":true,"href":"https:\/\/blogg.hiof.no\/biblioteket\/wp-json\/wp\/v2\/users\/661"}],"replies":[{"embeddable":true,"href":"https:\/\/blogg.hiof.no\/biblioteket\/wp-json\/wp\/v2\/comments?post=199"}],"version-history":[{"count":12,"href":"https:\/\/blogg.hiof.no\/biblioteket\/wp-json\/wp\/v2\/pages\/199\/revisions"}],"predecessor-version":[{"id":285,"href":"https:\/\/blogg.hiof.no\/biblioteket\/wp-json\/wp\/v2\/pages\/199\/revisions\/285"}],"wp:attachment":[{"href":"https:\/\/blogg.hiof.no\/biblioteket\/wp-json\/wp\/v2\/media?parent=199"}],"curies":[{"name":"wp","href":"https:\/\/api.w.org\/{rel}","templated":true}]}}