{"id":29,"date":"2017-04-28T07:41:59","date_gmt":"2017-04-28T05:41:59","guid":{"rendered":"https:\/\/blogg.hiof.no\/bik\/?page_id=29"},"modified":"2017-12-18T17:21:36","modified_gmt":"2017-12-18T16:21:36","slug":"about","status":"publish","type":"page","link":"https:\/\/blogg.hiof.no\/bik\/about\/","title":{"rendered":"Om studiet"},"content":{"rendered":"<h3 id=\"program-KS019\" class=\"studieinfoTitle H3style\">Generelt om studiet: Bachelor i Internasjonal Kommunikasjon<\/h3>\n<p>Er du glad i \u00e5 skrive og formidle? Vil du forandre samfunnet gjennom kommunikasjon? For \u00e5 forandre samfunnet, m\u00e5 du kunne forst\u00e5 det, og du m\u00e5 kunne kommunisere overbevisende. Alt dette l\u00e6rer du hos oss.\u00a0Bachelorstudiet i internasjonal kommunikasjon er det eneste studiet i Norge som kombinerer skriving og formidling p\u00e5 norsk og engelsk, med kunnskap om samfunnet v\u00e5rt i et internasjonalt perspektiv.<\/p>\n<p><strong>Les mer om studiet og f\u00e5 informasjon om hvordan du s\u00f8ker til opptak p\u00e5: <a href=\"http:\/\/www.hiof.no\/studier\/studietilbudet\/viser-aktuelle-beskrivelser?displayitem=164&amp;module=studieinfo&amp;type=katalog#\/aktuelt\" target=\"_blank\" rel=\"noopener noreferrer\">H\u00f8gskolen i \u00d8stfold<\/a><\/strong><\/p>\n<p>Eller bes\u00f8k<a href=\"https:\/\/www.facebook.com\/pg\/intkomm\/posts\/\"> Internasjonal Kommunikasjons offisielle Facebookside.<\/a><\/p>\n<div class=\"grammarly-disable-indicator\"><\/div>\n<div class=\"grammarly-disable-indicator\"><\/div>\n","protected":false},"excerpt":{"rendered":"<p>Generelt om studiet: Bachelor i Internasjonal Kommunikasjon Er du glad i \u00e5 skrive og formidle? Vil du forandre samfunnet gjennom kommunikasjon? For \u00e5 forandre samfunnet, m\u00e5 du kunne forst\u00e5 det, og du m\u00e5 kunne kommunisere overbevisende. Alt dette l\u00e6rer du hos oss.\u00a0Bachelorstudiet i internasjonal kommunikasjon er det eneste studiet i Norge som kombinerer skriving og <a class=\"read-more\" href=\"https:\/\/blogg.hiof.no\/bik\/about\/\">&hellip;&nbsp;<span class=\"meta-nav\">&rarr;<\/span><\/a><\/p>\n","protected":false},"author":1,"featured_media":0,"parent":0,"menu_order":0,"comment_status":"closed","ping_status":"closed","template":"","meta":{"jetpack_post_was_ever_published":false,"footnotes":""},"class_list":["post-29","page","type-page","status-publish","hentry"],"jetpack_sharing_enabled":true,"jetpack_shortlink":"https:\/\/wp.me\/P8FG8y-t","_links":{"self":[{"href":"https:\/\/blogg.hiof.no\/bik\/wp-json\/wp\/v2\/pages\/29","targetHints":{"allow":["GET"]}}],"collection":[{"href":"https:\/\/blogg.hiof.no\/bik\/wp-json\/wp\/v2\/pages"}],"about":[{"href":"https:\/\/blogg.hiof.no\/bik\/wp-json\/wp\/v2\/types\/page"}],"author":[{"embeddable":true,"href":"https:\/\/blogg.hiof.no\/bik\/wp-json\/wp\/v2\/users\/1"}],"replies":[{"embeddable":true,"href":"https:\/\/blogg.hiof.no\/bik\/wp-json\/wp\/v2\/comments?post=29"}],"version-history":[{"count":4,"href":"https:\/\/blogg.hiof.no\/bik\/wp-json\/wp\/v2\/pages\/29\/revisions"}],"predecessor-version":[{"id":440,"href":"https:\/\/blogg.hiof.no\/bik\/wp-json\/wp\/v2\/pages\/29\/revisions\/440"}],"wp:attachment":[{"href":"https:\/\/blogg.hiof.no\/bik\/wp-json\/wp\/v2\/media?parent=29"}],"curies":[{"name":"wp","href":"https:\/\/api.w.org\/{rel}","templated":true}]}}