{"id":2,"date":"2017-09-25T09:55:05","date_gmt":"2017-09-25T07:55:05","guid":{"rendered":"https:\/\/blogg.hiof.no\/bmj\/?page_id=2"},"modified":"2018-08-31T09:42:49","modified_gmt":"2018-08-31T07:42:49","slug":"om-meg","status":"publish","type":"page","link":"https:\/\/blogg.hiof.no\/bmj\/om-meg\/","title":{"rendered":"Om meg"},"content":{"rendered":"<p><a href=\"https:\/\/i0.wp.com\/blogg.hiof.no\/bmj\/files\/2017\/10\/IMG_2385-e1507877028573.jpg?ssl=1\"><img data-recalc-dims=\"1\" loading=\"lazy\" decoding=\"async\" class=\"wp-image-178 alignleft\" src=\"https:\/\/i0.wp.com\/blogg.hiof.no\/bmj\/files\/2017\/10\/IMG_2385-e1507877028573.jpg?resize=137%2C190&#038;ssl=1\" alt=\"bengt bilde\" width=\"137\" height=\"190\" \/><\/a>Mitt navn er Bengt Morten Maximilian Wenst\u00f8b.<br \/>\nJeg er f\u00f8dt i 1963 og er h\u00f8gskolelektor ved Avdeling for helse- og velferd ved H\u00f8gskolen i \u00d8stfold.<\/p>\n<p>Jeg tok Cand. Socion. eksamen ved universitetet i Trondheim i 1995, Diploma in Public Health ved NVH, G\u00f6teborg i 2001 og Forsvarets h\u00f8gskole sjefskurs i 2014.<\/p>\n<p>Jeg har v\u00e6rt stortingsrepresentant. Medlem av arbeids- og sosialkomiteen og Nordisk r\u00e5d.<br \/>\nJeg er spesielt interessert i barns oppvekstvillk\u00e5r og rettigheter b\u00e5de nasjonalt og internasjonalt. Spesielt i forhold til mindre\u00e5rige asyls\u00f8kere og menneskehandel.<\/p>\n<p>Mitt arbeidsomr\u00e5de er:<\/p>\n<ul>\n<li>Barns rettigheter og barnekonvensjonen<\/li>\n<li>Barndommens historie<\/li>\n<li>Public Health<\/li>\n<li>Sosialt arbeid nasjonalt og internasjonalt<\/li>\n<li>Sakkyndighetsvurderinger<\/li>\n<\/ul>\n<p><a href=\"https:\/\/www.hiof.no\/hv\/personer\/und-forsk-ansatte\/bmj\/index.html\">Mer p\u00e5 min side ved Hi\u00d8<\/a><\/p>\n","protected":false},"excerpt":{"rendered":"<p>Mitt navn er Bengt Morten Maximilian Wenst\u00f8b. Jeg er f\u00f8dt i 1963 og er h\u00f8gskolelektor ved Avdeling for helse- og velferd ved H\u00f8gskolen i \u00d8stfold. Jeg tok Cand. Socion. eksamen ved universitetet i Trondheim i 1995, Diploma in Public Health ved NVH, G\u00f6teborg i 2001 og Forsvarets h\u00f8gskole sjefskurs i 2014. Jeg har v\u00e6rt stortingsrepresentant. <a class=\"read-more\" href=\"https:\/\/blogg.hiof.no\/bmj\/om-meg\/\">&hellip;&nbsp;<span class=\"meta-nav\">&rarr;<\/span><\/a><\/p>\n","protected":false},"author":959,"featured_media":0,"parent":0,"menu_order":0,"comment_status":"closed","ping_status":"open","template":"","meta":{"jetpack_post_was_ever_published":false,"footnotes":"","_links_to":"","_links_to_target":""},"class_list":["post-2","page","type-page","status-publish","hentry"],"jetpack_sharing_enabled":true,"jetpack_shortlink":"https:\/\/wp.me\/P9donv-2","jetpack-related-posts":[],"_links":{"self":[{"href":"https:\/\/blogg.hiof.no\/bmj\/wp-json\/wp\/v2\/pages\/2","targetHints":{"allow":["GET"]}}],"collection":[{"href":"https:\/\/blogg.hiof.no\/bmj\/wp-json\/wp\/v2\/pages"}],"about":[{"href":"https:\/\/blogg.hiof.no\/bmj\/wp-json\/wp\/v2\/types\/page"}],"author":[{"embeddable":true,"href":"https:\/\/blogg.hiof.no\/bmj\/wp-json\/wp\/v2\/users\/959"}],"replies":[{"embeddable":true,"href":"https:\/\/blogg.hiof.no\/bmj\/wp-json\/wp\/v2\/comments?post=2"}],"version-history":[{"count":12,"href":"https:\/\/blogg.hiof.no\/bmj\/wp-json\/wp\/v2\/pages\/2\/revisions"}],"predecessor-version":[{"id":149,"href":"https:\/\/blogg.hiof.no\/bmj\/wp-json\/wp\/v2\/pages\/2\/revisions\/149"}],"wp:attachment":[{"href":"https:\/\/blogg.hiof.no\/bmj\/wp-json\/wp\/v2\/media?parent=2"}],"curies":[{"name":"wp","href":"https:\/\/api.w.org\/{rel}","templated":true}]}}