{"id":12,"date":"2018-05-02T16:12:55","date_gmt":"2018-05-02T14:12:55","guid":{"rendered":"https:\/\/blogg.hiof.no\/colam-esp\/?page_id=12"},"modified":"2022-02-22T19:40:43","modified_gmt":"2022-02-22T18:40:43","slug":"el-corpus-cola","status":"publish","type":"page","link":"https:\/\/blogg.hiof.no\/colam-esp\/el-corpus-cola\/","title":{"rendered":"Entrar en el corpus COLA"},"content":{"rendered":"<h2>Transcripciones con sonido<\/h2>\n<p><img data-recalc-dims=\"1\" loading=\"lazy\" decoding=\"async\" src=\"https:\/\/i0.wp.com\/colam.org\/grafikk\/spanskflagg.gif?resize=10%2C10\" width=\"10\" height=\"10\" \/><a href=\"http:\/\/clu.uni.no\/humfak\/cola\/\" target=\"_blank\" rel=\"noopener noreferrer\"> Corpus de Madrid (COLAm)<\/a><\/p>\n<p><img data-recalc-dims=\"1\" loading=\"lazy\" decoding=\"async\" src=\"https:\/\/i0.wp.com\/colam.org\/grafikk\/chileflag.jpg?resize=10%2C10\" width=\"10\" height=\"10\" \/> <a href=\"http:\/\/gandalf.aksis.uib.no\/cola\/s\/\" target=\"_blank\" rel=\"noopener noreferrer\">Corpus de Santiago de Chile (COLAs)<\/a><\/p>\n<p><img data-recalc-dims=\"1\" loading=\"lazy\" decoding=\"async\" src=\"https:\/\/i0.wp.com\/colam.org\/grafikk\/argentinaflagg.gif?resize=10%2C10\" width=\"10\" height=\"10\" \/><a href=\"http:\/\/gandalf.aksis.uib.no\/cola\/ba\/\" target=\"_blank\" rel=\"noopener noreferrer\"> Corpus de Buenos Aires (COLAba)<\/a><\/p>\n<p><span style=\"font-size: 28px;font-weight: 900\"><br \/>\n<\/span><span style=\"color: #800000\"><strong>Se obtienen contrase\u00f1a y usuario para el entrar en el corpus<\/strong><\/span> <a href=\"http:\/\/gandalf.aksis.uib.no\/cola\/adgang\/index-s.html\">aqu\u00ed<\/a><\/p>\n<h2>Sobre las transcripciones<\/h2>\n<p>La recogida del material (2002-2004) se realiz\u00f3 con grabadoras minidisk SONY (MZ-N10)\u00a0 pasados a CD, para ser transcritos con el programa <a href=\"http:\/\/trans.sourceforge.net\/en\/presentation.php\">Transcriber<\/a>. Despu\u00e9s del a\u00f1o 2007 se usaron <a href=\"http:\/\/www.olympus.no\/consumer\/2581_digital-recorder_ds-2800_23358.htm\">grabadoras Olympus mp3 <\/a>con archivos legibles directamente en el ordenador.<br \/>\nEl corpus COLA\u00a0 sigue las recomendaciones de <a href=\"http:\/\/www.tei-c.org\/\">TEI<\/a> para sus tanscripciones.<br \/>\nLas transcripciones son accesibles para la b\u00fasqueda en la red mediante programas como KWIC y WORKBENCH.<br \/>\nLas transcripciones son ortogr\u00e1ficas con escasos <a href=\"http:\/\/colam.org\/Transkripsjonstegn-espannol.html\">signos de transcripc\u00f3n<\/a>. No hay puntuaci\u00f3n. Hay que escuchar la grabaci\u00f3n mientras se lee la transcripci\u00f3n.<br \/>\nEl acceso al corpus ha sido posible desde julio del 2008.<\/p>\n<p><strong style=\"font-size: 28px\">Signos de transcripci\u00f3n del corpus COLA<\/strong><\/p>\n<p><strong>\u00a0[ ]<\/strong> &#8211;\u00a0 \u00a0 \u00a0 Solapamiento<br \/>\n<strong>XXX<\/strong> &#8211;\u00a0 Habla poco clara<br \/>\n<strong>%<\/strong> &#8211;\u00a0 \u00a0 \u00a0 Palabra interrumpida<br \/>\n<strong>\/ <\/strong>&#8211;\u00a0 \u00a0 \u00a0 \u00a0 \u00a0Entonaci\u00f3n ascendente de pregunta<br \/>\n<strong>\\<\/strong> &#8211;\u00a0 \u00a0 \u00a0 \u00a0 Entonaci\u00f3n descendiente de pregunta<br \/>\n<strong>.<\/strong> &#8211;\u00a0 \u00a0 \u00a0 \u00a0 \u00a0Pausa de un segundo<br \/>\n<strong>..<\/strong> &#8211;\u00a0 \u00a0 \u00a0 \u00a0Pausa de dos segundos<br \/>\n<strong>&#8230;<\/strong> &#8211;\u00a0 \u00a0 \u00a0 Pausa de tres segundos<\/p>\n<p>El corpus Cola es transcrito con transcripci\u00f3n ortogr\u00e1fica. No hay puntuaci\u00f3n (puntos, comas, exclamaciones, interrogaciones) por considerarse \u00e9sta una interpretaci\u00f3n del texto.<\/p>\n<h2>La clase social (determinada por: nivel educativo\/ingresos\/vivienda de padres)<\/h2>\n<table width=\"100%\" cellspacing=\"1\" cellpadding=\"2\">\n<tbody>\n<tr>\n<td colspan=\"3\"><span class=\"style2 style3\"><strong>Colegios en MADRID<\/strong><\/span><\/td>\n<\/tr>\n<tr>\n<td bgcolor=\"#FFFFFF\"><strong>Clases bajas<\/strong><\/td>\n<td bgcolor=\"#FFFFFF\"><strong>Clase media<\/strong><\/td>\n<td bgcolor=\"#FFFFFF\"><strong>Clases altas<\/strong><\/td>\n<\/tr>\n<tr>\n<td bgcolor=\"#FFFFFF\">mabp<strong>e<\/strong><\/td>\n<td bgcolor=\"#FFFFFF\">malc<strong>e<\/strong>, malc<strong>b<\/strong><\/td>\n<td bgcolor=\"#FFFFFF\">maor<strong>e<\/strong><\/td>\n<\/tr>\n<tr>\n<td bgcolor=\"#FFFFFF\">malc<strong>c<\/strong><\/td>\n<td bgcolor=\"#FFFFFF\">mamt<strong>e<\/strong><\/td>\n<td bgcolor=\"#FFFFFF\">maes<strong>b<\/strong><\/td>\n<\/tr>\n<tr>\n<td bgcolor=\"#FFFFFF\"><\/td>\n<td bgcolor=\"#FFFFFF\">[masj<strong>e<\/strong>]<\/td>\n<td bgcolor=\"#FFFFFF\">mash<strong>e<\/strong><\/td>\n<\/tr>\n<\/tbody>\n<\/table>\n<table width=\"100%\" cellspacing=\"1\" cellpadding=\"2\">\n<tbody>\n<tr>\n<td colspan=\"3\"><strong><span class=\"style2 style3\">Colegios en BUENOS AIRES<\/span><\/strong><\/td>\n<\/tr>\n<tr>\n<td bgcolor=\"#FFFFFF\"><strong>Clases bajas<\/strong><\/td>\n<td bgcolor=\"#FFFFFF\"><strong>Clase media<\/strong><\/td>\n<td bgcolor=\"#FFFFFF\"><strong>Clases altas<\/strong><\/td>\n<\/tr>\n<tr>\n<td bgcolor=\"#FFFFFF\">BABC<\/td>\n<td bgcolor=\"#FFFFFF\">BABS<\/td>\n<td bgcolor=\"#FFFFFF\">BABA<\/td>\n<\/tr>\n<tr>\n<td bgcolor=\"#FFFFFF\">BANA11<\/td>\n<td bgcolor=\"#FFFFFF\"><\/td>\n<td bgcolor=\"#FFFFFF\"><\/td>\n<\/tr>\n<\/tbody>\n<\/table>\n<table width=\"100%\" cellspacing=\"1\" cellpadding=\"2\">\n<tbody>\n<tr>\n<td colspan=\"3\"><span class=\"style2 style3\"><strong>Colegios en SANTIAGO de CHILE<\/strong><\/span><\/td>\n<\/tr>\n<tr>\n<td bgcolor=\"#FFFFFF\"><strong>Clases bajas<\/strong><\/td>\n<td bgcolor=\"#FFFFFF\"><strong>Clase media<\/strong><\/td>\n<td bgcolor=\"#FFFFFF\"><strong>Clases altas<\/strong><\/td>\n<\/tr>\n<tr>\n<td bgcolor=\"#FFFFFF\">Scerb8<\/td>\n<td bgcolor=\"#FFFFFF\">Sceab8<\/td>\n<td bgcolor=\"#FFFFFF\">Scacb8<\/td>\n<\/tr>\n<tr>\n<td bgcolor=\"#FFFFFF\">Scccm4<\/td>\n<td bgcolor=\"#FFFFFF\">Scfab8<\/td>\n<td bgcolor=\"#FFFFFF\">Scfob8<\/td>\n<\/tr>\n<tr>\n<td bgcolor=\"#FFFFFF\"><\/td>\n<td bgcolor=\"#FFFFFF\">Scawm4<\/td>\n<td bgcolor=\"#FFFFFF\">Scncm3<\/td>\n<\/tr>\n<tr>\n<td bgcolor=\"#FFFFFF\"><\/td>\n<td bgcolor=\"#FFFFFF\">Sccpm4<\/td>\n<td bgcolor=\"#FFFFFF\">Scpvm3<\/td>\n<\/tr>\n<\/tbody>\n<\/table>\n<h2>Conversaciones \u00edntegras<\/h2>\n<p>Las conversaciones integras anonimizadas de Madrid est\u00e1n <a href=\"http:\/\/gandalf.aksis.uib.no\/cola\/lyd-anon\/\">aqui:<\/a><\/p>\n<h4>EnlaceS:<\/h4>\n<ul>\n<li class=\"storlinjeavstand\"><strong><a href=\"http:\/\/colam.org\/COLA-corpus%20land.pdf\">El corpus es usado en los siguientes pa\u00edses<\/a><\/strong><\/li>\n<li class=\"storlinjeavstand\"><strong><a href=\"http:\/\/colam.org\/OversVitArb-espannol.html\">El corpus COLA usado en PUBLICACIONES<\/a><\/strong><\/li>\n<li class=\"storlinjeavstand\"><strong><a href=\"http:\/\/colam.org\/COLA-korp-OppG.pdf\">El corpus COLA usado en los trabajos de grado<br \/>\n<\/a><\/strong><\/li>\n<\/ul>\n<h4>\u00a0Esquemas para las grabaciones<\/h4>\n<ul>\n<li class=\"storlinjeavstand\"><a href=\"http:\/\/colam.org\/Dokumenter-fylle-ut\/(2)%20Permiso-BA.pdf\">Permiso de grabaci\u00f3n<\/a><\/li>\n<li class=\"storlinjeavstand\"><a href=\"http:\/\/colam.org\/Dokumenter-fylle-ut\/LOG-recluta-BA.pdf\">Informaci\u00f3n personal<\/a><\/li>\n<li class=\"storlinjeavstand\"><a href=\"http:\/\/colam.org\/Dokumenter-fylle-ut\/(6)%20Avtale-mp3-BA.doc\">Pr\u00e9stamo de mp3-minidisk<\/a><\/li>\n<\/ul>\n","protected":false},"excerpt":{"rendered":"<p>Transcripciones con sonido Corpus de Madrid (COLAm) Corpus de Santiago de Chile (COLAs) Corpus de Buenos Aires (COLAba) Se obtienen contrase\u00f1a y usuario para el entrar en el corpus aqu\u00ed Sobre las transcripciones La recogida del material (2002-2004) se realiz\u00f3 con grabadoras minidisk SONY (MZ-N10)\u00a0 pasados a CD, para ser transcritos con el programa Transcriber. &hellip; <a href=\"https:\/\/blogg.hiof.no\/colam-esp\/el-corpus-cola\/\" class=\"more-link\">Fortsett \u00e5 lese<span class=\"screen-reader-text\"> \u00abEntrar en el corpus COLA\u00bb<\/span><\/a><\/p>\n","protected":false},"author":1,"featured_media":0,"parent":0,"menu_order":0,"comment_status":"closed","ping_status":"closed","template":"","meta":{"jetpack_post_was_ever_published":false,"footnotes":""},"class_list":["post-12","page","type-page","status-publish","hentry"],"jetpack_sharing_enabled":true,"jetpack_shortlink":"https:\/\/wp.me\/P9SACn-c","jetpack_likes_enabled":true,"jetpack-related-posts":[],"_links":{"self":[{"href":"https:\/\/blogg.hiof.no\/colam-esp\/wp-json\/wp\/v2\/pages\/12","targetHints":{"allow":["GET"]}}],"collection":[{"href":"https:\/\/blogg.hiof.no\/colam-esp\/wp-json\/wp\/v2\/pages"}],"about":[{"href":"https:\/\/blogg.hiof.no\/colam-esp\/wp-json\/wp\/v2\/types\/page"}],"author":[{"embeddable":true,"href":"https:\/\/blogg.hiof.no\/colam-esp\/wp-json\/wp\/v2\/users\/1"}],"replies":[{"embeddable":true,"href":"https:\/\/blogg.hiof.no\/colam-esp\/wp-json\/wp\/v2\/comments?post=12"}],"version-history":[{"count":24,"href":"https:\/\/blogg.hiof.no\/colam-esp\/wp-json\/wp\/v2\/pages\/12\/revisions"}],"predecessor-version":[{"id":303,"href":"https:\/\/blogg.hiof.no\/colam-esp\/wp-json\/wp\/v2\/pages\/12\/revisions\/303"}],"wp:attachment":[{"href":"https:\/\/blogg.hiof.no\/colam-esp\/wp-json\/wp\/v2\/media?parent=12"}],"curies":[{"name":"wp","href":"https:\/\/api.w.org\/{rel}","templated":true}]}}