{"id":14,"date":"2018-05-02T16:13:54","date_gmt":"2018-05-02T14:13:54","guid":{"rendered":"https:\/\/blogg.hiof.no\/colam-esp\/?page_id=14"},"modified":"2019-02-08T16:57:01","modified_gmt":"2019-02-08T15:57:01","slug":"miembros","status":"publish","type":"page","link":"https:\/\/blogg.hiof.no\/colam-esp\/miembros\/","title":{"rendered":"Miembros"},"content":{"rendered":"<table class=\"member-list\" border=\"0\" width=\"100%\" cellspacing=\"0\" cellpadding=\"2\">\n<tbody>\n<tr>\n<td class=\"picture-collumn\"><img data-recalc-dims=\"1\" loading=\"lazy\" decoding=\"async\" data-attachment-id=\"66\" data-permalink=\"https:\/\/blogg.hiof.no\/colam-esp\/miembros\/annette-m-jorgensen\/\" data-orig-file=\"https:\/\/i0.wp.com\/blogg.hiof.no\/colam-esp\/files\/2019\/02\/annette-m-jorgensen.jpg?fit=97%2C143&amp;ssl=1\" data-orig-size=\"97,143\" data-comments-opened=\"0\" data-image-meta=\"{&quot;aperture&quot;:&quot;4&quot;,&quot;credit&quot;:&quot;&quot;,&quot;camera&quot;:&quot;Canon PowerShot S90&quot;,&quot;caption&quot;:&quot;&quot;,&quot;created_timestamp&quot;:&quot;1260474530&quot;,&quot;copyright&quot;:&quot;&quot;,&quot;focal_length&quot;:&quot;14.976&quot;,&quot;iso&quot;:&quot;800&quot;,&quot;shutter_speed&quot;:&quot;0.016666666666667&quot;,&quot;title&quot;:&quot;&quot;,&quot;orientation&quot;:&quot;1&quot;}\" data-image-title=\"annette-m-jorgensen\" data-image-description=\"\" data-image-caption=\"\" data-medium-file=\"https:\/\/i0.wp.com\/blogg.hiof.no\/colam-esp\/files\/2019\/02\/annette-m-jorgensen.jpg?fit=97%2C143&amp;ssl=1\" data-large-file=\"https:\/\/i0.wp.com\/blogg.hiof.no\/colam-esp\/files\/2019\/02\/annette-m-jorgensen.jpg?fit=97%2C143&amp;ssl=1\" class=\"alignnone size-full wp-image-66\" src=\"https:\/\/i0.wp.com\/blogg.hiof.no\/colam-esp\/files\/2019\/02\/annette-m-jorgensen.jpg?resize=97%2C143&#038;ssl=1\" alt=\"\" width=\"97\" height=\"143\" \/><\/td>\n<td class=\"litentekst\" width=\"70%\"><strong>Nombre:<\/strong>\u00a0Annette Myre J\u00f8rgensen<br \/>\n<strong>T\u00edtulo:<\/strong>\u00a0Catedr\u00e1tica de Lengua Espa\u00f1ola<br \/>\n<strong>Departamento:<\/strong>\u00a0Departamento de Econom\u00eda, Lenguas y Ciencias Sociales. H\u00f8gskolen i \u00d8stfold<br \/>\n<strong>Direcci\u00f3n trabajo:<\/strong>\u00a0BRA veien 4<br \/>\n<strong>Localidad:<\/strong>\u00a01757 Halden<br \/>\n<strong><strong>Tel\u00e9fono:<\/strong><\/strong><strong><a href=\"tel:\/\/+4769608423\">+47 696 08 423<\/a><br \/>\n<\/strong><strong>Correo electr\u00f3nico:<\/strong>\u00a0<a href=\"mailto:Annette@colam.org\">ammj@hiof.no<\/a><\/td>\n<\/tr>\n<tr>\n<td class=\"picture-collumn\"><img data-recalc-dims=\"1\" loading=\"lazy\" decoding=\"async\" data-attachment-id=\"72\" data-permalink=\"https:\/\/blogg.hiof.no\/colam-esp\/miembros\/stenstroem1\/\" data-orig-file=\"https:\/\/i0.wp.com\/blogg.hiof.no\/colam-esp\/files\/2019\/02\/stenstroem1.jpg?fit=134%2C180&amp;ssl=1\" data-orig-size=\"134,180\" data-comments-opened=\"0\" data-image-meta=\"{&quot;aperture&quot;:&quot;3.8&quot;,&quot;credit&quot;:&quot;&quot;,&quot;camera&quot;:&quot;Canon PowerShot A400&quot;,&quot;caption&quot;:&quot;&quot;,&quot;created_timestamp&quot;:&quot;1162226902&quot;,&quot;copyright&quot;:&quot;&quot;,&quot;focal_length&quot;:&quot;5.90625&quot;,&quot;iso&quot;:&quot;0&quot;,&quot;shutter_speed&quot;:&quot;0.1&quot;,&quot;title&quot;:&quot;&quot;,&quot;orientation&quot;:&quot;1&quot;}\" data-image-title=\"stenstroem1\" data-image-description=\"\" data-image-caption=\"\" data-medium-file=\"https:\/\/i0.wp.com\/blogg.hiof.no\/colam-esp\/files\/2019\/02\/stenstroem1.jpg?fit=134%2C180&amp;ssl=1\" data-large-file=\"https:\/\/i0.wp.com\/blogg.hiof.no\/colam-esp\/files\/2019\/02\/stenstroem1.jpg?fit=134%2C180&amp;ssl=1\" class=\"alignnone size-full wp-image-72\" src=\"https:\/\/i0.wp.com\/blogg.hiof.no\/colam-esp\/files\/2019\/02\/stenstroem1.jpg?resize=134%2C180&#038;ssl=1\" alt=\"\" width=\"134\" height=\"180\" \/><\/td>\n<td class=\"litentekst\"><strong>Nombre:<\/strong>\u00a0Anna-Brita Stenstr\u00f6m<br \/>\n<strong>T\u00edtulo:<\/strong>\u00a0Catedr\u00e1tica Emerita<br \/>\n<strong>Departamento:<\/strong>\u00a0Departamento de Lenguas Extranjeras. UiB<br \/>\n<strong>Direcci\u00f3n trabajo:<\/strong>\u00a0Nedanv\u00e4gen 7<br \/>\n<strong>Localidad:<\/strong>\u00a029135 Kristianstad, Suecia<strong>Correo electr\u00f3nico:\u00a0<\/strong><a href=\"mailto:ab.stenstrom@telia.com\">ab.stenstrom@telia.com<\/a><\/td>\n<\/tr>\n<tr>\n<td class=\"picture-collumn\"><img data-recalc-dims=\"1\" loading=\"lazy\" decoding=\"async\" data-attachment-id=\"71\" data-permalink=\"https:\/\/blogg.hiof.no\/colam-esp\/miembros\/martinez1\/\" data-orig-file=\"https:\/\/i0.wp.com\/blogg.hiof.no\/colam-esp\/files\/2019\/02\/martinez1.jpg?fit=134%2C180&amp;ssl=1\" data-orig-size=\"134,180\" data-comments-opened=\"0\" data-image-meta=\"{&quot;aperture&quot;:&quot;0&quot;,&quot;credit&quot;:&quot;&quot;,&quot;camera&quot;:&quot;&quot;,&quot;caption&quot;:&quot;&quot;,&quot;created_timestamp&quot;:&quot;0&quot;,&quot;copyright&quot;:&quot;&quot;,&quot;focal_length&quot;:&quot;0&quot;,&quot;iso&quot;:&quot;0&quot;,&quot;shutter_speed&quot;:&quot;0&quot;,&quot;title&quot;:&quot;&quot;,&quot;orientation&quot;:&quot;0&quot;}\" data-image-title=\"martinez1\" data-image-description=\"\" data-image-caption=\"\" data-medium-file=\"https:\/\/i0.wp.com\/blogg.hiof.no\/colam-esp\/files\/2019\/02\/martinez1.jpg?fit=134%2C180&amp;ssl=1\" data-large-file=\"https:\/\/i0.wp.com\/blogg.hiof.no\/colam-esp\/files\/2019\/02\/martinez1.jpg?fit=134%2C180&amp;ssl=1\" class=\"alignnone size-full wp-image-71\" src=\"https:\/\/i0.wp.com\/blogg.hiof.no\/colam-esp\/files\/2019\/02\/martinez1.jpg?resize=134%2C180&#038;ssl=1\" alt=\"\" width=\"134\" height=\"180\" \/><\/td>\n<td class=\"litentekst\"><strong>Nombre:<\/strong>\u00a0Juan Antonio Mart\u00ednez L\u00f3pez<br \/>\n<strong>T\u00edtulo:<\/strong>\u00a0Catedr\u00e1tico en el\u00a0<a href=\"https:\/\/www.upo.es\/fitr\/portada\">Departamento de Traducci\u00f3n<\/a>\u00a0de la Universidad Pablo Olavide, Sevilla<br \/>\n<strong>Direcci\u00f3n trabajo:<\/strong>\u00a0Ctra. de Utrera, Km. 1<br \/>\n<strong>Localidad:<\/strong>\u00a041013 Sevilla<br \/>\n<strong>Tel\u00e9fono:<\/strong>\u00a0(+ 34) 954977629<br \/>\n<strong>Fax:<\/strong>\u00a0(+47) 55 95 93 28<br \/>\n<strong>Correo electr\u00f3nico: <\/strong>jamarlop@upo.es<\/td>\n<\/tr>\n<tr>\n<td class=\"picture-collumn\"><img data-recalc-dims=\"1\" loading=\"lazy\" decoding=\"async\" data-attachment-id=\"68\" data-permalink=\"https:\/\/blogg.hiof.no\/colam-esp\/miembros\/elidd\/\" data-orig-file=\"https:\/\/i0.wp.com\/blogg.hiof.no\/colam-esp\/files\/2019\/02\/EliDD.jpg?fit=189%2C233&amp;ssl=1\" data-orig-size=\"189,233\" data-comments-opened=\"0\" data-image-meta=\"{&quot;aperture&quot;:&quot;5&quot;,&quot;credit&quot;:&quot;&quot;,&quot;camera&quot;:&quot;NIKON D70&quot;,&quot;caption&quot;:&quot;&quot;,&quot;created_timestamp&quot;:&quot;1302009970&quot;,&quot;copyright&quot;:&quot;&quot;,&quot;focal_length&quot;:&quot;48&quot;,&quot;iso&quot;:&quot;200&quot;,&quot;shutter_speed&quot;:&quot;0.025&quot;,&quot;title&quot;:&quot;&quot;,&quot;orientation&quot;:&quot;1&quot;}\" data-image-title=\"EliDD\" data-image-description=\"\" data-image-caption=\"\" data-medium-file=\"https:\/\/i0.wp.com\/blogg.hiof.no\/colam-esp\/files\/2019\/02\/EliDD.jpg?fit=189%2C233&amp;ssl=1\" data-large-file=\"https:\/\/i0.wp.com\/blogg.hiof.no\/colam-esp\/files\/2019\/02\/EliDD.jpg?fit=189%2C233&amp;ssl=1\" class=\"alignnone size-full wp-image-68\" src=\"https:\/\/i0.wp.com\/blogg.hiof.no\/colam-esp\/files\/2019\/02\/EliDD.jpg?resize=189%2C233&#038;ssl=1\" alt=\"\" width=\"189\" height=\"233\" \/><\/td>\n<td class=\"litentekst\"><strong>Nombre:<\/strong>\u00a0Eli Marie Drange<br \/>\n<strong>T\u00edtulo:<\/strong>\u00a0Dra. Profesora Titular de Lengua Espa\u00f1ola<br \/>\n<strong>Departamento:\u00a0<\/strong><a href=\"http:\/\/www.uia.no\/om-uia\/fakultet\/fakultet-for-humaniora-og-pedagogikk\/institutt-for-fremmedspraak-og-oversetting\">Lenguas Extranjeras y Traducci\u00f3n<\/a>.<br \/>\n<a href=\"http:\/\/www.uia.no\/\">Universidad de Agder<\/a><br \/>\n<strong>Direcci\u00f3n trabajo:<\/strong>\u00a0Gimlemoen 25, Kristiansand<br \/>\n<strong>Tel\u00e9fono:<\/strong>\u00a0(+47) 38 03 08 03<br \/>\n<strong>Correo electr\u00f3nico: <\/strong>eli.m.drange@uia.no<\/td>\n<\/tr>\n<tr>\n<td class=\"picture-collumn\"><img data-recalc-dims=\"1\" loading=\"lazy\" decoding=\"async\" data-attachment-id=\"67\" data-permalink=\"https:\/\/blogg.hiof.no\/colam-esp\/miembros\/eepae\/\" data-orig-file=\"https:\/\/i0.wp.com\/blogg.hiof.no\/colam-esp\/files\/2019\/02\/Eepae.jpg?fit=251%2C267&amp;ssl=1\" data-orig-size=\"251,267\" data-comments-opened=\"0\" data-image-meta=\"{&quot;aperture&quot;:&quot;0&quot;,&quot;credit&quot;:&quot;&quot;,&quot;camera&quot;:&quot;&quot;,&quot;caption&quot;:&quot;&quot;,&quot;created_timestamp&quot;:&quot;1409682725&quot;,&quot;copyright&quot;:&quot;&quot;,&quot;focal_length&quot;:&quot;0&quot;,&quot;iso&quot;:&quot;0&quot;,&quot;shutter_speed&quot;:&quot;0&quot;,&quot;title&quot;:&quot;&quot;,&quot;orientation&quot;:&quot;1&quot;}\" data-image-title=\"Eepae\" data-image-description=\"\" data-image-caption=\"\" data-medium-file=\"https:\/\/i0.wp.com\/blogg.hiof.no\/colam-esp\/files\/2019\/02\/Eepae.jpg?fit=251%2C267&amp;ssl=1\" data-large-file=\"https:\/\/i0.wp.com\/blogg.hiof.no\/colam-esp\/files\/2019\/02\/Eepae.jpg?fit=251%2C267&amp;ssl=1\" class=\"alignnone size-full wp-image-67\" src=\"https:\/\/i0.wp.com\/blogg.hiof.no\/colam-esp\/files\/2019\/02\/Eepae.jpg?resize=251%2C267&#038;ssl=1\" alt=\"\" width=\"251\" height=\"267\" \/><\/td>\n<td class=\"litentekst\" align=\"left\">\n<p align=\"left\"><strong>Nombre:<\/strong>\u00a0Esperanza Egu\u00eca Padilla<br \/>\n<strong>T\u00edtulo:<\/strong>\u00a0Lcda. Ciencias Biol\u00f3gicas. Profesora de Ense\u00f1anzas Medias en el\u00a0<a href=\"http:\/\/www.escuelasavemaria.com\/\">Patronato Escuelas Ave Maria<\/a><br \/>\n<strong>Departamento:<\/strong>\u00a0Departamento deEconom\u00eda, Lenguas y Ciencias Sociales. Proyecto COLA<br \/>\n<strong>Direcci\u00f3n trabajo:<\/strong>\u00a0BRA veien 4<br \/>\n<strong>Localidad<\/strong>: 1757 Halden, Noruega<br \/>\n<strong style=\"font-family: inherit\">E-post:\u00a0<\/strong><\/p>\n<\/td>\n<\/tr>\n<tr>\n<td class=\"picture-collumn\"><img data-recalc-dims=\"1\" loading=\"lazy\" decoding=\"async\" data-attachment-id=\"69\" data-permalink=\"https:\/\/blogg.hiof.no\/colam-esp\/miembros\/knut-hofland\/\" data-orig-file=\"https:\/\/i0.wp.com\/blogg.hiof.no\/colam-esp\/files\/2019\/02\/Knut-Hofland.jpeg?fit=144%2C192&amp;ssl=1\" data-orig-size=\"144,192\" data-comments-opened=\"0\" data-image-meta=\"{&quot;aperture&quot;:&quot;0&quot;,&quot;credit&quot;:&quot;&quot;,&quot;camera&quot;:&quot;&quot;,&quot;caption&quot;:&quot;&quot;,&quot;created_timestamp&quot;:&quot;0&quot;,&quot;copyright&quot;:&quot;&quot;,&quot;focal_length&quot;:&quot;0&quot;,&quot;iso&quot;:&quot;0&quot;,&quot;shutter_speed&quot;:&quot;0&quot;,&quot;title&quot;:&quot;&quot;,&quot;orientation&quot;:&quot;0&quot;}\" data-image-title=\"Knut Hofland\" data-image-description=\"\" data-image-caption=\"\" data-medium-file=\"https:\/\/i0.wp.com\/blogg.hiof.no\/colam-esp\/files\/2019\/02\/Knut-Hofland.jpeg?fit=144%2C192&amp;ssl=1\" data-large-file=\"https:\/\/i0.wp.com\/blogg.hiof.no\/colam-esp\/files\/2019\/02\/Knut-Hofland.jpeg?fit=144%2C192&amp;ssl=1\" class=\"alignnone size-full wp-image-69\" src=\"https:\/\/i0.wp.com\/blogg.hiof.no\/colam-esp\/files\/2019\/02\/Knut-Hofland.jpeg?resize=144%2C192&#038;ssl=1\" alt=\"\" width=\"144\" height=\"192\" \/><\/td>\n<td class=\"litentekst\"><strong>Nombre:<\/strong>\u00a0<a href=\"http:\/\/uni.no\/nb\/staff\/directory\/knut-hofland\/\">Knut Hofland<\/a><br \/>\n<strong>T\u00edtlo:\u00a0<\/strong>Ingeniero t\u00e9cnico<br \/>\n<strong>Departamento:<\/strong>\u00a0<a href=\"http:\/\/uni.no\/nb\/uni-computing\/clu\/\">UniResearch Computing<\/a><br \/>\n<strong>Direcci\u00f3n trabajo:<\/strong><br \/>\n<strong>Poststed:<\/strong>\u00a05007, Bergen<br \/>\n<strong>Telefon:<\/strong>\u00a0(+47) 55 58 94 63<br \/>\n<strong>E-post:\u00a0<\/strong>knut.hofland@uni.no<\/td>\n<\/tr>\n<tr>\n<td class=\"picture-collumn\"><img data-recalc-dims=\"1\" loading=\"lazy\" decoding=\"async\" data-attachment-id=\"70\" data-permalink=\"https:\/\/blogg.hiof.no\/colam-esp\/miembros\/mariano\/\" data-orig-file=\"https:\/\/i0.wp.com\/blogg.hiof.no\/colam-esp\/files\/2019\/02\/Mariano.jpg?fit=102%2C135&amp;ssl=1\" data-orig-size=\"102,135\" data-comments-opened=\"0\" data-image-meta=\"{&quot;aperture&quot;:&quot;0&quot;,&quot;credit&quot;:&quot;&quot;,&quot;camera&quot;:&quot;&quot;,&quot;caption&quot;:&quot;&quot;,&quot;created_timestamp&quot;:&quot;0&quot;,&quot;copyright&quot;:&quot;&quot;,&quot;focal_length&quot;:&quot;0&quot;,&quot;iso&quot;:&quot;0&quot;,&quot;shutter_speed&quot;:&quot;0&quot;,&quot;title&quot;:&quot;&quot;,&quot;orientation&quot;:&quot;0&quot;}\" data-image-title=\"Mariano\" data-image-description=\"\" data-image-caption=\"\" data-medium-file=\"https:\/\/i0.wp.com\/blogg.hiof.no\/colam-esp\/files\/2019\/02\/Mariano.jpg?fit=102%2C135&amp;ssl=1\" data-large-file=\"https:\/\/i0.wp.com\/blogg.hiof.no\/colam-esp\/files\/2019\/02\/Mariano.jpg?fit=102%2C135&amp;ssl=1\" class=\"alignnone size-full wp-image-70\" src=\"https:\/\/i0.wp.com\/blogg.hiof.no\/colam-esp\/files\/2019\/02\/Mariano.jpg?resize=102%2C135&#038;ssl=1\" alt=\"\" width=\"102\" height=\"135\" \/><\/td>\n<td class=\"litentekst\"><strong>Nombre:<\/strong>\u00a0Mariano Reyes Tejedor<br \/>\n<strong>T\u00edtulo:<\/strong>\u00a0Catedr\u00e1tico de Lengua Espa\u00f1ola<br \/>\n<strong>Departamento:<\/strong>\u00a0<a href=\"https:\/\/www.upo.es\/fitr\/portada\">Departamento de Filolog\u00eda y Traducci\u00f3n<\/a><br \/>\n<strong>Direcci\u00f3n trabajo:<\/strong>\u00a0Carretera de Utrera, Km 1<br \/>\n<strong>Distrito postal:<\/strong>\u00a041013 Sevilla<br \/>\n<strong>Tel\u00e9fono:\u00a0<\/strong>(+34) 954 967624<br \/>\n<strong>E-post:\u00a0<\/strong>mreytej@upo.es<\/td>\n<\/tr>\n<tr>\n<td class=\"picture-collumn\"><img data-recalc-dims=\"1\" loading=\"lazy\" decoding=\"async\" data-attachment-id=\"65\" data-permalink=\"https:\/\/blogg.hiof.no\/colam-esp\/miembros\/angela-web\/\" data-orig-file=\"https:\/\/i0.wp.com\/blogg.hiof.no\/colam-esp\/files\/2019\/02\/angela-web.jpg?fit=83%2C107&amp;ssl=1\" data-orig-size=\"83,107\" data-comments-opened=\"0\" data-image-meta=\"{&quot;aperture&quot;:&quot;0&quot;,&quot;credit&quot;:&quot;&quot;,&quot;camera&quot;:&quot;&quot;,&quot;caption&quot;:&quot;&quot;,&quot;created_timestamp&quot;:&quot;0&quot;,&quot;copyright&quot;:&quot;&quot;,&quot;focal_length&quot;:&quot;0&quot;,&quot;iso&quot;:&quot;0&quot;,&quot;shutter_speed&quot;:&quot;0&quot;,&quot;title&quot;:&quot;&quot;,&quot;orientation&quot;:&quot;1&quot;}\" data-image-title=\"angela-web\" data-image-description=\"\" data-image-caption=\"\" data-medium-file=\"https:\/\/i0.wp.com\/blogg.hiof.no\/colam-esp\/files\/2019\/02\/angela-web.jpg?fit=83%2C107&amp;ssl=1\" data-large-file=\"https:\/\/i0.wp.com\/blogg.hiof.no\/colam-esp\/files\/2019\/02\/angela-web.jpg?fit=83%2C107&amp;ssl=1\" class=\"alignnone wp-image-65\" src=\"https:\/\/i0.wp.com\/blogg.hiof.no\/colam-esp\/files\/2019\/02\/angela-web.jpg?resize=110%2C142&#038;ssl=1\" alt=\"\" width=\"110\" height=\"142\" \/><\/td>\n<td class=\"litentekst\"><strong>Nombre:<\/strong>\u00a0Giovanna Angela Mura<br \/>\n<strong>T\u00edtulo:<\/strong>\u00a0Dra. en Lengua Espa\u00f1ola. Colaboradora COLAm<br \/>\n<strong>Tel\u00e9fono:<\/strong>\u00a0(+34) 658 25 58 59<br \/>\n<strong>Correo electr\u00f3nico:<\/strong>\u00a0<a href=\"mailto:angela_mura@yahoo.it\">angela_mura@yahoo.it<\/a><\/td>\n<td><\/td>\n<\/tr>\n<tr>\n<td class=\"picture-collumn\"><img data-recalc-dims=\"1\" loading=\"lazy\" decoding=\"async\" data-attachment-id=\"107\" data-permalink=\"https:\/\/blogg.hiof.no\/colam-esp\/miembros\/download-4\/\" data-orig-file=\"https:\/\/i0.wp.com\/blogg.hiof.no\/colam-esp\/files\/2019\/02\/download-4.jpg?fit=200%2C200&amp;ssl=1\" data-orig-size=\"200,200\" data-comments-opened=\"0\" data-image-meta=\"{&quot;aperture&quot;:&quot;0&quot;,&quot;credit&quot;:&quot;&quot;,&quot;camera&quot;:&quot;&quot;,&quot;caption&quot;:&quot;&quot;,&quot;created_timestamp&quot;:&quot;0&quot;,&quot;copyright&quot;:&quot;&quot;,&quot;focal_length&quot;:&quot;0&quot;,&quot;iso&quot;:&quot;0&quot;,&quot;shutter_speed&quot;:&quot;0&quot;,&quot;title&quot;:&quot;&quot;,&quot;orientation&quot;:&quot;0&quot;}\" data-image-title=\"download-4\" data-image-description=\"\" data-image-caption=\"\" data-medium-file=\"https:\/\/i0.wp.com\/blogg.hiof.no\/colam-esp\/files\/2019\/02\/download-4.jpg?fit=200%2C200&amp;ssl=1\" data-large-file=\"https:\/\/i0.wp.com\/blogg.hiof.no\/colam-esp\/files\/2019\/02\/download-4.jpg?fit=200%2C200&amp;ssl=1\" class=\"alignnone wp-image-107\" src=\"https:\/\/i0.wp.com\/blogg.hiof.no\/colam-esp\/files\/2019\/02\/download-4.jpg?resize=149%2C149&#038;ssl=1\" alt=\"\" width=\"149\" height=\"149\" srcset=\"https:\/\/i0.wp.com\/blogg.hiof.no\/colam-esp\/files\/2019\/02\/download-4.jpg?w=200&amp;ssl=1 200w, https:\/\/i0.wp.com\/blogg.hiof.no\/colam-esp\/files\/2019\/02\/download-4.jpg?resize=150%2C150&amp;ssl=1 150w\" sizes=\"auto, (max-width: 149px) 85vw, 149px\" \/><\/td>\n<td class=\"litentekst\"><strong>Nombre:<\/strong>\u00a0<a href=\"https:\/\/rocketreach.co\/axel-myre-hyge-email_1292852\">Axel Myre Hyge<\/a><br \/>\n<strong>T\u00edtulo:<\/strong>\u00a0Colaborador inform\u00e1tico. Trabaja en Warner Bros. Los Angeles.<br \/>\n<strong>Carrera:<\/strong>\u00a0Studied BA (Hons) Music, Theatre and Entertainment Management at\u00a0<a href=\"https:\/\/www.facebook.com\/pages\/Liverpool-Institute-for-Performing-Arts\/113765731967465?ref=br_rs\">Liverpool Institute for Performing Arts<\/a><br \/>\n<strong>M\u00f3vil:<\/strong>\u00a0(+47) 97 63 94 97<br \/>\n<strong>Correo electr\u00f3nico:<\/strong>\u00a0<a href=\"mailto:ahyge@hotmail.com\">ahyge@hotmail.com<\/a><\/td>\n<\/tr>\n<\/tbody>\n<\/table>\n","protected":false},"excerpt":{"rendered":"<p>Nombre:\u00a0Annette Myre J\u00f8rgensen T\u00edtulo:\u00a0Catedr\u00e1tica de Lengua Espa\u00f1ola Departamento:\u00a0Departamento de Econom\u00eda, Lenguas y Ciencias Sociales. H\u00f8gskolen i \u00d8stfold Direcci\u00f3n trabajo:\u00a0BRA veien 4 Localidad:\u00a01757 Halden Tel\u00e9fono:+47 696 08 423 Correo electr\u00f3nico:\u00a0ammj@hiof.no Nombre:\u00a0Anna-Brita Stenstr\u00f6m T\u00edtulo:\u00a0Catedr\u00e1tica Emerita Departamento:\u00a0Departamento de Lenguas Extranjeras. UiB Direcci\u00f3n trabajo:\u00a0Nedanv\u00e4gen 7 Localidad:\u00a029135 Kristianstad, SueciaCorreo electr\u00f3nico:\u00a0ab.stenstrom@telia.com Nombre:\u00a0Juan Antonio Mart\u00ednez L\u00f3pez T\u00edtulo:\u00a0Catedr\u00e1tico en el\u00a0Departamento de Traducci\u00f3n\u00a0de la &hellip; <a href=\"https:\/\/blogg.hiof.no\/colam-esp\/miembros\/\" class=\"more-link\">Fortsett \u00e5 lese<span class=\"screen-reader-text\"> \u00abMiembros\u00bb<\/span><\/a><\/p>\n","protected":false},"author":1,"featured_media":0,"parent":0,"menu_order":0,"comment_status":"closed","ping_status":"closed","template":"","meta":{"jetpack_post_was_ever_published":false,"footnotes":""},"class_list":["post-14","page","type-page","status-publish","hentry"],"jetpack_sharing_enabled":true,"jetpack_shortlink":"https:\/\/wp.me\/P9SACn-e","jetpack_likes_enabled":true,"jetpack-related-posts":[],"_links":{"self":[{"href":"https:\/\/blogg.hiof.no\/colam-esp\/wp-json\/wp\/v2\/pages\/14","targetHints":{"allow":["GET"]}}],"collection":[{"href":"https:\/\/blogg.hiof.no\/colam-esp\/wp-json\/wp\/v2\/pages"}],"about":[{"href":"https:\/\/blogg.hiof.no\/colam-esp\/wp-json\/wp\/v2\/types\/page"}],"author":[{"embeddable":true,"href":"https:\/\/blogg.hiof.no\/colam-esp\/wp-json\/wp\/v2\/users\/1"}],"replies":[{"embeddable":true,"href":"https:\/\/blogg.hiof.no\/colam-esp\/wp-json\/wp\/v2\/comments?post=14"}],"version-history":[{"count":17,"href":"https:\/\/blogg.hiof.no\/colam-esp\/wp-json\/wp\/v2\/pages\/14\/revisions"}],"predecessor-version":[{"id":115,"href":"https:\/\/blogg.hiof.no\/colam-esp\/wp-json\/wp\/v2\/pages\/14\/revisions\/115"}],"wp:attachment":[{"href":"https:\/\/blogg.hiof.no\/colam-esp\/wp-json\/wp\/v2\/media?parent=14"}],"curies":[{"name":"wp","href":"https:\/\/api.w.org\/{rel}","templated":true}]}}