{"id":2,"date":"2018-05-02T16:06:09","date_gmt":"2018-05-02T14:06:09","guid":{"rendered":"https:\/\/blogg.hiof.no\/colam-esp\/?page_id=2"},"modified":"2022-02-22T19:44:06","modified_gmt":"2022-02-22T18:44:06","slug":"proyectocola","status":"publish","type":"page","link":"https:\/\/blogg.hiof.no\/colam-esp\/","title":{"rendered":"El Corpus COLA"},"content":{"rendered":"<p>El corpus COLA posibilita el an\u00e1lisis del habla oral adolescente (13 a 19 a\u00f1os) de Madrid y otras capitales latinoamericanas.<\/p>\n<figure id=\"attachment_10\" aria-describedby=\"caption-attachment-10\" style=\"width: 504px\" class=\"wp-caption alignnone\"><img data-recalc-dims=\"1\" loading=\"lazy\" decoding=\"async\" data-attachment-id=\"10\" data-permalink=\"https:\/\/blogg.hiof.no\/colam-esp\/proyectocola\/im000490-jpg\/\" data-orig-file=\"https:\/\/i0.wp.com\/blogg.hiof.no\/colam-esp\/files\/2018\/05\/people-in-bus.jpg?fit=504%2C378&amp;ssl=1\" data-orig-size=\"504,378\" data-comments-opened=\"0\" data-image-meta=\"{&quot;aperture&quot;:&quot;4&quot;,&quot;credit&quot;:&quot;&quot;,&quot;camera&quot;:&quot;hp PhotoSmart 43x series&quot;,&quot;caption&quot;:&quot;IM000490.JPG&quot;,&quot;created_timestamp&quot;:&quot;1106959184&quot;,&quot;copyright&quot;:&quot;Copyright 2002-2003&quot;,&quot;focal_length&quot;:&quot;5.67&quot;,&quot;iso&quot;:&quot;100&quot;,&quot;shutter_speed&quot;:&quot;0.018867924528302&quot;,&quot;title&quot;:&quot;IM000490.JPG&quot;,&quot;orientation&quot;:&quot;1&quot;}\" data-image-title=\"IM000490.JPG\" data-image-description=\"\" data-image-caption=\"&lt;p&gt;IM000490.JPG&lt;\/p&gt;\n\" data-medium-file=\"https:\/\/i0.wp.com\/blogg.hiof.no\/colam-esp\/files\/2018\/05\/people-in-bus.jpg?fit=300%2C225&amp;ssl=1\" data-large-file=\"https:\/\/i0.wp.com\/blogg.hiof.no\/colam-esp\/files\/2018\/05\/people-in-bus.jpg?fit=504%2C378&amp;ssl=1\" class=\"size-full wp-image-10\" src=\"https:\/\/i0.wp.com\/blogg.hiof.no\/colam-esp\/files\/2018\/05\/people-in-bus.jpg?resize=504%2C378&#038;ssl=1\" alt=\"\" width=\"504\" height=\"378\" srcset=\"https:\/\/i0.wp.com\/blogg.hiof.no\/colam-esp\/files\/2018\/05\/people-in-bus.jpg?w=504&amp;ssl=1 504w, https:\/\/i0.wp.com\/blogg.hiof.no\/colam-esp\/files\/2018\/05\/people-in-bus.jpg?resize=300%2C225&amp;ssl=1 300w\" sizes=\"auto, (max-width: 504px) 85vw, 504px\" \/><figcaption id=\"caption-attachment-10\" class=\"wp-caption-text\">people in bus<\/figcaption><\/figure>\n<h1>El corpus COLA= <strong>Corpus Oral de Lenguaje Adolescente<\/strong><\/h1>\n<p>El\u00a0<a href=\"http:\/\/es.wikipedia.org\/wiki\/Corpus_ling%C3%BC%C3%ADstico\">corpus<\/a>\u00a0COLA contiene el habla de\u00a0<a href=\"http:\/\/es.wikipedia.org\/wiki\/Adolescencia\">adolescentes<\/a>\u00a0(13 a 19 a\u00f1os) de Madrid, as\u00ed como de otras\u00a0<a href=\"http:\/\/es.wikipedia.org\/wiki\/Capital\">capitales<\/a>\/<a href=\"http:\/\/es.wikipedia.org\/wiki\/Metr%C3%B3poli\">metr\u00f3poli\u00a0<\/a>latinoamericanas. El corpus COLA tiene cuatro subapartados:<br \/>\n<strong><br \/>\n<\/strong><img data-recalc-dims=\"1\" loading=\"lazy\" decoding=\"async\" data-attachment-id=\"128\" data-permalink=\"https:\/\/blogg.hiof.no\/colam-esp\/proyectocola\/spanskflagg\/\" data-orig-file=\"https:\/\/i0.wp.com\/blogg.hiof.no\/colam-esp\/files\/2019\/02\/spanskflagg.gif?fit=10%2C10&amp;ssl=1\" data-orig-size=\"10,10\" data-comments-opened=\"0\" data-image-meta=\"{&quot;aperture&quot;:&quot;0&quot;,&quot;credit&quot;:&quot;&quot;,&quot;camera&quot;:&quot;&quot;,&quot;caption&quot;:&quot;&quot;,&quot;created_timestamp&quot;:&quot;0&quot;,&quot;copyright&quot;:&quot;&quot;,&quot;focal_length&quot;:&quot;0&quot;,&quot;iso&quot;:&quot;0&quot;,&quot;shutter_speed&quot;:&quot;0&quot;,&quot;title&quot;:&quot;&quot;,&quot;orientation&quot;:&quot;0&quot;}\" data-image-title=\"spanskflagg\" data-image-description=\"\" data-image-caption=\"\" data-medium-file=\"https:\/\/i0.wp.com\/blogg.hiof.no\/colam-esp\/files\/2019\/02\/spanskflagg.gif?fit=10%2C10&amp;ssl=1\" data-large-file=\"https:\/\/i0.wp.com\/blogg.hiof.no\/colam-esp\/files\/2019\/02\/spanskflagg.gif?fit=10%2C10&amp;ssl=1\" class=\"alignnone size-full wp-image-128\" src=\"https:\/\/i0.wp.com\/blogg.hiof.no\/colam-esp\/files\/2019\/02\/spanskflagg.gif?resize=10%2C10&#038;ssl=1\" alt=\"\" width=\"10\" height=\"10\" \/>\u00a0\u00a0 COLAm, contiene el habla de los j\u00f3venes de Madrid<br \/>\n<img data-recalc-dims=\"1\" loading=\"lazy\" decoding=\"async\" data-attachment-id=\"125\" data-permalink=\"https:\/\/blogg.hiof.no\/colam-esp\/proyectocola\/argentinaflagg\/\" data-orig-file=\"https:\/\/i0.wp.com\/blogg.hiof.no\/colam-esp\/files\/2019\/02\/argentinaflagg.gif?fit=10%2C10&amp;ssl=1\" data-orig-size=\"10,10\" data-comments-opened=\"0\" data-image-meta=\"{&quot;aperture&quot;:&quot;0&quot;,&quot;credit&quot;:&quot;&quot;,&quot;camera&quot;:&quot;&quot;,&quot;caption&quot;:&quot;&quot;,&quot;created_timestamp&quot;:&quot;0&quot;,&quot;copyright&quot;:&quot;&quot;,&quot;focal_length&quot;:&quot;0&quot;,&quot;iso&quot;:&quot;0&quot;,&quot;shutter_speed&quot;:&quot;0&quot;,&quot;title&quot;:&quot;&quot;,&quot;orientation&quot;:&quot;0&quot;}\" data-image-title=\"argentinaflagg\" data-image-description=\"\" data-image-caption=\"\" data-medium-file=\"https:\/\/i0.wp.com\/blogg.hiof.no\/colam-esp\/files\/2019\/02\/argentinaflagg.gif?fit=10%2C10&amp;ssl=1\" data-large-file=\"https:\/\/i0.wp.com\/blogg.hiof.no\/colam-esp\/files\/2019\/02\/argentinaflagg.gif?fit=10%2C10&amp;ssl=1\" class=\"alignnone size-full wp-image-125\" src=\"https:\/\/i0.wp.com\/blogg.hiof.no\/colam-esp\/files\/2019\/02\/argentinaflagg.gif?resize=10%2C10&#038;ssl=1\" alt=\"\" width=\"10\" height=\"10\" \/>\u00a0\u00a0 COLAba, contiene el habla de los j\u00f3venes de Buenos Aires<br \/>\n<img data-recalc-dims=\"1\" loading=\"lazy\" decoding=\"async\" data-attachment-id=\"126\" data-permalink=\"https:\/\/blogg.hiof.no\/colam-esp\/proyectocola\/chileflag\/\" data-orig-file=\"https:\/\/i0.wp.com\/blogg.hiof.no\/colam-esp\/files\/2019\/02\/chileflag.jpg?fit=10%2C10&amp;ssl=1\" data-orig-size=\"10,10\" data-comments-opened=\"0\" data-image-meta=\"{&quot;aperture&quot;:&quot;0&quot;,&quot;credit&quot;:&quot;&quot;,&quot;camera&quot;:&quot;&quot;,&quot;caption&quot;:&quot;&quot;,&quot;created_timestamp&quot;:&quot;0&quot;,&quot;copyright&quot;:&quot;&quot;,&quot;focal_length&quot;:&quot;0&quot;,&quot;iso&quot;:&quot;0&quot;,&quot;shutter_speed&quot;:&quot;0&quot;,&quot;title&quot;:&quot;&quot;,&quot;orientation&quot;:&quot;1&quot;}\" data-image-title=\"chileflag\" data-image-description=\"\" data-image-caption=\"\" data-medium-file=\"https:\/\/i0.wp.com\/blogg.hiof.no\/colam-esp\/files\/2019\/02\/chileflag.jpg?fit=10%2C10&amp;ssl=1\" data-large-file=\"https:\/\/i0.wp.com\/blogg.hiof.no\/colam-esp\/files\/2019\/02\/chileflag.jpg?fit=10%2C10&amp;ssl=1\" class=\"alignnone size-full wp-image-126\" src=\"https:\/\/i0.wp.com\/blogg.hiof.no\/colam-esp\/files\/2019\/02\/chileflag.jpg?resize=10%2C10&#038;ssl=1\" alt=\"\" width=\"10\" height=\"10\" \/>\u00a0\u00a0 COLAs, contiene el habla de los j\u00f3venes de Santiago de Chile<br \/>\n<img data-recalc-dims=\"1\" loading=\"lazy\" decoding=\"async\" data-attachment-id=\"127\" data-permalink=\"https:\/\/blogg.hiof.no\/colam-esp\/proyectocola\/nic\/\" data-orig-file=\"https:\/\/i0.wp.com\/blogg.hiof.no\/colam-esp\/files\/2019\/02\/nic.png?fit=10%2C10&amp;ssl=1\" data-orig-size=\"10,10\" data-comments-opened=\"0\" data-image-meta=\"{&quot;aperture&quot;:&quot;0&quot;,&quot;credit&quot;:&quot;&quot;,&quot;camera&quot;:&quot;&quot;,&quot;caption&quot;:&quot;&quot;,&quot;created_timestamp&quot;:&quot;0&quot;,&quot;copyright&quot;:&quot;&quot;,&quot;focal_length&quot;:&quot;0&quot;,&quot;iso&quot;:&quot;0&quot;,&quot;shutter_speed&quot;:&quot;0&quot;,&quot;title&quot;:&quot;&quot;,&quot;orientation&quot;:&quot;0&quot;}\" data-image-title=\"nic\" data-image-description=\"\" data-image-caption=\"\" data-medium-file=\"https:\/\/i0.wp.com\/blogg.hiof.no\/colam-esp\/files\/2019\/02\/nic.png?fit=10%2C10&amp;ssl=1\" data-large-file=\"https:\/\/i0.wp.com\/blogg.hiof.no\/colam-esp\/files\/2019\/02\/nic.png?fit=10%2C10&amp;ssl=1\" class=\"alignnone size-full wp-image-127\" src=\"https:\/\/i0.wp.com\/blogg.hiof.no\/colam-esp\/files\/2019\/02\/nic.png?resize=10%2C10&#038;ssl=1\" alt=\"\" width=\"10\" height=\"10\" \/> \u00a0 COLAma, recoge el habla juvenil de Managua<\/p>\n<p>El corpus COLAm estar\u00e1 terminado en julio del 2022. Los subapartados estar\u00e1n terminados en diciembre 2023.<br \/>\nEl corpus COLA, transcrito ortogr\u00e1ficamente y unido al sonido, permite investigar el estilo comunicativo propio de los j\u00f3venes, as\u00ed como la influencia de otros idiomas en el lenguaje juvenil, as\u00ed como hacer comparaciones con\u00a0 materiales existente de las otras capitales de habla hispana, y tambi\u00e9n con los <a href=\"http:\/\/clu.uni.no\/humfak\/uno\/\">corpus UNO<\/a>\u00a0<strong>(Oslo)<\/strong>\u00a0y\u00a0<a href=\"http:\/\/clarino.uib.no\/korpuskel\">COLT\u00a0<strong>(Londres)<\/strong><\/a>.<\/p>\n<p>El corpus COLA se encuentra en <a href=\"https:\/\/repo.clarino.uib.no\/xmlui\/\">CLARINO<\/a> en una nueva plataforma denominada korpuskel. Ver: <a href=\"http:\/\/clarino.uib.no\/korpuskel\/page\">http:\/\/clarino.uib.no\/korpuskel\/page<\/a><\/p>\n<p>El proyecto COLA est\u00e1 financiado por la Facultad de Humanidades,<a href=\"http:\/\/www.uib.no\/fremmedsprak\">\u00a0El Departamento de Lenguas Extranjeras<\/a>, la\u00a0<a href=\"http:\/\/www.uib.no\/forskning\/ressurser\/fond-og-stiftelser\/l.-meltzers-hoyskolefond\">Fundaci\u00f3n Meltzer<\/a>\u00a0de la Universidad de Bergen y<a href=\"http:\/\/www.forskningsradet.no\/no\/Forsiden\/1173185591033\">\u00a0NFR<\/a>\u00a0(Norges Forskningsr\u00e5d, Consejo de Investigaciones cientificas de Noruega) y<a href=\"https:\/\/www.hiof.no\/frontpage?lang=eng\">\u00a0H\u00f8gskolen i \u00d8stfold<\/a><\/p>\n<p>El corpus se ha construido con la pericia t\u00e9cnica e inform\u00e1tica de<a href=\"http:\/\/uni.no\/nb\/staff\/directory\/knut-hofland\/\">\u00a0Knut Hofland<\/a> en\u00a0 UniResearch.<\/p>\n<p><strong>Miembros del proyecto COLA:<\/strong><u><br \/>\n<\/u>Directora de proyecto: Catedr\u00e1tica de Lengua Espa\u00f1ola<a href=\"https:\/\/www.hiof.no\/om-hogskolen\/sok-pa-sidene\/profil\/?&amp;displayitem=57471&amp;module=admin\">\u00a0Dra. Annette Myre J\u00f8rgensen<\/a>,\u00a0<a href=\"https:\/\/www.hiof.no\/lusp\/slik\/\">Departamento de Lenguas, literatura y cultura<\/a>, <a href=\"http:\/\/Hiof.no\">HiOF<\/a><br \/>\nCoordinadora de transcripciones\u00a0<a href=\"mailto:esperanza@colam.org\">Esperanza Egu\u00eda Padilla, <\/a><a href=\"https:\/\/www.hiof.no\/lusp\/slik\/\">Departamento de Lenguas, literatura y cultura<\/a><a href=\"mailto:esperanza@colam.org\">, <\/a><a href=\"http:\/\/Hiof.no\">HiOF<\/a><br \/>\nCatedr\u00e1tica\u00a0<a href=\"mailto:ab.stenstrom@telia.com\">Em. Anna-Brita Stenstr\u00f6m<\/a>, Dep. de Ingl\u00e9s, Universidad de Bergen.<br \/>\nCatedr\u00e1tico\u00a0<a href=\"mailto:juan@colam.org\">Juan Antonio Mart\u00ednez L\u00f3pez<\/a>, Universidad<a href=\"http:\/\/www.upo.es\/\">\u00a0Pablo Olavide<\/a>, Sevilla<br \/>\nTitular\u00a0<a href=\"http:\/\/www.uia.no\/kk\/tlf?avd=24\">Dra. Eli Marie Drange Danbolt<\/a>,\u00a0<a href=\"http:\/\/www.uia.no\/\">Universidad de Agder<\/a>, Noruega<br \/>\nCatedr\u00e1tico\u00a0<a href=\"http:\/\/www.upo.es\/fitr\/contenido?pag=\/portal\/upo\/profesores\/mreytej\/profesor\">Mariano Reyes Tejedor<\/a>, Universidad<a href=\"http:\/\/www.upo.es\/\">\u00a0Pablo Olavide<\/a>, Sevilla<br \/>\nColaboradora Dra.\u00a0<a href=\"mailto:angela_mura@yahoo.it\">Giovanna Angela Mura<\/a><\/p>\n<p>Master\u00a0<strong><a href=\"mailto:stinehuseby@gmail.com\">Stine Huseby, <\/a><\/strong>Master\u00a0<strong>Lise Holmvik, <\/strong>Master\u00a0<strong><a href=\"mailto:solfrid.hernes@student.uib.no\">Solfrid Hernes, <\/a><\/strong>Master\u00a0<strong><a href=\"mailto:evert.jakobsen@student.uib.no\">Evert Jakobsen, <\/a><\/strong>Master\u00a0<strong><a href=\"mailto:kristine.eide@student.uib.no\">Kristine Eide, <\/a><\/strong>Master\u00a0<strong>Marie Espeland<\/strong><\/p>\n<p>&nbsp;<\/p>\n<p><a>Volver<\/a><\/p>\n<p>&nbsp;<\/p>\n<p><img data-recalc-dims=\"1\" loading=\"lazy\" decoding=\"async\" data-attachment-id=\"147\" data-permalink=\"https:\/\/blogg.hiof.no\/colam-esp\/proyectocola\/uib\/\" data-orig-file=\"https:\/\/i0.wp.com\/blogg.hiof.no\/colam-esp\/files\/2019\/02\/uib.jpg?fit=120%2C120&amp;ssl=1\" data-orig-size=\"120,120\" data-comments-opened=\"0\" data-image-meta=\"{&quot;aperture&quot;:&quot;0&quot;,&quot;credit&quot;:&quot;&quot;,&quot;camera&quot;:&quot;&quot;,&quot;caption&quot;:&quot;&quot;,&quot;created_timestamp&quot;:&quot;0&quot;,&quot;copyright&quot;:&quot;&quot;,&quot;focal_length&quot;:&quot;0&quot;,&quot;iso&quot;:&quot;0&quot;,&quot;shutter_speed&quot;:&quot;0&quot;,&quot;title&quot;:&quot;&quot;,&quot;orientation&quot;:&quot;1&quot;}\" data-image-title=\"uib\" data-image-description=\"\" data-image-caption=\"\" data-medium-file=\"https:\/\/i0.wp.com\/blogg.hiof.no\/colam-esp\/files\/2019\/02\/uib.jpg?fit=120%2C120&amp;ssl=1\" data-large-file=\"https:\/\/i0.wp.com\/blogg.hiof.no\/colam-esp\/files\/2019\/02\/uib.jpg?fit=120%2C120&amp;ssl=1\" class=\"alignnone size-full wp-image-147\" src=\"https:\/\/i0.wp.com\/blogg.hiof.no\/colam-esp\/files\/2019\/02\/uib.jpg?resize=120%2C120&#038;ssl=1\" alt=\"\" width=\"120\" height=\"120\" \/> <img data-recalc-dims=\"1\" loading=\"lazy\" decoding=\"async\" data-attachment-id=\"146\" data-permalink=\"https:\/\/blogg.hiof.no\/colam-esp\/proyectocola\/hiof-logo\/\" data-orig-file=\"https:\/\/i0.wp.com\/blogg.hiof.no\/colam-esp\/files\/2019\/02\/hiof-logo.jpg?fit=984%2C282&amp;ssl=1\" data-orig-size=\"984,282\" data-comments-opened=\"0\" data-image-meta=\"{&quot;aperture&quot;:&quot;0&quot;,&quot;credit&quot;:&quot;&quot;,&quot;camera&quot;:&quot;&quot;,&quot;caption&quot;:&quot;&quot;,&quot;created_timestamp&quot;:&quot;0&quot;,&quot;copyright&quot;:&quot;&quot;,&quot;focal_length&quot;:&quot;0&quot;,&quot;iso&quot;:&quot;0&quot;,&quot;shutter_speed&quot;:&quot;0&quot;,&quot;title&quot;:&quot;&quot;,&quot;orientation&quot;:&quot;0&quot;}\" data-image-title=\"hiof-logo\" data-image-description=\"\" data-image-caption=\"\" data-medium-file=\"https:\/\/i0.wp.com\/blogg.hiof.no\/colam-esp\/files\/2019\/02\/hiof-logo.jpg?fit=300%2C86&amp;ssl=1\" data-large-file=\"https:\/\/i0.wp.com\/blogg.hiof.no\/colam-esp\/files\/2019\/02\/hiof-logo.jpg?fit=840%2C241&amp;ssl=1\" class=\"alignnone size-medium wp-image-146\" src=\"https:\/\/i0.wp.com\/blogg.hiof.no\/colam-esp\/files\/2019\/02\/hiof-logo.jpg?resize=300%2C86&#038;ssl=1\" alt=\"\" width=\"300\" height=\"86\" srcset=\"https:\/\/i0.wp.com\/blogg.hiof.no\/colam-esp\/files\/2019\/02\/hiof-logo.jpg?resize=300%2C86&amp;ssl=1 300w, https:\/\/i0.wp.com\/blogg.hiof.no\/colam-esp\/files\/2019\/02\/hiof-logo.jpg?resize=768%2C220&amp;ssl=1 768w, https:\/\/i0.wp.com\/blogg.hiof.no\/colam-esp\/files\/2019\/02\/hiof-logo.jpg?w=984&amp;ssl=1 984w\" sizes=\"auto, (max-width: 300px) 85vw, 300px\" \/><\/p>\n","protected":false},"excerpt":{"rendered":"<p>El corpus COLA posibilita el an\u00e1lisis del habla oral adolescente (13 a 19 a\u00f1os) de Madrid y otras capitales latinoamericanas. El corpus COLA= Corpus Oral de Lenguaje Adolescente El\u00a0corpus\u00a0COLA contiene el habla de\u00a0adolescentes\u00a0(13 a 19 a\u00f1os) de Madrid, as\u00ed como de otras\u00a0capitales\/metr\u00f3poli\u00a0latinoamericanas. El corpus COLA tiene cuatro subapartados: \u00a0\u00a0 COLAm, contiene el habla de los &hellip; <a href=\"https:\/\/blogg.hiof.no\/colam-esp\/\" class=\"more-link\">Fortsett \u00e5 lese<span class=\"screen-reader-text\"> \u00abEl Corpus COLA\u00bb<\/span><\/a><\/p>\n","protected":false},"author":1,"featured_media":0,"parent":0,"menu_order":0,"comment_status":"closed","ping_status":"open","template":"","meta":{"jetpack_post_was_ever_published":false,"footnotes":""},"class_list":["post-2","page","type-page","status-publish","hentry"],"jetpack_sharing_enabled":true,"jetpack_shortlink":"https:\/\/wp.me\/P9SACn-2","jetpack_likes_enabled":true,"jetpack-related-posts":[],"_links":{"self":[{"href":"https:\/\/blogg.hiof.no\/colam-esp\/wp-json\/wp\/v2\/pages\/2","targetHints":{"allow":["GET"]}}],"collection":[{"href":"https:\/\/blogg.hiof.no\/colam-esp\/wp-json\/wp\/v2\/pages"}],"about":[{"href":"https:\/\/blogg.hiof.no\/colam-esp\/wp-json\/wp\/v2\/types\/page"}],"author":[{"embeddable":true,"href":"https:\/\/blogg.hiof.no\/colam-esp\/wp-json\/wp\/v2\/users\/1"}],"replies":[{"embeddable":true,"href":"https:\/\/blogg.hiof.no\/colam-esp\/wp-json\/wp\/v2\/comments?post=2"}],"version-history":[{"count":16,"href":"https:\/\/blogg.hiof.no\/colam-esp\/wp-json\/wp\/v2\/pages\/2\/revisions"}],"predecessor-version":[{"id":283,"href":"https:\/\/blogg.hiof.no\/colam-esp\/wp-json\/wp\/v2\/pages\/2\/revisions\/283"}],"wp:attachment":[{"href":"https:\/\/blogg.hiof.no\/colam-esp\/wp-json\/wp\/v2\/media?parent=2"}],"curies":[{"name":"wp","href":"https:\/\/api.w.org\/{rel}","templated":true}]}}