{"id":20,"date":"2018-05-02T16:17:43","date_gmt":"2018-05-02T14:17:43","guid":{"rendered":"https:\/\/blogg.hiof.no\/colam-esp\/?page_id=20"},"modified":"2018-05-02T16:17:43","modified_gmt":"2018-05-02T14:17:43","slug":"enlaces","status":"publish","type":"page","link":"https:\/\/blogg.hiof.no\/colam-esp\/enlaces\/","title":{"rendered":"Enlaces"},"content":{"rendered":"<h3>Proyectos<\/h3>\n<ul>\n<li><a href=\"https:\/\/repo.clarino.uib.no\/xmlui\/\">CLARINO<\/a><\/li>\n<li><a href=\"http:\/\/uni.no\/en\/topics\/corpus-linguistics\/\">UniResearch<\/a><\/li>\n<li><a href=\"http:\/\/www.edice.org\/\">EDICE<\/a><\/li>\n<li><a href=\"http:\/\/clu.uni.no\/humfak\/uno\/\">Corpus UNO<\/a><\/li>\n<li><a href=\"http:\/\/clarino.uib.no\/korpuskel\">COLT (Londres)<\/a><\/li>\n<li><a href=\"http:\/\/www.uv.es\/valesco\/\">Val.Es.Co<\/a>\n<p><img data-recalc-dims=\"1\" loading=\"lazy\" decoding=\"async\" src=\"https:\/\/i0.wp.com\/colam.org\/grafikk\/2-pix.gif?resize=5%2C12\" width=\"5\" height=\"12\" \/><\/li>\n<\/ul>\n<h3>Colaboradores<\/h3>\n<ul>\n<li><a href=\"https:\/\/www.upoli.edu.ni\/\" target=\"_blank\" rel=\"noopener\">UPOLI\n<p><\/a><\/li>\n<li><a href=\"http:\/\/www.su.se\/romklass\/om-oss\/kontakt\/medarbetare\/diana-bravo-1.127014\" target=\"_blank\" rel=\"noopener\">Diana Bravo<\/a><\/li>\n<li>Antonio Hidalgo-Fonocortes\u00eda<\/li>\n<\/ul>\n<ul>\n<li>Ana Marta Gonz\u00e1lez<\/li>\n<\/ul>\n<ul>\n<li>Julia Sevilla<\/li>\n<\/ul>\n<h3><a href=\"http:\/\/colam.org\/www.uib.no\">\u00a0<\/a><\/h3>\n<ul>\n<li>\n<h3>Otros enlaces de inter\u00e9s<\/h3>\n<ul>\n<li><a href=\"http:\/\/www.mundoalfal.org\/\" target=\"_blank\" rel=\"noopener\">Asociaci\u00f3n de Ling\u00fc\u00edstica y Filolog\u00eda de Am\u00e9rica Latina<\/a><\/li>\n<li><a href=\"http:\/\/www.rae.es\/\" target=\"_blank\" rel=\"noopener\">Real Academia Espa\u00f1ola<\/a><\/li>\n<li><a href=\"http:\/\/www.ling.gu.se\/projekt\/nordtalk\/\">NORDTALK<\/a><\/li>\n<li><a href=\"http:\/\/www.uib.no\/fremmedsprak\">Institutt for fremmedspr\u00e5k, UiB<\/a><\/li>\n<li><a href=\"http:\/\/www.unav.es\/linguis\/simposiosel\/\">XXXVII Simposio Internacional de la Sociedad Espa\u00f1ola de Ling\u00fc\u00edstica<\/a><\/li>\n<\/ul>\n<\/li>\n<\/ul>\n","protected":false},"excerpt":{"rendered":"<p>Proyectos CLARINO UniResearch EDICE Corpus UNO COLT (Londres) Val.Es.Co Colaboradores UPOLI Diana Bravo Antonio Hidalgo-Fonocortes\u00eda Ana Marta Gonz\u00e1lez Julia Sevilla \u00a0 Otros enlaces de inter\u00e9s Asociaci\u00f3n de Ling\u00fc\u00edstica y Filolog\u00eda de Am\u00e9rica Latina Real Academia Espa\u00f1ola NORDTALK Institutt for fremmedspr\u00e5k, UiB XXXVII Simposio Internacional de la Sociedad Espa\u00f1ola de Ling\u00fc\u00edstica<\/p>\n","protected":false},"author":1,"featured_media":0,"parent":0,"menu_order":0,"comment_status":"closed","ping_status":"closed","template":"","meta":{"jetpack_post_was_ever_published":false,"footnotes":""},"class_list":["post-20","page","type-page","status-publish","hentry"],"jetpack_sharing_enabled":true,"jetpack_shortlink":"https:\/\/wp.me\/P9SACn-k","jetpack_likes_enabled":true,"jetpack-related-posts":[],"_links":{"self":[{"href":"https:\/\/blogg.hiof.no\/colam-esp\/wp-json\/wp\/v2\/pages\/20","targetHints":{"allow":["GET"]}}],"collection":[{"href":"https:\/\/blogg.hiof.no\/colam-esp\/wp-json\/wp\/v2\/pages"}],"about":[{"href":"https:\/\/blogg.hiof.no\/colam-esp\/wp-json\/wp\/v2\/types\/page"}],"author":[{"embeddable":true,"href":"https:\/\/blogg.hiof.no\/colam-esp\/wp-json\/wp\/v2\/users\/1"}],"replies":[{"embeddable":true,"href":"https:\/\/blogg.hiof.no\/colam-esp\/wp-json\/wp\/v2\/comments?post=20"}],"version-history":[{"count":1,"href":"https:\/\/blogg.hiof.no\/colam-esp\/wp-json\/wp\/v2\/pages\/20\/revisions"}],"predecessor-version":[{"id":21,"href":"https:\/\/blogg.hiof.no\/colam-esp\/wp-json\/wp\/v2\/pages\/20\/revisions\/21"}],"wp:attachment":[{"href":"https:\/\/blogg.hiof.no\/colam-esp\/wp-json\/wp\/v2\/media?parent=20"}],"curies":[{"name":"wp","href":"https:\/\/api.w.org\/{rel}","templated":true}]}}