{"id":24,"date":"2018-05-02T16:18:39","date_gmt":"2018-05-02T14:18:39","guid":{"rendered":"https:\/\/blogg.hiof.no\/colam-esp\/?page_id=24"},"modified":"2018-05-02T16:18:39","modified_gmt":"2018-05-02T14:18:39","slug":"prensa","status":"publish","type":"page","link":"https:\/\/blogg.hiof.no\/colam-esp\/prensa\/","title":{"rendered":"Prensa"},"content":{"rendered":"<ul>\n<li><a href=\"http:\/\/www.uib.no\/elin\/php\/phpnyhet2.php3?xmlfil=310103131258.xml\" target=\"_blank\" rel=\"noopener\">P\u00e5 H\u00f8yden, 31.01.2003<\/a><\/li>\n<li><a href=\"http:\/\/colam.org\/faksimiler-sider\/abc-espannol.html\">ABC.es, 12.02.2002<\/a><\/li>\n<li><a href=\"http:\/\/colam.org\/faksimile-aftenposten.html\">Aftenposten, 26. januar 2002<\/a><\/li>\n<li><a href=\"http:\/\/www.bt.no\/meninger\/kronikk\/article28604.ece\">Kronikk i BT, 17. september 2004<\/a><\/li>\n<li><a href=\"http:\/\/colam.org\/faksimiler-sider\/la-lengua-de-cervantes.html\">La Voz de Almer\u00eda, 25. november 2005<\/a><\/li>\n<li><a href=\"http:\/\/colam.org\/faksimiler-sider\/INTERVJU-BA.html\">BA, 17. november 2007<\/a><\/li>\n<li>Entrevista de Radio, RTVE, NRK P2 (m\u00e1s tarde)<\/li>\n<li><a href=\"http:\/\/nyheter.uib.no\/?modus=vis_nyhet&amp;id=43658\">P\u00e5 H\u00f8yden, mayo-2009<\/a><\/li>\n<li><a href=\"http:\/\/nyheter.uib.no\/?modus=vis_nyhet&amp;id=45602\">P\u00e5 H\u00f8yden, Februar 2010<\/a><\/li>\n<\/ul>\n","protected":false},"excerpt":{"rendered":"<p>P\u00e5 H\u00f8yden, 31.01.2003 ABC.es, 12.02.2002 Aftenposten, 26. januar 2002 Kronikk i BT, 17. september 2004 La Voz de Almer\u00eda, 25. november 2005 BA, 17. november 2007 Entrevista de Radio, RTVE, NRK P2 (m\u00e1s tarde) P\u00e5 H\u00f8yden, mayo-2009 P\u00e5 H\u00f8yden, Februar 2010<\/p>\n","protected":false},"author":1,"featured_media":0,"parent":0,"menu_order":0,"comment_status":"closed","ping_status":"closed","template":"","meta":{"jetpack_post_was_ever_published":false,"footnotes":""},"class_list":["post-24","page","type-page","status-publish","hentry"],"jetpack_sharing_enabled":true,"jetpack_shortlink":"https:\/\/wp.me\/P9SACn-o","jetpack_likes_enabled":true,"jetpack-related-posts":[],"_links":{"self":[{"href":"https:\/\/blogg.hiof.no\/colam-esp\/wp-json\/wp\/v2\/pages\/24","targetHints":{"allow":["GET"]}}],"collection":[{"href":"https:\/\/blogg.hiof.no\/colam-esp\/wp-json\/wp\/v2\/pages"}],"about":[{"href":"https:\/\/blogg.hiof.no\/colam-esp\/wp-json\/wp\/v2\/types\/page"}],"author":[{"embeddable":true,"href":"https:\/\/blogg.hiof.no\/colam-esp\/wp-json\/wp\/v2\/users\/1"}],"replies":[{"embeddable":true,"href":"https:\/\/blogg.hiof.no\/colam-esp\/wp-json\/wp\/v2\/comments?post=24"}],"version-history":[{"count":1,"href":"https:\/\/blogg.hiof.no\/colam-esp\/wp-json\/wp\/v2\/pages\/24\/revisions"}],"predecessor-version":[{"id":25,"href":"https:\/\/blogg.hiof.no\/colam-esp\/wp-json\/wp\/v2\/pages\/24\/revisions\/25"}],"wp:attachment":[{"href":"https:\/\/blogg.hiof.no\/colam-esp\/wp-json\/wp\/v2\/media?parent=24"}],"curies":[{"name":"wp","href":"https:\/\/api.w.org\/{rel}","templated":true}]}}