{"id":26,"date":"2018-05-02T16:19:33","date_gmt":"2018-05-02T14:19:33","guid":{"rendered":"https:\/\/blogg.hiof.no\/colam-esp\/?page_id=26"},"modified":"2019-02-07T12:27:45","modified_gmt":"2019-02-07T11:27:45","slug":"investigadores-invitados","status":"publish","type":"page","link":"https:\/\/blogg.hiof.no\/colam-esp\/investigadores-invitados\/","title":{"rendered":"Investigadores invitados"},"content":{"rendered":"<table class=\"member-list\" border=\"0\" width=\"100%\">\n<tbody>\n<tr>\n<td class=\"picture-collumn\"><img data-recalc-dims=\"1\" loading=\"lazy\" decoding=\"async\" width=\"100\" height=\"100\" data-attachment-id=\"96\" data-permalink=\"https:\/\/blogg.hiof.no\/colam-esp\/investigadores-invitados\/f1\/\" data-orig-file=\"https:\/\/i0.wp.com\/blogg.hiof.no\/colam-esp\/files\/2019\/02\/f1.jpg?fit=100%2C100&amp;ssl=1\" data-orig-size=\"100,100\" data-comments-opened=\"0\" data-image-meta=\"{&quot;aperture&quot;:&quot;0&quot;,&quot;credit&quot;:&quot;&quot;,&quot;camera&quot;:&quot;&quot;,&quot;caption&quot;:&quot;&quot;,&quot;created_timestamp&quot;:&quot;0&quot;,&quot;copyright&quot;:&quot;&quot;,&quot;focal_length&quot;:&quot;0&quot;,&quot;iso&quot;:&quot;0&quot;,&quot;shutter_speed&quot;:&quot;0&quot;,&quot;title&quot;:&quot;&quot;,&quot;orientation&quot;:&quot;0&quot;}\" data-image-title=\"f1\" data-image-description=\"\" data-image-caption=\"\" data-medium-file=\"https:\/\/i0.wp.com\/blogg.hiof.no\/colam-esp\/files\/2019\/02\/f1.jpg?fit=100%2C100&amp;ssl=1\" data-large-file=\"https:\/\/i0.wp.com\/blogg.hiof.no\/colam-esp\/files\/2019\/02\/f1.jpg?fit=100%2C100&amp;ssl=1\" class=\"alignnone size-full wp-image-96\" src=\"https:\/\/i0.wp.com\/blogg.hiof.no\/colam-esp\/files\/2019\/02\/f1.jpg?resize=100%2C100&#038;ssl=1\" alt=\"\" \/><\/td>\n<td>Investigadores de otras universidades en el proyecto COLA:<br \/>\nDr. Victor Cantero Garc\u00eda de la\u00a0<a href=\"http:\/\/www.upo.es\/portal\/impe\/web\/portada\">Universidad Pablo de Olavide<\/a>, Sevilla ha realizado una estancia de investigaci\u00f3n con miembros del grupo COLA en el Departamento de Lenguas Extranjeras de de Junio Septiembre del a\u00f1o 2012.<\/td>\n<\/tr>\n<tr>\n<td class=\"picture-collumn\"><img data-recalc-dims=\"1\" loading=\"lazy\" decoding=\"async\" width=\"201\" height=\"300\" data-attachment-id=\"97\" data-permalink=\"https:\/\/blogg.hiof.no\/colam-esp\/investigadores-invitados\/foto-marcos\/\" data-orig-file=\"https:\/\/i0.wp.com\/blogg.hiof.no\/colam-esp\/files\/2019\/02\/Foto-Marcos.jpg?fit=214%2C320&amp;ssl=1\" data-orig-size=\"214,320\" data-comments-opened=\"0\" data-image-meta=\"{&quot;aperture&quot;:&quot;0&quot;,&quot;credit&quot;:&quot;&quot;,&quot;camera&quot;:&quot;&quot;,&quot;caption&quot;:&quot;&quot;,&quot;created_timestamp&quot;:&quot;0&quot;,&quot;copyright&quot;:&quot;&quot;,&quot;focal_length&quot;:&quot;0&quot;,&quot;iso&quot;:&quot;0&quot;,&quot;shutter_speed&quot;:&quot;0&quot;,&quot;title&quot;:&quot;&quot;,&quot;orientation&quot;:&quot;1&quot;}\" data-image-title=\"Foto-Marcos\" data-image-description=\"\" data-image-caption=\"\" data-medium-file=\"https:\/\/i0.wp.com\/blogg.hiof.no\/colam-esp\/files\/2019\/02\/Foto-Marcos.jpg?fit=201%2C300&amp;ssl=1\" data-large-file=\"https:\/\/i0.wp.com\/blogg.hiof.no\/colam-esp\/files\/2019\/02\/Foto-Marcos.jpg?fit=214%2C320&amp;ssl=1\" class=\"alignnone size-medium wp-image-97\" src=\"https:\/\/i0.wp.com\/blogg.hiof.no\/colam-esp\/files\/2019\/02\/Foto-Marcos.jpg?resize=201%2C300&#038;ssl=1\" alt=\"\" srcset=\"https:\/\/i0.wp.com\/blogg.hiof.no\/colam-esp\/files\/2019\/02\/Foto-Marcos.jpg?resize=201%2C300&amp;ssl=1 201w, https:\/\/i0.wp.com\/blogg.hiof.no\/colam-esp\/files\/2019\/02\/Foto-Marcos.jpg?w=214&amp;ssl=1 214w\" sizes=\"auto, (max-width: 201px) 85vw, 201px\" \/><\/td>\n<td>Marcos Garc\u00eda de La Facultad de Filoloxia, Universidad de\u00a0<a href=\"http:\/\/www.usc.es\/\">Santiago de Compostela<\/a>\u00a0pas\u00f3 tres meses en Departamento de Lenguas Extranjeras Institutt for Fremmedspr\u00e5k, en oto\u00f1o del 2009 para analizar diferentes variantes de lenguaje oral.<\/td>\n<\/tr>\n<tr>\n<td class=\"picture-collumn\"><img data-recalc-dims=\"1\" loading=\"lazy\" decoding=\"async\" width=\"135\" height=\"132\" data-attachment-id=\"99\" data-permalink=\"https:\/\/blogg.hiof.no\/colam-esp\/investigadores-invitados\/juan-manuel-perez-sanchez\/\" data-orig-file=\"https:\/\/i0.wp.com\/blogg.hiof.no\/colam-esp\/files\/2019\/02\/Juan-Manuel-Perez-Sanchez.jpg?fit=135%2C132&amp;ssl=1\" data-orig-size=\"135,132\" data-comments-opened=\"0\" data-image-meta=\"{&quot;aperture&quot;:&quot;4&quot;,&quot;credit&quot;:&quot;&quot;,&quot;camera&quot;:&quot;Canon PowerShot S90&quot;,&quot;caption&quot;:&quot;&quot;,&quot;created_timestamp&quot;:&quot;1259351388&quot;,&quot;copyright&quot;:&quot;&quot;,&quot;focal_length&quot;:&quot;14.976&quot;,&quot;iso&quot;:&quot;800&quot;,&quot;shutter_speed&quot;:&quot;0.005&quot;,&quot;title&quot;:&quot;&quot;,&quot;orientation&quot;:&quot;1&quot;}\" data-image-title=\"Juan Manuel Perez Sanchez\" data-image-description=\"\" data-image-caption=\"\" data-medium-file=\"https:\/\/i0.wp.com\/blogg.hiof.no\/colam-esp\/files\/2019\/02\/Juan-Manuel-Perez-Sanchez.jpg?fit=135%2C132&amp;ssl=1\" data-large-file=\"https:\/\/i0.wp.com\/blogg.hiof.no\/colam-esp\/files\/2019\/02\/Juan-Manuel-Perez-Sanchez.jpg?fit=135%2C132&amp;ssl=1\" class=\"alignnone size-full wp-image-99\" src=\"https:\/\/i0.wp.com\/blogg.hiof.no\/colam-esp\/files\/2019\/02\/Juan-Manuel-Perez-Sanchez.jpg?resize=135%2C132&#038;ssl=1\" alt=\"\" \/><\/td>\n<td>Juan Manuel P\u00e9rez Sanchez de la Universidad\u00a0<a href=\"http:\/\/www.upf.edu\/\">Pompeu Fabra<\/a>, Barcelona est\u00e1 haciendo una tesis sobre el lenguaje juvenil de Medell\u00edn, el Parlache. Ha estado tres meses en el Departamento de Lenguas Extranjeras &#8211;<a href=\"http:\/\/www.uib.no\/filearchive\/ifnytt_nr4-2_10.pdf\">Institutt for Fremmedspr\u00e5k<\/a>&#8211; de la UiB para hacer uso de los corpus COLT y COLA durante el verano del 2010<\/td>\n<\/tr>\n<tr>\n<td class=\"picture-collumn\"><img data-recalc-dims=\"1\" loading=\"lazy\" decoding=\"async\" width=\"266\" height=\"300\" data-attachment-id=\"98\" data-permalink=\"https:\/\/blogg.hiof.no\/colam-esp\/investigadores-invitados\/io2\/\" data-orig-file=\"https:\/\/i0.wp.com\/blogg.hiof.no\/colam-esp\/files\/2019\/02\/IO2.jpg?fit=480%2C541&amp;ssl=1\" data-orig-size=\"480,541\" data-comments-opened=\"0\" data-image-meta=\"{&quot;aperture&quot;:&quot;2.8&quot;,&quot;credit&quot;:&quot;&quot;,&quot;camera&quot;:&quot;iPhone 3G&quot;,&quot;caption&quot;:&quot;&quot;,&quot;created_timestamp&quot;:&quot;1309716856&quot;,&quot;copyright&quot;:&quot;&quot;,&quot;focal_length&quot;:&quot;0&quot;,&quot;iso&quot;:&quot;0&quot;,&quot;shutter_speed&quot;:&quot;0&quot;,&quot;title&quot;:&quot;&quot;,&quot;orientation&quot;:&quot;1&quot;}\" data-image-title=\"IO(2)\" data-image-description=\"\" data-image-caption=\"\" data-medium-file=\"https:\/\/i0.wp.com\/blogg.hiof.no\/colam-esp\/files\/2019\/02\/IO2.jpg?fit=266%2C300&amp;ssl=1\" data-large-file=\"https:\/\/i0.wp.com\/blogg.hiof.no\/colam-esp\/files\/2019\/02\/IO2.jpg?fit=480%2C541&amp;ssl=1\" class=\"alignnone size-medium wp-image-98\" src=\"https:\/\/i0.wp.com\/blogg.hiof.no\/colam-esp\/files\/2019\/02\/IO2.jpg?resize=266%2C300&#038;ssl=1\" alt=\"\" srcset=\"https:\/\/i0.wp.com\/blogg.hiof.no\/colam-esp\/files\/2019\/02\/IO2.jpg?resize=266%2C300&amp;ssl=1 266w, https:\/\/i0.wp.com\/blogg.hiof.no\/colam-esp\/files\/2019\/02\/IO2.jpg?w=480&amp;ssl=1 480w\" sizes=\"auto, (max-width: 266px) 85vw, 266px\" \/><\/td>\n<td>Ines Olza de la\u00a0<a href=\"http:\/\/www.unav.es\/\">Universidad de Navarra<\/a>, Pamplona trabaja con unidades fraseo\u00f3gicas y ha tendio una estancia de un mes en el Departamento de Lenguas Extranjeras de la UiB para trabajar con los participantes del grupo COLA en setienbre del 2011<\/td>\n<\/tr>\n<tr>\n<td class=\"picture-collumn\"><img data-recalc-dims=\"1\" loading=\"lazy\" decoding=\"async\" width=\"92\" height=\"122\" data-attachment-id=\"100\" data-permalink=\"https:\/\/blogg.hiof.no\/colam-esp\/investigadores-invitados\/olga-sf\/\" data-orig-file=\"https:\/\/i0.wp.com\/blogg.hiof.no\/colam-esp\/files\/2019\/02\/Olga-SF.jpg?fit=92%2C122&amp;ssl=1\" data-orig-size=\"92,122\" data-comments-opened=\"0\" data-image-meta=\"{&quot;aperture&quot;:&quot;0&quot;,&quot;credit&quot;:&quot;&quot;,&quot;camera&quot;:&quot;&quot;,&quot;caption&quot;:&quot;&quot;,&quot;created_timestamp&quot;:&quot;0&quot;,&quot;copyright&quot;:&quot;&quot;,&quot;focal_length&quot;:&quot;0&quot;,&quot;iso&quot;:&quot;0&quot;,&quot;shutter_speed&quot;:&quot;0&quot;,&quot;title&quot;:&quot;&quot;,&quot;orientation&quot;:&quot;1&quot;}\" data-image-title=\"Olga SF\" data-image-description=\"\" data-image-caption=\"\" data-medium-file=\"https:\/\/i0.wp.com\/blogg.hiof.no\/colam-esp\/files\/2019\/02\/Olga-SF.jpg?fit=92%2C122&amp;ssl=1\" data-large-file=\"https:\/\/i0.wp.com\/blogg.hiof.no\/colam-esp\/files\/2019\/02\/Olga-SF.jpg?fit=92%2C122&amp;ssl=1\" class=\"alignnone size-full wp-image-100\" src=\"https:\/\/i0.wp.com\/blogg.hiof.no\/colam-esp\/files\/2019\/02\/Olga-SF.jpg?resize=92%2C122&#038;ssl=1\" alt=\"\" \/><\/td>\n<td>Olga San-F\u00e9lix de la\u00a0<a href=\"http:\/\/www.ucm.es\/\">Universidad Complutense<\/a>\u00a0de<br \/>\nMadrid tuvo una instancia de investigaci\u00f3n en el proyecto COLA, Departamento de Rom\u00e1nicas, Espa\u00f1ol y Estudios Latinoamericanos durante el a\u00f1o acad\u00e9mico 2002-2003.<\/td>\n<\/tr>\n<\/tbody>\n<\/table>\n","protected":false},"excerpt":{"rendered":"<p>Investigadores de otras universidades en el proyecto COLA: Dr. Victor Cantero Garc\u00eda de la\u00a0Universidad Pablo de Olavide, Sevilla ha realizado una estancia de investigaci\u00f3n con miembros del grupo COLA en el Departamento de Lenguas Extranjeras de de Junio Septiembre del a\u00f1o 2012. Marcos Garc\u00eda de La Facultad de Filoloxia, Universidad de\u00a0Santiago de Compostela\u00a0pas\u00f3 tres meses &hellip; <a href=\"https:\/\/blogg.hiof.no\/colam-esp\/investigadores-invitados\/\" class=\"more-link\">Fortsett \u00e5 lese<span class=\"screen-reader-text\"> \u00abInvestigadores invitados\u00bb<\/span><\/a><\/p>\n","protected":false},"author":1,"featured_media":0,"parent":0,"menu_order":0,"comment_status":"closed","ping_status":"closed","template":"","meta":{"jetpack_post_was_ever_published":false,"footnotes":""},"class_list":["post-26","page","type-page","status-publish","hentry"],"jetpack_sharing_enabled":true,"jetpack_shortlink":"https:\/\/wp.me\/P9SACn-q","jetpack_likes_enabled":true,"jetpack-related-posts":[],"_links":{"self":[{"href":"https:\/\/blogg.hiof.no\/colam-esp\/wp-json\/wp\/v2\/pages\/26","targetHints":{"allow":["GET"]}}],"collection":[{"href":"https:\/\/blogg.hiof.no\/colam-esp\/wp-json\/wp\/v2\/pages"}],"about":[{"href":"https:\/\/blogg.hiof.no\/colam-esp\/wp-json\/wp\/v2\/types\/page"}],"author":[{"embeddable":true,"href":"https:\/\/blogg.hiof.no\/colam-esp\/wp-json\/wp\/v2\/users\/1"}],"replies":[{"embeddable":true,"href":"https:\/\/blogg.hiof.no\/colam-esp\/wp-json\/wp\/v2\/comments?post=26"}],"version-history":[{"count":12,"href":"https:\/\/blogg.hiof.no\/colam-esp\/wp-json\/wp\/v2\/pages\/26\/revisions"}],"predecessor-version":[{"id":104,"href":"https:\/\/blogg.hiof.no\/colam-esp\/wp-json\/wp\/v2\/pages\/26\/revisions\/104"}],"wp:attachment":[{"href":"https:\/\/blogg.hiof.no\/colam-esp\/wp-json\/wp\/v2\/media?parent=26"}],"curies":[{"name":"wp","href":"https:\/\/api.w.org\/{rel}","templated":true}]}}