{"id":19,"date":"2018-05-02T15:57:15","date_gmt":"2018-05-02T13:57:15","guid":{"rendered":"https:\/\/blogg.hiof.no\/colam\/?page_id=19"},"modified":"2022-02-22T19:15:26","modified_gmt":"2022-02-22T18:15:26","slug":"tilgang-til-cola-korpuset","status":"publish","type":"page","link":"https:\/\/blogg.hiof.no\/colam\/tilgang-til-cola-korpuset\/","title":{"rendered":"Tilgang til COLA-korpuset"},"content":{"rendered":"<h2>Tekst og lyd av transkripsjoner<\/h2>\n<p>Tilgang til korpuset (brukernavn og passord) f\u00e5s ved \u00e5 s\u00f8ke, Klikk:\u00a0 <a href=\"http:\/\/gandalf.aksis.uib.no\/cola\/adgang\/\">\u00a0&laquo;Tilgang til korpuset<\/a>&laquo;.<br \/>\nDet er mulig \u00e5 s\u00f8ke p\u00e5 ord, antall ord, sosiale klasser, etc.<\/p>\n<p><a href=\"http:\/\/clu.uni.no\/humfak\/cola\/\" target=\"_blank\" rel=\"noopener\"><img data-recalc-dims=\"1\" loading=\"lazy\" decoding=\"async\" class=\"alignleft\" src=\"https:\/\/i0.wp.com\/colam.org\/grafikk\/spanskflagg.gif?resize=10%2C10\" width=\"10\" height=\"10\" border=\"0\" \/> Madrid-korpuset (COLAm)<\/a><\/p>\n<p><a href=\"http:\/\/clu.uni.no\/humfak\/cola\/s\/\" target=\"_blank\" rel=\"noopener\"><img data-recalc-dims=\"1\" loading=\"lazy\" decoding=\"async\" class=\"alignleft\" src=\"https:\/\/i0.wp.com\/colam.org\/grafikk\/chileflag.jpg?resize=10%2C10\" width=\"10\" height=\"10\" border=\"0\" \/> Santiago de Chile-korpuset (COLAs)<\/a><\/p>\n<p><a href=\"http:\/\/clu.uni.no\/humfak\/cola\/s\/\"><img data-recalc-dims=\"1\" loading=\"lazy\" decoding=\"async\" class=\"alignleft\" src=\"https:\/\/i0.wp.com\/colam.org\/grafikk\/argentinaflagg.gif?resize=10%2C10\" width=\"10\" height=\"10\" border=\"0\" \/> Buenos Aires-korpuset (COLAba)<\/a><\/p>\n<h2>Om transkripsjonene<\/h2>\n<p><strong>Talespr\u00e5ket<\/strong> er spilt inn p\u00e5 SONY (MZ-N10) minidisker (2002-2004). Dernest ble lydfilene lagt over p\u00e5 CD for \u00e5 bli transkribert i programmet <a href=\"http:\/\/trans.sourceforge.net\/en\/presentation.php\" target=\"_blank\" rel=\"noopener\">Transcriber<\/a>. I senere tid er\u00a0<a href=\"http:\/\/www.olympus.no\/consumer\/2581_digital-recorder_ds-2800_23358.htm\">(2007) Olympus mp3-spillere<\/a>\u00a0brukt. I COLA-prosjektet f\u00f8lges <a href=\"http:\/\/www.tei-c.org\/\" target=\"_blank\" rel=\"noopener\">TEI<\/a>s (Text Encoding Iniciative) anbefalinger for transkripsjon.<\/p>\n<p>Transkripsjonene er ortografiske og har f\u00e5 transkripsjonstegn. Det er meningen at man skal h\u00f8re p\u00e5 lydfilen samtidig som man leser transkripsjonen. Transkripsjonene er lagt ut p\u00e5 nettet, koblet til lyd<\/p>\n<h2>Transkripsjonstegn:<\/h2>\n<p><strong>[ ]<\/strong> &#8211; Overlapping<br \/>\n<strong>XXX<\/strong> &#8211; Uklar tale<br \/>\n<strong>%<\/strong> &#8211; avbrutt ord<br \/>\n<strong>\/ <\/strong>&#8211; Stigende tonefall<br \/>\n<strong>\\<\/strong> &#8211; Synkende tonefall<br \/>\n<strong>.<\/strong> &#8211; ett (1) sekunds pause<br \/>\n<strong>..<\/strong> &#8211; to (2) sekunders pause<br \/>\n<strong>&#8230;<\/strong> &#8211; tre (3) sekunders pause<\/p>\n<p>Cola korpuset er transkribert med ortografisk transkripsjon. Det er ikke satt inn \u00a0komma eller punktum, da dette regnes som en tolkning av teksten.<\/p>\n<h2>Klassifisering av sosiale lag<\/h2>\n<p>Klassifisering av sosiale lag baserer seg p\u00e5 kriterier beskrevet i Blas Arroyo (2005: 210-220) og Trudgill (2000: 24-26).<\/p>\n<table width=\"100%\" cellspacing=\"1\" cellpadding=\"2\">\n<tbody>\n<tr>\n<td style=\"text-align: center\" colspan=\"3\"><span class=\"style2 style3\"><strong>Skoler i Madrid <\/strong><\/span><\/td>\n<\/tr>\n<tr>\n<td bgcolor=\"#FFFFFF\"><strong>Lavere klasser<\/strong><\/td>\n<td bgcolor=\"#FFFFFF\"><strong>Middelklasser<\/strong><\/td>\n<td bgcolor=\"#FFFFFF\"><strong>H\u00f8yere klasser<\/strong><\/td>\n<\/tr>\n<tr>\n<td bgcolor=\"#FFFFFF\">mabp<strong>e<\/strong><\/td>\n<td bgcolor=\"#FFFFFF\">malc<strong>e<\/strong>, malc<strong>b<\/strong><\/td>\n<td bgcolor=\"#FFFFFF\">maor<strong>e<\/strong><\/td>\n<\/tr>\n<tr>\n<td bgcolor=\"#FFFFFF\">malc<strong>c<\/strong><\/td>\n<td bgcolor=\"#FFFFFF\">mamt<strong>e<\/strong><\/td>\n<td bgcolor=\"#FFFFFF\">maes<strong>b<\/strong><\/td>\n<\/tr>\n<tr>\n<td bgcolor=\"#FFFFFF\"><\/td>\n<td bgcolor=\"#FFFFFF\">[masj<strong>e<\/strong>]<\/td>\n<td bgcolor=\"#FFFFFF\">mash<strong>e<\/strong><\/td>\n<\/tr>\n<\/tbody>\n<\/table>\n<table width=\"100%\" cellspacing=\"1\" cellpadding=\"2\">\n<tbody>\n<tr>\n<td style=\"text-align: center\" colspan=\"3\"><strong>Skoler i Buenos Aires<\/strong><\/td>\n<\/tr>\n<tr>\n<td bgcolor=\"#FFFFFF\"><strong>Lavere klasser<\/strong><\/td>\n<td bgcolor=\"#FFFFFF\"><strong>Middelklasser<\/strong><\/td>\n<td bgcolor=\"#FFFFFF\"><strong>H\u00f8yere klasser<\/strong><\/td>\n<\/tr>\n<tr>\n<td bgcolor=\"#FFFFFF\">BABC<\/td>\n<td bgcolor=\"#FFFFFF\">BABS<\/td>\n<td bgcolor=\"#FFFFFF\">BABA<\/td>\n<\/tr>\n<tr>\n<td bgcolor=\"#FFFFFF\">BANA11<\/td>\n<td bgcolor=\"#FFFFFF\"><\/td>\n<td bgcolor=\"#FFFFFF\"><\/td>\n<\/tr>\n<\/tbody>\n<\/table>\n<table width=\"100%\" cellspacing=\"1\" cellpadding=\"2\">\n<tbody>\n<tr>\n<td style=\"text-align: center\" colspan=\"3\"><span class=\"style2 style3\"><strong>Skoler i Santiago de Chile<\/strong><\/span><\/td>\n<\/tr>\n<tr>\n<td bgcolor=\"#FFFFFF\"><strong>Lavere klasser<\/strong><\/td>\n<td bgcolor=\"#FFFFFF\"><strong>Middelklasser<\/strong><\/td>\n<td bgcolor=\"#FFFFFF\"><strong>H\u00f8yere klasser<\/strong><\/td>\n<\/tr>\n<tr>\n<td bgcolor=\"#FFFFFF\">Scerb8<\/td>\n<td bgcolor=\"#FFFFFF\">Sceab8<\/td>\n<td bgcolor=\"#FFFFFF\">Scacb8<\/td>\n<\/tr>\n<tr>\n<td bgcolor=\"#FFFFFF\">Scccm4<\/td>\n<td bgcolor=\"#FFFFFF\">Scfab8<\/td>\n<td bgcolor=\"#FFFFFF\">Scfob8<\/td>\n<\/tr>\n<tr>\n<td bgcolor=\"#FFFFFF\"><\/td>\n<td bgcolor=\"#FFFFFF\">Scawm4<\/td>\n<td bgcolor=\"#FFFFFF\">Scncm3<\/td>\n<\/tr>\n<tr>\n<td bgcolor=\"#FFFFFF\"><\/td>\n<td bgcolor=\"#FFFFFF\">Sccpm4<\/td>\n<td bgcolor=\"#FFFFFF\">Scpvm3<\/td>\n<\/tr>\n<\/tbody>\n<\/table>\n<h2>Hele samtaler<\/h2>\n<p>Hele samtaler fra Madrid ligger p\u00e5 <a href=\"http:\/\/gandalf.aksis.uib.no\/cola\/lyd-anon\/\">denne linken<\/a><\/p>\n<ul>\n<li>De endelige transkripsjonene av materialet fra Buenos Aires (COLAba)<br \/>\nkommer ca. april 2020<\/li>\n<li>Transkripsjon av materialet fra Managua, Honduras (COLAman) beregnes v\u00e6re klar i 2020<\/li>\n<\/ul>\n<h4>Om COLA-korpuset<\/h4>\n<ul>\n<li class=\"storlinjeavstand\"><strong><a href=\"https:\/\/blogg.hiof.no\/colam-esp\/files\/2019\/02\/COLA-corpus-land.docx\">Korpuset brukes i f\u00f8lgende land<\/a><\/strong><\/li>\n<li class=\"storlinjeavstand\"><a href=\"https:\/\/blogg.hiof.no\/colam\/publikasjoner-2\/\">COLA korpuset er brukt i PUBLIKASJONER<\/a><\/li>\n<li class=\"storlinjeavstand\"><a href=\"https:\/\/blogg.hiof.no\/colam-esp\/files\/2019\/02\/COLA-korp-OppG.pdf\">COLA korpuset er brukt i OPPGAVER<\/a><\/li>\n<\/ul>\n<h4>Innspillingsskjema<\/h4>\n<ul>\n<li class=\"storlinjeavstand\"><a href=\"https:\/\/blogg.hiof.no\/colam-esp\/files\/2019\/02\/2-Permiso-BA.pdf\">Innspillingstillatelse<\/a><\/li>\n<li class=\"storlinjeavstand\"><a href=\"https:\/\/blogg.hiof.no\/colam-esp\/files\/2019\/02\/LOG-recluta-BA.pdf\">Personinformasjon<\/a><\/li>\n<li class=\"storlinjeavstand\"><a href=\"https:\/\/blogg.hiof.no\/colam-esp\/files\/2019\/02\/6-Avtale-mp3-BA.doc\">L\u00e5n av mp3-minidisk<\/a><\/li>\n<\/ul>\n","protected":false},"excerpt":{"rendered":"<p>Tekst og lyd av transkripsjoner Tilgang til korpuset (brukernavn og passord) f\u00e5s ved \u00e5 s\u00f8ke, Klikk:\u00a0 \u00a0&laquo;Tilgang til korpuset&laquo;. Det er mulig \u00e5 s\u00f8ke p\u00e5 ord, antall ord, sosiale klasser, etc. Madrid-korpuset (COLAm) Santiago de Chile-korpuset (COLAs) Buenos Aires-korpuset (COLAba) Om transkripsjonene Talespr\u00e5ket er spilt inn p\u00e5 SONY (MZ-N10) minidisker (2002-2004). Dernest ble lydfilene lagt &hellip; <a href=\"https:\/\/blogg.hiof.no\/colam\/tilgang-til-cola-korpuset\/\" class=\"more-link\">Fortsett \u00e5 lese<span class=\"screen-reader-text\"> \u00abTilgang til COLA-korpuset\u00bb<\/span><\/a><\/p>\n","protected":false},"author":1,"featured_media":0,"parent":0,"menu_order":0,"comment_status":"closed","ping_status":"closed","template":"","meta":{"jetpack_post_was_ever_published":false,"footnotes":""},"class_list":["post-19","page","type-page","status-publish","hentry"],"jetpack_sharing_enabled":true,"jetpack_shortlink":"https:\/\/wp.me\/P9SAbz-j","jetpack_likes_enabled":true,"jetpack-related-posts":[],"_links":{"self":[{"href":"https:\/\/blogg.hiof.no\/colam\/wp-json\/wp\/v2\/pages\/19","targetHints":{"allow":["GET"]}}],"collection":[{"href":"https:\/\/blogg.hiof.no\/colam\/wp-json\/wp\/v2\/pages"}],"about":[{"href":"https:\/\/blogg.hiof.no\/colam\/wp-json\/wp\/v2\/types\/page"}],"author":[{"embeddable":true,"href":"https:\/\/blogg.hiof.no\/colam\/wp-json\/wp\/v2\/users\/1"}],"replies":[{"embeddable":true,"href":"https:\/\/blogg.hiof.no\/colam\/wp-json\/wp\/v2\/comments?post=19"}],"version-history":[{"count":33,"href":"https:\/\/blogg.hiof.no\/colam\/wp-json\/wp\/v2\/pages\/19\/revisions"}],"predecessor-version":[{"id":542,"href":"https:\/\/blogg.hiof.no\/colam\/wp-json\/wp\/v2\/pages\/19\/revisions\/542"}],"wp:attachment":[{"href":"https:\/\/blogg.hiof.no\/colam\/wp-json\/wp\/v2\/media?parent=19"}],"curies":[{"name":"wp","href":"https:\/\/api.w.org\/{rel}","templated":true}]}}