{"id":21,"date":"2018-05-02T15:58:13","date_gmt":"2018-05-02T13:58:13","guid":{"rendered":"https:\/\/blogg.hiof.no\/colam\/?page_id=21"},"modified":"2022-02-22T19:18:52","modified_gmt":"2022-02-22T18:18:52","slug":"medlemmer","status":"publish","type":"page","link":"https:\/\/blogg.hiof.no\/colam\/medlemmer\/","title":{"rendered":"Medlemmer"},"content":{"rendered":"<p>&nbsp;<\/p>\n<table class=\"member-list\">\n<tbody>\n<tr>\n<td class=\"picture-collumn\"><img data-recalc-dims=\"1\" loading=\"lazy\" decoding=\"async\" data-attachment-id=\"151\" data-permalink=\"https:\/\/blogg.hiof.no\/colam\/medlemmer\/annette-m-jorgensen\/\" data-orig-file=\"https:\/\/i0.wp.com\/blogg.hiof.no\/colam\/files\/2019\/02\/annette-m-jorgensen.jpg?fit=97%2C143&amp;ssl=1\" data-orig-size=\"97,143\" data-comments-opened=\"0\" data-image-meta=\"{&quot;aperture&quot;:&quot;4&quot;,&quot;credit&quot;:&quot;&quot;,&quot;camera&quot;:&quot;Canon PowerShot S90&quot;,&quot;caption&quot;:&quot;&quot;,&quot;created_timestamp&quot;:&quot;1260474530&quot;,&quot;copyright&quot;:&quot;&quot;,&quot;focal_length&quot;:&quot;14.976&quot;,&quot;iso&quot;:&quot;800&quot;,&quot;shutter_speed&quot;:&quot;0.016666666666667&quot;,&quot;title&quot;:&quot;&quot;,&quot;orientation&quot;:&quot;1&quot;}\" data-image-title=\"annette-m-jorgensen\" data-image-description=\"\" data-image-caption=\"\" data-medium-file=\"https:\/\/i0.wp.com\/blogg.hiof.no\/colam\/files\/2019\/02\/annette-m-jorgensen.jpg?fit=97%2C143&amp;ssl=1\" data-large-file=\"https:\/\/i0.wp.com\/blogg.hiof.no\/colam\/files\/2019\/02\/annette-m-jorgensen.jpg?fit=97%2C143&amp;ssl=1\" class=\"alignnone wp-image-151\" src=\"https:\/\/i0.wp.com\/blogg.hiof.no\/colam\/files\/2019\/02\/annette-m-jorgensen.jpg?resize=102%2C150&#038;ssl=1\" alt=\"\" width=\"102\" height=\"150\" \/><\/td>\n<td class=\"litentekst\"><strong>Prosjektleder<\/strong><\/p>\n<p><strong>Navn:<\/strong> Annette Myre J\u00f8rgensen<br \/>\n<strong>Stilling:<\/strong> Professor. H\u00f8gskolen i \u00d8stfold<br \/>\n<strong>Kontoradresse:<\/strong> BRA veien 4, 1757 Halden<br \/>\n<strong>Poststed:<\/strong> Postboks 700, 1757 Halden<br \/>\n<strong>Telefon:<\/strong><strong>E-post:<\/strong> ammj@hiof.no<br \/>\n<a href=\"https:\/\/scholar.google.no\/citations?user=nA-BDnQAAAAJ&amp;hl=en\"><span style=\"font-family: inherit\">Mer informasjon<\/span><\/a><\/td>\n<\/tr>\n<tr>\n<td class=\"picture-collumn\"><img data-recalc-dims=\"1\" loading=\"lazy\" decoding=\"async\" data-attachment-id=\"149\" data-permalink=\"https:\/\/blogg.hiof.no\/colam\/medlemmer\/a-b-ines-ipra\/\" data-orig-file=\"https:\/\/i0.wp.com\/blogg.hiof.no\/colam\/files\/2019\/02\/A-B-Ines-IPRA.jpg?fit=320%2C240&amp;ssl=1\" data-orig-size=\"320,240\" data-comments-opened=\"0\" data-image-meta=\"{&quot;aperture&quot;:&quot;2.8&quot;,&quot;credit&quot;:&quot;&quot;,&quot;camera&quot;:&quot;iPhone 3G&quot;,&quot;caption&quot;:&quot;&quot;,&quot;created_timestamp&quot;:&quot;1309716856&quot;,&quot;copyright&quot;:&quot;&quot;,&quot;focal_length&quot;:&quot;0&quot;,&quot;iso&quot;:&quot;0&quot;,&quot;shutter_speed&quot;:&quot;0&quot;,&quot;title&quot;:&quot;&quot;,&quot;orientation&quot;:&quot;1&quot;}\" data-image-title=\"A-B-Ines-IPRA\" data-image-description=\"\" data-image-caption=\"\" data-medium-file=\"https:\/\/i0.wp.com\/blogg.hiof.no\/colam\/files\/2019\/02\/A-B-Ines-IPRA.jpg?fit=300%2C225&amp;ssl=1\" data-large-file=\"https:\/\/i0.wp.com\/blogg.hiof.no\/colam\/files\/2019\/02\/A-B-Ines-IPRA.jpg?fit=320%2C240&amp;ssl=1\" class=\"alignnone size-medium wp-image-149\" src=\"https:\/\/i0.wp.com\/blogg.hiof.no\/colam\/files\/2019\/02\/A-B-Ines-IPRA.jpg?resize=300%2C225&#038;ssl=1\" alt=\"\" width=\"300\" height=\"225\" srcset=\"https:\/\/i0.wp.com\/blogg.hiof.no\/colam\/files\/2019\/02\/A-B-Ines-IPRA.jpg?resize=300%2C225&amp;ssl=1 300w, https:\/\/i0.wp.com\/blogg.hiof.no\/colam\/files\/2019\/02\/A-B-Ines-IPRA.jpg?w=320&amp;ssl=1 320w\" sizes=\"auto, (max-width: 300px) 85vw, 300px\" \/><\/td>\n<td class=\"litentekst\"><strong>Navn:<\/strong> Anna-Brita Stenstr\u00f6m<br \/>\n<strong>Stilling:<\/strong> Professor Emerita<br \/>\n<strong>Institutt:<\/strong> Institutt for Fremmedspr\u00e5k<br \/>\n<strong>Kontoradresse:<\/strong> Nedanv\u00e4gen 7<br \/>\n<strong>Poststed:<\/strong> 29135 Kristianstad, Sverige<br \/>\n<strong>E-post: <\/strong><a href=\"mailto:ab.stenstrom@telia.com\">ab.stenstrom@telia.com<\/a><br \/>\n<a href=\"https:\/\/blogg.hiof.no\/colam\/files\/2019\/02\/Anna-Brita-Stenstrom-cv.pdf\">Mer informasjon<\/a><\/td>\n<\/tr>\n<tr>\n<td class=\"picture-collumn\"><img data-recalc-dims=\"1\" loading=\"lazy\" decoding=\"async\" data-attachment-id=\"156\" data-permalink=\"https:\/\/blogg.hiof.no\/colam\/medlemmer\/martinez1\/\" data-orig-file=\"https:\/\/i0.wp.com\/blogg.hiof.no\/colam\/files\/2019\/02\/martinez1.jpg?fit=134%2C180&amp;ssl=1\" data-orig-size=\"134,180\" data-comments-opened=\"0\" data-image-meta=\"{&quot;aperture&quot;:&quot;0&quot;,&quot;credit&quot;:&quot;&quot;,&quot;camera&quot;:&quot;&quot;,&quot;caption&quot;:&quot;&quot;,&quot;created_timestamp&quot;:&quot;0&quot;,&quot;copyright&quot;:&quot;&quot;,&quot;focal_length&quot;:&quot;0&quot;,&quot;iso&quot;:&quot;0&quot;,&quot;shutter_speed&quot;:&quot;0&quot;,&quot;title&quot;:&quot;&quot;,&quot;orientation&quot;:&quot;0&quot;}\" data-image-title=\"martinez1\" data-image-description=\"\" data-image-caption=\"\" data-medium-file=\"https:\/\/i0.wp.com\/blogg.hiof.no\/colam\/files\/2019\/02\/martinez1.jpg?fit=134%2C180&amp;ssl=1\" data-large-file=\"https:\/\/i0.wp.com\/blogg.hiof.no\/colam\/files\/2019\/02\/martinez1.jpg?fit=134%2C180&amp;ssl=1\" class=\"alignnone size-full wp-image-156\" src=\"https:\/\/i0.wp.com\/blogg.hiof.no\/colam\/files\/2019\/02\/martinez1.jpg?resize=134%2C180&#038;ssl=1\" alt=\"\" width=\"134\" height=\"180\" \/><\/td>\n<td class=\"litentekst\"><strong>Navn:<\/strong> Juan Antonio Mart\u00ednez L\u00f3pez<br \/>\n<strong>Stilling:<\/strong> Professor<br \/>\n<strong>Institutt:<\/strong> <a href=\"https:\/\/www.upo.es\/fitr\/contenido?pag=\/portal\/upo\/profesores\/jamarlop\/profesor\">Universidad Pablo Olavide, Sevilla<\/a><br \/>\n<strong>Kontoradresse:<\/strong> Carretera de Utrera Km. 1<br \/>\n<strong>Poststed:<\/strong> 41013 Sevilla<br \/>\n<strong>Telefon:<\/strong> (+34) 954977629<br \/>\n<strong>Mobil:<\/strong> (+34) 629910691<br \/>\n<strong>E-post: <\/strong>jamarlop@upo.es<br \/>\n<a href=\"https:\/\/blogg.hiof.no\/colam\/files\/2019\/02\/Juan-Martinez-norsk-CV.pdf\">Mer informasjon<\/a><\/td>\n<\/tr>\n<tr>\n<td class=\"picture-collumn\"><img data-recalc-dims=\"1\" loading=\"lazy\" decoding=\"async\" data-attachment-id=\"153\" data-permalink=\"https:\/\/blogg.hiof.no\/colam\/medlemmer\/elidd\/\" data-orig-file=\"https:\/\/i0.wp.com\/blogg.hiof.no\/colam\/files\/2019\/02\/EliDD.jpg?fit=189%2C233&amp;ssl=1\" data-orig-size=\"189,233\" data-comments-opened=\"0\" data-image-meta=\"{&quot;aperture&quot;:&quot;5&quot;,&quot;credit&quot;:&quot;&quot;,&quot;camera&quot;:&quot;NIKON D70&quot;,&quot;caption&quot;:&quot;&quot;,&quot;created_timestamp&quot;:&quot;1302009970&quot;,&quot;copyright&quot;:&quot;&quot;,&quot;focal_length&quot;:&quot;48&quot;,&quot;iso&quot;:&quot;200&quot;,&quot;shutter_speed&quot;:&quot;0.025&quot;,&quot;title&quot;:&quot;&quot;,&quot;orientation&quot;:&quot;1&quot;}\" data-image-title=\"EliDD\" data-image-description=\"\" data-image-caption=\"\" data-medium-file=\"https:\/\/i0.wp.com\/blogg.hiof.no\/colam\/files\/2019\/02\/EliDD.jpg?fit=189%2C233&amp;ssl=1\" data-large-file=\"https:\/\/i0.wp.com\/blogg.hiof.no\/colam\/files\/2019\/02\/EliDD.jpg?fit=189%2C233&amp;ssl=1\" class=\"alignnone size-thumbnail wp-image-153\" src=\"https:\/\/i0.wp.com\/blogg.hiof.no\/colam\/files\/2019\/02\/EliDD.jpg?resize=150%2C150&#038;ssl=1\" alt=\"\" width=\"150\" height=\"150\" \/><\/td>\n<td class=\"litentekst\"><strong>Navn:<\/strong> <a href=\"http:\/\/www.uia.no\/kk\/tlf?avd=24&amp;search=Drange\">Eli Marie Drange<\/a><br \/>\n<strong>Stilling:<\/strong> Ph.D., F\u00f8rsteamanuensis<br \/>\n<strong>Institutt:<\/strong> <a href=\"http:\/\/www.uia.no\/om-uia\/fakultet\/fakultet-for-humaniora-og-pedagogikk\/institutt-for-fremmedspraak-og-oversetting\">Institutt for fremmedspr\u00e5k og oversetting<\/a>, Universitetet i Agder<br \/>\n<strong>Kontoradresse:<\/strong> Campus Kristiansand, Gimlemoen 25<br \/>\n<strong>Poststed:<\/strong>4604 Kristiansand<br \/>\n<strong>Telefon:<\/strong> (+47) 38 141249<br \/>\n<strong><strong>E-post:\u00a0<\/strong><\/strong><span id=\"0.052818640415919216\" class=\"highlight\">eli<\/span>.m.drange@uia.no<strong><br \/>\n<\/strong><a href=\"https:\/\/blogg.hiof.no\/colam\/files\/2019\/02\/Eli-Mari-Drange-about.pdf\">Mer informasjon<\/a><\/td>\n<\/tr>\n<tr>\n<td class=\"picture-collumn\"><img data-recalc-dims=\"1\" loading=\"lazy\" decoding=\"async\" data-attachment-id=\"152\" data-permalink=\"https:\/\/blogg.hiof.no\/colam\/medlemmer\/eepae\/\" data-orig-file=\"https:\/\/i0.wp.com\/blogg.hiof.no\/colam\/files\/2019\/02\/Eepae.jpg?fit=251%2C267&amp;ssl=1\" data-orig-size=\"251,267\" data-comments-opened=\"0\" data-image-meta=\"{&quot;aperture&quot;:&quot;0&quot;,&quot;credit&quot;:&quot;&quot;,&quot;camera&quot;:&quot;&quot;,&quot;caption&quot;:&quot;&quot;,&quot;created_timestamp&quot;:&quot;1409682725&quot;,&quot;copyright&quot;:&quot;&quot;,&quot;focal_length&quot;:&quot;0&quot;,&quot;iso&quot;:&quot;0&quot;,&quot;shutter_speed&quot;:&quot;0&quot;,&quot;title&quot;:&quot;&quot;,&quot;orientation&quot;:&quot;1&quot;}\" data-image-title=\"Eepae\" data-image-description=\"\" data-image-caption=\"\" data-medium-file=\"https:\/\/i0.wp.com\/blogg.hiof.no\/colam\/files\/2019\/02\/Eepae.jpg?fit=251%2C267&amp;ssl=1\" data-large-file=\"https:\/\/i0.wp.com\/blogg.hiof.no\/colam\/files\/2019\/02\/Eepae.jpg?fit=251%2C267&amp;ssl=1\" class=\"alignnone size-thumbnail wp-image-152\" src=\"https:\/\/i0.wp.com\/blogg.hiof.no\/colam\/files\/2019\/02\/Eepae.jpg?resize=150%2C150&#038;ssl=1\" alt=\"\" width=\"150\" height=\"150\" \/><\/td>\n<td class=\"litentekst\"><strong>Navn:<\/strong> Esperanza Egu\u00eca Padilla<br \/>\n<strong>Stilling:<\/strong> Master i Biologi. L\u00e6rer i Videreg\u00e5ende skolen<br \/>\n<a href=\"http:\/\/www.escuelasavemaria.com\/\">Patronato Escuelas Ave Maria<\/a><br \/>\nUt\u00f8vende Transkripsjonskoordinator ved COLA-prosjektet<br \/>\n<strong>Institutt: <\/strong>Avdeloing for \u00d8konomi, Spr\u00e5k og Samfunnsfag<br \/>\n<strong>Kontoradresse:<\/strong> BRA veien, 4<strong><br \/>\nPoststed:<\/strong> 1757 Halden<br \/>\n<strong>E-post:<\/strong><br \/>\n<a href=\"https:\/\/blogg.hiof.no\/colam\/files\/2019\/02\/Esperanza-Egu\u00eca-Padilla-about.pdf\">Mer informasjon<\/a><\/td>\n<\/tr>\n<tr>\n<td class=\"picture-collumn\"><img data-recalc-dims=\"1\" loading=\"lazy\" decoding=\"async\" data-attachment-id=\"154\" data-permalink=\"https:\/\/blogg.hiof.no\/colam\/medlemmer\/knut-hofland\/\" data-orig-file=\"https:\/\/i0.wp.com\/blogg.hiof.no\/colam\/files\/2019\/02\/Knut-Hofland.jpeg?fit=144%2C192&amp;ssl=1\" data-orig-size=\"144,192\" data-comments-opened=\"0\" data-image-meta=\"{&quot;aperture&quot;:&quot;0&quot;,&quot;credit&quot;:&quot;&quot;,&quot;camera&quot;:&quot;&quot;,&quot;caption&quot;:&quot;&quot;,&quot;created_timestamp&quot;:&quot;0&quot;,&quot;copyright&quot;:&quot;&quot;,&quot;focal_length&quot;:&quot;0&quot;,&quot;iso&quot;:&quot;0&quot;,&quot;shutter_speed&quot;:&quot;0&quot;,&quot;title&quot;:&quot;&quot;,&quot;orientation&quot;:&quot;0&quot;}\" data-image-title=\"Knut Hofland\" data-image-description=\"\" data-image-caption=\"\" data-medium-file=\"https:\/\/i0.wp.com\/blogg.hiof.no\/colam\/files\/2019\/02\/Knut-Hofland.jpeg?fit=144%2C192&amp;ssl=1\" data-large-file=\"https:\/\/i0.wp.com\/blogg.hiof.no\/colam\/files\/2019\/02\/Knut-Hofland.jpeg?fit=144%2C192&amp;ssl=1\" class=\"alignnone size-thumbnail wp-image-154\" src=\"https:\/\/i0.wp.com\/blogg.hiof.no\/colam\/files\/2019\/02\/Knut-Hofland.jpeg?resize=144%2C150&#038;ssl=1\" alt=\"\" width=\"144\" height=\"150\" \/><\/td>\n<td class=\"litentekst\" align=\"left\"><strong>Navn:<\/strong> Knut Hofland<br \/>\n<strong>Stilling: <\/strong>Fagkonsulent, Spr\u00e5kteknologi<br \/>\n<strong>Institutt:<\/strong> <a href=\"http:\/\/digital.uni.no\/\">UniResearch<\/a><br \/>\n<strong>Kontoradresse:<\/strong> H\u00f8yteknologisenteret<br \/>\n<strong>Poststed:<\/strong> 5007, Bergen<br \/>\n<strong>Privattelefon:<\/strong> (+47) 55 58 94 63<br \/>\n<strong>E-post: <\/strong>knut.hofland@uni.no<\/td>\n<\/tr>\n<tr>\n<td class=\"picture-collumn\"><img data-recalc-dims=\"1\" loading=\"lazy\" decoding=\"async\" data-attachment-id=\"155\" data-permalink=\"https:\/\/blogg.hiof.no\/colam\/medlemmer\/mariano\/\" data-orig-file=\"https:\/\/i0.wp.com\/blogg.hiof.no\/colam\/files\/2019\/02\/Mariano.jpg?fit=102%2C135&amp;ssl=1\" data-orig-size=\"102,135\" data-comments-opened=\"0\" data-image-meta=\"{&quot;aperture&quot;:&quot;0&quot;,&quot;credit&quot;:&quot;&quot;,&quot;camera&quot;:&quot;&quot;,&quot;caption&quot;:&quot;&quot;,&quot;created_timestamp&quot;:&quot;0&quot;,&quot;copyright&quot;:&quot;&quot;,&quot;focal_length&quot;:&quot;0&quot;,&quot;iso&quot;:&quot;0&quot;,&quot;shutter_speed&quot;:&quot;0&quot;,&quot;title&quot;:&quot;&quot;,&quot;orientation&quot;:&quot;0&quot;}\" data-image-title=\"Mariano\" data-image-description=\"\" data-image-caption=\"\" data-medium-file=\"https:\/\/i0.wp.com\/blogg.hiof.no\/colam\/files\/2019\/02\/Mariano.jpg?fit=102%2C135&amp;ssl=1\" data-large-file=\"https:\/\/i0.wp.com\/blogg.hiof.no\/colam\/files\/2019\/02\/Mariano.jpg?fit=102%2C135&amp;ssl=1\" class=\"alignnone wp-image-155\" src=\"https:\/\/i0.wp.com\/blogg.hiof.no\/colam\/files\/2019\/02\/Mariano.jpg?resize=137%2C181&#038;ssl=1\" alt=\"\" width=\"137\" height=\"181\" \/><\/td>\n<td class=\"litentekst\"><strong><br \/>\nNavn:<\/strong> <a href=\"https:\/\/www.upo.es\/fitr\/contenido?pag=\/portal\/upo\/profesores\/mreytej\/profesor\">Mariano Reyes Tejedor<\/a><br \/>\n<strong>Stilling:<\/strong> Professor i spansk spr\u00e5k<br \/>\n<strong>Institutt:<\/strong> Departamento de Filolog\u00eda y Traducci\u00f3n<br \/>\n<strong>Kontoradresse:<\/strong> C\/ de Utrera Km 1<br \/>\n<strong>Poststed:<\/strong> 41013 Sevilla<br \/>\n<strong>Privattelefon:<\/strong> (+34) 954 967624<br \/>\n<strong>E-post: <\/strong>mreyte@upo.es<br \/>\n<a href=\"https:\/\/portal.uah.es\/portal\/page\/portal\/epd2_profesores\/prof122833\/presentacion\">Mer informasjon<\/a><\/td>\n<\/tr>\n<tr>\n<td class=\"picture-collumn\"><img data-recalc-dims=\"1\" loading=\"lazy\" decoding=\"async\" data-attachment-id=\"150\" data-permalink=\"https:\/\/blogg.hiof.no\/colam\/medlemmer\/angela-web\/\" data-orig-file=\"https:\/\/i0.wp.com\/blogg.hiof.no\/colam\/files\/2019\/02\/angela-web.jpg?fit=83%2C107&amp;ssl=1\" data-orig-size=\"83,107\" data-comments-opened=\"0\" data-image-meta=\"{&quot;aperture&quot;:&quot;0&quot;,&quot;credit&quot;:&quot;&quot;,&quot;camera&quot;:&quot;&quot;,&quot;caption&quot;:&quot;&quot;,&quot;created_timestamp&quot;:&quot;0&quot;,&quot;copyright&quot;:&quot;&quot;,&quot;focal_length&quot;:&quot;0&quot;,&quot;iso&quot;:&quot;0&quot;,&quot;shutter_speed&quot;:&quot;0&quot;,&quot;title&quot;:&quot;&quot;,&quot;orientation&quot;:&quot;1&quot;}\" data-image-title=\"angela-web\" data-image-description=\"\" data-image-caption=\"\" data-medium-file=\"https:\/\/i0.wp.com\/blogg.hiof.no\/colam\/files\/2019\/02\/angela-web.jpg?fit=83%2C107&amp;ssl=1\" data-large-file=\"https:\/\/i0.wp.com\/blogg.hiof.no\/colam\/files\/2019\/02\/angela-web.jpg?fit=83%2C107&amp;ssl=1\" class=\"alignnone wp-image-150\" src=\"https:\/\/i0.wp.com\/blogg.hiof.no\/colam\/files\/2019\/02\/angela-web.jpg?resize=108%2C139&#038;ssl=1\" alt=\"\" width=\"108\" height=\"139\" \/><\/td>\n<td class=\"litentekst\"><strong>Navn:<\/strong> Giovanna Angela Mura<br \/>\n<strong>Stilling:<\/strong> Investigadora de Lenguaje Juvenil, Colaboradora<br \/>\n<strong>Privattelefon:<\/strong><br \/>\n<strong>E-post:<\/strong> <a href=\"mailto:angela_mura@yahoo.it\">angela_mura@yahoo.it<\/a><\/td>\n<\/tr>\n<tr>\n<td class=\"picture-collumn\"><img data-recalc-dims=\"1\" loading=\"lazy\" decoding=\"async\" data-attachment-id=\"204\" data-permalink=\"https:\/\/blogg.hiof.no\/colam\/medlemmer\/download-5\/\" data-orig-file=\"https:\/\/i0.wp.com\/blogg.hiof.no\/colam\/files\/2019\/02\/download-5.jpg?fit=225%2C225&amp;ssl=1\" data-orig-size=\"225,225\" data-comments-opened=\"0\" data-image-meta=\"{&quot;aperture&quot;:&quot;0&quot;,&quot;credit&quot;:&quot;&quot;,&quot;camera&quot;:&quot;&quot;,&quot;caption&quot;:&quot;&quot;,&quot;created_timestamp&quot;:&quot;0&quot;,&quot;copyright&quot;:&quot;&quot;,&quot;focal_length&quot;:&quot;0&quot;,&quot;iso&quot;:&quot;0&quot;,&quot;shutter_speed&quot;:&quot;0&quot;,&quot;title&quot;:&quot;&quot;,&quot;orientation&quot;:&quot;0&quot;}\" data-image-title=\"download-5\" data-image-description=\"\" data-image-caption=\"\" data-medium-file=\"https:\/\/i0.wp.com\/blogg.hiof.no\/colam\/files\/2019\/02\/download-5.jpg?fit=225%2C225&amp;ssl=1\" data-large-file=\"https:\/\/i0.wp.com\/blogg.hiof.no\/colam\/files\/2019\/02\/download-5.jpg?fit=225%2C225&amp;ssl=1\" class=\"alignnone wp-image-204\" src=\"https:\/\/i0.wp.com\/blogg.hiof.no\/colam\/files\/2019\/02\/download-5.jpg?resize=162%2C162&#038;ssl=1\" alt=\"\" width=\"162\" height=\"162\" srcset=\"https:\/\/i0.wp.com\/blogg.hiof.no\/colam\/files\/2019\/02\/download-5.jpg?w=225&amp;ssl=1 225w, https:\/\/i0.wp.com\/blogg.hiof.no\/colam\/files\/2019\/02\/download-5.jpg?resize=150%2C150&amp;ssl=1 150w\" sizes=\"auto, (max-width: 162px) 85vw, 162px\" \/><\/td>\n<td class=\"litentekst\"><strong>Navn:<\/strong> <a href=\"https:\/\/rocketreach.co\/axel-myre-hyge-email_1292852\">Axel Myre Hyge<\/a><br \/>\n<span style=\"font-family: inherit\">Nettmedarbeider ved COLA-pro<\/span><span style=\"font-family: inherit\">sjektet.<br \/>\n<\/span><strong style=\"font-family: inherit\">Stilling:<\/strong><span style=\"font-family: inherit\"> Studied BA (Hons) Music, Theatre and Entertainment Management at <\/span><a style=\"font-family: inherit\" href=\"https:\/\/www.facebook.com\/pages\/Liverpool-Institute-for-Performing-Arts\/113765731967465?ref=br_rs\">Liverpool Institute for Performing Arts<\/a><br \/>\n<strong style=\"font-family: inherit\">Telefon:<\/strong><span style=\"font-family: inherit\"> (+47) 97 63 94 97<br \/>\n<\/span><strong>E-post:<\/strong><\/td>\n<\/tr>\n<\/tbody>\n<\/table>\n","protected":false},"excerpt":{"rendered":"<p>&nbsp; Prosjektleder Navn: Annette Myre J\u00f8rgensen Stilling: Professor. H\u00f8gskolen i \u00d8stfold Kontoradresse: BRA veien 4, 1757 Halden Poststed: Postboks 700, 1757 Halden Telefon:E-post: ammj@hiof.no Mer informasjon Navn: Anna-Brita Stenstr\u00f6m Stilling: Professor Emerita Institutt: Institutt for Fremmedspr\u00e5k Kontoradresse: Nedanv\u00e4gen 7 Poststed: 29135 Kristianstad, Sverige E-post: ab.stenstrom@telia.com Mer informasjon Navn: Juan Antonio Mart\u00ednez L\u00f3pez Stilling: Professor Institutt: &hellip; <a href=\"https:\/\/blogg.hiof.no\/colam\/medlemmer\/\" class=\"more-link\">Fortsett \u00e5 lese<span class=\"screen-reader-text\"> \u00abMedlemmer\u00bb<\/span><\/a><\/p>\n","protected":false},"author":1,"featured_media":0,"parent":0,"menu_order":0,"comment_status":"closed","ping_status":"closed","template":"","meta":{"jetpack_post_was_ever_published":false,"footnotes":""},"class_list":["post-21","page","type-page","status-publish","hentry"],"jetpack_sharing_enabled":true,"jetpack_shortlink":"https:\/\/wp.me\/P9SAbz-l","jetpack_likes_enabled":true,"jetpack-related-posts":[],"_links":{"self":[{"href":"https:\/\/blogg.hiof.no\/colam\/wp-json\/wp\/v2\/pages\/21","targetHints":{"allow":["GET"]}}],"collection":[{"href":"https:\/\/blogg.hiof.no\/colam\/wp-json\/wp\/v2\/pages"}],"about":[{"href":"https:\/\/blogg.hiof.no\/colam\/wp-json\/wp\/v2\/types\/page"}],"author":[{"embeddable":true,"href":"https:\/\/blogg.hiof.no\/colam\/wp-json\/wp\/v2\/users\/1"}],"replies":[{"embeddable":true,"href":"https:\/\/blogg.hiof.no\/colam\/wp-json\/wp\/v2\/comments?post=21"}],"version-history":[{"count":20,"href":"https:\/\/blogg.hiof.no\/colam\/wp-json\/wp\/v2\/pages\/21\/revisions"}],"predecessor-version":[{"id":309,"href":"https:\/\/blogg.hiof.no\/colam\/wp-json\/wp\/v2\/pages\/21\/revisions\/309"}],"wp:attachment":[{"href":"https:\/\/blogg.hiof.no\/colam\/wp-json\/wp\/v2\/media?parent=21"}],"curies":[{"name":"wp","href":"https:\/\/api.w.org\/{rel}","templated":true}]}}