{"id":23,"date":"2018-05-02T15:58:42","date_gmt":"2018-05-02T13:58:42","guid":{"rendered":"https:\/\/blogg.hiof.no\/colam\/?page_id=23"},"modified":"2019-02-19T20:30:02","modified_gmt":"2019-02-19T19:30:02","slug":"publikasjoner","status":"publish","type":"page","link":"https:\/\/blogg.hiof.no\/colam\/publikasjoner\/","title":{"rendered":"Publikasjoner"},"content":{"rendered":"<ul>\n<li class=\"storlinjeavstand\"><a href=\"https:\/\/blogg.hiof.no\/colam\/files\/2019\/02\/COLA_-A-Spanish-spoken-corpus-of-youth-language.pdf\">Artikkel p\u00e5 engelsk om COLA-korpuset<br \/>\n<\/a><em>Art\u00edculo en ingl\u00e9s sobre el corpus COLA<\/em><\/li>\n<li class=\"storlinjeavstand\"><a href=\"https:\/\/blogg.hiof.no\/colam\/files\/2019\/02\/COLA_-UN-CORPUS-ORAL-DE-LENGUAJE-ADOLESCENTE.pdf\">Artikkel p\u00e5 spansk om COLA-korpuset<br \/>\n<\/a><em>Art\u00edculo en espa\u00f1ol sobre el corpus COLA <\/em><\/li>\n<li class=\"storlinjeavstand\"><a href=\"https:\/\/blogg.hiof.no\/colam\/files\/2019\/02\/Artikkel-om-COLA-Prosjektet.pdf\">Artikkel p\u00e5 norsk om COLA-korpuset<br \/>\n<\/a><em>Art\u00edculo en noruego sobre el corpus COLA <\/em><br \/>\nPublisert i Tribune nr.15, H\u00f8st 2004.<\/li>\n<li class=\"storlinjeavstand\"><a href=\"https:\/\/blogg.hiof.no\/colam\/vitenskapelige-artikler-med-cola-korpuset\/\">VITENSKAPELIGE ARTIKLER med COLAKORPUSET<\/a><br \/>\n<strong>ARTICULOS CIENTIFICOS<\/strong> BASADOS en el corpus COLA<\/li>\n<li class=\"storlinjeavstand\"><a href=\"https:\/\/blogg.hiof.no\/colam\/ungdomssprak\/\">Publikasjoner om ungdomsspr\u00e5k<br \/>\n<\/a><em>Publicaciones sobre lenguaje juvenil <\/em><\/li>\n<li class=\"storlinjeavstand\"><a href=\"https:\/\/blogg.hiof.no\/colam\/255-2\/\">Generell bibliografiliste<\/a><br \/>\n<em>Lista bibliogr\u00e1fica general<\/em><\/li>\n<li class=\"storlinjeavstand\"><a href=\"https:\/\/blogg.hiof.no\/colam\/lenker-2\/\">Tesis Master med el corpus COLA<\/a><br \/>\n<em>Tesis de Master basadas en el corpus COLA <\/em><\/li>\n<li class=\"storlinjeavstand\"><a href=\"https:\/\/blogg.hiof.no\/colam\/doktoravhandlinger-skrevet-med-cola-korpuset\/\">Doktoravhandlinger skrevet med COLA-korpuset<\/a><br \/>\n<em>Tesis Doctorales basadas en el corpus COLA <\/em><\/li>\n<\/ul>\n","protected":false},"excerpt":{"rendered":"<p>Artikkel p\u00e5 engelsk om COLA-korpuset Art\u00edculo en ingl\u00e9s sobre el corpus COLA Artikkel p\u00e5 spansk om COLA-korpuset Art\u00edculo en espa\u00f1ol sobre el corpus COLA Artikkel p\u00e5 norsk om COLA-korpuset Art\u00edculo en noruego sobre el corpus COLA Publisert i Tribune nr.15, H\u00f8st 2004. VITENSKAPELIGE ARTIKLER med COLAKORPUSET ARTICULOS CIENTIFICOS BASADOS en el corpus COLA Publikasjoner om &hellip; <a href=\"https:\/\/blogg.hiof.no\/colam\/publikasjoner\/\" class=\"more-link\">Fortsett \u00e5 lese<span class=\"screen-reader-text\"> \u00abPublikasjoner\u00bb<\/span><\/a><\/p>\n","protected":false},"author":1,"featured_media":0,"parent":0,"menu_order":0,"comment_status":"closed","ping_status":"closed","template":"","meta":{"jetpack_post_was_ever_published":false,"footnotes":""},"class_list":["post-23","page","type-page","status-publish","hentry"],"jetpack_sharing_enabled":true,"jetpack_shortlink":"https:\/\/wp.me\/P9SAbz-n","jetpack_likes_enabled":true,"jetpack-related-posts":[],"_links":{"self":[{"href":"https:\/\/blogg.hiof.no\/colam\/wp-json\/wp\/v2\/pages\/23","targetHints":{"allow":["GET"]}}],"collection":[{"href":"https:\/\/blogg.hiof.no\/colam\/wp-json\/wp\/v2\/pages"}],"about":[{"href":"https:\/\/blogg.hiof.no\/colam\/wp-json\/wp\/v2\/types\/page"}],"author":[{"embeddable":true,"href":"https:\/\/blogg.hiof.no\/colam\/wp-json\/wp\/v2\/users\/1"}],"replies":[{"embeddable":true,"href":"https:\/\/blogg.hiof.no\/colam\/wp-json\/wp\/v2\/comments?post=23"}],"version-history":[{"count":8,"href":"https:\/\/blogg.hiof.no\/colam\/wp-json\/wp\/v2\/pages\/23\/revisions"}],"predecessor-version":[{"id":272,"href":"https:\/\/blogg.hiof.no\/colam\/wp-json\/wp\/v2\/pages\/23\/revisions\/272"}],"wp:attachment":[{"href":"https:\/\/blogg.hiof.no\/colam\/wp-json\/wp\/v2\/media?parent=23"}],"curies":[{"name":"wp","href":"https:\/\/api.w.org\/{rel}","templated":true}]}}