{"id":260,"date":"2019-02-19T20:23:45","date_gmt":"2019-02-19T19:23:45","guid":{"rendered":"https:\/\/blogg.hiof.no\/colam\/?page_id=260"},"modified":"2019-02-19T20:24:06","modified_gmt":"2019-02-19T19:24:06","slug":"lenker-2","status":"publish","type":"page","link":"https:\/\/blogg.hiof.no\/colam\/lenker-2\/","title":{"rendered":"Lenker"},"content":{"rendered":"<h3>Prosjekt<\/h3>\n<ul>\n<li><a href=\"http:\/\/www.aksis.uib.no\/projects\/\"> AKSIS<\/a><\/li>\n<li><a href=\"http:\/\/www.edice.org\">EDICE <\/a><\/li>\n<li><a href=\"http:\/\/www.uib.no\/uno\/\">UNO<\/a><\/li>\n<li><a href=\"http:\/\/helmer.aksis.uib.no\/colt\">COLT<\/a><\/li>\n<li><a href=\"http:\/\/www.uv.es\/valesco\/\">Val.es.co<\/a><\/li>\n<li><a href=\"http:\/\/www.tekstlab.uio.no\/nota\/oslo\/index.html\">Norsk Talespr\u00e5kskorpus, Oslodelen<\/a><\/li>\n<li><a href=\"http:\/\/www.hf.ntnu.no\/hf\/adm\/forskning\/prosjekter\/UPUS\/index.html\">UPUS<\/a><\/li>\n<\/ul>\n<h3>Tesis de Master med \/ con corpus COLA<\/h3>\n<ul>\n<li><strong>Nord, Magni A.:<\/strong> <a href=\"http:\/\/ask.bibsys.no\/ask\/action\/show;jsessionid=0000-07vgl15Or7epprHsp-RMrP:116t9p6s5?pid=060888547&amp;kid=biblio\">En plan en plan cient\u00edfico: las funciones de en plan en el lenguaje juvenil de Madrid: estudio descriptivo <\/a><br \/>\n<img data-recalc-dims=\"1\" loading=\"lazy\" decoding=\"async\" src=\"https:\/\/i0.wp.com\/colam.org\/grafikk\/2-pix.gif?resize=5%2C12\" width=\"5\" height=\"12\" \/><\/li>\n<li><strong>Bua, Maria:<\/strong> <a href=\"http:\/\/ask.bibsys.no\/ask\/action\/show;jsessionid=0000-07vgl15Or7epprHsp-RMrP:116t9p6s5?pid=061433942&amp;kid=biblio\">Anglicismos l\u00e9xicos : uso e integraci\u00f3n de anglicimos en el lenguaje juvenil coloquial de Madrid : estudio descriptivo<\/a><br \/>\n<img data-recalc-dims=\"1\" loading=\"lazy\" decoding=\"async\" src=\"https:\/\/i0.wp.com\/colam.org\/grafikk\/2-pix.gif?resize=5%2C12\" width=\"5\" height=\"12\" \/><\/li>\n<li><strong>Landro, Marianne:<\/strong> <a href=\"http:\/\/ask.bibsys.no\/ask\/action\/show;jsessionid=0000-07vgl15Or7epprHsp-RMrP:116t9p6s5?pid=061032433&amp;kid=biblio\">Los Solapamientos en el lenguaje juvenil chileno<\/a><br \/>\n<img data-recalc-dims=\"1\" loading=\"lazy\" decoding=\"async\" src=\"https:\/\/i0.wp.com\/colam.org\/grafikk\/2-pix.gif?resize=5%2C12\" width=\"5\" height=\"12\" \/><\/li>\n<li><strong>Olsen, Maria Jos\u00e9 S\u00e1nches:<\/strong> <a href=\"http:\/\/ask.bibsys.no\/ask\/action\/show?pid=070549818&amp;kid=biblio\">eh &#8211; t\u00eda pues o sea pues a m\u00ed : los marcadores pues y o sea el lenguaje oral juvenil de Madrid : variables genolectales, generolectales y sociolectales<\/a><br \/>\n<img data-recalc-dims=\"1\" loading=\"lazy\" decoding=\"async\" src=\"https:\/\/i0.wp.com\/colam.org\/grafikk\/2-pix.gif?resize=5%2C12\" width=\"5\" height=\"12\" \/><\/li>\n<li><strong>Navdal, Tore:<\/strong> <a href=\"https:\/\/bora.uib.no\/handle\/1956\/2612\">Las palabras tab\u00fa del lenguaje juvenil madrile\u00f1o<\/a><br \/>\n<img data-recalc-dims=\"1\" loading=\"lazy\" decoding=\"async\" src=\"https:\/\/i0.wp.com\/colam.org\/grafikk\/2-pix.gif?resize=5%2C12\" width=\"5\" height=\"12\" \/><\/li>\n<li><strong>Mar\u00eda Jos\u00e9 Caja:<\/strong> <a href=\"https:\/\/bora.uib.no\/handle\/1956\/2612\">La intensificaci\u00f3n en el lenguaje juvenil de Madrid<\/a>&nbsp;<\/li>\n<li><strong>Stine Huseby:<\/strong> <a href=\"https:\/\/bora.uib.no\/handle\/1956\/900\/simple-search?query=Huseby\">Las funciones de <strong><em>tipo<\/em><\/strong> como marcador del discurso en el lenguaje juvenil de Buenos Aires<\/a><span class=\"Lise\">Lise Holmvik<\/span>\n<p><span class=\"Lise\"><a href=\"https:\/\/bora.uib.no\/handle\/1956\/900\/simple-search?query=Huseby\">: <\/a><\/span><a href=\"http:\/\/colam.org\/publikasjoner\/tesina como.pdf\">Como usado como marcador del discurso en el lenguaje juvenil de Madrid<\/a>&nbsp;<\/p>\n<p><span class=\"lh\">Solfrid Hernes: <\/span><strong>El uso de palabras tab\u00faes en el lenguaje juvenil en Santiago de Chile y en Oslo<\/strong><\/li>\n<\/ul>\n<ul>\n<li style=\"list-style-type: none\">\n<ul>\n<li><a href=\"https:\/\/bora.uib.no\/handle\/1956\/900\/simple-search?query=Huseby\">Evert Jacobsen: El uso del verbo chingar y sus derivados en el habla juvenil de la Ciudad de Mexico<\/a><\/li>\n<li><strong><strong>Kristine Eide: La mariguana afecta g\u00fcey, el lenguaje g\u00fcey<\/strong><\/strong>Marie Espeland:<\/li>\n<\/ul>\n<\/li>\n<\/ul>\n<h3>Andre lenker<\/h3>\n<ul>\n<li style=\"list-style-type: none\">\n<ul>\n<li><a href=\"http:\/\/www.mundoalfal.org\/\" target=\"_blank\" rel=\"noopener\">Asociaci\u00f3n de Ling\u00fc\u00edstica y Filolog\u00eda de Am\u00e9rica Latina<\/a><\/li>\n<li><a href=\"http:\/\/www.rae.es\/\" target=\"_blank\" rel=\"noopener\">Real Academia Espa\u00f1ola<\/a><\/li>\n<li><a href=\"http:\/\/www.ling.gu.se\/projekt\/nordtalk\/\">NORDTALK<\/a><\/li>\n<li><a href=\"http:\/\/www.fremmedsprak.uib.no\/\">Institutt for fremmedspr\u00e5k<\/a><\/li>\n<li><a href=\"http:\/\/www.sprakkonsulterna.se\/sprakbrev\/sprakbrev5_2005.shtml\">Om svensk ungdomsspr\u00e5k<\/a><\/li>\n<li><a href=\"http:\/\/home.hia.no\/%7Ekristinh\/doktoravhandling.html\">Mer om norsk ungdomsspr\u00e5k<\/a><\/li>\n<li><a href=\"http:\/\/jugendsprache.hum.ku.dk\/\">The fifth International Conference on Youth Language <\/a><\/li>\n<li><a href=\"http:\/\/www.unav.es\/linguis\/simposiosel\/\">XXXVII Simposio Internacional de la Sociedad Espa\u00f1ola de Ling\u00fc\u00edstica <\/a><\/li>\n<li><a href=\"http:\/\/home.hia.no\/~kristinh\/index.htm\">Ingrid Kristine Hasund <\/a><\/li>\n<\/ul>\n<\/li>\n<\/ul>\n","protected":false},"excerpt":{"rendered":"<p>Prosjekt AKSIS EDICE UNO COLT Val.es.co Norsk Talespr\u00e5kskorpus, Oslodelen UPUS Tesis de Master med \/ con corpus COLA Nord, Magni A.: En plan en plan cient\u00edfico: las funciones de en plan en el lenguaje juvenil de Madrid: estudio descriptivo Bua, Maria: Anglicismos l\u00e9xicos : uso e integraci\u00f3n de anglicimos en el lenguaje juvenil coloquial de &hellip; <a href=\"https:\/\/blogg.hiof.no\/colam\/lenker-2\/\" class=\"more-link\">Fortsett \u00e5 lese<span class=\"screen-reader-text\"> \u00abLenker\u00bb<\/span><\/a><\/p>\n","protected":false},"author":1186,"featured_media":0,"parent":0,"menu_order":0,"comment_status":"closed","ping_status":"closed","template":"","meta":{"jetpack_post_was_ever_published":false,"footnotes":""},"class_list":["post-260","page","type-page","status-publish","hentry"],"jetpack_sharing_enabled":true,"jetpack_shortlink":"https:\/\/wp.me\/P9SAbz-4c","jetpack_likes_enabled":true,"jetpack-related-posts":[],"_links":{"self":[{"href":"https:\/\/blogg.hiof.no\/colam\/wp-json\/wp\/v2\/pages\/260","targetHints":{"allow":["GET"]}}],"collection":[{"href":"https:\/\/blogg.hiof.no\/colam\/wp-json\/wp\/v2\/pages"}],"about":[{"href":"https:\/\/blogg.hiof.no\/colam\/wp-json\/wp\/v2\/types\/page"}],"author":[{"embeddable":true,"href":"https:\/\/blogg.hiof.no\/colam\/wp-json\/wp\/v2\/users\/1186"}],"replies":[{"embeddable":true,"href":"https:\/\/blogg.hiof.no\/colam\/wp-json\/wp\/v2\/comments?post=260"}],"version-history":[{"count":3,"href":"https:\/\/blogg.hiof.no\/colam\/wp-json\/wp\/v2\/pages\/260\/revisions"}],"predecessor-version":[{"id":263,"href":"https:\/\/blogg.hiof.no\/colam\/wp-json\/wp\/v2\/pages\/260\/revisions\/263"}],"wp:attachment":[{"href":"https:\/\/blogg.hiof.no\/colam\/wp-json\/wp\/v2\/media?parent=260"}],"curies":[{"name":"wp","href":"https:\/\/api.w.org\/{rel}","templated":true}]}}