{"id":265,"date":"2019-02-19T20:25:04","date_gmt":"2019-02-19T19:25:04","guid":{"rendered":"https:\/\/blogg.hiof.no\/colam\/?page_id=265"},"modified":"2019-02-19T20:25:50","modified_gmt":"2019-02-19T19:25:50","slug":"doktoravhandlinger-skrevet-med-cola-korpuset","status":"publish","type":"page","link":"https:\/\/blogg.hiof.no\/colam\/doktoravhandlinger-skrevet-med-cola-korpuset\/","title":{"rendered":"Doktoravhandlinger skrevet med COLA-korpuset"},"content":{"rendered":"<p>Eli Marie Drange:<a href=\"https:\/\/bora.uib.no\/handle\/1956\/3630\"> Los anglicismos en el lenguaje juvenil de Santiago de Chile y Oslo<\/a><\/p>\n<p>Angela Mura: <a href=\"http:\/\/colam.org\/Angela_Mura. Tesis Doctoral.pdf\">La fraseolog\u00eda del desacuerdo: los esquemas fraseol\u00f3gicos en espa\u00f1ol y en italiano<\/a><\/p>\n","protected":false},"excerpt":{"rendered":"<p>Eli Marie Drange: Los anglicismos en el lenguaje juvenil de Santiago de Chile y Oslo Angela Mura: La fraseolog\u00eda del desacuerdo: los esquemas fraseol\u00f3gicos en espa\u00f1ol y en italiano<\/p>\n","protected":false},"author":1186,"featured_media":0,"parent":0,"menu_order":0,"comment_status":"closed","ping_status":"closed","template":"","meta":{"jetpack_post_was_ever_published":false,"footnotes":""},"class_list":["post-265","page","type-page","status-publish","hentry"],"jetpack_sharing_enabled":true,"jetpack_shortlink":"https:\/\/wp.me\/P9SAbz-4h","jetpack_likes_enabled":true,"jetpack-related-posts":[],"_links":{"self":[{"href":"https:\/\/blogg.hiof.no\/colam\/wp-json\/wp\/v2\/pages\/265","targetHints":{"allow":["GET"]}}],"collection":[{"href":"https:\/\/blogg.hiof.no\/colam\/wp-json\/wp\/v2\/pages"}],"about":[{"href":"https:\/\/blogg.hiof.no\/colam\/wp-json\/wp\/v2\/types\/page"}],"author":[{"embeddable":true,"href":"https:\/\/blogg.hiof.no\/colam\/wp-json\/wp\/v2\/users\/1186"}],"replies":[{"embeddable":true,"href":"https:\/\/blogg.hiof.no\/colam\/wp-json\/wp\/v2\/comments?post=265"}],"version-history":[{"count":1,"href":"https:\/\/blogg.hiof.no\/colam\/wp-json\/wp\/v2\/pages\/265\/revisions"}],"predecessor-version":[{"id":266,"href":"https:\/\/blogg.hiof.no\/colam\/wp-json\/wp\/v2\/pages\/265\/revisions\/266"}],"wp:attachment":[{"href":"https:\/\/blogg.hiof.no\/colam\/wp-json\/wp\/v2\/media?parent=265"}],"curies":[{"name":"wp","href":"https:\/\/api.w.org\/{rel}","templated":true}]}}