{"id":27,"date":"2018-05-02T15:59:54","date_gmt":"2018-05-02T13:59:54","guid":{"rendered":"https:\/\/blogg.hiof.no\/colam\/?page_id=27"},"modified":"2018-05-02T15:59:54","modified_gmt":"2018-05-02T13:59:54","slug":"lenker","status":"publish","type":"page","link":"https:\/\/blogg.hiof.no\/colam\/lenker\/","title":{"rendered":"Lenker"},"content":{"rendered":"<h3>Prosjekt<\/h3>\n<ul>\n<li style=\"list-style-type: none\">\n<ul>\n<li><a href=\"http:\/\/uni.no\/nb\/uni-computing\/clu\/\"> UniResearch<\/a><\/li>\n<li><a href=\"https:\/\/repo.clarino.uib.no\/xmlui\/\">CLARINO<\/a><\/li>\n<li><a href=\"http:\/\/www.edice.org\">EDICE <\/a><\/li>\n<li><a href=\"http:\/\/clu.uni.no\/humfak\/uno\/\">Korpus UNO<\/a> (Oslo)<\/li>\n<li><a href=\"http:\/\/clarino.uib.no\/korpuskel\">COLT (London)<\/a><\/li>\n<li><a href=\"http:\/\/www.uv.es\/valesco\/\">Val.Es.Co<\/a><\/li>\n<li><a href=\"http:\/\/www.tekstlab.uio.no\/nota\/oslo\/index.html\">Norsk Talespr\u00e5kskorpus, Oslodelen<\/a><\/li>\n<\/ul>\n<\/li>\n<\/ul>\n<p>&nbsp;<\/p>\n<h3>Samarbeidspartnere<\/h3>\n<ul>\n<li style=\"list-style-type: none\">\n<ul>\n<li><a href=\"http:\/\/www.upoli.edu.ni\/\">UPOLI<\/a><\/li>\n<li><a href=\"http:\/\/www.edice.org\/programa\/?page_id=32\" target=\"_blank\" rel=\"noopener\">Diana Bravo<\/a><\/li>\n<li>Antonio Hidalgo-Fonocortes\u00eda<\/li>\n<li>Ana Marta Gonz\u00e1lez<\/li>\n<li>Julia Sevilla<\/li>\n<\/ul>\n<\/li>\n<\/ul>\n<p><img data-recalc-dims=\"1\" loading=\"lazy\" decoding=\"async\" src=\"https:\/\/i0.wp.com\/colam.org\/grafikk\/2-pix.gif?resize=5%2C12\" width=\"5\" height=\"12\" \/><\/p>\n<h3>Andre lenker<\/h3>\n<ul>\n<li style=\"list-style-type: none;\">\n<ul>\n<li><a href=\"http:\/\/www.mundoalfal.org\/\" target=\"_blank\" rel=\"noopener\">Asociaci\u00f3n de Ling\u00fc\u00edstica y Filolog\u00eda de Am\u00e9rica Latina<\/a><\/li>\n<li><a href=\"http:\/\/www.rae.es\/\" target=\"_blank\" rel=\"noopener\">Real Academia Espa\u00f1ola<\/a><\/li>\n<li><a href=\"http:\/\/www.ling.gu.se\/projekt\/nordtalk\/\">NORDTALK<\/a><\/li>\n<li><a href=\"http:\/\/www.uib.no\/fremmedsprak\">Institutt for fremmedspr\u00e5k, UiB<\/a><\/li>\n<li><a href=\"http:\/\/www.unav.es\/linguis\/simposiosel\/\">XXXVII Simposio Internacional de la Sociedad Espa\u00f1ola de Ling\u00fc\u00edstica <\/a><\/li>\n<\/ul>\n<\/li>\n<\/ul>\n","protected":false},"excerpt":{"rendered":"<p>Prosjekt UniResearch CLARINO EDICE Korpus UNO (Oslo) COLT (London) Val.Es.Co Norsk Talespr\u00e5kskorpus, Oslodelen &nbsp; Samarbeidspartnere UPOLI Diana Bravo Antonio Hidalgo-Fonocortes\u00eda Ana Marta Gonz\u00e1lez Julia Sevilla Andre lenker Asociaci\u00f3n de Ling\u00fc\u00edstica y Filolog\u00eda de Am\u00e9rica Latina Real Academia Espa\u00f1ola NORDTALK Institutt for fremmedspr\u00e5k, UiB XXXVII Simposio Internacional de la Sociedad Espa\u00f1ola de Ling\u00fc\u00edstica<\/p>\n","protected":false},"author":1,"featured_media":0,"parent":0,"menu_order":0,"comment_status":"closed","ping_status":"closed","template":"","meta":{"jetpack_post_was_ever_published":false,"footnotes":""},"class_list":["post-27","page","type-page","status-publish","hentry"],"jetpack_sharing_enabled":true,"jetpack_shortlink":"https:\/\/wp.me\/P9SAbz-r","jetpack_likes_enabled":true,"jetpack-related-posts":[],"_links":{"self":[{"href":"https:\/\/blogg.hiof.no\/colam\/wp-json\/wp\/v2\/pages\/27","targetHints":{"allow":["GET"]}}],"collection":[{"href":"https:\/\/blogg.hiof.no\/colam\/wp-json\/wp\/v2\/pages"}],"about":[{"href":"https:\/\/blogg.hiof.no\/colam\/wp-json\/wp\/v2\/types\/page"}],"author":[{"embeddable":true,"href":"https:\/\/blogg.hiof.no\/colam\/wp-json\/wp\/v2\/users\/1"}],"replies":[{"embeddable":true,"href":"https:\/\/blogg.hiof.no\/colam\/wp-json\/wp\/v2\/comments?post=27"}],"version-history":[{"count":1,"href":"https:\/\/blogg.hiof.no\/colam\/wp-json\/wp\/v2\/pages\/27\/revisions"}],"predecessor-version":[{"id":28,"href":"https:\/\/blogg.hiof.no\/colam\/wp-json\/wp\/v2\/pages\/27\/revisions\/28"}],"wp:attachment":[{"href":"https:\/\/blogg.hiof.no\/colam\/wp-json\/wp\/v2\/media?parent=27"}],"curies":[{"name":"wp","href":"https:\/\/api.w.org\/{rel}","templated":true}]}}