{"id":29,"date":"2018-05-02T16:00:17","date_gmt":"2018-05-02T14:00:17","guid":{"rendered":"https:\/\/blogg.hiof.no\/colam\/?page_id=29"},"modified":"2019-01-07T15:37:57","modified_gmt":"2019-01-07T14:37:57","slug":"presseomtaler","status":"publish","type":"page","link":"https:\/\/blogg.hiof.no\/colam\/presseomtaler\/","title":{"rendered":"Presseomtaler"},"content":{"rendered":"<ul>\n<li><a href=\"http:\/\/www.uib.no\/elin\/php\/phpnyhet2.php3?xmlfil=310103131258.xml\" target=\"_blank\" rel=\"noopener\">P\u00e5 H\u00f8yden, 31.01.2003<\/a><\/li>\n<li><a href=\"http:\/\/colam.org\/faksimiler-sider\/abc-espannol.html\">ABC.es, 12.02.2002<\/a><\/li>\n<li><a href=\"http:\/\/colam.org\/faksimile-aftenposten.html\">Aftenposten, 26. januar 2002<\/a><\/li>\n<li><a href=\"http:\/\/www.bt.no\/meninger\/kronikk\/article28604.ece\">Kronikk i BT, 17. september 2004<\/a><\/li>\n<li><a href=\"http:\/\/colam.org\/faksimiler-sider\/la-lengua-de-cervantes.html\">La Voz de Almer\u00eda, 25. november 2005<\/a><\/li>\n<li><a href=\"http:\/\/colam.org\/faksimiler-sider\/INTERVJU-BA.html\">BA, 17. november 2007<\/a><\/li>\n<li>Intervju p\u00e5 Radio, RTVE, NRK P2 (kommer snart)<\/li>\n<li><a href=\"http:\/\/nyheter.uib.no\/?modus=vis_nyhet&amp;id=43658\">P\u00e5 H\u00f8yden, mai-2009<\/a><\/li>\n<li><a href=\"http:\/\/nyheter.uib.no\/?modus=vis_nyhet&amp;id=45602\">P\u00e5 H\u00f8yden, Februar 2010<\/a><\/li>\n<\/ul>\n","protected":false},"excerpt":{"rendered":"<p>P\u00e5 H\u00f8yden, 31.01.2003 ABC.es, 12.02.2002 Aftenposten, 26. januar 2002 Kronikk i BT, 17. september 2004 La Voz de Almer\u00eda, 25. november 2005 BA, 17. november 2007 Intervju p\u00e5 Radio, RTVE, NRK P2 (kommer snart) P\u00e5 H\u00f8yden, mai-2009 P\u00e5 H\u00f8yden, Februar 2010<\/p>\n","protected":false},"author":1,"featured_media":0,"parent":0,"menu_order":0,"comment_status":"closed","ping_status":"closed","template":"","meta":{"jetpack_post_was_ever_published":false,"footnotes":""},"class_list":["post-29","page","type-page","status-publish","hentry"],"jetpack_sharing_enabled":true,"jetpack_shortlink":"https:\/\/wp.me\/P9SAbz-t","jetpack_likes_enabled":true,"jetpack-related-posts":[],"_links":{"self":[{"href":"https:\/\/blogg.hiof.no\/colam\/wp-json\/wp\/v2\/pages\/29","targetHints":{"allow":["GET"]}}],"collection":[{"href":"https:\/\/blogg.hiof.no\/colam\/wp-json\/wp\/v2\/pages"}],"about":[{"href":"https:\/\/blogg.hiof.no\/colam\/wp-json\/wp\/v2\/types\/page"}],"author":[{"embeddable":true,"href":"https:\/\/blogg.hiof.no\/colam\/wp-json\/wp\/v2\/users\/1"}],"replies":[{"embeddable":true,"href":"https:\/\/blogg.hiof.no\/colam\/wp-json\/wp\/v2\/comments?post=29"}],"version-history":[{"count":2,"href":"https:\/\/blogg.hiof.no\/colam\/wp-json\/wp\/v2\/pages\/29\/revisions"}],"predecessor-version":[{"id":121,"href":"https:\/\/blogg.hiof.no\/colam\/wp-json\/wp\/v2\/pages\/29\/revisions\/121"}],"wp:attachment":[{"href":"https:\/\/blogg.hiof.no\/colam\/wp-json\/wp\/v2\/media?parent=29"}],"curies":[{"name":"wp","href":"https:\/\/api.w.org\/{rel}","templated":true}]}}