{"id":34,"date":"2021-11-24T13:58:54","date_gmt":"2021-11-24T13:58:54","guid":{"rendered":"https:\/\/blogg.hiof.no\/digifabart\/?page_id=34"},"modified":"2021-11-24T13:58:54","modified_gmt":"2021-11-24T13:58:54","slug":"tegning-i-python","status":"publish","type":"page","link":"https:\/\/blogg.hiof.no\/digifabart\/tegning-i-python\/","title":{"rendered":"Tegning i python"},"content":{"rendered":"<p><img data-recalc-dims=\"1\" loading=\"lazy\" decoding=\"async\" class=\"aligncenter wp-image-35 \" src=\"https:\/\/i0.wp.com\/blogg.hiof.no\/digifabart\/files\/2021\/11\/Ska%CC%88rmavbild-2021-11-24-kl.-14.20.09.png?resize=903%2C468&#038;ssl=1\" alt=\"\" width=\"903\" height=\"468\" srcset=\"https:\/\/i0.wp.com\/blogg.hiof.no\/digifabart\/files\/2021\/11\/Ska%CC%88rmavbild-2021-11-24-kl.-14.20.09.png?w=2180&amp;ssl=1 2180w, https:\/\/i0.wp.com\/blogg.hiof.no\/digifabart\/files\/2021\/11\/Ska%CC%88rmavbild-2021-11-24-kl.-14.20.09.png?resize=300%2C156&amp;ssl=1 300w, https:\/\/i0.wp.com\/blogg.hiof.no\/digifabart\/files\/2021\/11\/Ska%CC%88rmavbild-2021-11-24-kl.-14.20.09.png?resize=1024%2C531&amp;ssl=1 1024w, https:\/\/i0.wp.com\/blogg.hiof.no\/digifabart\/files\/2021\/11\/Ska%CC%88rmavbild-2021-11-24-kl.-14.20.09.png?resize=768%2C398&amp;ssl=1 768w, https:\/\/i0.wp.com\/blogg.hiof.no\/digifabart\/files\/2021\/11\/Ska%CC%88rmavbild-2021-11-24-kl.-14.20.09.png?resize=1536%2C796&amp;ssl=1 1536w, https:\/\/i0.wp.com\/blogg.hiof.no\/digifabart\/files\/2021\/11\/Ska%CC%88rmavbild-2021-11-24-kl.-14.20.09.png?resize=2048%2C1062&amp;ssl=1 2048w\" sizes=\"auto, (max-width: 903px) 100vw, 903px\" \/><\/p>\n<p>&nbsp;<\/p>\n<p>Denne workshopen gir et lite innblikk i hvordan man kan jobbe ferdige kodeeksempler i python for \u00e5 lage grafiske uttrykk.<\/p>\n<p><strong>Arbeidsm\u00e5ten<\/strong>:<\/p>\n<p><span data-contrast=\"auto\">Prinsippet i\u00a0<\/span><span data-contrast=\"auto\">Use-Modify-Create er \u00e5 bruke ferdige kodeeksempler og utforske temat i disse (Use). N\u00e5r eleven forst\u00e5r hvordan koden virker, kan han \/ hun endre kodeeksemplet , utforske temat videre og l\u00e6re programmering (Modify). Til slutt kan studenten lage sin egen kode (Create).<\/span><\/p>\n<p><strong>Verkt\u00f8y<\/strong><\/p>\n<p>I denne oppgaven bruker vi et nettbasert verkt\u00f8y: <a href=\"http:\/\/replit.com\">replit.com<\/a> .<br \/>\nDu kan opprette en gratis konto. Det er ogs\u00e5 mulighet for \u00e5 lage klasser: <a href=\"https:\/\/replit.com\/site\/teams-for-education\">https:\/\/replit.com\/site\/teams-for-education<\/a><\/p>\n<p><strong>Oppgaver<\/strong><\/p>\n<p>Vi har laget 5 oppgaver for \u00e5 utforske tekstbasert programmering for \u00e5 lage grafiske uttrykk. Hver oppgave har et komplett kodeeksempel i replit.com som kan kopieres og endres. Hver oppgave har eksempelsp\u00f8rsm\u00e5l som kan brukes til utforskning.<\/p>\n<p>Last ned oppgaver: <a href=\"https:\/\/blogg.hiof.no\/digifabart\/files\/2021\/11\/python_oppgaver.docx\">python_oppgaver<\/a><\/p>\n<p>Eksempelkoder:<br \/>\n<a href=\"https:\/\/replit.com\/@SusanneStigberg\/snacka\">https:\/\/replit.com\/@SusanneStigberg\/snacka<\/a><br \/>\n<a href=\"https:\/\/replit.com\/@SusanneStigberg\/blomma\">https:\/\/replit.com\/@SusanneStigberg\/blomma<\/a><br \/>\n<a href=\"https:\/\/replit.com\/@SusanneStigberg\/circle\">https:\/\/replit.com\/@SusanneStigberg\/circle<\/a><br \/>\n<a href=\"https:\/\/replit.com\/@SusanneStigberg\/randomcircles\">https:\/\/replit.com\/@SusanneStigberg\/randomcircles<\/a><br \/>\n<a href=\"https:\/\/replit.com\/@SusanneStigberg\/fun\">https:\/\/replit.com\/@SusanneStigberg\/fun<\/a><\/p>\n","protected":false},"excerpt":{"rendered":"<p>&nbsp; Denne workshopen gir et lite innblikk i hvordan man kan jobbe ferdige kodeeksempler i python for \u00e5 lage grafiske uttrykk. Arbeidsm\u00e5ten: Prinsippet i\u00a0Use-Modify-Create er \u00e5 bruke ferdige kodeeksempler og utforske temat i disse (Use). N\u00e5r eleven forst\u00e5r hvordan koden virker, kan han \/ hun endre kodeeksemplet , utforske temat videre og l\u00e6re programmering (Modify). <a class=\"read-more\" href=\"https:\/\/blogg.hiof.no\/digifabart\/tegning-i-python\/\">&hellip;&nbsp;<span class=\"meta-nav\">&rarr;<\/span><\/a><\/p>\n","protected":false},"author":454,"featured_media":0,"parent":0,"menu_order":0,"comment_status":"closed","ping_status":"closed","template":"","meta":{"footnotes":""},"class_list":["post-34","page","type-page","status-publish","hentry"],"jetpack-related-posts":[],"jetpack_sharing_enabled":true,"_links":{"self":[{"href":"https:\/\/blogg.hiof.no\/digifabart\/wp-json\/wp\/v2\/pages\/34","targetHints":{"allow":["GET"]}}],"collection":[{"href":"https:\/\/blogg.hiof.no\/digifabart\/wp-json\/wp\/v2\/pages"}],"about":[{"href":"https:\/\/blogg.hiof.no\/digifabart\/wp-json\/wp\/v2\/types\/page"}],"author":[{"embeddable":true,"href":"https:\/\/blogg.hiof.no\/digifabart\/wp-json\/wp\/v2\/users\/454"}],"replies":[{"embeddable":true,"href":"https:\/\/blogg.hiof.no\/digifabart\/wp-json\/wp\/v2\/comments?post=34"}],"version-history":[{"count":1,"href":"https:\/\/blogg.hiof.no\/digifabart\/wp-json\/wp\/v2\/pages\/34\/revisions"}],"predecessor-version":[{"id":37,"href":"https:\/\/blogg.hiof.no\/digifabart\/wp-json\/wp\/v2\/pages\/34\/revisions\/37"}],"wp:attachment":[{"href":"https:\/\/blogg.hiof.no\/digifabart\/wp-json\/wp\/v2\/media?parent=34"}],"curies":[{"name":"wp","href":"https:\/\/api.w.org\/{rel}","templated":true}]}}