{"id":43,"date":"2022-03-23T11:48:51","date_gmt":"2022-03-23T11:48:51","guid":{"rendered":"https:\/\/blogg.hiof.no\/digifabart\/?page_id=43"},"modified":"2022-03-30T12:10:16","modified_gmt":"2022-03-30T12:10:16","slug":"3d-modelling-og-printing","status":"publish","type":"page","link":"https:\/\/blogg.hiof.no\/digifabart\/3d-modelling-og-printing\/","title":{"rendered":"3D modellering og printing"},"content":{"rendered":"<p>Denne workshopen er en introduksjon til 3d-printing. Vi skal ha fokus p\u00e5 det praktiske ved 3d-printing og det er tenkt at deltakerne skal f\u00e5 pr\u00f8ve s\u00e5 mye som mulig selv slik at man f\u00e5r litt erfaring med det. Litt &#8216;teori&#8217; og bakgrunnsinformasjon er det allikevel n\u00f8dvendig \u00e5 gjennomg\u00e5.<\/p>\n<h3>3d-printing<\/h3>\n<p>De vanligste 3d-printerne i dag bruker en metode kalt FFF, fused filament fabrication (ogs\u00e5 kalt FDM, fused deposition modelling). Disse printerne varmer opp et plastmateriale som s\u00e5 legges lag p\u00e5 lag med en dyse for \u00e5 bygge opp en modell. Ved rett temperatur vil materialet limes sammen med forrige lag. Et veldig vanlig material som brukes er PLA, polylactic acid. Dette er et biologisk nedbrytbart materiale som er lett \u00e5 printe med, det er rimelig, lukter lite og kommer i mange farger. Avhengig av st\u00f8rrelse og detaljniv\u00e5 kan det ta alt fra minutter, til timer, til dager \u00e5 printe en modell.<\/p>\n<p>&nbsp;<\/p>\n<p>3d-printing har tre steg:<\/p>\n<ol>\n<li>Lag eller last ned en 3d-modell<\/li>\n<li>Slicing\/lagdeling av modellen<\/li>\n<li>Print!<\/li>\n<\/ol>\n<p><img data-recalc-dims=\"1\" loading=\"lazy\" decoding=\"async\" class=\"alignnone wp-image-52\" src=\"https:\/\/i0.wp.com\/blogg.hiof.no\/digifabart\/files\/2022\/03\/3dprintingprocess.png?resize=542%2C184&#038;ssl=1\" alt=\"\" width=\"542\" height=\"184\" srcset=\"https:\/\/i0.wp.com\/blogg.hiof.no\/digifabart\/files\/2022\/03\/3dprintingprocess.png?resize=300%2C102&amp;ssl=1 300w, https:\/\/i0.wp.com\/blogg.hiof.no\/digifabart\/files\/2022\/03\/3dprintingprocess.png?resize=1024%2C347&amp;ssl=1 1024w, https:\/\/i0.wp.com\/blogg.hiof.no\/digifabart\/files\/2022\/03\/3dprintingprocess.png?resize=768%2C260&amp;ssl=1 768w, https:\/\/i0.wp.com\/blogg.hiof.no\/digifabart\/files\/2022\/03\/3dprintingprocess.png?w=1469&amp;ssl=1 1469w\" sizes=\"auto, (max-width: 542px) 100vw, 542px\" \/><\/p>\n<p>Disse stegene er gjenkjennelige og g\u00e5r ut p\u00e5 det samme uavhengig av hvilken 3d-printer man bruker.<\/p>\n<p>&nbsp;<\/p>\n<h4>1) Lag eller last ned en 3d-modell<\/h4>\n<p>En 3d-printer skriver ut 3d-objekter. Det er flere metoder for \u00e5 skaffe en modell som kan skrives ut.<\/p>\n<ul>\n<li><strong>Designe en fra bunnen av<\/strong>. Her kan man bruke et CAD-program (computer aided design) for \u00e5 lage en 3d-modell. Vi skal se p\u00e5 Tinkercad, som er et flott gratis online alternativ.<\/li>\n<li><strong>Bruke en 3d-scanner<\/strong>. Man kan digitalisere et fysisk objekt ved \u00e5 scanne det og lagre det som en 3d-modell. Det fins ogs\u00e5 apper til mobil som gj\u00f8r den i stand til \u00e5 3d-scanne.<\/li>\n<li><strong>Laste ned en modell<\/strong>. Det fins flere sider p\u00e5 nettet dedikert til deling av modeller. Her kan man laste ned en man liker og printe den selv. Pass p\u00e5 at det er en .STL-fil, for da er du sikker p\u00e5 at den kan brukes videre.<\/li>\n<\/ul>\n<p>&nbsp;<\/p>\n<p><span style=\"color: #3366ff\">Vi har her valgt ut noen modeller som ikke tar lang tid \u00e5 printe slik at vi rekker \u00e5 f\u00e5 printet ferdig i dag. Velg en du vil printe ut og last den ned til din maskin.<\/span><\/p>\n<p>Du finner dem her: <a href=\"https:\/\/www.tinkercad.com\/joinclass\/DDWMJD7YJ6M9\">https:\/\/www.tinkercad.com\/joinclass\/DDWMJD7YJ6M9<\/a><\/p>\n<p>Alle har f\u00e5tt tildelt et brukernavn de kan bruke til \u00e5 logge inn med. G\u00e5 til &#8216;Activities&#8217; og &#8216;Printing&#8217;. Velg et design og last det ned til din maskin.<\/p>\n<p>&nbsp;<\/p>\n<h4>2) Slicing\/lagdeling av modellen<\/h4>\n<p>Vi har n\u00e5 en modell vi vil printe. Det neste steget \u00e5 lagdele den slik at printeren f\u00e5r &#8216;vite&#8217; hvordan den skal bygges opp. Produsentene av 3d-printere har ofte sin egen programvare for \u00e5 gj\u00f8re dette. Prusa har sin programvare &#8216;<a href=\"https:\/\/www.prusa3d.com\/page\/prusaslicer_424\/\">PrusaSlicer<\/a>&#8216;, Flashforge har &#8216;<a href=\"https:\/\/www.flashforge.com\/product-detail\/FlashPrint-slicer-for-flashforge-fdm-3d-printers\">Flashprint<\/a>&#8216;. Blant slik programvare er det ogs\u00e5 en del som st\u00f8tter tredjeparts 3d-printere slik at de kan brukes til andre produsenters printere ogs\u00e5. PrusaSlicer har for eksempel st\u00f8tte for en del andre produsenter. N\u00e5r vi har lagdelt modellen v\u00e5r kan vi eksportere den til et filformat 3d-printeren bruker (.gcode, .g, .gx)<\/p>\n<p>N\u00e5r vi \u00e5pner programmet vil vi f\u00e5 opp en skjerm der printplaten til v\u00e5r valgte skriver vises, og vi kan importere modellen v\u00e5r:<\/p>\n<p>Fil -&gt; Import -&gt; Import STL\/OBJ\/AMF\/3MF..<\/p>\n<p><a href=\"https:\/\/i0.wp.com\/blogg.hiof.no\/digifabart\/files\/2022\/03\/slicerimport.png?ssl=1\"><img data-recalc-dims=\"1\" loading=\"lazy\" decoding=\"async\" class=\"alignnone wp-image-60 size-large\" src=\"https:\/\/i0.wp.com\/blogg.hiof.no\/digifabart\/files\/2022\/03\/slicerimport.png?resize=1024%2C616&#038;ssl=1\" alt=\"\" width=\"1024\" height=\"616\" srcset=\"https:\/\/i0.wp.com\/blogg.hiof.no\/digifabart\/files\/2022\/03\/slicerimport.png?resize=1024%2C616&amp;ssl=1 1024w, https:\/\/i0.wp.com\/blogg.hiof.no\/digifabart\/files\/2022\/03\/slicerimport.png?resize=300%2C180&amp;ssl=1 300w, https:\/\/i0.wp.com\/blogg.hiof.no\/digifabart\/files\/2022\/03\/slicerimport.png?resize=768%2C462&amp;ssl=1 768w, https:\/\/i0.wp.com\/blogg.hiof.no\/digifabart\/files\/2022\/03\/slicerimport.png?resize=1536%2C923&amp;ssl=1 1536w, https:\/\/i0.wp.com\/blogg.hiof.no\/digifabart\/files\/2022\/03\/slicerimport.png?w=1913&amp;ssl=1 1913w\" sizes=\"auto, (max-width: 1000px) 100vw, 1000px\" \/><\/a><\/p>\n<p>&nbsp;<\/p>\n<p><strong>A)<\/strong> N\u00e5 f\u00e5r vi et inntrykk av hvordan modellen vil se ut. Dersom vi \u00f8nsker det kan vi rotere, vri, flytte p\u00e5 den, skalere, legge til flere modeller etc., men dette er stort sett ikke n\u00f8dvendig. Det vi skal gj\u00f8re er \u00e5 velge innstillinger for printeren (til h\u00f8yre i skjermbildet). La den st\u00e5 i &#8216;Simple&#8217;-modus med mindre du skal gj\u00f8re noe avansert.<\/p>\n<ul>\n<li>Velg utskriftskvalitet. 0.20mm QUALITY er standard og passende for de fleste bruksomr\u00e5der. Jo h\u00f8yere detaljniv\u00e5 man velger, jo lenger tid tar det \u00e5 printe.<\/li>\n<li>Velg filament. Standard er PLA, og det som brukes oftest.<\/li>\n<li>Velg maskintypen det skal printes p\u00e5. Printplaten vil endre seg dersom du velger en annen enn Mini som er vist her.<\/li>\n<li>Dersom du vil ha st\u00f8ttestrukturer p\u00e5 modellen kan du velge det under &#8216;supports&#8217;. Dette er aktuelt dersom du skal printe modeller med over 45<b>\u00b0<\/b> overheng, velg i s\u00e5 fall \u00e5 bygge st\u00f8tte fra printplaten.<\/li>\n<li>Velg infill. Dette valget bestemmer hvor solid innmaten skal v\u00e6re. 15% er tilstrekkelig i de fleste tilfeller.<\/li>\n<li>Brim. Dette er et hjelpemiddel for \u00e5 f\u00e5 bedre feste p\u00e5 platen. Er ikke n\u00f8dvendig med mindre man har h\u00f8ye modeller eller som har lite kontakt med byggeplaten.<\/li>\n<\/ul>\n<p>&nbsp;<\/p>\n<p><a href=\"https:\/\/i0.wp.com\/blogg.hiof.no\/digifabart\/files\/2022\/03\/slicersnile.png?ssl=1\"><img data-recalc-dims=\"1\" loading=\"lazy\" decoding=\"async\" class=\"alignnone wp-image-63 size-large\" src=\"https:\/\/i0.wp.com\/blogg.hiof.no\/digifabart\/files\/2022\/03\/slicersnile.png?resize=1024%2C614&#038;ssl=1\" alt=\"\" width=\"1024\" height=\"614\" srcset=\"https:\/\/i0.wp.com\/blogg.hiof.no\/digifabart\/files\/2022\/03\/slicersnile.png?resize=1024%2C614&amp;ssl=1 1024w, https:\/\/i0.wp.com\/blogg.hiof.no\/digifabart\/files\/2022\/03\/slicersnile.png?resize=300%2C180&amp;ssl=1 300w, https:\/\/i0.wp.com\/blogg.hiof.no\/digifabart\/files\/2022\/03\/slicersnile.png?resize=768%2C461&amp;ssl=1 768w, https:\/\/i0.wp.com\/blogg.hiof.no\/digifabart\/files\/2022\/03\/slicersnile.png?resize=1536%2C922&amp;ssl=1 1536w, https:\/\/i0.wp.com\/blogg.hiof.no\/digifabart\/files\/2022\/03\/slicersnile.png?w=1920&amp;ssl=1 1920w\" sizes=\"auto, (max-width: 1000px) 100vw, 1000px\" \/><\/a><\/p>\n<p>&nbsp;<\/p>\n<p><strong>B)<\/strong> Det neste trinnet er \u00e5 lagdele modellen. Trykk p\u00e5 &#8216;Slice now&#8217; nederst til h\u00f8yre.<\/p>\n<p>&nbsp;<\/p>\n<p><a href=\"https:\/\/i0.wp.com\/blogg.hiof.no\/digifabart\/files\/2022\/03\/slicedsnile.png?ssl=1\"><img data-recalc-dims=\"1\" loading=\"lazy\" decoding=\"async\" class=\"alignnone wp-image-62 size-large\" src=\"https:\/\/i0.wp.com\/blogg.hiof.no\/digifabart\/files\/2022\/03\/slicedsnile.png?resize=1024%2C614&#038;ssl=1\" alt=\"\" width=\"1024\" height=\"614\" srcset=\"https:\/\/i0.wp.com\/blogg.hiof.no\/digifabart\/files\/2022\/03\/slicedsnile.png?resize=1024%2C614&amp;ssl=1 1024w, https:\/\/i0.wp.com\/blogg.hiof.no\/digifabart\/files\/2022\/03\/slicedsnile.png?resize=300%2C180&amp;ssl=1 300w, https:\/\/i0.wp.com\/blogg.hiof.no\/digifabart\/files\/2022\/03\/slicedsnile.png?resize=768%2C461&amp;ssl=1 768w, https:\/\/i0.wp.com\/blogg.hiof.no\/digifabart\/files\/2022\/03\/slicedsnile.png?resize=1536%2C922&amp;ssl=1 1536w, https:\/\/i0.wp.com\/blogg.hiof.no\/digifabart\/files\/2022\/03\/slicedsnile.png?w=1920&amp;ssl=1 1920w\" sizes=\"auto, (max-width: 1000px) 100vw, 1000px\" \/><\/a><\/p>\n<p>N\u00e5 f\u00e5r vi en se en representasjon av hvordan modellen vil bli bygd opp. Vi f\u00e5r et ganske n\u00f8yaktig overslag over forbruk og tidsbruk. Vi kan inspisere modellen lag for lag. Dersom vi ikke er forn\u00f8yde kan vi trykke p\u00e5 kuben nederst til venstre og gj\u00f8re punkt A og B over p\u00e5 nytt igjen til det ser tilfredsstillende ut.<\/p>\n<p>N\u00e5r vi er forn\u00f8yde er det siste steget \u00e5 eksportere til G-code (printerens &#8216;spr\u00e5k&#8217;). Trykk p\u00e5 knappen &#8216;Export G-code&#8217; nederst til venstre og lagre filen.<\/p>\n<h4>3) Print!<\/h4>\n<p>Denne filen overf\u00f8rer vi s\u00e5 til en usb-stick eller et SD-kort (st\u00e5r i printeren) og setter tilbake i printeren.<\/p>\n<p>T\u00f8rk over byggeplaten med isopropanol for \u00e5 fjerne eventuelle tidligere rester eller fettmerker.<\/p>\n<p>Bruk printerens meny til \u00e5 finne filen din og trykk print. F\u00f8lg med p\u00e5 de f\u00f8rste lagene for \u00e5 forsikre deg om at de sitter fast i platen og ikke l\u00f8sner.<\/p>\n<p>P\u00e5 Mini velger du &#8216;Print&#8217; og finner filen din, og p\u00e5 MK3S velger du &#8216;Print from SD&#8217; og finner filen din.<\/p>\n<p><img data-recalc-dims=\"1\" loading=\"lazy\" decoding=\"async\" class=\"wp-image-68 alignnone\" src=\"https:\/\/i0.wp.com\/blogg.hiof.no\/digifabart\/files\/2022\/03\/minimeny.png?resize=152%2C178&#038;ssl=1\" alt=\"\" width=\"152\" height=\"178\" srcset=\"https:\/\/i0.wp.com\/blogg.hiof.no\/digifabart\/files\/2022\/03\/minimeny.png?w=734&amp;ssl=1 734w, https:\/\/i0.wp.com\/blogg.hiof.no\/digifabart\/files\/2022\/03\/minimeny.png?resize=256%2C300&amp;ssl=1 256w\" sizes=\"auto, (max-width: 152px) 100vw, 152px\" \/><img data-recalc-dims=\"1\" loading=\"lazy\" decoding=\"async\" class=\"wp-image-69 alignnone\" src=\"https:\/\/i0.wp.com\/blogg.hiof.no\/digifabart\/files\/2022\/03\/mk3smeny.png?resize=242%2C140&#038;ssl=1\" alt=\"\" width=\"242\" height=\"140\" srcset=\"https:\/\/i0.wp.com\/blogg.hiof.no\/digifabart\/files\/2022\/03\/mk3smeny.png?resize=1024%2C593&amp;ssl=1 1024w, https:\/\/i0.wp.com\/blogg.hiof.no\/digifabart\/files\/2022\/03\/mk3smeny.png?resize=300%2C174&amp;ssl=1 300w, https:\/\/i0.wp.com\/blogg.hiof.no\/digifabart\/files\/2022\/03\/mk3smeny.png?resize=768%2C445&amp;ssl=1 768w, https:\/\/i0.wp.com\/blogg.hiof.no\/digifabart\/files\/2022\/03\/mk3smeny.png?w=1057&amp;ssl=1 1057w\" sizes=\"auto, (max-width: 242px) 100vw, 242px\" \/><\/p>\n<p>&nbsp;<\/p>\n<h3>Filament<\/h3>\n<p>Filament er en fellesbetegnelse p\u00e5 det materialet vi printer med. Dersom materialet vi vil printe med ikke er p\u00e5 plass i printeren f\u00f8r vi starter m\u00e5 vi vite hvordan vi tar ut det forrige materialet og setter inn nytt. Dette er ganske enkelt, og printeren klarer \u00e5 styre en del av denne prosessen selv.<\/p>\n<p><strong>Ta ut filament.<\/strong> Det f\u00f8rste vi gj\u00f8r er \u00e5 navigere i menyen og velger &#8216;unload filament&#8217;. Printeren vil da varme opp for \u00e5 l\u00f8sne det tidligere filamentet. N\u00e5r den er klar vil den indikere p\u00e5 skjermen hva man m\u00e5 &#8216;hjelpe den&#8217; med. Typisk vil dette v\u00e6re rett og slett \u00e5 dra ut filament.<\/p>\n<p><strong>Laste inn filament<\/strong>. Sjekk f\u00f8rst at den nye filamentrullen er tvinnet opp fint slik at det ikke er noen &#8216;floker&#8217;. I menyen finner vi ogs\u00e5 et valg for &#8216;load filament&#8217; eller &#8216;autoload filament&#8217;. P\u00e5 en Mini m\u00e5 filamentet gjennom en tilf\u00f8rselstube, mens p\u00e5 en MK3S tres filamentet rett ned i skriverhodet. Klipp av enden p\u00e5 filamentet slik at det blir spisst f\u00f8r det tres inn og f\u00f8lg instruksjonene fra printeren. P\u00e5 en Mini kan det tres inn ca. halvveis f\u00f8r vi trykker p\u00e5 &#8216;load filament&#8217;.<\/p>\n<p>N\u00e5r filamentet er kommet til skriverhodet er det viktig at printeren f\u00f8r spr\u00f8ytet ut litt filament helt til fargen er riktig, siden det kan sitte litt rester fra tidligere i hodet. Dette vil den sp\u00f8rre deg om helt til du er forn\u00f8yd.<\/p>\n<p>&nbsp;<\/p>\n<h4>Noen vanlige filamenttyper<\/h4>\n<p>PLA (polylactic acid)<\/p>\n<p>+ Det vanligste materialet. Lett \u00e5 bruke og det som printes blir veldig hardt og lite fleksibelt. Fint \u00e5 bruke for store modeller, og ogs\u00e5 for \u00e5 printe detaljert.<\/p>\n<p>&#8211; Materialet blir skj\u00f8rt\/spr\u00f8tt. Det t\u00e5ler ikke h\u00f8ye temperaturer (over 60<b>\u00b0<\/b>C), og er ikke egnet for utend\u00f8rs bruk.<\/p>\n<p>&nbsp;<\/p>\n<p>PET\/PETG (Polyethylene Terephthalate (Glycol-modified))<\/p>\n<p>+ Et annet vanlig materiale. Fint til mekaniske komponenter. T\u00e5ler h\u00f8y temperatur. Blir ikke like stivt\/skj\u00f8rt som PLA. Lett \u00e5 printe med og f\u00e5r en blank(ere) overflate.<\/p>\n<p>&#8211; Ikke s\u00e5 egnet til sm\u00e5 modeller. St\u00f8ttestrukturer kan v\u00e6re vanskelige \u00e5 fjerne.<\/p>\n<p>&nbsp;<\/p>\n<p>ASA\/ABS (Acrylonitrile Styrene Acrylate\/Acrylonitrile Butadiene Styrene)<\/p>\n<p>+ Sterkt og anvendelig materiale med h\u00f8y smeltepunkt. T\u00e5ler st\u00f8t og er slitesterkt. Kan anvendes utend\u00f8rs.<\/p>\n<p>&#8211; Vanskelig \u00e5 printe med fordi det ogs\u00e5 utvider seg med varme. Avgir ubehagelig lukt under printing.<\/p>\n<p>&nbsp;<\/p>\n<p>&nbsp;<\/p>\n<p>&nbsp;<\/p>\n","protected":false},"excerpt":{"rendered":"<p>Denne workshopen er en introduksjon til 3d-printing. Vi skal ha fokus p\u00e5 det praktiske ved 3d-printing og det er tenkt at deltakerne skal f\u00e5 pr\u00f8ve s\u00e5 mye som mulig selv slik at man f\u00e5r litt erfaring med det. Litt &#8216;teori&#8217; og bakgrunnsinformasjon er det allikevel n\u00f8dvendig \u00e5 gjennomg\u00e5. 3d-printing De vanligste 3d-printerne i dag bruker <a class=\"read-more\" href=\"https:\/\/blogg.hiof.no\/digifabart\/3d-modelling-og-printing\/\">&hellip;&nbsp;<span class=\"meta-nav\">&rarr;<\/span><\/a><\/p>\n","protected":false},"author":454,"featured_media":0,"parent":0,"menu_order":0,"comment_status":"closed","ping_status":"closed","template":"","meta":{"footnotes":""},"class_list":["post-43","page","type-page","status-publish","hentry"],"jetpack-related-posts":[],"jetpack_sharing_enabled":true,"_links":{"self":[{"href":"https:\/\/blogg.hiof.no\/digifabart\/wp-json\/wp\/v2\/pages\/43","targetHints":{"allow":["GET"]}}],"collection":[{"href":"https:\/\/blogg.hiof.no\/digifabart\/wp-json\/wp\/v2\/pages"}],"about":[{"href":"https:\/\/blogg.hiof.no\/digifabart\/wp-json\/wp\/v2\/types\/page"}],"author":[{"embeddable":true,"href":"https:\/\/blogg.hiof.no\/digifabart\/wp-json\/wp\/v2\/users\/454"}],"replies":[{"embeddable":true,"href":"https:\/\/blogg.hiof.no\/digifabart\/wp-json\/wp\/v2\/comments?post=43"}],"version-history":[{"count":25,"href":"https:\/\/blogg.hiof.no\/digifabart\/wp-json\/wp\/v2\/pages\/43\/revisions"}],"predecessor-version":[{"id":78,"href":"https:\/\/blogg.hiof.no\/digifabart\/wp-json\/wp\/v2\/pages\/43\/revisions\/78"}],"wp:attachment":[{"href":"https:\/\/blogg.hiof.no\/digifabart\/wp-json\/wp\/v2\/media?parent=43"}],"curies":[{"name":"wp","href":"https:\/\/api.w.org\/{rel}","templated":true}]}}