{"id":79,"date":"2022-03-30T12:18:33","date_gmt":"2022-03-30T12:18:33","guid":{"rendered":"https:\/\/blogg.hiof.no\/digifabart\/?page_id=79"},"modified":"2022-03-30T12:18:33","modified_gmt":"2022-03-30T12:18:33","slug":"idebank","status":"publish","type":"page","link":"https:\/\/blogg.hiof.no\/digifabart\/idebank\/","title":{"rendered":"Id\u00e9bank"},"content":{"rendered":"<p>P\u00e5 denne siden er det samlet en del lenker som kan fungere som inspirasjon. P\u00e5 de fleste av sidene kan man ogs\u00e5 laste ned designene slik at de kan printes eller gj\u00f8res endringer p\u00e5. Det er ogs\u00e5 tatt med en seksjon om Micro:bit, samt lenker til noen flinke folk p\u00e5 Youtube.<\/p>\n<p>&nbsp;<\/p>\n<h3>3d-modellering og printing<\/h3>\n<p style=\"margin: 0in;font-family: Calibri;font-size: 11.0pt\"><a href=\"https:\/\/www.tinkercad.com\">https:\/\/www.tinkercad.com<\/a><\/p>\n<p style=\"margin: 0in;font-family: Calibri;font-size: 11.0pt\">Lag 3d-modeller, blokkprogrammering, kretser mm online. Gratis \u00e5 bruke. Her fins ogs\u00e5 mange oppl\u00e6rings\u00f8velser for \u00e5 l\u00e6re programmet \u00e5 kjenne.<\/p>\n<p style=\"margin: 0in;font-family: Calibri;font-size: 11.0pt\">\n<p lang=\"nb\" style=\"margin: 0in;font-family: Calibri;font-size: 11.0pt\"><a href=\"https:\/\/www.thingiverse.com\">https:\/\/www.thingiverse.com<\/a><\/p>\n<p style=\"margin: 0in;font-family: Calibri;font-size: 11.0pt\">Massevis av designs\/modeller<\/p>\n<p style=\"margin: 0in;font-family: Calibri;font-size: 11.0pt\">\n<p lang=\"nb\" style=\"margin: 0in;font-family: Calibri;font-size: 11.0pt\"><a href=\"https:\/\/www.prusaprinters.org\">https:\/\/www.prusaprinters.org<\/a><\/p>\n<p style=\"margin: 0in;font-family: Calibri;font-size: 11.0pt\">Designs<\/p>\n<p style=\"margin: 0in;font-family: Calibri;font-size: 11.0pt\">\n<p lang=\"nb\" style=\"margin: 0in;font-family: Calibri;font-size: 11.0pt\"><a href=\"https:\/\/www.myminifactory.com\">https:\/\/www.myminifactory.com<\/a><\/p>\n<p style=\"margin: 0in;font-family: Calibri;font-size: 11.0pt\">Massevis av designs, inndelt i kategorier<\/p>\n<p style=\"margin: 0in;font-family: Calibri;font-size: 11.0pt\">\n<p lang=\"nb\" style=\"margin: 0in;font-family: Calibri;font-size: 11.0pt\"><a href=\"https:\/\/pinshape.com\">https:\/\/pinshape.com<\/a><\/p>\n<p style=\"margin: 0in;font-family: Calibri;font-size: 11.0pt\">Massevis av designs, inndelt i kategorier<\/p>\n<p style=\"margin: 0in;font-family: Calibri;font-size: 11.0pt\">\n<p lang=\"nb\" style=\"margin: 0in;font-family: Calibri;font-size: 11.0pt\"><a href=\"https:\/\/www.youmagine.com\">https:\/\/www.youmagine.com<\/a><\/p>\n<p style=\"margin: 0in;font-family: Calibri;font-size: 11.0pt\">Designs<\/p>\n<p style=\"margin: 0in;font-family: Calibri;font-size: 11.0pt\">\n<p lang=\"nb\" style=\"margin: 0in;font-family: Calibri;font-size: 11.0pt\"><a href=\"https:\/\/www.gambody.com\">https:\/\/www.gambody.com<\/a><\/p>\n<p style=\"margin: 0in;font-family: Calibri;font-size: 11.0pt\">Markedsplass for designs, hovedsakelig brettspillfigurer og annet fra popkultur<\/p>\n<p style=\"margin: 0in;font-family: Calibri;font-size: 11.0pt\">\n<h3>Micro:bit<\/h3>\n<p lang=\"nb\" style=\"margin: 0in;font-family: Calibri;font-size: 11.0pt\"><a href=\"https:\/\/www.instructables.com\/circuits\/microcontrollers\/projects\/\">https:\/\/www.instructables.com\/circuits\/microcontrollers\/projects\/<\/a><\/p>\n<p style=\"margin: 0in;font-family: Calibri;font-size: 11.0pt\">Prosjekter med forskjellige mikrokontrollere, micro:bit, arduino etc<\/p>\n<p style=\"margin: 0in;font-family: Calibri;font-size: 11.0pt\">\n<p lang=\"nb\" style=\"margin: 0in;font-family: Calibri;font-size: 11.0pt\"><a href=\"https:\/\/www.instructables.com\">https:\/\/www.instructables.com<\/a><\/p>\n<p style=\"margin: 0in;font-family: Calibri;font-size: 11.0pt\">Hovedsiden, med diverse prosjektideer, ikke bare digital fabrikasjon<\/p>\n<p lang=\"nb\" style=\"margin: 0in;font-family: Calibri;font-size: 11.0pt\">\n<p lang=\"nb\" style=\"margin: 0in;font-family: Calibri;font-size: 11.0pt\"><a href=\"https:\/\/makecode.microbit.org\">https:\/\/makecode.microbit.org<\/a><\/p>\n<p style=\"margin: 0in;font-family: Calibri;font-size: 11.0pt\">Koding med micro:bit. Her fins det mulighet for \u00e5 kode selv, diverse \u00f8velser for begynnere, kurs, eksempler, litt teknisk bakgrunn og eksperimenter.<\/p>\n<h3>Youtube<\/h3>\n<p lang=\"nb\" style=\"margin: 0in;font-family: Calibri;font-size: 11.0pt\"><a href=\"https:\/\/www.youtube.com\/user\/greatscottlab\">https:\/\/www.youtube.com\/user\/greatscottlab<\/a><\/p>\n<p style=\"margin: 0in;font-family: Calibri;font-size: 11.0pt\">Elektronikkanal, med diverse innhold, elektronikkeksperimenter, DIY, 3d-print m.m.<\/p>\n<p style=\"margin: 0in;font-family: Calibri;font-size: 11.0pt\">\n<p lang=\"nb\" style=\"margin: 0in;font-family: Calibri;font-size: 11.0pt\"><a href=\"https:\/\/www.youtube.com\/channel\/UC5XpBP5BiHv_JRQGDsi2hfw\">https:\/\/www.youtube.com\/channel\/UC5XpBP5BiHv_JRQGDsi2hfw<\/a><\/p>\n<p style=\"margin: 0in;font-family: Calibri;font-size: 11.0pt\">Norsk kanal p\u00e5 Youtube med mange videoer om hvordan komme i gang med micro:bit.<\/p>\n<p style=\"margin: 0in;font-family: Calibri;font-size: 11.0pt\">\n<p lang=\"nb\" style=\"margin: 0in;font-family: Calibri;font-size: 11.0pt\"><a href=\"https:\/\/www.youtube.com\/results?search_query=tinkercad\">https:\/\/www.youtube.com\/results?search_query=tinkercad<\/a><\/p>\n<p style=\"margin: 0in;font-family: Calibri;font-size: 11.0pt\">Et s\u00f8k p\u00e5 youtube, her fins mange &#8216;tutorials&#8217; for tinkercad.<\/p>\n<p style=\"margin: 0in;font-family: Calibri;font-size: 11.0pt\">\n<p lang=\"nb\" style=\"margin: 0in;font-family: Calibri;font-size: 11.0pt\"><a href=\"https:\/\/www.youtube.com\/results?search_query=microbit\">https:\/\/www.youtube.com\/results?search_query=microbit<\/a><\/p>\n<p style=\"margin: 0in;font-family: Calibri;font-size: 11.0pt\">Et s\u00f8k p\u00e5 youtube, med diverse micro:bit-prosjekter og &#8216;tutorials&#8217;<\/p>\n<p style=\"margin: 0in;font-family: Calibri;font-size: 11.0pt\">\n<p lang=\"nb\" style=\"margin: 0in;font-family: Calibri;font-size: 11.0pt\"><a href=\"https:\/\/www.youtube.com\/c\/simonegiertz\">https:\/\/www.youtube.com\/c\/simonegiertz<\/a><\/p>\n<p style=\"margin: 0in;font-family: Calibri;font-size: 11.0pt\">&laquo;Dronningen&raquo; av shitty robots<\/p>\n","protected":false},"excerpt":{"rendered":"<p>P\u00e5 denne siden er det samlet en del lenker som kan fungere som inspirasjon. P\u00e5 de fleste av sidene kan man ogs\u00e5 laste ned designene slik at de kan printes eller gj\u00f8res endringer p\u00e5. Det er ogs\u00e5 tatt med en seksjon om Micro:bit, samt lenker til noen flinke folk p\u00e5 Youtube. &nbsp; 3d-modellering og printing <a class=\"read-more\" href=\"https:\/\/blogg.hiof.no\/digifabart\/idebank\/\">&hellip;&nbsp;<span class=\"meta-nav\">&rarr;<\/span><\/a><\/p>\n","protected":false},"author":2095,"featured_media":0,"parent":0,"menu_order":0,"comment_status":"closed","ping_status":"closed","template":"","meta":{"footnotes":""},"class_list":["post-79","page","type-page","status-publish","hentry"],"jetpack-related-posts":[],"jetpack_sharing_enabled":true,"_links":{"self":[{"href":"https:\/\/blogg.hiof.no\/digifabart\/wp-json\/wp\/v2\/pages\/79","targetHints":{"allow":["GET"]}}],"collection":[{"href":"https:\/\/blogg.hiof.no\/digifabart\/wp-json\/wp\/v2\/pages"}],"about":[{"href":"https:\/\/blogg.hiof.no\/digifabart\/wp-json\/wp\/v2\/types\/page"}],"author":[{"embeddable":true,"href":"https:\/\/blogg.hiof.no\/digifabart\/wp-json\/wp\/v2\/users\/2095"}],"replies":[{"embeddable":true,"href":"https:\/\/blogg.hiof.no\/digifabart\/wp-json\/wp\/v2\/comments?post=79"}],"version-history":[{"count":1,"href":"https:\/\/blogg.hiof.no\/digifabart\/wp-json\/wp\/v2\/pages\/79\/revisions"}],"predecessor-version":[{"id":80,"href":"https:\/\/blogg.hiof.no\/digifabart\/wp-json\/wp\/v2\/pages\/79\/revisions\/80"}],"wp:attachment":[{"href":"https:\/\/blogg.hiof.no\/digifabart\/wp-json\/wp\/v2\/media?parent=79"}],"curies":[{"name":"wp","href":"https:\/\/api.w.org\/{rel}","templated":true}]}}