{"id":105,"date":"2022-09-27T20:39:14","date_gmt":"2022-09-27T20:39:14","guid":{"rendered":"https:\/\/blogg.hiof.no\/digifabmat\/?page_id=105"},"modified":"2022-11-29T16:14:12","modified_gmt":"2022-11-29T16:14:12","slug":"introduksjon-til-3d-modellering","status":"publish","type":"page","link":"https:\/\/blogg.hiof.no\/digifabmat\/arbeidsmate\/introduksjon-til-3d-modellering\/","title":{"rendered":"Introduksjon til 3D modellering"},"content":{"rendered":"<p class=\"page-title\">Vi kommer bruker verkt\u00f8y Tinkercad for 3d-modellering. Det er tre trinn for \u00e5 komme i gang.<\/p>\n<p>1. Lager deg en konto\u00a0<a class=\"external\" href=\"https:\/\/www.tinkercad.com\/join\" target=\"_blank\" rel=\"noreferrer noopener\">https:\/\/www.tinkercad.com\/join<\/a><\/p>\n<p>2. L\u00e6r de viktigste funksjonene. Start med &laquo;Place It!&raquo;<br \/>\n<a class=\"external\" href=\"https:\/\/www.tinkercad.com\/learn\/project-gallery;collectionId=OPC41AJJKIKDWDV\" target=\"_blank\" rel=\"noreferrer noopener\">https:\/\/www.tinkercad.com\/learn\/project-gallery;collectionId=OPC41AJJKIKDWDV<\/a><\/p>\n<p>3. L\u00e6r deg hvordan du kan endre eksisterende STL-filer enkelt ved \u00e5 bruke TinkerCAD:<a class=\"external youtubed\" href=\"https:\/\/www.youtube.com\/watch?v=OvHiLiEo1bY\" target=\"_blank\" rel=\"noreferrer noopener\">https:\/\/www.youtube.com\/watch?v=OvHiLiEo1bY<\/a><a class=\"youtubed fOyUs_bGBk fbyHH_bGBk fbyHH_vIby\" href=\"https:\/\/www.youtube.com\/watch?v=OvHiLiEo1bY\"><img decoding=\"async\" class=\"media_comment_thumbnail\" src=\"https:\/\/hiof.instructure.com\/images\/play_overlay.png\" alt=\"\" \/><\/a><\/p>\n<p>&nbsp;<\/p>\n<p>Vi bruker et nettbasert program som heter Tinkercad til 3D-design. Man lager seg en konto, og kan logge p\u00e5 fra hvilken som helst datamaskin. N\u00e5r du logger inn, vil du f\u00f8rst se en del tutorials. Det anbefales \u00e5 gj\u00f8re disse f\u00f8r du begynner \u00e5 lage ditt eget design. Da l\u00e6rer du deg hovedprinsippene, og kan eksperimentere videre selv.<\/p>\n<p>I Tinkercad setter du sammen og tilpasser ulike former. I h\u00f8yremenyen kan man velge former, som for eksempel boks, sylinder og kjegle. Man tar tak i en form, og drar den inn p\u00e5 arbeidsbrettet. Der kan man tilpasse formen p\u00e5 flere m\u00e5ter. Man kan endre st\u00f8rrelse, og man kan dra i den slik at den blir slik man \u00f8nsker. Det finnes ogs\u00e5 innstillinger for \u00e5 runde av kantene, gj\u00f8re den glatt eller kantete, med mer.<\/p>\n<p>Formene kan gj\u00f8res b\u00e5de som ugjennomsiktig eller som hul. Hvis du vil lage en kopp, tar du f\u00f8rst en ugjennomsiktig sylinder. S\u00e5 tar du en sylinder som hul som er mindre, og setter oppi, slik at koppen f\u00e5r et hul oppi. Deretter grupperer du dem.<\/p>\n<div class=\"object-center\">\n<div class=\"content-view-embeddedmedia\">\n<div class=\"class-image\">\n<div class=\"attribute-image\"><\/div>\n<\/div>\n<\/div>\n<\/div>\n<p>Det er en fordel \u00e5 ha mus med scrollehjul. Scrollehjulet bruker man til \u00e5 zoome inn og ut. Man holder inne h\u00f8yre museknapp for \u00e5 vende p\u00e5 designet. En stor overgang fra \u00e5 gj\u00f8re design todimensjonalt i forhold til tredimensjonalt, er jo at du f\u00e5r flere sider \u00e5 se en figur fra. Alt kan se helt fint ut f\u00f8r du dreier p\u00e5 designet, men plutselig innser du at modellen faktisk ikke henger sammen. Derfor er det bare \u00e5 \u00f8ve og pr\u00f8ve seg fram.<\/p>\n","protected":false},"excerpt":{"rendered":"<p>Vi kommer bruker verkt\u00f8y Tinkercad for 3d-modellering. Det er tre trinn for \u00e5 komme i gang. 1. Lager deg en konto\u00a0https:\/\/www.tinkercad.com\/join 2. L\u00e6r de viktigste funksjonene. Start med &laquo;Place It!&raquo; https:\/\/www.tinkercad.com\/learn\/project-gallery;collectionId=OPC41AJJKIKDWDV 3. L\u00e6r deg hvordan du kan endre eksisterende STL-filer enkelt ved \u00e5 bruke TinkerCAD:https:\/\/www.youtube.com\/watch?v=OvHiLiEo1bY &nbsp; Vi bruker et nettbasert program som heter Tinkercad til &hellip; <\/p>\n<p class=\"link-more\"><a href=\"https:\/\/blogg.hiof.no\/digifabmat\/arbeidsmate\/introduksjon-til-3d-modellering\/\" class=\"more-link\">Fortsett \u00e5 lese<span class=\"screen-reader-text\"> \u00abIntroduksjon til 3D modellering\u00bb<\/span><\/a><\/p>\n","protected":false},"author":454,"featured_media":0,"parent":29,"menu_order":1,"comment_status":"closed","ping_status":"closed","template":"","meta":{"footnotes":""},"class_list":["post-105","page","type-page","status-publish","hentry"],"_links":{"self":[{"href":"https:\/\/blogg.hiof.no\/digifabmat\/wp-json\/wp\/v2\/pages\/105","targetHints":{"allow":["GET"]}}],"collection":[{"href":"https:\/\/blogg.hiof.no\/digifabmat\/wp-json\/wp\/v2\/pages"}],"about":[{"href":"https:\/\/blogg.hiof.no\/digifabmat\/wp-json\/wp\/v2\/types\/page"}],"author":[{"embeddable":true,"href":"https:\/\/blogg.hiof.no\/digifabmat\/wp-json\/wp\/v2\/users\/454"}],"replies":[{"embeddable":true,"href":"https:\/\/blogg.hiof.no\/digifabmat\/wp-json\/wp\/v2\/comments?post=105"}],"version-history":[{"count":1,"href":"https:\/\/blogg.hiof.no\/digifabmat\/wp-json\/wp\/v2\/pages\/105\/revisions"}],"predecessor-version":[{"id":107,"href":"https:\/\/blogg.hiof.no\/digifabmat\/wp-json\/wp\/v2\/pages\/105\/revisions\/107"}],"up":[{"embeddable":true,"href":"https:\/\/blogg.hiof.no\/digifabmat\/wp-json\/wp\/v2\/pages\/29"}],"wp:attachment":[{"href":"https:\/\/blogg.hiof.no\/digifabmat\/wp-json\/wp\/v2\/media?parent=105"}],"curies":[{"name":"wp","href":"https:\/\/api.w.org\/{rel}","templated":true}]}}