{"id":111,"date":"2022-11-29T16:09:28","date_gmt":"2022-11-29T16:09:28","guid":{"rendered":"https:\/\/blogg.hiof.no\/digifabmat\/?page_id=111"},"modified":"2022-11-29T16:27:27","modified_gmt":"2022-11-29T16:27:27","slug":"introduksjon-til-laserkutter","status":"publish","type":"page","link":"https:\/\/blogg.hiof.no\/digifabmat\/arbeidsmate\/introduksjon-til-laserkutter\/","title":{"rendered":"Introduksjon til laserkutter"},"content":{"rendered":"<h2>Introduksjon til laserkutter<\/h2>\n<p>Laserkutter (ogs\u00e5 kalt laserskj\u00e6rer) er en maskin som lar deg gravere og kutte i akryl, tre, trefiner, papp, og en rekke andre materialer. Laserkuttere kan gravere, men ikke kutte, i stein, glass og metall. Den fungerer i prinsippet p\u00e5 samme m\u00e5ten som en vinylskj\u00e6rer ved at den beveger seg i to akser, men i stedet for \u00e5 skj\u00e6re med et knivblad brukes en kraftig laser til \u00e5 brenne seg ned i materialet. Det f\u00f8rer til at det dannes en rekke gasser som m\u00e5 fjernes med avsug\/avtrekk.<\/p>\n<p>Det er en rekke sikkerhetsmessige hensyn man m\u00e5 ta ved bruk av laserkuttere. Det kan oppst\u00e5 brann, og giftige, kreftfremkallende gasser kan oppst\u00e5 ved bruk av feil materialer. Derfor krever laserkuttere en helt annen oppl\u00e6ring og kontroll enn det vinylskj\u00e6reren gj\u00f8r. De fleste laserkuttere br\u00e5ker en god del og krever eget avtrekk eller et avsugsanlegg med kullfilter. Ideelt sett b\u00f8r laserkuttere v\u00e6re i et eget rom og ogs\u00e5 ha et CO2-brannslukningsapparat lett tilgjengelig.<\/p>\n<p>Laserkuttere er ingen ny teknologi, den er over 30 \u00e5r gammel. Det nye og spennende n\u00e5, er at laserkutterne blir billigere og mer brukervennlige. Vi bruker glowforge laserkutteren som for tiden koster $4000.<\/p>\n<h2>2D Model<\/h2>\n<p>Laserkutter kan skj\u00e6re ut i 2D. Dette betyr at du m\u00e5 finne en eksisterende 2D-modell eller lage din egen. Hvis du nettopp startet, anbefaler vi \u00e5 bla gjennom <a class=\"inline_disabled external\" href=\"http:\/\/thingiverse.com\/\" target=\"_blank\" rel=\"noreferrer noopener\">Thingiverse<\/a>\u00a0og finne noe enkelt som ser interessant ut for din f\u00f8rste testutskrift. Uansett hvilken fil du velger, m\u00e5 du kontrollere at den er i\u00a0<strong>SVG<\/strong>-filformat. Selv om det finnes utallige andre formater for 2D -modeller er disse vanligvis ikke kompatible med programvaren du vil bruke til \u00e5\u00a0 kj\u00f8re laserkutteren.<\/p>\n<p><!--more--><\/p>\n<h2>Forberede 2D-modelen<\/h2>\n<p>N\u00e5r du har valgt 2D -modellen du vil skj\u00e6re ut, m\u00e5 du importere modelen til laserkutterens programvare eller utskriftsdialog.<\/p>\n<p>1. Du kan importere en eller flere SVG-filer til Glowforge.<\/p>\n<p>2. Du kan flytte runt modelen p\u00e5 printytan.<\/p>\n<p>3. N\u00e5 m\u00e5 du velge de riktige innstillingene.<\/p>\n<p>4. Print<\/p>\n<p><!--more--><\/p>\n<h2>Tips og tricks<\/h2>\n<p>&nbsp;<\/p>\n","protected":false},"excerpt":{"rendered":"<p>Introduksjon til laserkutter Laserkutter (ogs\u00e5 kalt laserskj\u00e6rer) er en maskin som lar deg gravere og kutte i akryl, tre, trefiner, papp, og en rekke andre materialer. Laserkuttere kan gravere, men ikke kutte, i stein, glass og metall. Den fungerer i prinsippet p\u00e5 samme m\u00e5ten som en vinylskj\u00e6rer ved at den beveger seg i to akser, &hellip; <\/p>\n<p class=\"link-more\"><a href=\"https:\/\/blogg.hiof.no\/digifabmat\/arbeidsmate\/introduksjon-til-laserkutter\/\" class=\"more-link\">Fortsett \u00e5 lese<span class=\"screen-reader-text\"> \u00abIntroduksjon til laserkutter\u00bb<\/span><\/a><\/p>\n","protected":false},"author":454,"featured_media":0,"parent":29,"menu_order":4,"comment_status":"closed","ping_status":"closed","template":"","meta":{"footnotes":""},"class_list":["post-111","page","type-page","status-publish","hentry"],"_links":{"self":[{"href":"https:\/\/blogg.hiof.no\/digifabmat\/wp-json\/wp\/v2\/pages\/111","targetHints":{"allow":["GET"]}}],"collection":[{"href":"https:\/\/blogg.hiof.no\/digifabmat\/wp-json\/wp\/v2\/pages"}],"about":[{"href":"https:\/\/blogg.hiof.no\/digifabmat\/wp-json\/wp\/v2\/types\/page"}],"author":[{"embeddable":true,"href":"https:\/\/blogg.hiof.no\/digifabmat\/wp-json\/wp\/v2\/users\/454"}],"replies":[{"embeddable":true,"href":"https:\/\/blogg.hiof.no\/digifabmat\/wp-json\/wp\/v2\/comments?post=111"}],"version-history":[{"count":5,"href":"https:\/\/blogg.hiof.no\/digifabmat\/wp-json\/wp\/v2\/pages\/111\/revisions"}],"predecessor-version":[{"id":122,"href":"https:\/\/blogg.hiof.no\/digifabmat\/wp-json\/wp\/v2\/pages\/111\/revisions\/122"}],"up":[{"embeddable":true,"href":"https:\/\/blogg.hiof.no\/digifabmat\/wp-json\/wp\/v2\/pages\/29"}],"wp:attachment":[{"href":"https:\/\/blogg.hiof.no\/digifabmat\/wp-json\/wp\/v2\/media?parent=111"}],"curies":[{"name":"wp","href":"https:\/\/api.w.org\/{rel}","templated":true}]}}