{"id":113,"date":"2022-11-29T16:12:01","date_gmt":"2022-11-29T16:12:01","guid":{"rendered":"https:\/\/blogg.hiof.no\/digifabmat\/?page_id=113"},"modified":"2022-11-30T07:40:57","modified_gmt":"2022-11-30T07:40:57","slug":"introduksjon-til-vinylkutter","status":"publish","type":"page","link":"https:\/\/blogg.hiof.no\/digifabmat\/arbeidsmate\/introduksjon-til-vinylkutter\/","title":{"rendered":"Introduksjon til vinylkutter"},"content":{"rendered":"<h2>Introduksjon til vinylkutter<\/h2>\n<p>Vinylkuttere er enkel \u00e5 bruke, rask og driftsikker. Den beveger seg i to akser og skj\u00e6rer i flater som er festet med lim til en kuttematte ved hjelp av et roterende knivblad. Til forskjell fra laserkutteren er den veldig mye rimeligere, tar mindre plass, br\u00e5ker mindre, er ufarlig og har ingen avgasser. Den lar deg skj\u00e6re i vinyl som du kan bruke til \u00e5 lage klistremerker eller trykke p\u00e5 tekstiler som handlenett, t-skjorter, bannere osv. Mange vinylkuttere kan kutte i flere materialer som f.eks papir, papp og tekstiler. Ved \u00e5 feste en penn p\u00e5 kuttehodet kan du ogs\u00e5 bruke vinylkuttere til \u00e5 tegne med. Les mer p\u00e5 <a href=\"https:\/\/skaperskolen.no\/vinylskjaerere\/\">https:\/\/skaperskolen.no\/vinylskjaerere\/<\/a>. Vi bruker vinylkutter fra Cricut.<\/p>\n<h2>2D Model<\/h2>\n<p>Vinylkuttere kan skj\u00e6re ut i 2D. Dette betyr at du m\u00e5 finne en eksisterende 2D-modell eller lage din egen. Hvis du nettopp startet, anbefaler vi \u00e5 bla gjennom <a class=\"inline_disabled external\" href=\"http:\/\/thingiverse.com\/\" target=\"_blank\" rel=\"noreferrer noopener\">Thingiverse<\/a>\u00a0og finne noe enkelt som ser interessant ut for din f\u00f8rste testutskrift. Uansett hvilken fil du velger, m\u00e5 du kontrollere at den er i\u00a0<strong>SVG<\/strong>-filformat. Selv om det finnes utallige andre formater for 2D -modeller er disse vanligvis ikke kompatible med programvaren du vil bruke til \u00e5\u00a0 kj\u00f8re vinylkutteren.<\/p>\n<h2>Forberede 2D-modelen<\/h2>\n<p>N\u00e5r du har valgt 2D -modellen du vil skj\u00e6re ut, m\u00e5 du importere modelen til vinylkutterens programvare eller utskriftsdialog.<\/p>\n<p>1. Du kan importere en eller flere SVG-filer til Cricut Design Space.<\/p>\n<p>2. Du kan flytte runt modelen p\u00e5 printytan.<\/p>\n<p>3. N\u00e5 m\u00e5 du velge de riktige innstillingene.<\/p>\n<p>4. Print<\/p>\n<h2>Tips og tricks<\/h2>\n<p>&nbsp;<\/p>\n","protected":false},"excerpt":{"rendered":"<p>Introduksjon til vinylkutter Vinylkuttere er enkel \u00e5 bruke, rask og driftsikker. Den beveger seg i to akser og skj\u00e6rer i flater som er festet med lim til en kuttematte ved hjelp av et roterende knivblad. Til forskjell fra laserkutteren er den veldig mye rimeligere, tar mindre plass, br\u00e5ker mindre, er ufarlig og har ingen avgasser. &hellip; <\/p>\n<p class=\"link-more\"><a href=\"https:\/\/blogg.hiof.no\/digifabmat\/arbeidsmate\/introduksjon-til-vinylkutter\/\" class=\"more-link\">Fortsett \u00e5 lese<span class=\"screen-reader-text\"> \u00abIntroduksjon til vinylkutter\u00bb<\/span><\/a><\/p>\n","protected":false},"author":454,"featured_media":0,"parent":29,"menu_order":5,"comment_status":"closed","ping_status":"closed","template":"","meta":{"footnotes":""},"class_list":["post-113","page","type-page","status-publish","hentry"],"_links":{"self":[{"href":"https:\/\/blogg.hiof.no\/digifabmat\/wp-json\/wp\/v2\/pages\/113","targetHints":{"allow":["GET"]}}],"collection":[{"href":"https:\/\/blogg.hiof.no\/digifabmat\/wp-json\/wp\/v2\/pages"}],"about":[{"href":"https:\/\/blogg.hiof.no\/digifabmat\/wp-json\/wp\/v2\/types\/page"}],"author":[{"embeddable":true,"href":"https:\/\/blogg.hiof.no\/digifabmat\/wp-json\/wp\/v2\/users\/454"}],"replies":[{"embeddable":true,"href":"https:\/\/blogg.hiof.no\/digifabmat\/wp-json\/wp\/v2\/comments?post=113"}],"version-history":[{"count":3,"href":"https:\/\/blogg.hiof.no\/digifabmat\/wp-json\/wp\/v2\/pages\/113\/revisions"}],"predecessor-version":[{"id":127,"href":"https:\/\/blogg.hiof.no\/digifabmat\/wp-json\/wp\/v2\/pages\/113\/revisions\/127"}],"up":[{"embeddable":true,"href":"https:\/\/blogg.hiof.no\/digifabmat\/wp-json\/wp\/v2\/pages\/29"}],"wp:attachment":[{"href":"https:\/\/blogg.hiof.no\/digifabmat\/wp-json\/wp\/v2\/media?parent=113"}],"curies":[{"name":"wp","href":"https:\/\/api.w.org\/{rel}","templated":true}]}}