{"id":15,"date":"2022-08-31T08:43:40","date_gmt":"2022-08-31T08:43:40","guid":{"rendered":"https:\/\/blogg.hiof.no\/digifabmat\/?page_id=15"},"modified":"2022-09-27T19:01:00","modified_gmt":"2022-09-27T19:01:00","slug":"om-oss","status":"publish","type":"page","link":"https:\/\/blogg.hiof.no\/digifabmat\/","title":{"rendered":"Om oss"},"content":{"rendered":"<p>Dette nettstedet er resultatet av et samarbeidprosjekt ved H\u00f8gskolen i \u00d8stfold mellom l\u00e6rerutdanningsskoler, Fakultet for l\u00e6rerutdanning og spr\u00e5k\u00a0 og Fakultet for informasjonsteknologi, ingeni\u00f8rfag og \u00f8konomi. Prosjektet ville utforske hvordan digital fabrikasjon kan brukes for \u00e5 lage konkreter i matematikkfaget. <span data-contrast=\"auto\">Prosjektet foregikk som \u00e5tte samlinger med planlegging, refleksjon og diskusjon og med utpr\u00f8ving i l\u00e6rernes egne klasser mellom samlingene<\/span><\/p>\n<p>Hensikten med siden er \u00e5 spre kunnskap om digital fabrikasjon i matematikkfaget ved bruk av en <a href=\"https:\/\/blogg.hiof.no\/digifabmat\/category\/facs\/\">arbeidsm\u00e5te<\/a> som heter FACS (Find &#8211; Adapt &#8211; Create &#8211; Share).<\/p>\n<p>Vi presenterer <a href=\"https:\/\/blogg.hiof.no\/digifabmat\/eksempel\/\">eksempel<\/a> knyttet til ulike kompetansem\u00e5lene og <a href=\"https:\/\/blogg.hiof.no\/digifabmat\/teori\/\">teori<\/a> om konkreter i matematikundervisningen.<\/p>\n<p>Vi som st\u00e5r bak nettstedet og har gjennomf\u00f8rt prosjektet, er<br \/>\nF\u00f8rsteamanuensis <a href=\"https:\/\/www.hiof.no\/iio\/itk\/personer\/tekn-adm-ansatte\/susannks\/index.html\">Susanne K Stigberg<\/a>, Institut for informasjonsteknologi og kommunikasjon<br \/>\nStipendiat <a href=\"https:\/\/www.hiof.no\/lusp\/personer\/und-forsk-ansatte\/hsti\/index.html\">Henrik Stigberg<\/a>, Fakultet for l\u00e6rerutdanning og spr\u00e5k<br \/>\nDosent <a href=\"https:\/\/www.hiof.no\/lusp\/res\/personer\/und-forsk-ansatte\/mm\/index.html\">Marianne Maugesten<\/a>, Fakultet for l\u00e6rerutdanning og spr\u00e5k<br \/>\nF\u00f8rsteamanuensis <a href=\"https:\/\/www.hiof.no\/lusp\/res\/personer\/und-forsk-ansatte\/otk\/index.html\">Odd Tore Kaufmann<\/a>, Fakultet for l\u00e6rerutdanning og spr\u00e5k<\/p>\n","protected":false},"excerpt":{"rendered":"<p>Dette nettstedet er resultatet av et samarbeidprosjekt ved H\u00f8gskolen i \u00d8stfold mellom l\u00e6rerutdanningsskoler, Fakultet for l\u00e6rerutdanning og spr\u00e5k\u00a0 og Fakultet for informasjonsteknologi, ingeni\u00f8rfag og \u00f8konomi. Prosjektet ville utforske hvordan digital fabrikasjon kan brukes for \u00e5 lage konkreter i matematikkfaget. Prosjektet foregikk som \u00e5tte samlinger med planlegging, refleksjon og diskusjon og med utpr\u00f8ving i l\u00e6rernes egne &hellip; <\/p>\n<p class=\"link-more\"><a href=\"https:\/\/blogg.hiof.no\/digifabmat\/\" class=\"more-link\">Fortsett \u00e5 lese<span class=\"screen-reader-text\"> \u00abOm oss\u00bb<\/span><\/a><\/p>\n","protected":false},"author":454,"featured_media":0,"parent":0,"menu_order":0,"comment_status":"closed","ping_status":"closed","template":"","meta":{"footnotes":""},"class_list":["post-15","page","type-page","status-publish","hentry"],"_links":{"self":[{"href":"https:\/\/blogg.hiof.no\/digifabmat\/wp-json\/wp\/v2\/pages\/15","targetHints":{"allow":["GET"]}}],"collection":[{"href":"https:\/\/blogg.hiof.no\/digifabmat\/wp-json\/wp\/v2\/pages"}],"about":[{"href":"https:\/\/blogg.hiof.no\/digifabmat\/wp-json\/wp\/v2\/types\/page"}],"author":[{"embeddable":true,"href":"https:\/\/blogg.hiof.no\/digifabmat\/wp-json\/wp\/v2\/users\/454"}],"replies":[{"embeddable":true,"href":"https:\/\/blogg.hiof.no\/digifabmat\/wp-json\/wp\/v2\/comments?post=15"}],"version-history":[{"count":4,"href":"https:\/\/blogg.hiof.no\/digifabmat\/wp-json\/wp\/v2\/pages\/15\/revisions"}],"predecessor-version":[{"id":97,"href":"https:\/\/blogg.hiof.no\/digifabmat\/wp-json\/wp\/v2\/pages\/15\/revisions\/97"}],"wp:attachment":[{"href":"https:\/\/blogg.hiof.no\/digifabmat\/wp-json\/wp\/v2\/media?parent=15"}],"curies":[{"name":"wp","href":"https:\/\/api.w.org\/{rel}","templated":true}]}}