{"id":29,"date":"2022-08-31T11:56:11","date_gmt":"2022-08-31T11:56:11","guid":{"rendered":"https:\/\/blogg.hiof.no\/digifabmat\/?page_id=29"},"modified":"2022-11-29T16:16:29","modified_gmt":"2022-11-29T16:16:29","slug":"arbeidsmate","status":"publish","type":"page","link":"https:\/\/blogg.hiof.no\/digifabmat\/arbeidsmate\/","title":{"rendered":"Digital Fabrikasjon"},"content":{"rendered":"<h2>Hva er digital fabrikasjon?<\/h2>\n<p>Digital fabrikasjon dekker enhver produksjonsprosess som kontrolleres av en datamaskin for \u00e5 lage fysiske objekter. Selv om teknologier stadig ekspanderer, involverer de hovedsakelig en av tre typer metoder: additiv produksjon (f.eks. 3D printer), subtraktiv produksjon (f.eks. laserkutter) eller robotmanipulasjon av noe slag.<\/p>\n<p><img loading=\"lazy\" decoding=\"async\" class=\"alignnone wp-image-64 size-full\" src=\"https:\/\/blogg.hiof.no\/digifabmat\/files\/2022\/08\/Namnlo\u0308s-1000-\u00d7-250-px-e1661973168102.png\" alt=\"\" width=\"545\" height=\"240\" srcset=\"https:\/\/blogg.hiof.no\/digifabmat\/files\/2022\/08\/Namnlo\u0308s-1000-\u00d7-250-px-e1661973168102.png 545w, https:\/\/blogg.hiof.no\/digifabmat\/files\/2022\/08\/Namnlo\u0308s-1000-\u00d7-250-px-e1661973168102-300x132.png 300w\" sizes=\"auto, (max-width: 545px) 100vw, 545px\" \/><\/p>\n<p>Digital fabrikasjon har en rekke fordeler som gj\u00f8r dem til en god match for produksjon av konkreter:<\/p>\n<ul>\n<li style=\"list-style-type: none\">\n<ul>\n<li>De kan brukes med minimal teknisk oppl\u00e6ring<\/li>\n<li>De gir mulighet for rask produksjon av de \u00f8nskede gjenstandene<\/li>\n<li>De har et h\u00f8yt n\u00f8yaktighetsniv\u00e5<\/li>\n<li>Den samme programfilen kan gjentatte ganger brukes til \u00e5 lage p\u00e5litelige og konsistente gjenstandene hvor som helst i verden<\/li>\n<\/ul>\n<\/li>\n<\/ul>\n<p>Vi kan se digital fabrikasjon fra tre perspektiver:<\/p>\n<ul>\n<li style=\"list-style-type: none\">\n<ul>\n<li>Verkt\u00f8y og teknikker<\/li>\n<li>Designmetoder (f.eks. Rapid prototyping, Design Thinking)<\/li>\n<li>Community (f.eks. Maker culture)<\/li>\n<\/ul>\n<\/li>\n<\/ul>\n<p>Her vil vi se p\u00e5 alle tre perspektivene. Vi vil l\u00e6re \u00e5 bruke popul\u00e6re verkt\u00f8y for \u00e5 lage konkreter, vi vil se p\u00e5 en designprosess for \u00e5 skape nye konkreter, og vi vil se p\u00e5 hvordan vi kan ta del i maker-kulturen for \u00e5 finne konkreter og dele konkreter.<\/p>\n<p><!--more--><\/p>\n<h2>Verkt\u00f8y<\/h2>\n<p>Vi kommer fokusere fremst p\u00e5 3D printer og laserkutter, men vi kan bruke andre verkt\u00f8y ved behov.<\/p>\n<p>Disse maskiner ha vi tillgang til p\u00e5 HI\u00d8 Makerspace:<\/p>\n<table>\n<tbody>\n<tr>\n<td><img loading=\"lazy\" decoding=\"async\" class=\"wp-image-66 size-thumbnail aligncenter\" src=\"https:\/\/blogg.hiof.no\/digifabmat\/files\/2022\/08\/printer-150x150.png\" alt=\"\" width=\"150\" height=\"150\" srcset=\"https:\/\/blogg.hiof.no\/digifabmat\/files\/2022\/08\/printer-150x150.png 150w, https:\/\/blogg.hiof.no\/digifabmat\/files\/2022\/08\/printer-100x100.png 100w, https:\/\/blogg.hiof.no\/digifabmat\/files\/2022\/08\/printer.png 250w\" sizes=\"auto, (max-width: 150px) 100vw, 150px\" \/><\/p>\n<p style=\"text-align: center\"><a href=\"https:\/\/blogg.hiof.no\/digifabmat\/arbeidsmate\/introduksjon-til-3d-printing\/\">3D printer<\/a><\/p>\n<\/td>\n<td style=\"text-align: center\"><img loading=\"lazy\" decoding=\"async\" class=\"wp-image-67 size-thumbnail aligncenter\" src=\"https:\/\/blogg.hiof.no\/digifabmat\/files\/2022\/08\/vinyl-150x150.png\" alt=\"\" width=\"150\" height=\"150\" srcset=\"https:\/\/blogg.hiof.no\/digifabmat\/files\/2022\/08\/vinyl-150x150.png 150w, https:\/\/blogg.hiof.no\/digifabmat\/files\/2022\/08\/vinyl-100x100.png 100w, https:\/\/blogg.hiof.no\/digifabmat\/files\/2022\/08\/vinyl.png 250w\" sizes=\"auto, (max-width: 150px) 100vw, 150px\" \/><\/p>\n<p><a href=\"https:\/\/blogg.hiof.no\/digifabmat\/arbeidsmate\/introduksjon-til-vinylkutter\/\">Vinylkutter<\/a><\/td>\n<td>\n<p style=\"text-align: center\"><img loading=\"lazy\" decoding=\"async\" class=\"wp-image-68 size-thumbnail aligncenter\" src=\"https:\/\/blogg.hiof.no\/digifabmat\/files\/2022\/08\/laser-150x150.png\" alt=\"\" width=\"150\" height=\"150\" srcset=\"https:\/\/blogg.hiof.no\/digifabmat\/files\/2022\/08\/laser-150x150.png 150w, https:\/\/blogg.hiof.no\/digifabmat\/files\/2022\/08\/laser-100x100.png 100w, https:\/\/blogg.hiof.no\/digifabmat\/files\/2022\/08\/laser.png 250w\" sizes=\"auto, (max-width: 150px) 100vw, 150px\" \/><\/p>\n<p style=\"text-align: center\"><a href=\"https:\/\/blogg.hiof.no\/digifabmat\/arbeidsmate\/introduksjon-til-laserkutter\/\">Laserkutter<\/a><\/p>\n<\/td>\n<\/tr>\n<tr>\n<td><img loading=\"lazy\" decoding=\"async\" class=\"wp-image-69 size-thumbnail aligncenter\" src=\"https:\/\/blogg.hiof.no\/digifabmat\/files\/2022\/08\/sewing-150x150.png\" alt=\"\" width=\"150\" height=\"150\" srcset=\"https:\/\/blogg.hiof.no\/digifabmat\/files\/2022\/08\/sewing-150x150.png 150w, https:\/\/blogg.hiof.no\/digifabmat\/files\/2022\/08\/sewing-100x100.png 100w, https:\/\/blogg.hiof.no\/digifabmat\/files\/2022\/08\/sewing.png 250w\" sizes=\"auto, (max-width: 150px) 100vw, 150px\" \/><\/p>\n<p style=\"text-align: center\">Symaskin<\/p>\n<\/td>\n<td style=\"text-align: center\"><img loading=\"lazy\" decoding=\"async\" class=\"wp-image-70 size-thumbnail aligncenter\" src=\"https:\/\/blogg.hiof.no\/digifabmat\/files\/2022\/08\/cnc-150x150.png\" alt=\"\" width=\"150\" height=\"150\" srcset=\"https:\/\/blogg.hiof.no\/digifabmat\/files\/2022\/08\/cnc-150x150.png 150w, https:\/\/blogg.hiof.no\/digifabmat\/files\/2022\/08\/cnc-100x100.png 100w, https:\/\/blogg.hiof.no\/digifabmat\/files\/2022\/08\/cnc.png 250w\" sizes=\"auto, (max-width: 150px) 100vw, 150px\" \/><\/p>\n<p>CNC maskin<\/td>\n<td style=\"text-align: center\"><img loading=\"lazy\" decoding=\"async\" class=\"wp-image-71 size-thumbnail aligncenter\" src=\"https:\/\/blogg.hiof.no\/digifabmat\/files\/2022\/08\/electronics-150x150.png\" alt=\"\" width=\"150\" height=\"150\" srcset=\"https:\/\/blogg.hiof.no\/digifabmat\/files\/2022\/08\/electronics-150x150.png 150w, https:\/\/blogg.hiof.no\/digifabmat\/files\/2022\/08\/electronics-100x100.png 100w, https:\/\/blogg.hiof.no\/digifabmat\/files\/2022\/08\/electronics.png 250w\" sizes=\"auto, (max-width: 150px) 100vw, 150px\" \/><\/p>\n<p>Elektronikk og loddestasjon<\/td>\n<\/tr>\n<\/tbody>\n<\/table>\n<p><!--more--><\/p>\n<h2>\u00c5 ta del og dele digitale fabrikasjoner<\/h2>\n<p>Ofte deles digitale fabrikasjoner i online plattformer s\u00e5 som <a href=\"https:\/\/www.printables.com\/\">Printables<\/a>,\u00a0 <a class=\"inline_disabled external\" href=\"http:\/\/thingiverse.com\/\" target=\"_blank\" rel=\"noreferrer noopener\">Thingiverse<\/a>,\u00a0<a class=\"inline_disabled external\" href=\"http:\/\/instructables.com\/\" target=\"_blank\" rel=\"noreferrer noopener\">Instructables<\/a>,\u00a0<a class=\"inline_disabled external\" href=\"http:\/\/pinshape.com\/\" target=\"_blank\" rel=\"noreferrer noopener\">Pinshape<\/a>\u00a0 hvor du kan s\u00f8ke etter, samle eller laste ned digitale modeller. Vi anbefaler at du blir medlem i minst en av plattformene for \u00e5 f\u00e5 tilgang til alle ressursene.<\/p>\n<p>En annen vanlig m\u00e5te \u00e5 dele digitale fabrikasjonsressurser p\u00e5 er \u00e5 komme i kontakt med lokale Makerspaces og FabLabs (Fabrikasjons Labber). V\u00e5r\u00a0<a class=\"inline_disabled external\" href=\"https:\/\/www.hiof.no\/iio\/itk\/om\/labber\/makerspace\/\" target=\"_blank\" rel=\"noreferrer noopener\">Makerspace<\/a> ved h\u00f8gskolen er \u00e5pen for alle. I et Makerpace kan du f\u00e5 tilgang til ulike verkt\u00f8y og maskiner for \u00e5 lage din fysiske konkreter. Husk at du ofte m\u00e5 bestille en tidsluke. Sammen med bruk av maskinene har studentene vanligvis tilgang til kurs og hjelp fra eksperter.<\/p>\n","protected":false},"excerpt":{"rendered":"<p>Hva er digital fabrikasjon? Digital fabrikasjon dekker enhver produksjonsprosess som kontrolleres av en datamaskin for \u00e5 lage fysiske objekter. Selv om teknologier stadig ekspanderer, involverer de hovedsakelig en av tre typer metoder: additiv produksjon (f.eks. 3D printer), subtraktiv produksjon (f.eks. laserkutter) eller robotmanipulasjon av noe slag. Digital fabrikasjon har en rekke fordeler som gj\u00f8r dem &hellip; <\/p>\n<p class=\"link-more\"><a href=\"https:\/\/blogg.hiof.no\/digifabmat\/arbeidsmate\/\" class=\"more-link\">Fortsett \u00e5 lese<span class=\"screen-reader-text\"> \u00abDigital Fabrikasjon\u00bb<\/span><\/a><\/p>\n","protected":false},"author":454,"featured_media":0,"parent":0,"menu_order":0,"comment_status":"closed","ping_status":"closed","template":"","meta":{"footnotes":""},"class_list":["post-29","page","type-page","status-publish","hentry"],"_links":{"self":[{"href":"https:\/\/blogg.hiof.no\/digifabmat\/wp-json\/wp\/v2\/pages\/29","targetHints":{"allow":["GET"]}}],"collection":[{"href":"https:\/\/blogg.hiof.no\/digifabmat\/wp-json\/wp\/v2\/pages"}],"about":[{"href":"https:\/\/blogg.hiof.no\/digifabmat\/wp-json\/wp\/v2\/types\/page"}],"author":[{"embeddable":true,"href":"https:\/\/blogg.hiof.no\/digifabmat\/wp-json\/wp\/v2\/users\/454"}],"replies":[{"embeddable":true,"href":"https:\/\/blogg.hiof.no\/digifabmat\/wp-json\/wp\/v2\/comments?post=29"}],"version-history":[{"count":13,"href":"https:\/\/blogg.hiof.no\/digifabmat\/wp-json\/wp\/v2\/pages\/29\/revisions"}],"predecessor-version":[{"id":121,"href":"https:\/\/blogg.hiof.no\/digifabmat\/wp-json\/wp\/v2\/pages\/29\/revisions\/121"}],"wp:attachment":[{"href":"https:\/\/blogg.hiof.no\/digifabmat\/wp-json\/wp\/v2\/media?parent=29"}],"curies":[{"name":"wp","href":"https:\/\/api.w.org\/{rel}","templated":true}]}}