{"id":55,"date":"2022-08-31T12:35:12","date_gmt":"2022-08-31T12:35:12","guid":{"rendered":"https:\/\/blogg.hiof.no\/digifabmat\/?page_id=55"},"modified":"2022-11-29T16:14:17","modified_gmt":"2022-11-29T16:14:17","slug":"introduksjon-til-3d-printing","status":"publish","type":"page","link":"https:\/\/blogg.hiof.no\/digifabmat\/arbeidsmate\/introduksjon-til-3d-printing\/","title":{"rendered":"Introduksjon til 3D printing"},"content":{"rendered":"<h2>Introduksjon til 3D printing<\/h2>\n<p>3D-printing er en produksjonsteknikk der man kan skape fysiske 3D-modeller ut fra digitale 3D-modeller. Det finnes mange ulike teknikker for \u00e5 lage tredimensjonale objekter, men den vanligste er \u00e5 bygge opp modellen lag for lag ved hjelp av en dyse (additiv metode). Det benyttes en CAD-modell, en digital modell som kan \u00ableses\u00bb av programvaren til 3D-printeren (slicing). Denne printes s\u00e5 i l\u00f8pet av minutter, timer eller dager, avhengig av st\u00f8rrelsen og detaljniv\u00e5et til modellen. Skriverhodet fungerer i prinsippet som en limpistol som varmer opp plasten og plasserer den i x\/y-aksen, mens en plate flytter modellen nedover i z-aksen. Slik vokser modellen frem.\u00a0Mange ulike materialer kan brukes i printerne. Det vanligst \u00e5 benytte PLA (Polymelkesyre). PLA er milj\u00f8vennlig og gir ikke skadelige avgasser ved produksjon.<\/p>\n<figure id=\"attachment_76\" aria-describedby=\"caption-attachment-76\" style=\"width: 1469px\" class=\"wp-caption alignnone\"><img loading=\"lazy\" decoding=\"async\" class=\"wp-image-76 size-full\" src=\"https:\/\/blogg.hiof.no\/digifabmat\/files\/2022\/08\/3dprintingprocess.png\" alt=\"Bilde funnet p\u00e5 https:\/\/www.3dmakerengineering.com\/blogs\/3d-printing\/how-3d-printing-works\" width=\"1469\" height=\"498\" srcset=\"https:\/\/blogg.hiof.no\/digifabmat\/files\/2022\/08\/3dprintingprocess.png 1469w, https:\/\/blogg.hiof.no\/digifabmat\/files\/2022\/08\/3dprintingprocess-300x102.png 300w, https:\/\/blogg.hiof.no\/digifabmat\/files\/2022\/08\/3dprintingprocess-1024x347.png 1024w, https:\/\/blogg.hiof.no\/digifabmat\/files\/2022\/08\/3dprintingprocess-768x260.png 768w\" sizes=\"auto, (max-width: 767px) 89vw, (max-width: 1000px) 54vw, (max-width: 1071px) 543px, 580px\" \/><figcaption id=\"caption-attachment-76\" class=\"wp-caption-text\">Bilde funnet p\u00e5 https:\/\/www.3dmakerengineering.com\/blogs\/3d-printing\/how-3d-printing-works<\/figcaption><\/figure>\n<p><!--more--><\/p>\n<h2>3D Model<\/h2>\n<p>3D-printer brukes til \u00e5 skrive ut 3D-objekter. Dette betyr at du m\u00e5 finne en eksisterende 3D-modell eller lage din egen. Hvis du nettopp startet, anbefaler vi \u00e5 bla gjennom <a href=\"http:\/\/printables.com\">Printables<\/a> eller <a class=\"inline_disabled external\" href=\"http:\/\/thingiverse.com\/\" target=\"_blank\" rel=\"noreferrer noopener\">Thingiverse<\/a>\u00a0og finne noe enkelt som ser interessant ut for din f\u00f8rste testutskrift. Uansett hvilken fil du velger, m\u00e5 du kontrollere at den er i\u00a0<strong>STL<\/strong>-filformat. Selv om det finnes utallige andre formater for 3D -modeller (STP, IGES, PRT, etc.) er disse vanligvis ikke kompatible med programvaren du vil bruke til \u00e5 lage programmet for \u00e5 kj\u00f8re 3D-skriveren (Slicer).<\/p>\n<p><!--more--><\/p>\n<h2>Slicer<\/h2>\n<p>N\u00e5r du har valgt 3D -modellen du vil printe, m\u00e5 du lage et CAD-modell for printeren. Dette kalles &laquo;slicing&raquo; og betyr ganske enkelt at du tar et 3D -objekt og deler det i lag. Det du ender med er flere lag som er todimensjonale i form. N\u00e5r du har sk\u00e5ret modellen din, kan du eksportere den faktiske filen (GCode) som skriveren vil lese. I verkstedet v\u00e5rt vil vi se p\u00e5\u00a0<a class=\"inline_disabled external\" href=\"https:\/\/www.prusa3d.com\/prusaslicer\/\" target=\"_blank\" rel=\"noreferrer noopener\">PrusaSlicer<\/a>, verkt\u00f8yet som brukes til \u00e5 lage en GCode-filen for\u00a0<a class=\"inline_disabled external\" href=\"https:\/\/www.prusa3d.com\/\" target=\"_blank\" rel=\"noreferrer noopener\">Prusa<\/a>-printeren.<\/p>\n<p>1. Du kan importere en eller flere STL -filer til PrusaSlicer. Hvis du har flere filer, m\u00e5 du kontrollere at modellene ikke overlapper hverandre og at de passer p\u00e5 overflaten. Bruk &laquo;Arrange&raquo; knapp eller Shift+A<\/p>\n<p><img loading=\"lazy\" decoding=\"async\" class=\"wp-image-81 size-full alignnone\" src=\"https:\/\/blogg.hiof.no\/digifabmat\/files\/2022\/09\/prusa_import.gif\" alt=\"\" width=\"1240\" height=\"682\" \/><\/p>\n<p>2. N\u00e5 m\u00e5 du velge de riktige innstillingene.<\/p>\n<ul>\n<li>Velg f\u00f8rst utskriftskvaliteten. &laquo;0,15 mm Quality&raquo; er vanligvis passende.<\/li>\n<li>Deretter velger du hvilket materiale du vil bruke. Standard er PLA. Sjekk filamentrullen for \u00e5 se hva du skal velge.<\/li>\n<li>Velg n\u00e5 skriveren. P\u00e5 h\u00f8gskolen har vi b\u00e5de Prusa Mini og Prusa i3.<\/li>\n<li>Det neste valget er Infill. Her bestemmer du hvor solid objektet skal v\u00e6re. 15% fylling er nok. Hvis utskriften tar for lang tid, kan den reduseres til 10%.<\/li>\n<li>Til slutt kan du justere st\u00f8rrelsen.<\/li>\n<\/ul>\n<p>Utskriftskvaliteten, utfyllingen og st\u00f8rrelsen er viktige faktorer for tiden som kreves \u00e5 printe. Her kan du eksperimentere for \u00e5 komme til &laquo;rett&raquo; tid.<\/p>\n<p><img loading=\"lazy\" decoding=\"async\" class=\"alignnone wp-image-82 size-full\" src=\"https:\/\/blogg.hiof.no\/digifabmat\/files\/2022\/09\/prusa_settings.gif\" alt=\"\" width=\"1188\" height=\"678\" \/><\/p>\n<p>3. Det tredje trinnet er \u00e5 opprette GCode. Trykk p\u00e5 &laquo;Slice now&raquo;-knappen nederst til h\u00f8yre. N\u00e5r den er klar, vil du se forventet tid og materialforbruk. Hvis du ikke er forn\u00f8yd, kan du gj\u00f8re trinn 2 og 3 p\u00e5 nytt ved \u00e5 klikke p\u00e5 knappen nederst til venstre (cube).<\/p>\n<p><img loading=\"lazy\" decoding=\"async\" class=\"alignnone wp-image-83 size-full\" src=\"https:\/\/blogg.hiof.no\/digifabmat\/files\/2022\/09\/prusa_eksport.gif\" alt=\"\" width=\"1196\" height=\"650\" \/><\/p>\n<p>4. Det siste trinnet er \u00e5 kopiere G-code til USB eller SD-kort. Trykk p\u00e5 &laquo;Export G-code&raquo; nederst til h\u00f8yre. Velg USB eller SD-kort, og trykk p\u00e5 lagre. N\u00e5 kan du skrive ut din 3d -modell.<\/p>\n<p><!--more--><\/p>\n<h2>Printing<\/h2>\n<p>N\u00e5r du eksporterer GCode-filen til enten en USB eller SD-kort (avhengig av printeren), vil du sette den inn i printeren. Bruk printerens meny, finn filen du opprettet og start utskriften. Ferdig \ud83d\ude42<\/p>\n<p><!--more--><\/p>\n<h2>Tips og tricks<\/h2>\n<h4>Plassering av objekter og st\u00f8tter<\/h4>\n<p>Det er ikke mulig \u00e5 trykke i luften. Dette betyr at du m\u00e5 tenke n\u00e5r du plasserer et objekt i PrusaSlicer. Den st\u00f8rste flaten m\u00e5 v\u00e6re i bunnen. Hvis du har overheng, m\u00e5 du bruke st\u00f8ttemateriale i PrusaSlicer.<\/p>\n<p><img loading=\"lazy\" decoding=\"async\" class=\"alignnone wp-image-100 size-full\" src=\"https:\/\/blogg.hiof.no\/digifabmat\/files\/2022\/09\/prusa_stotte.gif\" alt=\"\" width=\"1164\" height=\"650\" \/><\/p>\n<p><span style=\"font-size: 1rem;font-weight: 800\">Skriv ut flere elementer<\/span><\/p>\n<p>Det g\u00e5r fint \u00e5 skrive ut flere objekter samtidig. Du kan importere flere filer til PrusaSlicer eller kopiere et objekt flere ganger. Husk \u00e5 ordne objektene slik at de ikke overlapper hverandre.<\/p>\n<p><img loading=\"lazy\" decoding=\"async\" class=\"alignnone wp-image-101 size-full\" src=\"https:\/\/blogg.hiof.no\/digifabmat\/files\/2022\/09\/prusa_copy.gif\" alt=\"\" width=\"1154\" height=\"648\" \/><\/p>\n<h4>Kvalitet vs tid<\/h4>\n<p>Utskrift av h\u00f8y kvalitet tar lengre tid. Du kan eksperimentere med innstillinger for \u00e5 se hvordan det p\u00e5virker tiden. Kanskje er en Draft-kvalitet (laveste kvalitet) god nok for konkreter.<\/p>\n<p><img loading=\"lazy\" decoding=\"async\" class=\"alignnone wp-image-102 size-full\" src=\"https:\/\/blogg.hiof.no\/digifabmat\/files\/2022\/09\/prusa_draft.gif\" alt=\"\" width=\"1154\" height=\"648\" \/><\/p>\n<p>Det tar 1 time og 21 minutter \u00e5 skrive ut disse objektene s\u00e5 raskt som mulig. Det samme trykket i &laquo;ultradetail&raquo; tar nesten 10 timer<\/p>\n<p><img loading=\"lazy\" decoding=\"async\" class=\"alignnone wp-image-103 size-full\" src=\"https:\/\/blogg.hiof.no\/digifabmat\/files\/2022\/09\/prusa_detail.gif\" alt=\"\" width=\"1154\" height=\"648\" \/><\/p>\n","protected":false},"excerpt":{"rendered":"<p>Introduksjon til 3D printing 3D-printing er en produksjonsteknikk der man kan skape fysiske 3D-modeller ut fra digitale 3D-modeller. Det finnes mange ulike teknikker for \u00e5 lage tredimensjonale objekter, men den vanligste er \u00e5 bygge opp modellen lag for lag ved hjelp av en dyse (additiv metode). Det benyttes en CAD-modell, en digital modell som kan &hellip; <\/p>\n<p class=\"link-more\"><a href=\"https:\/\/blogg.hiof.no\/digifabmat\/arbeidsmate\/introduksjon-til-3d-printing\/\" class=\"more-link\">Fortsett \u00e5 lese<span class=\"screen-reader-text\"> \u00abIntroduksjon til 3D printing\u00bb<\/span><\/a><\/p>\n","protected":false},"author":454,"featured_media":0,"parent":29,"menu_order":2,"comment_status":"closed","ping_status":"closed","template":"","meta":{"footnotes":""},"class_list":["post-55","page","type-page","status-publish","hentry"],"_links":{"self":[{"href":"https:\/\/blogg.hiof.no\/digifabmat\/wp-json\/wp\/v2\/pages\/55","targetHints":{"allow":["GET"]}}],"collection":[{"href":"https:\/\/blogg.hiof.no\/digifabmat\/wp-json\/wp\/v2\/pages"}],"about":[{"href":"https:\/\/blogg.hiof.no\/digifabmat\/wp-json\/wp\/v2\/types\/page"}],"author":[{"embeddable":true,"href":"https:\/\/blogg.hiof.no\/digifabmat\/wp-json\/wp\/v2\/users\/454"}],"replies":[{"embeddable":true,"href":"https:\/\/blogg.hiof.no\/digifabmat\/wp-json\/wp\/v2\/comments?post=55"}],"version-history":[{"count":8,"href":"https:\/\/blogg.hiof.no\/digifabmat\/wp-json\/wp\/v2\/pages\/55\/revisions"}],"predecessor-version":[{"id":75,"href":"https:\/\/blogg.hiof.no\/digifabmat\/wp-json\/wp\/v2\/pages\/55\/revisions\/75"}],"up":[{"embeddable":true,"href":"https:\/\/blogg.hiof.no\/digifabmat\/wp-json\/wp\/v2\/pages\/29"}],"wp:attachment":[{"href":"https:\/\/blogg.hiof.no\/digifabmat\/wp-json\/wp\/v2\/media?parent=55"}],"curies":[{"name":"wp","href":"https:\/\/api.w.org\/{rel}","templated":true}]}}