{"id":11,"date":"2015-02-03T10:10:16","date_gmt":"2015-02-03T10:10:16","guid":{"rendered":"http:\/\/blogg.hiof.no\/dmpro\/?page_id=11"},"modified":"2023-01-05T10:12:38","modified_gmt":"2023-01-05T10:12:38","slug":"lyd","status":"publish","type":"page","link":"https:\/\/blogg.hiof.no\/dmpro\/lyd\/","title":{"rendered":"Lyd"},"content":{"rendered":"<p>Lydopptakere<br \/>\n<a href=\"http:\/\/blogg.hiof.no\/dmpro\/files\/2020\/08\/Zoom-H4n.jpeg\"><img loading=\"lazy\" decoding=\"async\" class=\"alignnone wp-image-270\" src=\"http:\/\/blogg.hiof.no\/dmpro\/files\/2020\/08\/Zoom-H4n.jpeg\" alt=\"\" width=\"356\" height=\"237\" srcset=\"https:\/\/blogg.hiof.no\/dmpro\/files\/2020\/08\/Zoom-H4n.jpeg 1400w, https:\/\/blogg.hiof.no\/dmpro\/files\/2020\/08\/Zoom-H4n-300x200.jpeg 300w, https:\/\/blogg.hiof.no\/dmpro\/files\/2020\/08\/Zoom-H4n-1024x683.jpeg 1024w, https:\/\/blogg.hiof.no\/dmpro\/files\/2020\/08\/Zoom-H4n-768x512.jpeg 768w\" sizes=\"auto, (max-width: 356px) 100vw, 356px\" \/><\/a><br \/>\nZoom H4n kan ogs\u00e5 brukes som mikrofonadapter p\u00e5 speilrefleks.<\/p>\n<p><a href=\"http:\/\/www.zoom.co.jp\/products\/h2n\/\">Zoom H2n<\/a># 1053872<\/p>\n<p>&nbsp;<\/p>\n<table style=\"height: 470px\" border=\"1\" width=\"477\">\n<tbody>\n<tr>\n<td><strong>Lydopptager<\/strong><\/td>\n<td>Merket<\/td>\n<td><strong>Hiof\u00a0<\/strong><strong>nummer<\/strong><\/td>\n<td><strong>XLR<\/strong>&#8211;<strong>inngang<\/strong><\/td>\n<td><\/td>\n<\/tr>\n<tr>\n<td><a href=\"https:\/\/zoomcorp.com\/en\/de\/handheld-recorders\/handheld-recorders\/h2\/\">Zoom H2<\/a><\/td>\n<td># 1<\/td>\n<td>\u00a055609<\/td>\n<td><\/td>\n<td><\/td>\n<\/tr>\n<tr>\n<td><a href=\"https:\/\/zoomcorp.com\/en\/de\/handheld-recorders\/handheld-recorders\/h2\/\">Zoom H2<\/a><\/td>\n<td># 2<\/td>\n<td>\u00a055607<\/td>\n<td><\/td>\n<td><\/td>\n<\/tr>\n<tr>\n<td><a href=\"https:\/\/zoomcorp.com\/en\/de\/handheld-recorders\/handheld-recorders\/h2\/\">Zoom H2<\/a><\/td>\n<td># 3<\/td>\n<td>21952<\/td>\n<td><\/td>\n<td><\/td>\n<\/tr>\n<tr>\n<td><a href=\"https:\/\/zoomcorp.com\/en\/de\/handheld-recorders\/handheld-recorders\/h2\/\">Zoom H2<\/a><\/td>\n<td># 4<\/td>\n<td>24053<\/td>\n<td><\/td>\n<td><\/td>\n<\/tr>\n<tr>\n<td><a href=\"https:\/\/zoomcorp.com\/en\/de\/handheld-recorders\/handheld-recorders\/h2n-handy-recorder\/\">Zoom H2n<\/a><\/td>\n<td># 5<\/td>\n<td>54992<\/td>\n<td><\/td>\n<td><\/td>\n<\/tr>\n<tr>\n<td><a href=\"https:\/\/zoomcorp.com\/en\/de\/handheld-recorders\/handheld-recorders\/h4n\/\">Zoom\u00a0H4n<\/a><\/td>\n<td># 11<\/td>\n<td>53475<\/td>\n<td>2 stk<\/td>\n<td><\/td>\n<\/tr>\n<tr>\n<td><a href=\"https:\/\/zoomcorp.com\/en\/de\/handheld-recorders\/handheld-recorders\/h4n\/\">Zoom\u00a0H4n<\/a><\/td>\n<td># 12<\/td>\n<td>53477<\/td>\n<td>2 stk<\/td>\n<td>Mangler mic<\/td>\n<\/tr>\n<tr>\n<td><a href=\"https:\/\/zoomcorp.com\/en\/de\/handheld-recorders\/handheld-recorders\/h4n\/\">Zoom\u00a0H4n<\/a><\/td>\n<td># 13<\/td>\n<td>53476<\/td>\n<td>2 stk<\/td>\n<td><\/td>\n<\/tr>\n<tr>\n<td><a href=\"https:\/\/zoomcorp.com\/en\/de\/handheld-recorders\/handheld-recorders\/h4n\/\">Zoom\u00a0H4n<\/a><\/td>\n<td># 15<\/td>\n<td>54285<\/td>\n<td>2 stk<\/td>\n<td><\/td>\n<\/tr>\n<tr>\n<td><a href=\"https:\/\/zoomcorp.com\/en\/de\/handheld-recorders\/handheld-recorders\/h4n\/\">Zoom\u00a0H4n<\/a><\/td>\n<td># 16<\/td>\n<td>54283<\/td>\n<td>2 stk<\/td>\n<td><\/td>\n<\/tr>\n<tr>\n<td><a href=\"https:\/\/zoomcorp.com\/en\/de\/handheld-recorders\/handheld-recorders\/h5\/\">Zoom H5<\/a><\/td>\n<td># 17<\/td>\n<td>55577<\/td>\n<td>2 stk<\/td>\n<td><\/td>\n<\/tr>\n<tr>\n<td><a href=\"https:\/\/zoomcorp.com\/en\/de\/handheld-recorders\/handheld-recorders\/h6\/\">Zoom H6<\/a><\/td>\n<td># 18<\/td>\n<td>54990<\/td>\n<td>4 stk<\/td>\n<td>\u00a0MS + X\/Y Mic<\/td>\n<\/tr>\n<tr>\n<td><a href=\"https:\/\/zoomcorp.com\/en\/de\/handheld-recorders\/handheld-recorders\/h5\/\">Zoom H5<\/a><\/td>\n<td># 19<\/td>\n<td>58000<\/td>\n<td>2 stk<\/td>\n<td><\/td>\n<\/tr>\n<tr>\n<td><a href=\"https:\/\/zoomcorp.com\/en\/de\/handheld-recorders\/handheld-recorders\/h5\/\">Zoom H5<\/a><\/td>\n<td># 20<\/td>\n<td>58001<\/td>\n<td>2 stk<\/td>\n<td><\/td>\n<\/tr>\n<tr>\n<td><a href=\"https:\/\/zoomcorp.com\/en\/de\/handheld-recorders\/handheld-recorders\/h5\/\">Zoom H5<\/a><\/td>\n<td>\u00a0# 22<\/td>\n<td>61422<\/td>\n<td>2 stk<\/td>\n<td>X\/Y + Shotgun<\/td>\n<\/tr>\n<tr>\n<td><a href=\"https:\/\/zoomcorp.com\/en\/de\/handheld-recorders\/handheld-recorders\/h5\/\">Zoom H5<\/a><\/td>\n<td>\u00a0# 23<\/td>\n<td>61421<\/td>\n<td>2 stk<\/td>\n<td>X\/Y + Shotgun<\/td>\n<\/tr>\n<\/tbody>\n<\/table>\n<h1>Mikrofoner<\/h1>\n<p>De fleste profesjonelle mikrofoner bruker <a href=\"http:\/\/en.wikipedia.org\/wiki\/XLR_connector\">XLR<\/a> kontakter for tilkobling. Dette er en solid kontakt som er standard i lydbransjen. En XLR kontakt gir mulighet for en <a href=\"http:\/\/en.wikipedia.org\/wiki\/Balanced_audio_connector\">balansert<\/a> tilkobling, noe som gj\u00f8r at lydsystemet blir mindre f\u00f8lsomt for eksterne st\u00f8ykilder, spesielt ved bruk av lange kabler.<br \/>\nMange mikrofoner, spesielt kondensatormikrofoner, krever str\u00f8mtilf\u00f8rsel for \u00e5 fungere. Dette kan gj\u00f8res ved hjelp av <a href=\"http:\/\/no.wikipedia.org\/wiki\/Fantommating\">Phantom Power<\/a> som gir str\u00f8m over mikrofonkabelen.<\/p>\n<h2>H\u00e5ndmikrofoner<\/h2>\n<p>Vi har diverse dynamiske mikrofoner, f.eks. Audio Technica Pro 31<\/p>\n<p>Vi har en proff intervjumikrofon &#8211; ElectroVoice <a href=\"http:\/\/www.electrovoice.com\/product.php?id=105\">RE50B<\/a><\/p>\n<h2>Shotgun<img loading=\"lazy\" decoding=\"async\" id=\"archiveimage_18226\" src=\"http:\/\/rainbow.hiof.no\/neted\/modules\/archive\/front\/display.php?data=e28c60acafcf90e6869452033fc8fdc72f965e50\" alt=\"\" width=\"250\" height=\"167\" \/><\/h2>\n<p><a href=\"http:\/\/blogg.hiof.no\/dmpro\/files\/2020\/08\/Rode-NTG1.jpg\"><img loading=\"lazy\" decoding=\"async\" class=\"alignnone wp-image-268\" src=\"http:\/\/blogg.hiof.no\/dmpro\/files\/2020\/08\/Rode-NTG1.jpg\" alt=\"\" width=\"321\" height=\"214\" srcset=\"https:\/\/blogg.hiof.no\/dmpro\/files\/2020\/08\/Rode-NTG1.jpg 1500w, https:\/\/blogg.hiof.no\/dmpro\/files\/2020\/08\/Rode-NTG1-300x200.jpg 300w, https:\/\/blogg.hiof.no\/dmpro\/files\/2020\/08\/Rode-NTG1-1024x683.jpg 1024w, https:\/\/blogg.hiof.no\/dmpro\/files\/2020\/08\/Rode-NTG1-768x512.jpg 768w\" sizes=\"auto, (max-width: 321px) 100vw, 321px\" \/><\/a><a href=\"http:\/\/www.rodemic.com\/mics\">R\u00f8de<\/a> NTG-1 og\u00a0NTG-2 Shotgun Mic med XLR kontakt. Dette er mikrofonen som ligger som standard ved v\u00e5re videokamera.<\/p>\n<p>NTG-2 har st\u00f8tte for Phantom power eller internt batteri.<br \/>\nNTG-1 m\u00e5 ha Phantom power.<\/p>\n<h2>Videomic<\/h2>\n<p>Vi har en del R\u00f8de Videomic med minijack. Dette er kondensatormikrofoner som prim\u00e6rt brukes til speilreflekskamera og enklere videokamera. Disse mikrofonene bruker et 9v batteri.<\/p>\n<table border=\"1\">\n<tbody>\n<tr>\n<td><a href=\"http:\/\/www.rode.com\/microphones\/video\"><strong>R\u00f8de Mic<\/strong><\/a><\/td>\n<td><strong>Merket<\/strong><\/td>\n<td><strong>Hiof #<\/strong><\/td>\n<td><\/td>\n<\/tr>\n<tr>\n<td>Videomic<\/td>\n<td>1<\/td>\n<td>19609<\/td>\n<td><\/td>\n<\/tr>\n<tr>\n<td>Videomic<\/td>\n<td>2<\/td>\n<td>19653<\/td>\n<td><\/td>\n<\/tr>\n<tr>\n<td>Videomic Pro<\/td>\n<td>3<\/td>\n<td>54274<\/td>\n<td><\/td>\n<\/tr>\n<tr>\n<td>Videomic Pro<\/td>\n<td>4<\/td>\n<td>53450<\/td>\n<td><\/td>\n<\/tr>\n<tr>\n<td>Videomic Pro<\/td>\n<td>5<\/td>\n<td>54273<\/td>\n<td><\/td>\n<\/tr>\n<tr>\n<td>Videomic Pro<\/td>\n<td>6<\/td>\n<td>54275<\/td>\n<td><\/td>\n<\/tr>\n<tr>\n<td>Stereo Videomic<\/td>\n<td>7<\/td>\n<td>54467<\/td>\n<td><\/td>\n<\/tr>\n<tr>\n<td>Stereo Videomic<\/td>\n<td>8<\/td>\n<td>54277<\/td>\n<td><\/td>\n<\/tr>\n<tr>\n<td>Stereo Videomic<\/td>\n<td>9<\/td>\n<td>54276<\/td>\n<td><\/td>\n<\/tr>\n<\/tbody>\n<\/table>\n<h2>Bom<\/h2>\n<h2><a href=\"http:\/\/blogg.hiof.no\/dmpro\/files\/2020\/08\/rode-blimp.jpeg\"><img loading=\"lazy\" decoding=\"async\" class=\"alignnone size-full wp-image-266\" src=\"http:\/\/blogg.hiof.no\/dmpro\/files\/2020\/08\/rode-blimp.jpeg\" alt=\"\" width=\"261\" height=\"193\" \/><\/a><\/h2>\n<p>Vi har 8 stk <a href=\"http:\/\/www.rodemic.com\/accessory.php?product=Blimp\">R\u00f8de Blimp<\/a>\u00a0som er montert p\u00e5 mikrofonbom.<br \/>\nEn blimp, eller Zeppelin, er et vindbeskyttelsesystem for shotgunmikrofoner.<\/p>\n<h2>Studiomic<\/h2>\n<ul>\n<li><a href=\"http:\/\/www.milabmic.com\/showproduct.asp?id=1111\">Milab VIP-50<\/a> &#8211; Kvalitetsmikrofon for studio\/radio\/vokal<\/li>\n<li>2 stk <a href=\"http:\/\/www.samsontech.com\/products\/productpage.cfm?prodID=1663\">Samson C03<\/a> &#8211; Rimelig studiomikrofon med elastisk oppheng (<a href=\"http:\/\/www.samsontech.com\/products\/partaccview.cfm?partoraccsID=1617\">spider mount<\/a>)<\/li>\n<li><a href=\"http:\/\/www.samsontech.com\/products\/productpage.cfm?prodID=1878&amp;brandID=2\">Samson C03U<\/a> &#8211; USB utgave av C03 studiomikrofon<\/li>\n<\/ul>\n<h2>Tr\u00e5dl\u00f8s mygg<\/h2>\n<p>Vi har klassesett med <a href=\"https:\/\/rode.com\/en\/microphones\/wireless\/wirelessgoii\">R\u00f8de Go II.<\/a> Disse har tilkobling med USB eller analog minijack. Kan brukes p\u00e5 PC\/Mac, Android (USB-C) og iPhone.<\/p>\n<ul>\n<li>Installer \u201cR\u00f8de Central\u201d, enten desktop eller mobil<\/li>\n<li>Mikrofonene trenger kanskje en programvareoppdatering. Svar ja ved sp\u00f8rsm\u00e5l om dette.<\/li>\n<li>OBS, mikrofonene lagrer lyd internt og kan lastes ned via R\u00f8de Central.<\/li>\n<li>Pass p\u00e5 \u00e5 slette opptak f\u00f8r utstyret leveres tilbake.<\/li>\n<\/ul>\n<h2><a href=\"http:\/\/blogg.hiof.no\/dmpro\/files\/2020\/08\/Sennheiser_EW_122P_G3_B_EW122_p_G3_Camera_Mount_618745_580x.jpg\"><img loading=\"lazy\" decoding=\"async\" class=\"alignnone wp-image-267\" src=\"http:\/\/blogg.hiof.no\/dmpro\/files\/2020\/08\/Sennheiser_EW_122P_G3_B_EW122_p_G3_Camera_Mount_618745_580x.jpg\" alt=\"\" width=\"257\" height=\"257\" srcset=\"https:\/\/blogg.hiof.no\/dmpro\/files\/2020\/08\/Sennheiser_EW_122P_G3_B_EW122_p_G3_Camera_Mount_618745_580x.jpg 345w, https:\/\/blogg.hiof.no\/dmpro\/files\/2020\/08\/Sennheiser_EW_122P_G3_B_EW122_p_G3_Camera_Mount_618745_580x-300x300.jpg 300w, https:\/\/blogg.hiof.no\/dmpro\/files\/2020\/08\/Sennheiser_EW_122P_G3_B_EW122_p_G3_Camera_Mount_618745_580x-150x150.jpg 150w\" sizes=\"auto, (max-width: 257px) 100vw, 257px\" \/><\/a><\/h2>\n<p><span class=\"text_medium\">\u00a0<\/span><span class=\"text_medium\">En tr\u00e5dl\u00f8s mygg best\u00e5r av en sender og en mottaker, hvor senderen normalt plasseres p\u00e5 en person og mottakeren settes p\u00e5 kameraet.<\/span><\/p>\n<table border=\"1\">\n<tbody>\n<tr>\n<td><strong>Mic<\/strong><\/td>\n<td><strong>Merket<\/strong><\/td>\n<td><strong>Hiof # sender<\/strong><\/td>\n<td><strong>Hiof # mottaker<\/strong><\/td>\n<td><strong>Brukerveilledning<\/strong><\/td>\n<td><\/td>\n<\/tr>\n<tr>\n<td><span class=\"text_medium\"><span class=\"text_medium\"><a href=\"http:\/\/www.bhphotovideo.com\/c\/product\/274577-REG\/Sony_UWP_C1_6668_UWP_C1_66_True_Diversity.html\">Sony UWP-C1<\/a><br \/>\n<\/span><\/span><\/td>\n<td>#1<\/td>\n<td>21859<\/td>\n<td>21858<\/td>\n<td><span class=\"text_medium\"><a href=\"http:\/\/www.manualslib.com\/manual\/161422\/Sony-Uwp-C1-C2.html\">Brukerveilledning<\/a><\/span><\/td>\n<td><\/td>\n<\/tr>\n<tr>\n<td><a href=\"http:\/\/ws.sel.sony.com\/PIPWebServices\/RetrievePublicAsset\/StepID\/SEL-asset-155540\/original\/UWP_Series_Final3-09.pdf\">Sony UWP-V6<\/a><\/td>\n<td>#3<\/td>\n<td>51360<\/td>\n<td>51360<\/td>\n<td><span class=\"text_medium\">\u00a0<\/span><a href=\"http:\/\/ws.sel.sony.com\/PIPWebServices\/RetrievePublicAsset\/StepID\/SEL-asset-251145\/original\/UWP_SET-UP.pdf\">Brukerveilledning<\/a><\/td>\n<td><span class=\"text_medium\">Sender for h\u00e5ndmic<\/span><\/td>\n<\/tr>\n<tr>\n<td><a href=\"http:\/\/www.sennheiserusa.com\/professional_wireless-microphone-systems_receiver_ew-100-g3_503107\">Sennheiser ew100 G3<\/a><\/td>\n<td>#8<\/td>\n<td>53951<\/td>\n<td>53954<\/td>\n<td>&laquo;<\/td>\n<td><span class=\"text_medium\">566 MHz<\/span><\/td>\n<\/tr>\n<tr>\n<td><a href=\"http:\/\/www.sennheiserusa.com\/professional_wireless-microphone-systems_receiver_ew-100-g3_503107\">Sennheiser ew100 G3<\/a><\/td>\n<td>#9<\/td>\n<td>53952<\/td>\n<td>53956<\/td>\n<td>&laquo;<\/td>\n<td><span class=\"text_medium\">566 MHz<\/span><\/td>\n<\/tr>\n<tr>\n<td><a href=\"http:\/\/www.rode.com\/rodelink\/filmmakerkit\">R\u00f8delink filmmaker<\/a><\/td>\n<td>#10<\/td>\n<td>58004<\/td>\n<td>58003<\/td>\n<td><span class=\"text_medium\">\u00a0<\/span><a href=\"http:\/\/www.rode.com\/download\/Filmmaker_Quickstart_Guide.pdf\">Brukerveilledning<\/a><\/td>\n<td><\/td>\n<\/tr>\n<tr>\n<td><a href=\"http:\/\/www.rode.com\/rodelink\/filmmakerkit\">R\u00f8delink filmmaker<\/a><\/td>\n<td>#11<\/td>\n<td>57864<\/td>\n<td>57865<\/td>\n<td><span class=\"text_medium\">\u00a0<\/span><a href=\"http:\/\/www.rode.com\/download\/Filmmaker_Quickstart_Guide.pdf\">Brukerveilledning<\/a><\/td>\n<td><\/td>\n<\/tr>\n<tr>\n<td><a href=\"http:\/\/www.rode.com\/rodelink\/filmmakerkit\">R\u00f8delink filmmaker<\/a><\/td>\n<td>#12<\/td>\n<td>58498<\/td>\n<td>58497<\/td>\n<td><span class=\"text_medium\">\u00a0<\/span><a href=\"http:\/\/www.rode.com\/download\/Filmmaker_Quickstart_Guide.pdf\">Brukerveilledning<\/a><\/td>\n<td><\/td>\n<\/tr>\n<\/tbody>\n<\/table>\n<h2>Mygg med kabel<\/h2>\n<p><span class=\"text_medium\">\u00a0En mygg er en liten mikrofon som kan plasseres direkte p\u00e5 en person.<\/span><\/p>\n<ul>\n<li>2 stk <a href=\"http:\/\/www.sony.no\/pro\/product\/broad-pro-audio-wired-lapel\/ecm-44b\/overview\/\">Sony ECM-44B <\/a>Mygg med batteriholder og XLR tilkobling<\/li>\n<\/ul>\n<h2>Podcast mikrofoner<\/h2>\n<p>Vi har noen mikrofoner med USB grensesnitt som er godt egnet som podcastmikrofoner. De fleste lydopptakere kan ogs\u00e5 fungere som USB-mikrofon.<\/p>\n<h1>Miksere og lydkort<\/h1>\n<ul>\n<li>2 stk Azden\u00a0<a href=\"http:\/\/www.bhphotovideo.com\/c\/product\/422113-REG\/Azden_FMX_32_FMX_32_Microphone_Field_Mixer.html\">FMX-32<\/a> lydmikser<\/li>\n<li>Lydbag med mikser, tr\u00e5dl\u00f8s mic, batteri, breakaway kabel mm. Les mer om bruk av lydbagen her.<\/li>\n<li><a href=\"http:\/\/www.yamaha.com\/yamahavgn\/CDA\/ContentDetail\/ModelSeriesDetail\/0,,CNTID%25253D63333%252526CTID%25253D207900%252526ATRID%25253D20%252526DETYP%25253DATTRIBUTE%252526LGFL%25253DY,00.html\">Yamaha MW12<\/a> 12 kanals mikser med USB tilkobling. Kan ogs\u00e5 brukes som lydkort<\/li>\n<li>16 kanals <a href=\"http:\/\/www2.hiof.no\/neted\/upload\/img\/Lydmixer_35.JPG\" target=\"_parent\" rel=\"noopener noreferrer\">lydmixer <\/a>med equaliser og &laquo;spectral enhancer&raquo; i 16&#8243; kasse.<\/li>\n<li>Liten 5 kanals lydmixer med XLR og Phantom Power.<\/li>\n<\/ul>\n","protected":false},"excerpt":{"rendered":"<p>Lydopptakere Zoom H4n kan ogs\u00e5 brukes som mikrofonadapter p\u00e5 speilrefleks. Zoom H2n# 1053872 &nbsp; Lydopptager Merket Hiof\u00a0nummer XLR&#8211;inngang Zoom H2 # 1 \u00a055609 Zoom H2 # 2 \u00a055607 Zoom H2 # 3 21952 Zoom H2 # 4 24053 Zoom H2n # 5 54992 Zoom\u00a0H4n # 11 53475 2 stk Zoom\u00a0H4n # 12 53477 2 stk &hellip; <a href=\"https:\/\/blogg.hiof.no\/dmpro\/lyd\/\" class=\"more-link\">Fortsett \u00e5 lese <span class=\"screen-reader-text\">Lyd<\/span> <span class=\"meta-nav\">&rarr;<\/span><\/a><\/p>\n","protected":false},"author":221,"featured_media":0,"parent":0,"menu_order":0,"comment_status":"closed","ping_status":"closed","template":"","meta":{"jetpack_post_was_ever_published":false,"footnotes":""},"class_list":["post-11","page","type-page","status-publish","hentry"],"jetpack_sharing_enabled":true,"jetpack_shortlink":"https:\/\/wp.me\/P5LSvA-b","_links":{"self":[{"href":"https:\/\/blogg.hiof.no\/dmpro\/wp-json\/wp\/v2\/pages\/11","targetHints":{"allow":["GET"]}}],"collection":[{"href":"https:\/\/blogg.hiof.no\/dmpro\/wp-json\/wp\/v2\/pages"}],"about":[{"href":"https:\/\/blogg.hiof.no\/dmpro\/wp-json\/wp\/v2\/types\/page"}],"author":[{"embeddable":true,"href":"https:\/\/blogg.hiof.no\/dmpro\/wp-json\/wp\/v2\/users\/221"}],"replies":[{"embeddable":true,"href":"https:\/\/blogg.hiof.no\/dmpro\/wp-json\/wp\/v2\/comments?post=11"}],"version-history":[{"count":42,"href":"https:\/\/blogg.hiof.no\/dmpro\/wp-json\/wp\/v2\/pages\/11\/revisions"}],"predecessor-version":[{"id":358,"href":"https:\/\/blogg.hiof.no\/dmpro\/wp-json\/wp\/v2\/pages\/11\/revisions\/358"}],"wp:attachment":[{"href":"https:\/\/blogg.hiof.no\/dmpro\/wp-json\/wp\/v2\/media?parent=11"}],"curies":[{"name":"wp","href":"https:\/\/api.w.org\/{rel}","templated":true}]}}