{"id":13,"date":"2015-02-03T10:11:52","date_gmt":"2015-02-03T10:11:52","guid":{"rendered":"http:\/\/blogg.hiof.no\/dmpro\/?page_id=13"},"modified":"2018-06-08T11:25:18","modified_gmt":"2018-06-08T11:25:18","slug":"stativ","status":"publish","type":"page","link":"https:\/\/blogg.hiof.no\/dmpro\/stativ\/","title":{"rendered":"Stativ"},"content":{"rendered":"<h1><strong><img loading=\"lazy\" decoding=\"async\" id=\"archiveimage_18221\" src=\"http:\/\/rainbow.hiof.no\/neted\/modules\/archive\/front\/display.php?data=eeac7b22a6bd65e8bd9db92b041b6c5db843760d\" alt=\"\" width=\"210\" height=\"315\" \/><\/strong><\/h1>\n<p>Et stativ er kanskje det viktigste hjelpemiddelet for \u00e5 f\u00e5 bedre film og bilder. Stativet b\u00f8r v\u00e6re litt tungt for at det blir st\u00f8dig nok. Hvis man skal b\u00e6re stativet med seg, m\u00e5 man ofte kompromisse og velge et lettere stativ.<\/p>\n<p><img loading=\"lazy\" decoding=\"async\" id=\"archiveimage_18225\" class=\" alignleft\" src=\"http:\/\/rainbow.hiof.no\/neted\/modules\/archive\/front\/display.php?data=891bb038ba294a2be1c7d8ceffa70d5a6cbced88\" alt=\"\" width=\"40\" height=\"50\" \/>Sony-stativene v\u00e5re har fjernkontroll for start\/stopp og zoom.\u00a0Fjernkontrollen er standard LANC og kan brukes p\u00e5 alle kameraer som har en slik inngang. Se etter en bl\u00e5 kontakt med <a href=\"http:\/\/en.wikipedia.org\/wiki\/LANC\">LANC<\/a> symbol.<\/p>\n<p>&nbsp;<\/p>\n<h2>Foto- og video stativ<\/h2>\n<ul>\n<li>Sony VCT-870 med LANC fjernkontroll<\/li>\n<li><a href=\"https:\/\/www.bhphotovideo.com\/c\/product\/708707-REG\/Manfrotto_351MV_351MV_Ball_Tripod_w_Spikes.html\">Manfrotto <span class=\"prdlistingbold\">351MVB <\/span><\/a>Videostativ med Manfrotto 501 hode<\/li>\n<li>Manfrotto Dolly (Hjul for stativ)<\/li>\n<li>Manfrotto Monopod med panoreringshode (Ettbenstativ)<\/li>\n<li>Skulderst\u00f8tte for FX1\/FX7<\/li>\n<li><span class=\"text_medium\"><a href=\"https:\/\/www.manfrotto.no\/055-sett-3-seksjoners-aluminiumsstativ-med-treveishode\">Manfrotto 055CB<\/a> fotostativ<\/span><\/li>\n<li>Gorillapod &#8211; Lite, fleksibelt stativ<\/li>\n<\/ul>\n<h2>Steadicam<\/h2>\n<h2><a href=\"http:\/\/blogg.hiof.no\/dmpro\/files\/2015\/02\/Steadicam_PILOT.jpg\"><img loading=\"lazy\" decoding=\"async\" class=\"alignnone size-full wp-image-192\" src=\"http:\/\/blogg.hiof.no\/dmpro\/files\/2015\/02\/Steadicam_PILOT.jpg\" alt=\"\" width=\"500\" height=\"500\" srcset=\"https:\/\/blogg.hiof.no\/dmpro\/files\/2015\/02\/Steadicam_PILOT.jpg 500w, https:\/\/blogg.hiof.no\/dmpro\/files\/2015\/02\/Steadicam_PILOT-150x150.jpg 150w, https:\/\/blogg.hiof.no\/dmpro\/files\/2015\/02\/Steadicam_PILOT-300x300.jpg 300w\" sizes=\"auto, (max-width: 500px) 100vw, 500px\" \/><\/a><\/h2>\n<h2><a href=\"http:\/\/blogg.hiof.no\/dmpro\/files\/2015\/02\/Steadicam-Volt.png\"><img loading=\"lazy\" decoding=\"async\" class=\"wp-image-188 alignright\" src=\"http:\/\/blogg.hiof.no\/dmpro\/files\/2015\/02\/Steadicam-Volt.png\" alt=\"\" width=\"128\" height=\"224\" srcset=\"https:\/\/blogg.hiof.no\/dmpro\/files\/2015\/02\/Steadicam-Volt.png 585w, https:\/\/blogg.hiof.no\/dmpro\/files\/2015\/02\/Steadicam-Volt-171x300.png 171w\" sizes=\"auto, (max-width: 128px) 100vw, 128px\" \/><\/a><\/h2>\n<div><a href=\"http:\/\/www.tiffen.com\/pilot.html\">Steadicam Pilot\u00a0<\/a> &#8211; <a href=\"http:\/\/en.wikipedia.org\/wiki\/Steadycam\">Stabiliseringssystem <\/a>for Video.<\/div>\n<div><\/div>\n<div>Se <a href=\"http:\/\/www.vimeo.com\/3459943\">oppl\u00e6ringsvideo<\/a> med Bj\u00f8rn Ronny Andersen som er proff steadicamoperat\u00f8r.<\/div>\n<div><\/div>\n<div><\/div>\n<div><\/div>\n<div><a href=\"https:\/\/tiffen.com\/steadicamvolt\/\">Steadicam Volt<\/a> &#8211; Stabiliseringsstativ for mobil og GoPro.<\/div>\n<h2>Glidecam<\/h2>\n<p>Vi har en Glidecam XR-4000. Denne er beregnet p\u00e5 kameraer fra 1,8 til 4,5 kg. Det betyr at de minste speilreflekskameraene kan bli for lette.<\/p>\n<p><img loading=\"lazy\" decoding=\"async\" class=\"\" src=\"http:\/\/cdn.cvp.com\/images\/products\/altimage\/12%2001%2020121326372841xr-4000.jpg\" alt=\"\" width=\"356\" height=\"356\" \/><\/p>\n<h2>Slider<\/h2>\n<p>Vi har en <a href=\"https:\/\/cinetics.com\/kit\/axis360\">Axis 360 Pro<\/a> med tre motorer. Disse kan settes sammen til en sliderskinne med 3 akser eller brukes separat som skinne og panoramahode.<\/p>\n<p><a href=\"http:\/\/blogg.hiof.no\/dmpro\/files\/2015\/02\/animation.gif\"><img loading=\"lazy\" decoding=\"async\" class=\"alignnone size-full wp-image-184\" src=\"http:\/\/blogg.hiof.no\/dmpro\/files\/2015\/02\/animation.gif\" alt=\"\" width=\"700\" height=\"394\" \/><\/a><\/p>\n<p>&nbsp;<\/p>\n<h2>Skulderstativ<\/h2>\n<ul>\n<li>Redrock micro\u00a0<a href=\"http:\/\/store.redrockmicro.com\/Catalog\/DSLRShoulderMountedRigs\/DSLRFieldCinemaBundleV2\">DSLR Field Deluxe Cinema Bundle<\/a><\/li>\n<li><a href=\"http:\/\/www.bhphotovideo.com\/c\/product\/637644-REG\/Cavision_RS5DM2SET_F_RS5DM2SET_F_DSLR_Shoulder_Mount.html\">Cavision skulderstativ<\/a>\u00a0for filming med Canon 5D MKII og EOS 550\/600\/7D<\/li>\n<li><a href=\"http:\/\/opteka.com\/csx1.aspx\">Opteka CXS-1<\/a>\u00a0&#8211; Enkelt skulderstativ<\/li>\n<li><a href=\"http:\/\/www.smithvictor.com\/products\/detail.asp?prodid=602\">Smith Victor CS-1<\/a> &#8211; Enkelt skulderstativ<\/li>\n<\/ul>\n<ul>\n<li><a href=\"https:\/\/www.manfrotto.no\/produkter\/lys\/lysstativ\">Standard lysstativ<\/a> i forskjellige h\u00f8yder<\/li>\n<li><a href=\"http:\/\/www.bhphotovideo.com\/c\/product\/546371-REG\/Bogen_Manfrotto_035_035_Super_Clamp_without.html#features\">Superclamp<\/a> &#8211; klemme for \u00e5 sette p\u00e5 stativ, bord og lignende. Brukes for \u00e5 feste lys, kamera og annet.<\/li>\n<li><a href=\"http:\/\/www.bhphotovideo.com\/c\/product\/325417-REG\/Bogen_Manfrotto_076B_Single_AutoPole_56.html#features\">Autopole<\/a> &#8211; Stativ som festes mellom gulv og tak. Brukes sammen med Superclamp<\/li>\n<\/ul>\n<h1>Fjernkontroll<\/h1>\n<p>I tillegg til stativene med LANC, har vi en <a href=\"http:\/\/www.varizoom.com\/controlsindex.html\">fjernkontroll<\/a> for Panasonic kameraene. Denne monteres p\u00e5 et stativ og gir mulighet for \u00e5 justere fokus, zoom og blender manuelt.<\/p>\n","protected":false},"excerpt":{"rendered":"<p>Et stativ er kanskje det viktigste hjelpemiddelet for \u00e5 f\u00e5 bedre film og bilder. Stativet b\u00f8r v\u00e6re litt tungt for at det blir st\u00f8dig nok. Hvis man skal b\u00e6re stativet med seg, m\u00e5 man ofte kompromisse og velge et lettere stativ. Sony-stativene v\u00e5re har fjernkontroll for start\/stopp og zoom.\u00a0Fjernkontrollen er standard LANC og kan brukes &hellip; <a href=\"https:\/\/blogg.hiof.no\/dmpro\/stativ\/\" class=\"more-link\">Fortsett \u00e5 lese <span class=\"screen-reader-text\">Stativ<\/span> <span class=\"meta-nav\">&rarr;<\/span><\/a><\/p>\n","protected":false},"author":221,"featured_media":0,"parent":0,"menu_order":0,"comment_status":"closed","ping_status":"closed","template":"","meta":{"jetpack_post_was_ever_published":false,"footnotes":""},"class_list":["post-13","page","type-page","status-publish","hentry"],"jetpack_sharing_enabled":true,"jetpack_shortlink":"https:\/\/wp.me\/P5LSvA-d","_links":{"self":[{"href":"https:\/\/blogg.hiof.no\/dmpro\/wp-json\/wp\/v2\/pages\/13","targetHints":{"allow":["GET"]}}],"collection":[{"href":"https:\/\/blogg.hiof.no\/dmpro\/wp-json\/wp\/v2\/pages"}],"about":[{"href":"https:\/\/blogg.hiof.no\/dmpro\/wp-json\/wp\/v2\/types\/page"}],"author":[{"embeddable":true,"href":"https:\/\/blogg.hiof.no\/dmpro\/wp-json\/wp\/v2\/users\/221"}],"replies":[{"embeddable":true,"href":"https:\/\/blogg.hiof.no\/dmpro\/wp-json\/wp\/v2\/comments?post=13"}],"version-history":[{"count":12,"href":"https:\/\/blogg.hiof.no\/dmpro\/wp-json\/wp\/v2\/pages\/13\/revisions"}],"predecessor-version":[{"id":219,"href":"https:\/\/blogg.hiof.no\/dmpro\/wp-json\/wp\/v2\/pages\/13\/revisions\/219"}],"wp:attachment":[{"href":"https:\/\/blogg.hiof.no\/dmpro\/wp-json\/wp\/v2\/media?parent=13"}],"curies":[{"name":"wp","href":"https:\/\/api.w.org\/{rel}","templated":true}]}}