{"id":15,"date":"2015-02-03T10:14:25","date_gmt":"2015-02-03T10:14:25","guid":{"rendered":"http:\/\/blogg.hiof.no\/dmpro\/?page_id=15"},"modified":"2021-02-08T14:29:22","modified_gmt":"2021-02-08T14:29:22","slug":"studio","status":"publish","type":"page","link":"https:\/\/blogg.hiof.no\/dmpro\/studio\/","title":{"rendered":"Studio"},"content":{"rendered":"<h1>Studio<\/h1>\n<p>Vi har for tiden ingen rom som er dedikert som studio, men vi har forskjellig utstyr som kan l\u00e5nes.<\/p>\n<ul>\n<li>Lys<\/li>\n<li><a title=\"Studioblits\" href=\"http:\/\/blogg.hiof.no\/dmpro\/studioblits\/\">Studioblitser <\/a><\/li>\n<li>Bakgrunner p\u00e5 stativ<\/li>\n<li>Greenscreen<\/li>\n<\/ul>\n<p>Rom DU1-043 i underetasjen har ogs\u00e5 en gr\u00f8nn vegg for greenscreen opptak<\/p>\n<p>&nbsp;<\/p>\n","protected":false},"excerpt":{"rendered":"<p>Studio Vi har for tiden ingen rom som er dedikert som studio, men vi har forskjellig utstyr som kan l\u00e5nes. Lys Studioblitser Bakgrunner p\u00e5 stativ Greenscreen Rom DU1-043 i underetasjen har ogs\u00e5 en gr\u00f8nn vegg for greenscreen opptak &nbsp;<\/p>\n","protected":false},"author":221,"featured_media":0,"parent":0,"menu_order":0,"comment_status":"closed","ping_status":"closed","template":"","meta":{"jetpack_post_was_ever_published":false,"footnotes":""},"class_list":["post-15","page","type-page","status-publish","hentry"],"jetpack_sharing_enabled":true,"jetpack_shortlink":"https:\/\/wp.me\/P5LSvA-f","_links":{"self":[{"href":"https:\/\/blogg.hiof.no\/dmpro\/wp-json\/wp\/v2\/pages\/15","targetHints":{"allow":["GET"]}}],"collection":[{"href":"https:\/\/blogg.hiof.no\/dmpro\/wp-json\/wp\/v2\/pages"}],"about":[{"href":"https:\/\/blogg.hiof.no\/dmpro\/wp-json\/wp\/v2\/types\/page"}],"author":[{"embeddable":true,"href":"https:\/\/blogg.hiof.no\/dmpro\/wp-json\/wp\/v2\/users\/221"}],"replies":[{"embeddable":true,"href":"https:\/\/blogg.hiof.no\/dmpro\/wp-json\/wp\/v2\/comments?post=15"}],"version-history":[{"count":4,"href":"https:\/\/blogg.hiof.no\/dmpro\/wp-json\/wp\/v2\/pages\/15\/revisions"}],"predecessor-version":[{"id":284,"href":"https:\/\/blogg.hiof.no\/dmpro\/wp-json\/wp\/v2\/pages\/15\/revisions\/284"}],"wp:attachment":[{"href":"https:\/\/blogg.hiof.no\/dmpro\/wp-json\/wp\/v2\/media?parent=15"}],"curies":[{"name":"wp","href":"https:\/\/api.w.org\/{rel}","templated":true}]}}