{"id":17,"date":"2015-02-03T10:15:35","date_gmt":"2015-02-03T10:15:35","guid":{"rendered":"http:\/\/blogg.hiof.no\/dmpro\/?page_id=17"},"modified":"2023-08-24T12:24:14","modified_gmt":"2023-08-24T12:24:14","slug":"home","status":"publish","type":"page","link":"https:\/\/blogg.hiof.no\/dmpro\/","title":{"rendered":"Home"},"content":{"rendered":"<h1>Foto- og Videoutstyr<\/h1>\n<p>Her er oversikt over utstyr som l\u00e5nes ut til DMPro studenter. Se i menyen for detaljert oversikt.<\/p>\n<p>Mesteparten av utstyret er kj\u00f8pt inn til DMPro studiet, men ogs\u00e5 andre IT-studenter kan l\u00e5ne utstyr n\u00e5r det er ledig.<a href=\"http:\/\/blogg.hiof.no\/dmpro\/files\/2015\/02\/animation.gif\"><img loading=\"lazy\" decoding=\"async\" class=\"alignnone size-full wp-image-184\" src=\"http:\/\/blogg.hiof.no\/dmpro\/files\/2015\/02\/animation.gif\" alt=\"\" width=\"700\" height=\"394\" \/><\/a><\/p>\n<p>Vi har begrenset mengde med utstyr for utl\u00e5n, derfor er det viktig at dere planlegger oppgaven dere skal gj\u00f8re slik at dere ikke trenger utstyret s\u00e5 lenge om gangen.<\/p>\n<p>Utstyret kan l\u00e5nes fra verkstedet i underetasjen eller hos Hans Olav.<\/p>\n<p>Intro til utstyr i kurset <a href=\"https:\/\/docs.google.com\/presentation\/d\/1PErtht5-Oe6mMsADz2EYyTbXag-KbKDJs8WNTAkjrN0\/edit?usp=sharing\">videoproduksjon<\/a>.<\/p>\n<p>Generelle utl\u00e5nsregler:<\/p>\n<ul>\n<li>Alt utstyr skal kvitteres ut<\/li>\n<li>S\u00f8rg for at utstyret blir levert til rett tid og at det blir krysset av i kvitteringslisten<\/li>\n<li>Ikke l\u00e5n utstyret videre til andre uten avtale<\/li>\n<\/ul>\n<p>For kamera og lydrecordere:<\/p>\n<ul>\n<li>Lever utstyret i den stand dere \u00f8nsker \u00e5 finne n\u00e5r dere selv l\u00e5ner det<\/li>\n<li>Lad opp batteriet<\/li>\n<li>Sett tilbake endringer dere har gjort p\u00e5 utstyret, f.eks. manuell fokus, lydniv\u00e5 osv.<\/li>\n<li>S\u00f8rg for at ekstrautstyr som kabler o.l. er ryddig<\/li>\n<li>Meld fra om problemer eller feil n\u00e5r dere leverer tilbake<\/li>\n<\/ul>\n<p>&nbsp;<\/p>\n","protected":false},"excerpt":{"rendered":"<p>Foto- og Videoutstyr Her er oversikt over utstyr som l\u00e5nes ut til DMPro studenter. Se i menyen for detaljert oversikt. Mesteparten av utstyret er kj\u00f8pt inn til DMPro studiet, men ogs\u00e5 andre IT-studenter kan l\u00e5ne utstyr n\u00e5r det er ledig. Vi har begrenset mengde med utstyr for utl\u00e5n, derfor er det viktig at dere planlegger &hellip; <a href=\"https:\/\/blogg.hiof.no\/dmpro\/\" class=\"more-link\">Fortsett \u00e5 lese <span class=\"screen-reader-text\">Home<\/span> <span class=\"meta-nav\">&rarr;<\/span><\/a><\/p>\n","protected":false},"author":221,"featured_media":0,"parent":0,"menu_order":0,"comment_status":"closed","ping_status":"closed","template":"page-templates\/full-width.php","meta":{"jetpack_post_was_ever_published":false,"footnotes":""},"class_list":["post-17","page","type-page","status-publish","hentry"],"jetpack_sharing_enabled":true,"jetpack_shortlink":"https:\/\/wp.me\/P5LSvA-h","_links":{"self":[{"href":"https:\/\/blogg.hiof.no\/dmpro\/wp-json\/wp\/v2\/pages\/17","targetHints":{"allow":["GET"]}}],"collection":[{"href":"https:\/\/blogg.hiof.no\/dmpro\/wp-json\/wp\/v2\/pages"}],"about":[{"href":"https:\/\/blogg.hiof.no\/dmpro\/wp-json\/wp\/v2\/types\/page"}],"author":[{"embeddable":true,"href":"https:\/\/blogg.hiof.no\/dmpro\/wp-json\/wp\/v2\/users\/221"}],"replies":[{"embeddable":true,"href":"https:\/\/blogg.hiof.no\/dmpro\/wp-json\/wp\/v2\/comments?post=17"}],"version-history":[{"count":9,"href":"https:\/\/blogg.hiof.no\/dmpro\/wp-json\/wp\/v2\/pages\/17\/revisions"}],"predecessor-version":[{"id":364,"href":"https:\/\/blogg.hiof.no\/dmpro\/wp-json\/wp\/v2\/pages\/17\/revisions\/364"}],"wp:attachment":[{"href":"https:\/\/blogg.hiof.no\/dmpro\/wp-json\/wp\/v2\/media?parent=17"}],"curies":[{"name":"wp","href":"https:\/\/api.w.org\/{rel}","templated":true}]}}