{"id":60,"date":"2015-02-05T12:09:26","date_gmt":"2015-02-05T12:09:26","guid":{"rendered":"http:\/\/blogg.hiof.no\/dmpro\/?page_id=60"},"modified":"2018-06-08T11:44:12","modified_gmt":"2018-06-08T11:44:12","slug":"lys","status":"publish","type":"page","link":"https:\/\/blogg.hiof.no\/dmpro\/lys\/","title":{"rendered":"Lys"},"content":{"rendered":"<p><img loading=\"lazy\" decoding=\"async\" id=\"archiveimage_18219\" src=\"http:\/\/rainbow.hiof.no\/neted\/modules\/archive\/front\/display.php?data=e18c8dc6874f844e5ef722f6e3a32567d6a5ea65\" alt=\"\" width=\"141\" height=\"166\" \/><\/p>\n<h1>OBS! Bruk av lyskastere og blitser<\/h1>\n<ul>\n<li>Blitsene skal ikke brukes som lyskastere. Halogenlampene i blitsene er kun beregnet som innstillingslys ved blitsfotografering.<\/li>\n<li>Lyskastere m\u00e5 ikke flyttes n\u00e5r de st\u00e5r p\u00e5. P\u00e6rene ryker lett.<\/li>\n<li>Ikke la lyskasterene st\u00e5 p\u00e5 un\u00f8dvendig. P\u00e6rene har begrenset levetid og lampene kan overopphete.<\/li>\n<li>Sikkerhetsgitter m\u00e5 alltid brukes. P\u00e6rene kan eksplodere.<\/li>\n<li>Lampene m\u00e5 ikke dekkes til eller plasseres ust\u00f8dig. De blir meget varme.<\/li>\n<\/ul>\n<h1>Lyskit<\/h1>\n<ul>\n<li>4 stk <a href=\"http:\/\/www.ianiro.com\/digidual_light.asp\" target=\"_parent\">lyskit<\/a> i bag med 650 og 300W lamper, stativ, diffuser, l\u00e5ved\u00f8rer og en softboks<\/li>\n<li>2 stk store lyspanel med 4x55W lysr\u00f8r<\/li>\n<li><span class=\"text_medium\">2 stk <a href=\"http:\/\/www.scandinavianphoto.no\/product\/item.aspx?iid=8580189\">650W Spot<\/a><\/span><\/li>\n<li><span class=\"text_medium\">1 stk 2000 W Spot<\/span><\/li>\n<\/ul>\n<p>Vi har filterholdere og filter i forskjellige farger til alle lyskit.<\/p>\n<h1>LED lys<img loading=\"lazy\" decoding=\"async\" class=\"wp-image-166 aligncenter\" src=\"http:\/\/blogg.hiof.no\/dmpro\/files\/2015\/02\/Yongnuo-YN600L.jpg\" alt=\"Yongnuo YN600L\" width=\"326\" height=\"326\" srcset=\"https:\/\/blogg.hiof.no\/dmpro\/files\/2015\/02\/Yongnuo-YN600L.jpg 600w, https:\/\/blogg.hiof.no\/dmpro\/files\/2015\/02\/Yongnuo-YN600L-150x150.jpg 150w, https:\/\/blogg.hiof.no\/dmpro\/files\/2015\/02\/Yongnuo-YN600L-300x300.jpg 300w\" sizes=\"auto, (max-width: 326px) 100vw, 326px\" \/><\/h1>\n<p>Vi har noen <a href=\"http:\/\/www.aliexpress.com\/item\/Bi-color-YONGNUO-YN600L-II-3200-5500K-LED-Video-Light-Panel-w-2-4G-Bluetooth-App\/32362094657.html\">studiolys med 600 lysdioder<\/a>. \u00a0Lampene har b\u00e5de varme og kalde dioder slik at fargetemperaturen kan justeres. Disse kan ogs\u00e5 brukes med\u00a0batteri.<\/p>\n<h1>Kameralys<a href=\"http:\/\/blogg.hiof.no\/dmpro\/files\/2015\/02\/Yongnuo-YN600L1.jpg\"><img loading=\"lazy\" decoding=\"async\" class=\"wp-image-170 alignright\" src=\"http:\/\/blogg.hiof.no\/dmpro\/files\/2015\/02\/Yongnuo-YN600L1.jpg\" alt=\"Yongnuo YN600L\" width=\"230\" height=\"164\" srcset=\"https:\/\/blogg.hiof.no\/dmpro\/files\/2015\/02\/Yongnuo-YN600L1.jpg 450w, https:\/\/blogg.hiof.no\/dmpro\/files\/2015\/02\/Yongnuo-YN600L1-300x214.jpg 300w\" sizes=\"auto, (max-width: 230px) 100vw, 230px\" \/><\/a><\/h1>\n<ul>\n<li>5 stk kit med <a href=\"http:\/\/www.dx.com\/no\/p\/nanguange-cn-lux1500-7-8w-3200-5600k-850lm-130-led-video-light-black-136470#.VjNhJfkvfmE\">130 LED lamper<\/a> og batteri<\/li>\n<li><span class=\"text_medium\">Diverse videolys med batteri for montering p\u00e5 kamera, f.eks. <a href=\"http:\/\/www.sony.no\/view\/ShowProduct.action?product=HVL-20DW2&amp;site=odw_no_NO&amp;pageType=Overview&amp;category=CAC+Flashes+%26+Lights\" target=\"_parent\">Sony HVL-D20W2<\/a><\/span><\/li>\n<li><span class=\"text_medium\"><a href=\"http:\/\/www.varizoom.com\/products\/lights\/s2010_series.html\">Varizoom LED lys<\/a> &#8211; <\/span>Kameralys med lysdioder. Bruker 12W, gir lys tilsvarende 40W halogen. Har egen batteriholder for Sony &laquo;L-type&raquo; batteri.<\/li>\n<\/ul>\n<h1>Diverse<a href=\"http:\/\/blogg.hiof.no\/dmpro\/files\/2015\/02\/Reflektor.jpg\"><img loading=\"lazy\" decoding=\"async\" class=\"alignnone wp-image-168\" src=\"http:\/\/blogg.hiof.no\/dmpro\/files\/2015\/02\/Reflektor.jpg\" alt=\"Reflektor\" width=\"429\" height=\"429\" srcset=\"https:\/\/blogg.hiof.no\/dmpro\/files\/2015\/02\/Reflektor.jpg 1500w, https:\/\/blogg.hiof.no\/dmpro\/files\/2015\/02\/Reflektor-150x150.jpg 150w, https:\/\/blogg.hiof.no\/dmpro\/files\/2015\/02\/Reflektor-300x300.jpg 300w, https:\/\/blogg.hiof.no\/dmpro\/files\/2015\/02\/Reflektor-1024x1024.jpg 1024w\" sizes=\"auto, (max-width: 429px) 100vw, 429px\" \/><\/a><\/h1>\n<ul>\n<li>3 stk <a href=\"http:\/\/www.aliexpress.com\/item\/Free-Shipping-Wholesale-FOTGA-110cm-Photo-collapsible-5-in1-Light-Reflector-KIT-43-For-studio-flash\/489923831.html\">reflektorer<\/a><\/li>\n<li><a href=\"http:\/\/www.bhphotovideo.com\/c\/product\/546371-REG\/Bogen_Manfrotto_035_035_Super_Clamp_without.html#features\">Superclamp<\/a> &#8211; klemme for \u00e5 sette p\u00e5 stativ, bord og lignende. Brukes for \u00e5 feste lys, kamera og annet.<\/li>\n<li><a href=\"http:\/\/www.bhphotovideo.com\/c\/product\/325417-REG\/Bogen_Manfrotto_076B_Single_AutoPole_56.html#features\">Autopole<\/a> &#8211; Stativ som festes mellom gulv og tak. Brukes sammen med Superclamp<\/li>\n<\/ul>\n<h1>Blitser<\/h1>\n<h1><img loading=\"lazy\" decoding=\"async\" id=\"archiveimage_35680\" src=\"http:\/\/www2.hiof.no\/neted\/modules\/archive\/front\/display.php?data=00744cd333c11b78b06d7cb9a90d3569a31cff41\" alt=\"\" width=\"348\" height=\"323\" \/><\/h1>\n<p>En ekstern blits kan brukes for \u00e5 f\u00e5 kraftigere lys enn en innebygd kamera blits. En slik blits har ogs\u00e5 gjerne mulighet for \u00e5 vinkles mot ett hvitt tak eller en vegg for \u00e5 f\u00e5 indirekte lys. Dette gir et mykere og jevnere lys.<\/p>\n<p>Styrken p\u00e5 en blits m\u00e5les med ledetall (Eng. Guide number). Ledetall 13 betyr at blitsen rekker 13 m ved ISO 100 og blender 1. For \u00e5 finne rekkevidden for den blenderen man \u00f8nsker eller maksimal blender p\u00e5 objektivet, kan man dele ledetallet med blenderen. Hvis man \u00f8ker ISO s\u00e5 kan man gange ledetallet med 2 for hver gang man firedobler ISO.<\/p>\n<p>OBS, ledetallet oppgis ved en bestemt brennvidde, s\u00e5 man m\u00e5 ta hensyn til dette n\u00e5r man sammenligner blitser. (Man trenger mer lys ved vidvinkel).<\/p>\n<p>Innebygd blits i Canon speilrefleks har ledetall 13 ved 28mm<\/p>\n<p>Vi har f\u00f8lgende blitser for utl\u00e5n:<\/p>\n<ul>\n<li><a href=\"http:\/\/www.sigmaphoto.com\/flashes\/flashes_flashes_details.asp?id=3258\"><span class=\"text18\">EM-140 DG Macro Flash<\/span><\/a> \u2013 Ringblitz for makrofotografering\u00a0\u00a0\u00a0\u00a0\u00a0<a href=\"http:\/\/www.sigmaphoto.com\/flashes\/manuals\/F30EO.pdf\">Brukerveiledning<\/a><\/li>\n<li><span class=\"text_medium\"><a href=\"http:\/\/www.metz.de\/en\/photo-electronics\/mecablitz-models\/slave-flash-units\/mecablitz-28-cs-2-digital.html\">METZ\u00a0 28 CS-2<\/a><\/span> Slaveblits som kan brukes med b\u00e5de sm\u00e5 og store kameraer. Brukes for \u00e5 f\u00e5 mer lys eller tilleggslys fra en annen vinkel.<\/li>\n<li><a href=\"http:\/\/www.canon.no\/About_Us\/News\/Consumer_Releases\/Cons_080610_Speedlite_430EX_II.asp\">Canon Speedlite 430EX II<\/a> \u2013 Ledetall 43 ved 105 mm\u00a0\u00a0<span class=\"text_medium\"><a href=\"http:\/\/www.eosdoc.com\/manuals\/?q=420EX\">Brukerveiledning<\/a><\/span><span class=\"text_medium\">\u00a0<\/span><\/li>\n<li><span class=\"text_medium\"><span class=\"text_medium\"><a href=\"http:\/\/www.sigmaphoto.com\/flashes\/flashes_flashes_details.asp?id=3263\">Sigma EF-530 DG<\/a> <\/span><\/span><span class=\"text_medium\">&#8211; Ledetall 53 ved 105 mm<\/span><\/li>\n<li><span class=\"text_medium\">Metz 36 AF for Olympus\/Panasonic<br \/>\n<\/span><\/li>\n<\/ul>\n<p>&nbsp;<\/p>\n<p>Canon og Sigmablitsene kan brukes samtidig med full automatikk (Wireless E-TTL):<\/p>\n<ol>\n<li>Bruk Sigma som master.<\/li>\n<li>Trykk p\u00e5 Mode-knappen til det st\u00e5r E-TTL og C1 (Channel 1).<\/li>\n<li>Sett Canonblitsen p\u00e5 foten eller et eget stativ<\/li>\n<li>Skru over bryteren til Slave<\/li>\n<li>Sjekk at den star p\u00e5 ch. 1, Gruppeinnstilling brukes ikke.<\/li>\n<\/ol>\n<h1><a name=\"Studioblits\"><\/a>Studioblits<\/h1>\n<p>Vi har tre stk <a title=\"Studioblits\" href=\"http:\/\/blogg.hiof.no\/dmpro\/studioblits\/\">studioblitser <\/a>som kan l\u00e5nes ut.<\/p>\n","protected":false},"excerpt":{"rendered":"<p>OBS! Bruk av lyskastere og blitser Blitsene skal ikke brukes som lyskastere. Halogenlampene i blitsene er kun beregnet som innstillingslys ved blitsfotografering. Lyskastere m\u00e5 ikke flyttes n\u00e5r de st\u00e5r p\u00e5. P\u00e6rene ryker lett. Ikke la lyskasterene st\u00e5 p\u00e5 un\u00f8dvendig. P\u00e6rene har begrenset levetid og lampene kan overopphete. Sikkerhetsgitter m\u00e5 alltid brukes. P\u00e6rene kan eksplodere. Lampene &hellip; <a href=\"https:\/\/blogg.hiof.no\/dmpro\/lys\/\" class=\"more-link\">Fortsett \u00e5 lese <span class=\"screen-reader-text\">Lys<\/span> <span class=\"meta-nav\">&rarr;<\/span><\/a><\/p>\n","protected":false},"author":221,"featured_media":0,"parent":0,"menu_order":0,"comment_status":"closed","ping_status":"closed","template":"page-templates\/full-width.php","meta":{"jetpack_post_was_ever_published":false,"footnotes":""},"class_list":["post-60","page","type-page","status-publish","hentry"],"jetpack_sharing_enabled":true,"jetpack_shortlink":"https:\/\/wp.me\/P5LSvA-Y","_links":{"self":[{"href":"https:\/\/blogg.hiof.no\/dmpro\/wp-json\/wp\/v2\/pages\/60","targetHints":{"allow":["GET"]}}],"collection":[{"href":"https:\/\/blogg.hiof.no\/dmpro\/wp-json\/wp\/v2\/pages"}],"about":[{"href":"https:\/\/blogg.hiof.no\/dmpro\/wp-json\/wp\/v2\/types\/page"}],"author":[{"embeddable":true,"href":"https:\/\/blogg.hiof.no\/dmpro\/wp-json\/wp\/v2\/users\/221"}],"replies":[{"embeddable":true,"href":"https:\/\/blogg.hiof.no\/dmpro\/wp-json\/wp\/v2\/comments?post=60"}],"version-history":[{"count":10,"href":"https:\/\/blogg.hiof.no\/dmpro\/wp-json\/wp\/v2\/pages\/60\/revisions"}],"predecessor-version":[{"id":222,"href":"https:\/\/blogg.hiof.no\/dmpro\/wp-json\/wp\/v2\/pages\/60\/revisions\/222"}],"wp:attachment":[{"href":"https:\/\/blogg.hiof.no\/dmpro\/wp-json\/wp\/v2\/media?parent=60"}],"curies":[{"name":"wp","href":"https:\/\/api.w.org\/{rel}","templated":true}]}}