{"id":66,"date":"2015-02-05T12:19:32","date_gmt":"2015-02-05T12:19:32","guid":{"rendered":"http:\/\/blogg.hiof.no\/dmpro\/?page_id=66"},"modified":"2015-02-11T10:21:25","modified_gmt":"2015-02-11T10:21:25","slug":"studioblits","status":"publish","type":"page","link":"https:\/\/blogg.hiof.no\/dmpro\/studioblits\/","title":{"rendered":"Studioblits"},"content":{"rendered":"<p><strong>OBS! Blitsene skal ikke brukes som lyskastere. Halogenlampene i blitsene er kun beregnet som innstillingslys ved blitsfotografering.<\/strong><\/p>\n<p>Vi har et profesjonelt <a href=\"http:\/\/www.fotovideo.no\/aspx\/produkt\/prdinfovnet.aspx?plid=13579\">sett<\/a> med tre kraftige blitshoder, softbox og paraply som kan brukes til studiofotografering. <a href=\"http:\/\/www.bowens.co.uk\/content\/userguides\/gemini.pdf\">Brukerveiledning Bowens Esprit<\/a><\/p>\n<p>Man b\u00f8r bruke en ekstern lysm\u00e5ler sammen med studioblitser, vi har en <a href=\"http:\/\/www.scandinavianphoto.no\/product\/item.aspx?iId=1558890\">Sekonic L358<\/a> . \u00a0\u00a0\u00a0<a href=\"http:\/\/www.sekonic.com\/images\/files\/L-358.pdf\">Brukerveiledning Seconic<br \/>\n<\/a><\/p>\n<p>For mer informasjon om studiofotografering, se gjerne p\u00e5 noen av de mange <a href=\"http:\/\/www.youtube.com\/results?search_type=&amp;search_query=Studio+photography&amp;aq=f\">Youtube-videoene<\/a> om emnet.<\/p>\n<h1>Hurtigveiledning for Bowen Esprite studioblitser og Sekonic L-358 lysm\u00e5ler<\/h1>\n<p>Sett opp blitsene med f\u00f8lgende instillinger:<\/p>\n<p><img loading=\"lazy\" decoding=\"async\" id=\"archiveimage_19305\" src=\"http:\/\/rainbow.hiof.no\/neted\/modules\/archive\/front\/display.php?data=35abe6e605ff0dc6c15365164ec6726614b9a0ea\" alt=\"\" width=\"307\" height=\"130\" \/><\/p>\n<p>&nbsp;<\/p>\n<h3>Med synkkabel (Canon 5d eller ett av de andre med synkkontakt adapter)<\/h3>\n<ol>\n<li>Koble ene enden av synkkabelen til lysm\u00e5leren, den andre til kameraet og den tredje til den ene blitsen<\/li>\n<li>Still inn lysstyrken (Power) p\u00e5 blitsen. Modelleringslampen settes normalt til samme styrke.<\/li>\n<li>Still inn lysm\u00e5leren med mode knappen til blits-symbolet med en C er markert<\/li>\n<li>Still inn lysm\u00e5leren til den ISO verdien du \u00f8nsker \u00e5 bruke p\u00e5 kameraet<\/li>\n<li>Still inn lukkerhastighet ved \u00e5 vri p\u00e5 hjulet. Normal tid for blits-synkronisering er 125<\/li>\n<li>Vri p\u00e5 ringen rundt m\u00e5lekulen s\u00e5 den st\u00e5r ut.<\/li>\n<li>Hold n\u00e5 lysm\u00e5leren ved motivet med m\u00e5lekulen vendt mot kameraet.<\/li>\n<li>Trykk p\u00e5 m\u00e5leknappen p\u00e5 siden og blitsene skal fyre av<\/li>\n<li>Les av blenderverdien<\/li>\n<li>Still s\u00e5 kameraet p\u00e5 Manuell og still inn lukkertid, blender og ISO<\/li>\n<\/ol>\n<p>Hvis kameraet ikke har tilkobling for synkkabel, kan vi bruke den innebygde blitsen i kameraet for \u00e5 fyre av de store blitsene. Eventuelt kan en tr\u00e5dl\u00f8s <a title=\"Fjernkontroll\" href=\"http:\/\/blogg.hiof.no\/dmpro\/fjernkontroll\/\">fjernkontroll <\/a>brukes:<\/p>\n<ol>\n<li>Still inn lysm\u00e5leren p\u00e5 blits-symbolet uten C<\/li>\n<li>Still for\u00f8vrig inn lysm\u00e5leren som over<\/li>\n<li>N\u00e5r man n\u00e5 trykker p\u00e5 m\u00e5leknappen p\u00e5 lysm\u00e5leren, vil blitssymbolet bli st\u00e5ende \u00e5 blinke en stund<\/li>\n<li>Fest n\u00e5 lysm\u00e5leren ved motivet (eller la en annen holde den)<\/li>\n<li>Ta ett bilde som l\u00f8ser ut blitsene<\/li>\n<li>N\u00e5 kan m\u00e5leverdien leses av p\u00e5 lysm\u00e5leren<\/li>\n<li>Still s\u00e5 kameraet p\u00e5 Manuell og still inn lukkertid, blender og ISO<\/li>\n<\/ol>\n<p>&nbsp;<\/p>\n<p><img loading=\"lazy\" decoding=\"async\" id=\"archiveimage_19403\" src=\"http:\/\/rainbow.hiof.no\/neted\/modules\/archive\/front\/display.php?data=e4c49e1c92db82b81734680f5a24012a7dd61bf5\" alt=\"\" width=\"657\" height=\"438\" \/><\/p>\n<h2>Lyssetting<\/h2>\n<p>Vi har f\u00e5tt hjelp av Gunnar Misund som tidligere har v\u00e6rt fotograf til \u00e5 teste ut studioblitsene. Her er noen av tipsene hans for grunnleggende lyssetting (til portretter):<\/p>\n<ol>\n<li>Velg en passende bakgrunn. Svart, hvit eller gr\u00e5.<\/li>\n<li>Start med hovedblitsen som normalt settes til venstre. Bruk blitsen med softboks.<\/li>\n<li>Sett den ca 45 grader til venstre og 45 grader opp. Blitsen skal alts\u00e5 st\u00e5 h\u00f8yere enn motivet.<\/li>\n<li>Still inn kamera og blits som beskrevet over og ta noen testbilder til lyset ser bra ut. Se spesielt etter at skyggeleggingen er bra.<\/li>\n<li>N\u00e5 kan vi sette opp den andre blitsen for \u00e5 gi utfyllingslys. Denne skal prim\u00e6rt myke opp skyggene fra hovedblitsen.<\/li>\n<li>Sett utfyllingsblitsen til h\u00f8yre for kameraet, men med litt mindre vinkel (n\u00e6rmere kameraet)<\/li>\n<li>Still styrken p\u00e5 blitsen lavere enn hovedblitsen eller sett den litt lenger unna.<\/li>\n<li>Bruk en paraply som softboks.<\/li>\n<li>Ta noen bilder og juster styrken p\u00e5 utfyllingsblitsen til du er forn\u00f8yd.<\/li>\n<li>Ofte blir bilde bedre hvis man bruker ett tredje lys. Dette settes p\u00e5 h\u00f8yre side og litt over og bak motivet for \u00e5 gi litt lys p\u00e5 toppen av hodet.<\/li>\n<li>Vi kan bruke Visico blitsen til dette.<\/li>\n<li>Vi kan bruke modelleringslyset til \u00e5 vurdere lyssettingen hvis vi stiller inn styrken med samme forhold som styrken p\u00e5 blitslyset.<\/li>\n<\/ol>\n<p><img loading=\"lazy\" decoding=\"async\" id=\"archiveimage_19382\" src=\"http:\/\/rainbow.hiof.no\/neted\/modules\/archive\/front\/display.php?data=db718d950bc277cb9ef2c6fed5bcc6e6aa89bbf3\" alt=\"\" width=\"655\" height=\"437\" \/><\/p>\n<p><em>Dette bildet er lyssatt med tre lys som beskrevet over. I tillegg er\u00a0det brukt en ekstra slaveblits p\u00e5 gulvet som lyser opp bakgrunnen.<\/em><\/p>\n<p>Takk til Gunnar Misund og Aleksander Toppe (Medtester og motiv) for hjelp og uttesting av utstyret!<\/p>\n<p>Hans Olav<\/p>\n","protected":false},"excerpt":{"rendered":"<p>OBS! Blitsene skal ikke brukes som lyskastere. Halogenlampene i blitsene er kun beregnet som innstillingslys ved blitsfotografering. Vi har et profesjonelt sett med tre kraftige blitshoder, softbox og paraply som kan brukes til studiofotografering. Brukerveiledning Bowens Esprit Man b\u00f8r bruke en ekstern lysm\u00e5ler sammen med studioblitser, vi har en Sekonic L358 . \u00a0\u00a0\u00a0Brukerveiledning Seconic For &hellip; <a href=\"https:\/\/blogg.hiof.no\/dmpro\/studioblits\/\" class=\"more-link\">Fortsett \u00e5 lese <span class=\"screen-reader-text\">Studioblits<\/span> <span class=\"meta-nav\">&rarr;<\/span><\/a><\/p>\n","protected":false},"author":221,"featured_media":0,"parent":0,"menu_order":0,"comment_status":"closed","ping_status":"closed","template":"","meta":{"jetpack_post_was_ever_published":false,"footnotes":""},"class_list":["post-66","page","type-page","status-publish","hentry"],"jetpack_sharing_enabled":true,"jetpack_shortlink":"https:\/\/wp.me\/P5LSvA-14","_links":{"self":[{"href":"https:\/\/blogg.hiof.no\/dmpro\/wp-json\/wp\/v2\/pages\/66","targetHints":{"allow":["GET"]}}],"collection":[{"href":"https:\/\/blogg.hiof.no\/dmpro\/wp-json\/wp\/v2\/pages"}],"about":[{"href":"https:\/\/blogg.hiof.no\/dmpro\/wp-json\/wp\/v2\/types\/page"}],"author":[{"embeddable":true,"href":"https:\/\/blogg.hiof.no\/dmpro\/wp-json\/wp\/v2\/users\/221"}],"replies":[{"embeddable":true,"href":"https:\/\/blogg.hiof.no\/dmpro\/wp-json\/wp\/v2\/comments?post=66"}],"version-history":[{"count":3,"href":"https:\/\/blogg.hiof.no\/dmpro\/wp-json\/wp\/v2\/pages\/66\/revisions"}],"predecessor-version":[{"id":129,"href":"https:\/\/blogg.hiof.no\/dmpro\/wp-json\/wp\/v2\/pages\/66\/revisions\/129"}],"wp:attachment":[{"href":"https:\/\/blogg.hiof.no\/dmpro\/wp-json\/wp\/v2\/media?parent=66"}],"curies":[{"name":"wp","href":"https:\/\/api.w.org\/{rel}","templated":true}]}}