{"id":12,"date":"2024-11-22T10:10:31","date_gmt":"2024-11-22T09:10:31","guid":{"rendered":"https:\/\/blogg.hiof.no\/holmboeprisen\/?page_id=12"},"modified":"2024-11-22T12:03:27","modified_gmt":"2024-11-22T11:03:27","slug":"prisvinnere","status":"publish","type":"page","link":"https:\/\/blogg.hiof.no\/holmboeprisen\/prisvinnere\/","title":{"rendered":"Prisvinnere"},"content":{"rendered":"<p>Tidligere prisvinnere:<\/p>\n<p>2024: <strong>P\u00e5l Harald Hansen<\/strong>, Sandnes og Bj\u00f8rnevatn skole<br \/>\n2023: <strong>Morten Munthe<\/strong>, Oslo Handelsgymnasium<br \/>\n2022: <strong>Tor Espen Kristensen<\/strong>, Stord vidareg\u00e5ande skule<br \/>\n2021: <strong>Ludvig Vea<\/strong>, \u00c5krehamn vidareg\u00e5ande skole<br \/>\n2020: <strong>Anne Seland<\/strong>, Flekkefjord videreg\u00e5ende skole<br \/>\n2019: <strong>Geir Birkeland<\/strong>, H\u00e5nes skole<br \/>\n2018: <strong>Skage Hansen<\/strong>, Engebr\u00e5ten skole<br \/>\n2017: <strong>Hanan Mohamed Abdelrahman<\/strong>, Lofsrud ungdomsskole<br \/>\n2016: <strong>Ingunn Valbekmo<\/strong>,By\u00e5sen skole<br \/>\n2015: <strong>Matematikkseksjonen ved Hellerud videreg\u00e5ende skole<\/strong><br \/>\n2014: <strong>Tor Arne Mj\u00f8lund<\/strong>, Kristiansand Katedralskole Gimle<br \/>\n2013: <strong>Anne-Mari<\/strong> <strong>Jensen<\/strong>, Mel\u00f8y videreg\u00e5ende skole<br \/>\n2012: <strong>Gina Onsrud<\/strong>, Nardo skole<br \/>\n2011: <strong>Sigbj\u00f8rn Hals<\/strong>, M\u00e5l\u00f8y vidareg\u00e5ande skule<br \/>\n2010: <strong>Therese Hagfors<\/strong>, Bj\u00f8rnevatn skole<br \/>\n2009: <strong>Odd Heir<\/strong>, Oslo Handelsgymnasium<br \/>\n2008: <strong>Elisabeth Aksnes<\/strong>, Bryne skule<br \/>\n2007: <strong>Karl Erik Sandvold<\/strong>, Oslo katedralskole<br \/>\n2006: <strong>Grete Normann Tofteberg<\/strong>, Kirkebygden barne- og ungdomsskole<br \/>\n2005: <strong>Svein Hallvard Torkildsen<\/strong>, Samfundets skole<\/p>\n","protected":false},"excerpt":{"rendered":"<p>Tidligere prisvinnere: 2024: P\u00e5l Harald Hansen, Sandnes og Bj\u00f8rnevatn skole 2023: Morten Munthe, Oslo Handelsgymnasium 2022: Tor Espen Kristensen, Stord vidareg\u00e5ande skule 2021: Ludvig Vea, \u00c5krehamn vidareg\u00e5ande skole 2020: Anne Seland, Flekkefjord videreg\u00e5ende skole 2019: Geir Birkeland, H\u00e5nes skole 2018: &hellip; <a href=\"https:\/\/blogg.hiof.no\/holmboeprisen\/prisvinnere\/\">Les videre <span class=\"meta-nav\">&rarr;<\/span><\/a><\/p>\n","protected":false},"author":2225,"featured_media":0,"parent":0,"menu_order":0,"comment_status":"closed","ping_status":"closed","template":"","meta":{"footnotes":""},"class_list":["post-12","page","type-page","status-publish","hentry"],"_links":{"self":[{"href":"https:\/\/blogg.hiof.no\/holmboeprisen\/wp-json\/wp\/v2\/pages\/12","targetHints":{"allow":["GET"]}}],"collection":[{"href":"https:\/\/blogg.hiof.no\/holmboeprisen\/wp-json\/wp\/v2\/pages"}],"about":[{"href":"https:\/\/blogg.hiof.no\/holmboeprisen\/wp-json\/wp\/v2\/types\/page"}],"author":[{"embeddable":true,"href":"https:\/\/blogg.hiof.no\/holmboeprisen\/wp-json\/wp\/v2\/users\/2225"}],"replies":[{"embeddable":true,"href":"https:\/\/blogg.hiof.no\/holmboeprisen\/wp-json\/wp\/v2\/comments?post=12"}],"version-history":[{"count":4,"href":"https:\/\/blogg.hiof.no\/holmboeprisen\/wp-json\/wp\/v2\/pages\/12\/revisions"}],"predecessor-version":[{"id":51,"href":"https:\/\/blogg.hiof.no\/holmboeprisen\/wp-json\/wp\/v2\/pages\/12\/revisions\/51"}],"wp:attachment":[{"href":"https:\/\/blogg.hiof.no\/holmboeprisen\/wp-json\/wp\/v2\/media?parent=12"}],"curies":[{"name":"wp","href":"https:\/\/api.w.org\/{rel}","templated":true}]}}