{"id":126,"date":"2024-11-22T14:02:05","date_gmt":"2024-11-22T13:02:05","guid":{"rendered":"https:\/\/blogg.hiof.no\/holmboeprisen\/?page_id=126"},"modified":"2024-11-22T14:02:05","modified_gmt":"2024-11-22T13:02:05","slug":"hederlig-omtale-til-en-nominert-kandidat-2022","status":"publish","type":"page","link":"https:\/\/blogg.hiof.no\/holmboeprisen\/arkiv\/hederlig-omtale-til-en-nominert-kandidat-2022\/","title":{"rendered":"Hederlig omtale til en nominert kandidat 2022"},"content":{"rendered":"<p>&nbsp;<\/p>\n<div class=\"light\">\n<h2>Hederlig omtale 2022<\/h2>\n<p class=\"ingress\">I tillegg til \u00e5rets prisvinner gir Holmboekomit\u00e9en hederlig omtale til:<\/p>\n<h3>Matematikkl\u00e6rerne i 1P-Y for helse- og oppvekstfag og 2P-Y ved Holtet videreg\u00e5ende skole i Oslo<\/h3>\n<p>Siv Vestneshagen Andresen, Anne Kristin Furu, Ottar Hals, \u00d8zlem Hellmann, Darshan Kirupamurthy, Nisha Sankhayan og Thomas Skj\u00e6rbekk er alle l\u00e6rere i 1P-Y for helse- og oppvekstfag eller 2P-Y ved Holtet videreg\u00e5ende skole.<\/p>\n<p>Undervisningen planlegges for hver enkelt elev gjennom tilpassede oppgaver, \u00e9n-til-\u00e9n-oppf\u00f8lging og gjennom spr\u00e5kjustering av alle oppgavene. Justeringen g\u00e5r ut p\u00e5 \u00e5 tilpasse spr\u00e5ket i ordin\u00e6re matematikkoppgaver, slik at det blir lettere \u00e5 forst\u00e5 for elever med begrensede ferdigheter i norsk. For \u00e5 f\u00e5 til dette, samarbeider matematikkl\u00e6rerne tett med norskl\u00e6reren i s\u00e6rskilt spr\u00e5koppl\u00e6ring. Denne tverrfagligheten styrker elevenes kompetanse i begge fagene. Et godt begrepsapparat i norsk gj\u00f8r det lettere \u00e5 forst\u00e5 og l\u00f8se tekstbaserte matematikkoppgaver.<\/p>\n<p>De syv matematikkl\u00e6rerne samarbeider ogs\u00e5 n\u00e6rt med programfagl\u00e6rerne, og lytter til hvilken matematisk kompetanse elevene trenger der. Det styrker elevenes motivasjon n\u00e5r de opplever at matematikken er yrkesrettet, og dermed relevant for b\u00e5de programfagene og yrkeslivet.<\/p>\n<p>Det blir samarbeidet sv\u00e6rt godt i dette teamet. De pr\u00f8ver gjerne ut nye undervisningsmetoder og vurderingsformer, og vurderer og justerer sin egen praksis kontinuerlig, sammen med elevene. L\u00e6rerne arrangerer helgekurs med oppl\u00e6ring i grunnleggende matematikk de f\u00f8rste helgene i august\/september, og de gjennomf\u00f8rer ekstra kurs i helgene f\u00f8r eksamen.<\/p>\n<p>Ut fra inntakspoeng og forkunnskaper i norsk, er det mange flere enn forventet som fullf\u00f8rer med best\u00e5tt vitnem\u00e5l ved Holtet videreg\u00e5ende skole. De som her f\u00e5r hederlig omtale, har en stor del av \u00e6ren for dette.<\/p>\n<p>Flere av disse jobber ekstra p\u00e5 Sommerskolen i Oslo og p\u00e5 fylkeskommunale kurs for ny og utsatt eksamen. De bidrar dermed ogs\u00e5 til at elever i andre skoler blir i stand til \u00e5 fullf\u00f8re med best\u00e5tt vitnem\u00e5l.<\/p>\n<p><a class=\"menu\" href=\"https:\/\/holtet.vgs.no\">Holtet videreg\u00e5ende skole<\/a><\/p>\n<\/div>\n","protected":false},"excerpt":{"rendered":"<p>&nbsp; Hederlig omtale 2022 I tillegg til \u00e5rets prisvinner gir Holmboekomit\u00e9en hederlig omtale til: Matematikkl\u00e6rerne i 1P-Y for helse- og oppvekstfag og 2P-Y ved Holtet videreg\u00e5ende skole i Oslo Siv Vestneshagen Andresen, Anne Kristin Furu, Ottar Hals, \u00d8zlem Hellmann, Darshan &hellip; <a href=\"https:\/\/blogg.hiof.no\/holmboeprisen\/arkiv\/hederlig-omtale-til-en-nominert-kandidat-2022\/\">Les videre <span class=\"meta-nav\">&rarr;<\/span><\/a><\/p>\n","protected":false},"author":2225,"featured_media":0,"parent":124,"menu_order":0,"comment_status":"closed","ping_status":"closed","template":"","meta":{"footnotes":""},"class_list":["post-126","page","type-page","status-publish","hentry"],"_links":{"self":[{"href":"https:\/\/blogg.hiof.no\/holmboeprisen\/wp-json\/wp\/v2\/pages\/126","targetHints":{"allow":["GET"]}}],"collection":[{"href":"https:\/\/blogg.hiof.no\/holmboeprisen\/wp-json\/wp\/v2\/pages"}],"about":[{"href":"https:\/\/blogg.hiof.no\/holmboeprisen\/wp-json\/wp\/v2\/types\/page"}],"author":[{"embeddable":true,"href":"https:\/\/blogg.hiof.no\/holmboeprisen\/wp-json\/wp\/v2\/users\/2225"}],"replies":[{"embeddable":true,"href":"https:\/\/blogg.hiof.no\/holmboeprisen\/wp-json\/wp\/v2\/comments?post=126"}],"version-history":[{"count":1,"href":"https:\/\/blogg.hiof.no\/holmboeprisen\/wp-json\/wp\/v2\/pages\/126\/revisions"}],"predecessor-version":[{"id":127,"href":"https:\/\/blogg.hiof.no\/holmboeprisen\/wp-json\/wp\/v2\/pages\/126\/revisions\/127"}],"up":[{"embeddable":true,"href":"https:\/\/blogg.hiof.no\/holmboeprisen\/wp-json\/wp\/v2\/pages\/124"}],"wp:attachment":[{"href":"https:\/\/blogg.hiof.no\/holmboeprisen\/wp-json\/wp\/v2\/media?parent=126"}],"curies":[{"name":"wp","href":"https:\/\/api.w.org\/{rel}","templated":true}]}}