{"id":159,"date":"2024-11-22T14:18:34","date_gmt":"2024-11-22T13:18:34","guid":{"rendered":"https:\/\/blogg.hiof.no\/holmboeprisen\/?page_id=159"},"modified":"2024-11-22T14:18:34","modified_gmt":"2024-11-22T13:18:34","slug":"hederlig-omtale-2020","status":"publish","type":"page","link":"https:\/\/blogg.hiof.no\/holmboeprisen\/arkiv\/hederlig-omtale-2020\/","title":{"rendered":"Hederlig omtale 2020"},"content":{"rendered":"<div id=\"two1\">\n<div class=\"light\">\n<h2>Hederlig omtale 2020<\/h2>\n<p class=\"ingress\">I tillegg til \u00e5rets prisvinner gir Holmboekomit\u00e9en hederlig omtale til:<\/p>\n<h3>Ellen Egeland Fl\u00f8, Mailand videreg\u00e5ende skole<\/h3>\n<p>Ellen Egeland Fl\u00f8 er en meget engasjert, dyktig og utviklingsorientert matematikkl\u00e6rer. Hun er utdannet teoretisk fysiker fra NTNU og har jobbet som l\u00e6rer i matematikk, naturfag og fysikk ved Mailand VGS i L\u00f8renskog siden 2011. Ellen Egeland Fl\u00f8 har brukt skaperverksted og praktisk tiln\u00e6rming til realfagene som metode for \u00e5 \u00f8ke elevenes interesse og engasjement. Kolleger gir henne og hennes m\u00e5te \u00e5 undervise p\u00e5 en stor del av \u00e6ren for at s\u00f8knaden til realfag ved skolen har \u00f8kt med ca. 30 % de siste \u00e5rene. Hun har jobbet mye med programmering i skolen, og har samarbeidet med flere akt\u00f8rer om opplegg til bruk p\u00e5 ulike trinn.<\/p>\n<p>Ellen Egeland Fl\u00f8 er kjent for sin rause vilje til \u00e5 dele opplegg og erfaringer med kolleger, og hun har bidratt som kurs- og workshopholder b\u00e5de p\u00e5 egen skole, i kommunen og p\u00e5 flere ulike nasjonale konferanser. Hun er flink til \u00e5 formidle, og har \u00f8ye for elever p\u00e5 ulike mestringsniv\u00e5er i matematikk. Hun har et ekstra engasjement for elever som ikke f\u00e5r nok utfordringer i skolen, og skal n\u00e5 i gang med en doktorgrad som har fokus p\u00e5 denne elevgruppen.<\/p>\n<p><a class=\"menu\" href=\"https:\/\/www.mailand.vgs.no\/\">Mailand videreg\u00e5ende skole<\/a><\/p>\n<\/div>\n<\/div>\n","protected":false},"excerpt":{"rendered":"<p>Hederlig omtale 2020 I tillegg til \u00e5rets prisvinner gir Holmboekomit\u00e9en hederlig omtale til: Ellen Egeland Fl\u00f8, Mailand videreg\u00e5ende skole Ellen Egeland Fl\u00f8 er en meget engasjert, dyktig og utviklingsorientert matematikkl\u00e6rer. Hun er utdannet teoretisk fysiker fra NTNU og har jobbet &hellip; <a href=\"https:\/\/blogg.hiof.no\/holmboeprisen\/arkiv\/hederlig-omtale-2020\/\">Les videre <span class=\"meta-nav\">&rarr;<\/span><\/a><\/p>\n","protected":false},"author":2225,"featured_media":0,"parent":124,"menu_order":0,"comment_status":"closed","ping_status":"closed","template":"","meta":{"footnotes":""},"class_list":["post-159","page","type-page","status-publish","hentry"],"_links":{"self":[{"href":"https:\/\/blogg.hiof.no\/holmboeprisen\/wp-json\/wp\/v2\/pages\/159","targetHints":{"allow":["GET"]}}],"collection":[{"href":"https:\/\/blogg.hiof.no\/holmboeprisen\/wp-json\/wp\/v2\/pages"}],"about":[{"href":"https:\/\/blogg.hiof.no\/holmboeprisen\/wp-json\/wp\/v2\/types\/page"}],"author":[{"embeddable":true,"href":"https:\/\/blogg.hiof.no\/holmboeprisen\/wp-json\/wp\/v2\/users\/2225"}],"replies":[{"embeddable":true,"href":"https:\/\/blogg.hiof.no\/holmboeprisen\/wp-json\/wp\/v2\/comments?post=159"}],"version-history":[{"count":1,"href":"https:\/\/blogg.hiof.no\/holmboeprisen\/wp-json\/wp\/v2\/pages\/159\/revisions"}],"predecessor-version":[{"id":160,"href":"https:\/\/blogg.hiof.no\/holmboeprisen\/wp-json\/wp\/v2\/pages\/159\/revisions\/160"}],"up":[{"embeddable":true,"href":"https:\/\/blogg.hiof.no\/holmboeprisen\/wp-json\/wp\/v2\/pages\/124"}],"wp:attachment":[{"href":"https:\/\/blogg.hiof.no\/holmboeprisen\/wp-json\/wp\/v2\/media?parent=159"}],"curies":[{"name":"wp","href":"https:\/\/api.w.org\/{rel}","templated":true}]}}