{"id":16,"date":"2024-11-22T10:11:26","date_gmt":"2024-11-22T09:11:26","guid":{"rendered":"https:\/\/blogg.hiof.no\/holmboeprisen\/?page_id=16"},"modified":"2025-03-31T20:36:17","modified_gmt":"2025-03-31T18:36:17","slug":"styre-og-komite","status":"publish","type":"page","link":"https:\/\/blogg.hiof.no\/holmboeprisen\/styre-og-komite\/","title":{"rendered":"Styre og komit\u00e9"},"content":{"rendered":"<div class=\"ldark\">\n<h2>Holmboeprisens styre<\/h2>\n<p>Styret for Bernt Michael Holmboes minnepris er det samme som styret for <a href=\"https:\/\/matematikkradet.no\/\">Norsk matematikkr\u00e5d.<\/a> Styret er ansvarlig for praktisk gjennomf\u00f8ring og formelt vedtak om tildeling av Holmboeprisen. Styret har for tiden f\u00f8lgende medlemmer:<\/p>\n<ul>\n<li>Cordian Riener, UiT (leder)<\/li>\n<li>Geir Bogfjellmo, NMBU (nestleder)<\/li>\n<li>Tore A. Kro, Hi\u00d8 (sekret\u00e6r)<\/li>\n<li>Inger Christin Borge, UiO<\/li>\n<li>Svein Olav Nyberg, UiA<\/li>\n<li>Arvid Siqveland, USN<\/li>\n<\/ul>\n<h2>Holmboekomit\u00e9en<\/h2>\n<p>Komit\u00e9en som skal vurdere innkomne nominasjoner og avgi innstilling til styret for Holmboeprisen best\u00e5r av f\u00f8lgende personer:<\/p>\n<ul>\n<li>Renate Jensen, (leder) Landslag for matematikk i skolen &#8211; LAMIS<\/li>\n<li>Tor Espen Kristensen, Stord vidareg\u00e5ande skule<\/li>\n<li>Anne Gunn Svorkmo, Matematikksenteret<\/li>\n<li>Elise Klaveness, USN<\/li>\n<li>P\u00e5l Harald Hansen, Sandnes og Bj\u00f8rnevatn skole<\/li>\n<li>Ida Friestad Pedersen, UiT<br \/>\n&nbsp;<\/li>\n<\/ul>\n<\/div>\n","protected":false},"excerpt":{"rendered":"<p>Holmboeprisens styre Styret for Bernt Michael Holmboes minnepris er det samme som styret for Norsk matematikkr\u00e5d. Styret er ansvarlig for praktisk gjennomf\u00f8ring og formelt vedtak om tildeling av Holmboeprisen. Styret har for tiden f\u00f8lgende medlemmer: Cordian Riener, UiT (leder) Geir &hellip; <a href=\"https:\/\/blogg.hiof.no\/holmboeprisen\/styre-og-komite\/\">Les videre <span class=\"meta-nav\">&rarr;<\/span><\/a><\/p>\n","protected":false},"author":2225,"featured_media":0,"parent":0,"menu_order":0,"comment_status":"closed","ping_status":"closed","template":"","meta":{"footnotes":""},"class_list":["post-16","page","type-page","status-publish","hentry"],"_links":{"self":[{"href":"https:\/\/blogg.hiof.no\/holmboeprisen\/wp-json\/wp\/v2\/pages\/16","targetHints":{"allow":["GET"]}}],"collection":[{"href":"https:\/\/blogg.hiof.no\/holmboeprisen\/wp-json\/wp\/v2\/pages"}],"about":[{"href":"https:\/\/blogg.hiof.no\/holmboeprisen\/wp-json\/wp\/v2\/types\/page"}],"author":[{"embeddable":true,"href":"https:\/\/blogg.hiof.no\/holmboeprisen\/wp-json\/wp\/v2\/users\/2225"}],"replies":[{"embeddable":true,"href":"https:\/\/blogg.hiof.no\/holmboeprisen\/wp-json\/wp\/v2\/comments?post=16"}],"version-history":[{"count":6,"href":"https:\/\/blogg.hiof.no\/holmboeprisen\/wp-json\/wp\/v2\/pages\/16\/revisions"}],"predecessor-version":[{"id":266,"href":"https:\/\/blogg.hiof.no\/holmboeprisen\/wp-json\/wp\/v2\/pages\/16\/revisions\/266"}],"wp:attachment":[{"href":"https:\/\/blogg.hiof.no\/holmboeprisen\/wp-json\/wp\/v2\/media?parent=16"}],"curies":[{"name":"wp","href":"https:\/\/api.w.org\/{rel}","templated":true}]}}