{"id":167,"date":"2024-11-22T14:25:27","date_gmt":"2024-11-22T13:25:27","guid":{"rendered":"https:\/\/blogg.hiof.no\/holmboeprisen\/?page_id=167"},"modified":"2024-11-22T14:25:27","modified_gmt":"2024-11-22T13:25:27","slug":"hedersomtale-2018","status":"publish","type":"page","link":"https:\/\/blogg.hiof.no\/holmboeprisen\/arkiv\/hedersomtale-2018\/","title":{"rendered":"Hedersomtale 2018"},"content":{"rendered":"<div id=\"two1\">\n<div class=\"light\">\n<h2>Hedersomtale 2018<\/h2>\n<p class=\"ingress\">I tillegg til \u00e5rets prisvinner gir Holmboekomit\u00e9en to kandidater hedersomtale:<\/p>\n<h3>Inger-Lise Ris\u00f8y, Krokstad skole i Nedre Eiker kommune<\/h3>\n<p>Inger-Lise Ris\u00f8y er en matematikkl\u00e6rer med solid fagkunnskap, og hun underviser med stort engasjement og bruker stadig nye ideer til \u00e5 konkretisere matematikken i timene. Matematikkundervisningen hennes er basert p\u00e5 \u00e5 stimulere utforskning, probleml\u00f8sning og samarbeid med tilpasning til hver enkelt elev og niv\u00e5. Inger-Lises engasjement for matematikk og realfag stopper ikke i klasserommet. Hun bidrar med tips og erfaring i l\u00e6rerkollegiet og involverer gjerne foreldre i matematikk- og realfagsaktiviteter for \u00e5 skape gode holdninger til matematikkfaget. Inger-Lise har holdt mange kurs og foredrag for matematikkl\u00e6rere b\u00e5de lokalt og nasjonalt.<\/p>\n<p>Inger-Lise har v\u00e6rt en ivrig p\u00e5driver i etablering av flere initiativer b\u00e5de p\u00e5 skole- og kommuneniv\u00e5, s\u00e5 som realfaguke og realfagrom. Realfagrommet blir bes\u00f8kt av flere barneskoler i distriktet. Hun er en inspirerende matematikkl\u00e6rer som med glede sprer interesse for faget.<\/p>\n<p><a class=\"menu\" href=\"https:\/\/www.nedre-eiker.kommune.no\/tjenester\/skole\/skolene\/skoleoversikt\/velkommen-til-krokstad-skole\/\">Krokstad skole<\/a><\/p>\n<h3>Laila Rosmo Staven, \u00c5fjord videreg\u00e5ende skole<\/h3>\n<p>Laila Rosmo Staven er en dyktig og engasjert matematikkl\u00e6rer, med en egen evne til \u00e5 se hver enkelt elev. Hun finner raskt de ulike elevenes matematiske utfordringer og tilpasser undervisningen til den enkelte. Laila er spesielt opptatt av \u00e5 hjelpe de elevene som sliter med \u00e5 f\u00e5 til matematikken. Hun er en ressurs for disse, b\u00e5de faglig og sosialt. Elever og foreldre forteller om hvordan arbeidet Laila har lagt ned har gjort matematikkangst om til mestring og glede. Laila er kreativ i utviklingen av egen undervisning, og deler gjerne med kollegaene. I Newtonrommet i \u00c5fjord har hun bidratt med engasjerende undervisningsopplegg for ulike aldersgrupper, og hun skreddersyr gjerne opplegg ut fra brukernes behov og \u00f8nsker. Laila blir opplevd som en sv\u00e6rt inspirerende matematikkl\u00e6rer og en raus og dyktig kollega.<\/p>\n<p><a class=\"menu\" href=\"http:\/\/www.afjord.vgs.no\/\">\u00c5fjord videreg\u00e5ende skole<\/a><\/p>\n<\/div>\n<\/div>\n","protected":false},"excerpt":{"rendered":"<p>Hedersomtale 2018 I tillegg til \u00e5rets prisvinner gir Holmboekomit\u00e9en to kandidater hedersomtale: Inger-Lise Ris\u00f8y, Krokstad skole i Nedre Eiker kommune Inger-Lise Ris\u00f8y er en matematikkl\u00e6rer med solid fagkunnskap, og hun underviser med stort engasjement og bruker stadig nye ideer til &hellip; <a href=\"https:\/\/blogg.hiof.no\/holmboeprisen\/arkiv\/hedersomtale-2018\/\">Les videre <span class=\"meta-nav\">&rarr;<\/span><\/a><\/p>\n","protected":false},"author":2225,"featured_media":0,"parent":124,"menu_order":0,"comment_status":"closed","ping_status":"closed","template":"","meta":{"footnotes":""},"class_list":["post-167","page","type-page","status-publish","hentry"],"_links":{"self":[{"href":"https:\/\/blogg.hiof.no\/holmboeprisen\/wp-json\/wp\/v2\/pages\/167","targetHints":{"allow":["GET"]}}],"collection":[{"href":"https:\/\/blogg.hiof.no\/holmboeprisen\/wp-json\/wp\/v2\/pages"}],"about":[{"href":"https:\/\/blogg.hiof.no\/holmboeprisen\/wp-json\/wp\/v2\/types\/page"}],"author":[{"embeddable":true,"href":"https:\/\/blogg.hiof.no\/holmboeprisen\/wp-json\/wp\/v2\/users\/2225"}],"replies":[{"embeddable":true,"href":"https:\/\/blogg.hiof.no\/holmboeprisen\/wp-json\/wp\/v2\/comments?post=167"}],"version-history":[{"count":1,"href":"https:\/\/blogg.hiof.no\/holmboeprisen\/wp-json\/wp\/v2\/pages\/167\/revisions"}],"predecessor-version":[{"id":168,"href":"https:\/\/blogg.hiof.no\/holmboeprisen\/wp-json\/wp\/v2\/pages\/167\/revisions\/168"}],"up":[{"embeddable":true,"href":"https:\/\/blogg.hiof.no\/holmboeprisen\/wp-json\/wp\/v2\/pages\/124"}],"wp:attachment":[{"href":"https:\/\/blogg.hiof.no\/holmboeprisen\/wp-json\/wp\/v2\/media?parent=167"}],"curies":[{"name":"wp","href":"https:\/\/api.w.org\/{rel}","templated":true}]}}