{"id":174,"date":"2024-11-22T14:28:15","date_gmt":"2024-11-22T13:28:15","guid":{"rendered":"https:\/\/blogg.hiof.no\/holmboeprisen\/?page_id=174"},"modified":"2024-11-22T14:28:15","modified_gmt":"2024-11-22T13:28:15","slug":"program-2016","status":"publish","type":"page","link":"https:\/\/blogg.hiof.no\/holmboeprisen\/arkiv\/program-2016\/","title":{"rendered":"Program 2016"},"content":{"rendered":"<div id=\"symp\" class=\"ldark\">\n<h2>Holmboesymposiet mandag 23. mai 2016<\/h2>\n<h3>Program for dagen<\/h3>\n<p>I \u00e5r som i fjor er b\u00e5de prisutdelingen, lunsjen og Holmboesymposiet i Oslo katedralskoles lokaler.<br \/>\n<em>Lunsjen<\/em> er gratis s\u00e5 langt plassene rekker, men krever p\u00e5melding til Brynjulf Owren (<a href=\"mailto:brynjulf.owren@math.ntnu.no\">brynjulf.owren@math.ntnu.no<\/a>) innen 13.\u00a0mai.<br \/>\n<em>Seminaret<\/em> er \u00e5pent for alle uten p\u00e5melding.<\/p>\n<table class=\"program\">\n<tbody>\n<tr>\n<th>10:00 \u2013 11:15<\/th>\n<td>Holmboeprisutdeling i Oslo katedralskoles aula. Kunnskapsminister Torbj\u00f8rn R\u00f8e Isaksen overrekker prisen. \u00c5rets Abelprisvinner vil v\u00e6re til stede. Alle b\u00f8r v\u00e6re p\u00e5 plass senest kl. 09:45. <em>Se eget program.<\/em><\/td>\n<\/tr>\n<tr>\n<th>11:30 \u2013 12:15<\/th>\n<td>Lunsj i kantinen<\/td>\n<\/tr>\n<tr>\n<th>12:15 \u2013 13:00<\/th>\n<td><i>\u00c5rets Holmboeforedrag<\/i> ved Ingunn Valbekmo<\/td>\n<\/tr>\n<tr>\n<th>13:15 \u2013 14:00<\/th>\n<td>Ingvill Sted\u00f8y Johansen, Lillestr\u00f8m videreg\u00e5ende skole: <i>Matematiske symboler til nytte og frustrasjon<\/i><\/td>\n<\/tr>\n<tr>\n<th>14:00 \u2013 14:20<\/th>\n<td>Kaffe og kaker<\/td>\n<\/tr>\n<tr>\n<th>14:20 \u2013 15:00<\/th>\n<td>Anne-Mari Jensen, Matematikksenteret: <i>Unders\u00f8kende matematikkundervisning<\/i><\/td>\n<\/tr>\n<\/tbody>\n<\/table>\n<p>Hjertelig velkommen!<\/p>\n<p>Brynjulf Owren<br \/>\nLeder i Norsk matematikkr\u00e5d<\/p>\n<p><a class=\"menu\" href=\"http:\/\/www.oslo-katedral.vgs.no\/\">Oslo katedralskole<\/a><br \/>\n<a class=\"menu\" href=\"mailto:brynjulf.owren@math.ntnu.no\">P\u00e5melding til lunsj sendes til brynjulf.owren@math.ntnu.no innen 13.\u00a0mai<\/a><\/p>\n<\/div>\n","protected":false},"excerpt":{"rendered":"<p>Holmboesymposiet mandag 23. mai 2016 Program for dagen I \u00e5r som i fjor er b\u00e5de prisutdelingen, lunsjen og Holmboesymposiet i Oslo katedralskoles lokaler. Lunsjen er gratis s\u00e5 langt plassene rekker, men krever p\u00e5melding til Brynjulf Owren (brynjulf.owren@math.ntnu.no) innen 13.\u00a0mai. Seminaret &hellip; <a href=\"https:\/\/blogg.hiof.no\/holmboeprisen\/arkiv\/program-2016\/\">Les videre <span class=\"meta-nav\">&rarr;<\/span><\/a><\/p>\n","protected":false},"author":2225,"featured_media":0,"parent":124,"menu_order":0,"comment_status":"closed","ping_status":"closed","template":"","meta":{"footnotes":""},"class_list":["post-174","page","type-page","status-publish","hentry"],"_links":{"self":[{"href":"https:\/\/blogg.hiof.no\/holmboeprisen\/wp-json\/wp\/v2\/pages\/174","targetHints":{"allow":["GET"]}}],"collection":[{"href":"https:\/\/blogg.hiof.no\/holmboeprisen\/wp-json\/wp\/v2\/pages"}],"about":[{"href":"https:\/\/blogg.hiof.no\/holmboeprisen\/wp-json\/wp\/v2\/types\/page"}],"author":[{"embeddable":true,"href":"https:\/\/blogg.hiof.no\/holmboeprisen\/wp-json\/wp\/v2\/users\/2225"}],"replies":[{"embeddable":true,"href":"https:\/\/blogg.hiof.no\/holmboeprisen\/wp-json\/wp\/v2\/comments?post=174"}],"version-history":[{"count":1,"href":"https:\/\/blogg.hiof.no\/holmboeprisen\/wp-json\/wp\/v2\/pages\/174\/revisions"}],"predecessor-version":[{"id":175,"href":"https:\/\/blogg.hiof.no\/holmboeprisen\/wp-json\/wp\/v2\/pages\/174\/revisions\/175"}],"up":[{"embeddable":true,"href":"https:\/\/blogg.hiof.no\/holmboeprisen\/wp-json\/wp\/v2\/pages\/124"}],"wp:attachment":[{"href":"https:\/\/blogg.hiof.no\/holmboeprisen\/wp-json\/wp\/v2\/media?parent=174"}],"curies":[{"name":"wp","href":"https:\/\/api.w.org\/{rel}","templated":true}]}}