{"id":176,"date":"2024-11-22T14:28:41","date_gmt":"2024-11-22T13:28:41","guid":{"rendered":"https:\/\/blogg.hiof.no\/holmboeprisen\/?page_id=176"},"modified":"2024-11-22T14:28:41","modified_gmt":"2024-11-22T13:28:41","slug":"hedersomtale-2016","status":"publish","type":"page","link":"https:\/\/blogg.hiof.no\/holmboeprisen\/arkiv\/hedersomtale-2016\/","title":{"rendered":"Hedersomtale 2016"},"content":{"rendered":"<div class=\"light\">\n<h2>Hedersomtale 2016<\/h2>\n<p class=\"ingress\">I tillegg til \u00e5rets prisvinner gir Holmboekomit\u00e9en tre kandidater hedersomtale:<\/p>\n<h3>Kollegiet v\/Roligheden barne- og ungdomsskole<\/h3>\n<p>Hele kollegiet p\u00e5 barneskolen og matematikkl\u00e6rerne p\u00e5 ungdomstrinnet har siden 2011 hatt en felles satsning p\u00e5 \u00e5 utvikle og forbedre egen matematikkundervisning. Skolen har i tett samarbeid med PPT og Statped (tidligere S\u00f8rlandet kompetansesenter) \u00f8nsket \u00e5 se den ordin\u00e6re oppl\u00e6ringen og spesialundervisningen i tettere sammenheng. Det har v\u00e6rt jevnlige samlinger med faglig p\u00e5fyll og utpr\u00f8ving\/hjemmearbeid mellom samlingene.<\/p>\n<p>I starten var Statped en viktig medspiller, men etter hvert ble utviklingsarbeidet mer selvdrevet, blant annet p\u00e5 grunn av rektor som viktig p\u00e5driver.<\/p>\n<p>L\u00e6rerne har gjennom disse \u00e5rene blitt utfordret jevnlig p\u00e5 sine faglige og metodiske valg og forankret disse i relevant forskning. Dette har blant annet f\u00f8rt til en \u00f8kt bevissthet hos l\u00e6rerne om viktigheten av elevens tenkning.<\/p>\n<p>Skolen har ogs\u00e5 hatt god dialog med foresatte for \u00e5 begrunne endringer i matematikkoppl\u00e6ringen.<\/p>\n<p><a class=\"menu\" href=\"http:\/\/roligheden.skole.arendal.no\/\">Roligheden skole<\/a><\/p>\n<h3>Karen Marie Farestveit<\/h3>\n<p>Karen Marie Farestveit har l\u00e6rerutdanning med vekt p\u00e5 realfag fra H\u00f8gskolen i Agder fra 1996. Etter l\u00e6rerutdanningen tok hun hovedfag i matematikkdidaktikk. Karen Marie har undervist ved Lillesand ungdomsskole siden 2000. Kolleger uttaler at hun har en enorm faglig kompetanse. Hun er trygg, faglig oppdatert og har klare tanker om hva som er god matematikkundervisning, basert p\u00e5 forskning. Som nettverksleder leder hun skolen i riktig retning i matematikkfaget.<\/p>\n<p>Elevene peker p\u00e5 at<\/p>\n<ul>\n<li>Karen Marie er utrolig flink til \u00e5 legge opp variert undervisning. Det er alltid en blanding av praktisk og teoretisk undervisning.<\/li>\n<li>Hun bruker ofte konkreter i undervisningen, noe som gj\u00f8r det lettere \u00e5 forst\u00e5.<\/li>\n<li>Hun tar hensyn til absolutt alle elevene, uansett niv\u00e5. Hun vil at elevene skal strekke seg, og de kjeder seg aldri. Alle opplever mestring i hennes timer.<\/li>\n<li>Uansett hva man sp\u00f8r om f\u00f8ler man seg aldri \u00abdum\u00bb. Det er rom for \u00e5 gj\u00f8re feil og hun forklarer ulike fremgangsm\u00e5ter for \u00e5 n\u00e5 svaret.<\/li>\n<\/ul>\n<p><a class=\"menu\" href=\"http:\/\/lillesandungdomsskole.no\/\">Lillesand ungdomsskole<\/a><\/p>\n<h3>Birte Vestergaard<\/h3>\n<p>Birte Vestergaard er en sv\u00e6rt dyktig og engasjert matematikkl\u00e6rer, som evner \u00e5 f\u00e5 fram matematikkfaglige sammenhenger p\u00e5 en slik m\u00e5te at elevene forst\u00e5r og ser matematikkens relevans. Undervisningen er preget av en utforskende tiln\u00e6rming til matematikken, ofte ved bruk av realistiske kontekster. Vestergaards situasjon som svaksynt har gitt henne erfaringer med hvordan det oppleves n\u00e5r en ikke mestrer det andre klarer. Dette tar hun med seg inn i undervisningen der hun m\u00f8ter alle elever med respekt for forskjellighet og arbeider for at alle elevene skal mestre. Samtidig er Vestergaards undervisning preget av at ulike elever m\u00e5 finne sin egen vei i tilegninga av matematiske begrep, og hun utfordrer dem med opplegg som krever at elevene m\u00e5 skaffe seg ny innsikt. Vestergaard legger ogs\u00e5 til rette for at hver elev f\u00e5r \u00f8ve slik at de blir tryggere i arbeidet med faget. Elevene f\u00e5r tilgang til tavlenotater gjennom bilder og videoopptak fra deler av undervisningen. Vestergaard er en entusiastisk kollega som gjerne deler ideer og opplegg, b\u00e5de med kollegaer og gjennom artikkelskriving.<\/p>\n<p><a class=\"menu\" href=\"http:\/\/www.oslo-bysteinerskole.no\/\">Oslo by Steinerskole<\/a><\/p>\n<\/div>\n","protected":false},"excerpt":{"rendered":"<p>Hedersomtale 2016 I tillegg til \u00e5rets prisvinner gir Holmboekomit\u00e9en tre kandidater hedersomtale: Kollegiet v\/Roligheden barne- og ungdomsskole Hele kollegiet p\u00e5 barneskolen og matematikkl\u00e6rerne p\u00e5 ungdomstrinnet har siden 2011 hatt en felles satsning p\u00e5 \u00e5 utvikle og forbedre egen matematikkundervisning. Skolen &hellip; <a href=\"https:\/\/blogg.hiof.no\/holmboeprisen\/arkiv\/hedersomtale-2016\/\">Les videre <span class=\"meta-nav\">&rarr;<\/span><\/a><\/p>\n","protected":false},"author":2225,"featured_media":0,"parent":124,"menu_order":0,"comment_status":"closed","ping_status":"closed","template":"","meta":{"footnotes":""},"class_list":["post-176","page","type-page","status-publish","hentry"],"_links":{"self":[{"href":"https:\/\/blogg.hiof.no\/holmboeprisen\/wp-json\/wp\/v2\/pages\/176","targetHints":{"allow":["GET"]}}],"collection":[{"href":"https:\/\/blogg.hiof.no\/holmboeprisen\/wp-json\/wp\/v2\/pages"}],"about":[{"href":"https:\/\/blogg.hiof.no\/holmboeprisen\/wp-json\/wp\/v2\/types\/page"}],"author":[{"embeddable":true,"href":"https:\/\/blogg.hiof.no\/holmboeprisen\/wp-json\/wp\/v2\/users\/2225"}],"replies":[{"embeddable":true,"href":"https:\/\/blogg.hiof.no\/holmboeprisen\/wp-json\/wp\/v2\/comments?post=176"}],"version-history":[{"count":1,"href":"https:\/\/blogg.hiof.no\/holmboeprisen\/wp-json\/wp\/v2\/pages\/176\/revisions"}],"predecessor-version":[{"id":177,"href":"https:\/\/blogg.hiof.no\/holmboeprisen\/wp-json\/wp\/v2\/pages\/176\/revisions\/177"}],"up":[{"embeddable":true,"href":"https:\/\/blogg.hiof.no\/holmboeprisen\/wp-json\/wp\/v2\/pages\/124"}],"wp:attachment":[{"href":"https:\/\/blogg.hiof.no\/holmboeprisen\/wp-json\/wp\/v2\/media?parent=176"}],"curies":[{"name":"wp","href":"https:\/\/api.w.org\/{rel}","templated":true}]}}