{"id":178,"date":"2024-11-22T14:29:07","date_gmt":"2024-11-22T13:29:07","guid":{"rendered":"https:\/\/blogg.hiof.no\/holmboeprisen\/?page_id=178"},"modified":"2024-11-22T14:29:07","modified_gmt":"2024-11-22T13:29:07","slug":"program-2015","status":"publish","type":"page","link":"https:\/\/blogg.hiof.no\/holmboeprisen\/arkiv\/program-2015\/","title":{"rendered":"Program 2015"},"content":{"rendered":"<div class=\"ldark\">\n<h2>Holmboeseminaret mandag 18. mai 2015<\/h2>\n<p>Selv om prisutdelingen kommer midt i eksamenstiden, h\u00e5per vi p\u00e5 godt oppm\u00f8te fra l\u00e6rere, studenter, de som utdanner l\u00e6rere, matematikere og andre matematikkinteresserte!<\/p>\n<h3>Forel\u00f8pig program for dagen<\/h3>\n<p>I \u00e5r som i fjor er b\u00e5de prisutdelingen, lunsjen og Holmboeseminaret i Oslo katedralskoles lokaler.<br \/>\n<em>Lunsjen<\/em> er gratis s\u00e5 langt plassene rekker, men krever p\u00e5melding til Arvid Siqveland (<a href=\"mailto:arvid.siqveland@hbv.no\">arvid.siqveland@hbv.no<\/a>) innen 10.\u00a0mai.<br \/>\n<em>Seminaret<\/em> er \u00e5pent for alle uten p\u00e5melding.<\/p>\n<table class=\"program\">\n<tbody>\n<tr>\n<th>11:00 \u2013 12:15<\/th>\n<td>Holmboeprisutdeling i Oslo katedralskoles aula. Kunnskapsminister Torbj\u00f8rn R\u00f8e Isaksen overrekker prisen. \u00c5rets Abelprisvinner vil v\u00e6re til stede. Alle b\u00f8r v\u00e6re p\u00e5 plass senest kl. 10:45.<\/td>\n<\/tr>\n<tr>\n<th>12:30 \u2013 13:15<\/th>\n<td>Lunsj.<\/td>\n<\/tr>\n<tr>\n<th>13:15 \u2013 14:00<\/th>\n<td>Kenneth Marthinsen og Egil Reidar Osnes p\u00e5 vegne av matematikkseksjonen p\u00e5 Hellerud VGS: <i>\u00c5rets Holmboeforedrag<\/i><\/td>\n<\/tr>\n<tr>\n<th>14:15 \u2013 15:00<\/th>\n<td>Tom Jarle Cristiansen: <i>Erfaringer fra nettbasert undervising<\/i><\/td>\n<\/tr>\n<tr>\n<th>15:00 \u2013 15:20<\/th>\n<td>Kaffe og kaker<\/td>\n<\/tr>\n<tr>\n<th>15:20 \u2013 16:05<\/th>\n<td>Otto Waaraas: <i>Et historisk perpektiv p\u00e5 matematikere og deres virke<\/i><\/td>\n<\/tr>\n<\/tbody>\n<\/table>\n<p>Hjertelig velkommen!<\/p>\n<p>Arvid Siqveland<br \/>\nLeder i Norsk matematikkr\u00e5d<\/p>\n<p><a class=\"menu\" href=\"http:\/\/www.oslo-katedral.vgs.no\/\">Oslo katedralskole<\/a><br \/>\n<a class=\"menu\" href=\"mailto:arvid.siqveland@hbv.no\">P\u00e5melding til lunsj sendes til arvid.siqveland@hbv.no innen 10.\u00a0mai<\/a><\/p>\n<\/div>\n","protected":false},"excerpt":{"rendered":"<p>Holmboeseminaret mandag 18. mai 2015 Selv om prisutdelingen kommer midt i eksamenstiden, h\u00e5per vi p\u00e5 godt oppm\u00f8te fra l\u00e6rere, studenter, de som utdanner l\u00e6rere, matematikere og andre matematikkinteresserte! Forel\u00f8pig program for dagen I \u00e5r som i fjor er b\u00e5de prisutdelingen, &hellip; <a href=\"https:\/\/blogg.hiof.no\/holmboeprisen\/arkiv\/program-2015\/\">Les videre <span class=\"meta-nav\">&rarr;<\/span><\/a><\/p>\n","protected":false},"author":2225,"featured_media":0,"parent":124,"menu_order":0,"comment_status":"closed","ping_status":"closed","template":"","meta":{"footnotes":""},"class_list":["post-178","page","type-page","status-publish","hentry"],"_links":{"self":[{"href":"https:\/\/blogg.hiof.no\/holmboeprisen\/wp-json\/wp\/v2\/pages\/178","targetHints":{"allow":["GET"]}}],"collection":[{"href":"https:\/\/blogg.hiof.no\/holmboeprisen\/wp-json\/wp\/v2\/pages"}],"about":[{"href":"https:\/\/blogg.hiof.no\/holmboeprisen\/wp-json\/wp\/v2\/types\/page"}],"author":[{"embeddable":true,"href":"https:\/\/blogg.hiof.no\/holmboeprisen\/wp-json\/wp\/v2\/users\/2225"}],"replies":[{"embeddable":true,"href":"https:\/\/blogg.hiof.no\/holmboeprisen\/wp-json\/wp\/v2\/comments?post=178"}],"version-history":[{"count":1,"href":"https:\/\/blogg.hiof.no\/holmboeprisen\/wp-json\/wp\/v2\/pages\/178\/revisions"}],"predecessor-version":[{"id":179,"href":"https:\/\/blogg.hiof.no\/holmboeprisen\/wp-json\/wp\/v2\/pages\/178\/revisions\/179"}],"up":[{"embeddable":true,"href":"https:\/\/blogg.hiof.no\/holmboeprisen\/wp-json\/wp\/v2\/pages\/124"}],"wp:attachment":[{"href":"https:\/\/blogg.hiof.no\/holmboeprisen\/wp-json\/wp\/v2\/media?parent=178"}],"curies":[{"name":"wp","href":"https:\/\/api.w.org\/{rel}","templated":true}]}}