{"id":180,"date":"2024-11-22T14:29:37","date_gmt":"2024-11-22T13:29:37","guid":{"rendered":"https:\/\/blogg.hiof.no\/holmboeprisen\/?page_id=180"},"modified":"2024-11-22T14:29:37","modified_gmt":"2024-11-22T13:29:37","slug":"program-2014","status":"publish","type":"page","link":"https:\/\/blogg.hiof.no\/holmboeprisen\/arkiv\/program-2014\/","title":{"rendered":"Program 2014"},"content":{"rendered":"<div class=\"ldark\">\n<h2>Holmboeseminaret mandag 19. mai 2014<\/h2>\n<p>Norsk matematikkr\u00e5d har tildelt Holmboeprisen 2014 til Tor Arne Mj\u00f8lund ved Kristiansand Katedralskole Gimle. Etter prisutdelingen p\u00e5 Oslo katedralskole blir det arrangert et symposium om matematikkundervisning. Prisutdelingen og symposiet (inkludert lunsj) er gratis og \u00e5pent for alle interesserte, men lunsjen krever p\u00e5melding (se nedenfor).<\/p>\n<p>Selv om prisutdelingen kommer midt i eksamenstiden, h\u00e5per vi p\u00e5 godt oppm\u00f8te fra l\u00e6rere, studenter, de som utdanner l\u00e6rere, matematikere og andre matematikkinteresserte!<\/p>\n<h3>Program for dagen<\/h3>\n<p>I \u00e5r er b\u00e5de prisutdelingen, lunsjen og Holmboeseminaret i Oslo katedralskoles lokaler.<br \/>\n<em>Lunsjen<\/em> er gratis s\u00e5 langt plassene rekker, men krever p\u00e5melding til Arvid Siqveland (<a href=\"mailto:arvid.siqveland@hibu.no\">arvid.siqveland@hibu.no<\/a>) innen 15. mai.<br \/>\n<em>Seminaret<\/em> er \u00e5pent for alle uten p\u00e5melding.<\/p>\n<table class=\"program\">\n<tbody>\n<tr>\n<th>10:00 \u2013 11:10<\/th>\n<td>Holmboeprisutdeling i Oslo katedralskoles aula. Kunnskapsminister Torbj\u00f8rn R\u00f8e Isaksen overrekker prisen. Abelprisvinner Yakov G. Sinai vil v\u00e6re til stede. Alle b\u00f8r v\u00e6re p\u00e5 plass senest kl. 09:45.<\/td>\n<\/tr>\n<tr>\n<th>11:30 \u2013 12:15<\/th>\n<td>Lunsj.<\/td>\n<\/tr>\n<tr>\n<th>12:15 \u2013 12:25<\/th>\n<td><i>\u00c5pning av Holmboeseminaret<\/i> ved Arvid Siqveland, leder av Norsk matematikkr\u00e5d<\/td>\n<\/tr>\n<tr>\n<th>12:30 \u2013 13:15<\/th>\n<td>Kristina Juter, <i>Gymnasiela\u0308rarstudenters la\u0308ring<\/i><\/td>\n<\/tr>\n<tr>\n<td colspan=\"2\">Kaffe<\/td>\n<\/tr>\n<tr>\n<th>13:45 \u2013 14:30<\/th>\n<td>Tor Arne Mj\u00f8lund: <i>John Donne, fotball og matematikklaering<\/i><\/td>\n<\/tr>\n<tr>\n<th>14:45 \u2013 15:30<\/th>\n<td>Frode R\u00f8nning. <i>Matematikkfaget i overgangen mellom viderega\u030aende skole og h\u00f8yere utdanning<\/i><\/td>\n<\/tr>\n<\/tbody>\n<\/table>\n<h4>N\u00e6rmere omtale av foredragsholderne<\/h4>\n<p><i>Kristina Juter<\/i> er Bitra\u0308dande professor i matematikkdidaktik ved Kristianstad Universitet. Hennes forskning belyser studenters begrepsutvikling innenfor analysen. Hennes doktorgrad omhandlet studenters ha\u030andtering og oppfatninger av grenseverdibegrepet. Det viste seg blant annet at mange studenter savnet relevante koblinger mellom allmenne teoretiske framstillinger og de metodene de anvendte innenfor omra\u030adet. I sin videre forskning har Juter tatt utgangspunkt i grenseverdiproblematikken og overf\u00f8rt til andre problemomra\u030ader i analysen. Hvilke koblinger finnes mellom studentenes l\u00e6reridentiteter og studentenes begrepsbilder?<\/p>\n<p><i>Tor Arne Mj\u00f8lund<\/i> er a\u030arets Holmboeprisvinner, en erfaren, dyktig og innflytelsesrik matematikkl\u00e6rer. En grundigere beskrivelse av Mj\u00f8lund blir gitt under prisutdelingen.<\/p>\n<p><i>Frode R\u00f8nning<\/i> er professor i matematikk og matematikkdidaktikk ved NTNU, Norges teknisk- naturvitenskapelige universitet. Han han har sin utdanning i ren matematikk, og etter a\u030a ha drevet forskning i matematikk i flere a\u030ar har han byttet til matematikkdidaktikk som forskningsomra\u030ade. Universitetet i Agder, med NTNU og NMBU (Norges milj\u00f8- og biovitenskapelige universitet) som samarbeidspartnere, er tildelt status som Senter for fremragende utdanning \u2013 MatRIC, Centre for Research, Innovation and Coordination of Mathematics Teaching. Professor R\u00f8nning sitter i styret for MatRIC, og er samtidig med i en arbeidsgruppe innenfor UHR som har utarbeidet og gjennomf\u00f8rt en student- og underviserunders\u00f8kelse om matematikkundervisning innenfor MNT-fagene. Han har ogsa\u030a v\u00e6rt med a\u030a gjennomf\u00f8re en unders\u00f8kelse blant begynnerstudenter pa\u030a sivilingeni\u00f8rstudiet ved NTNU. Det skjer noe i overgangen mellom viderega\u030aende skole og universitet, men hva? Hva kan de nevnte unders\u00f8kelsene fortelle om denne overgangen, og hvilken rolle kan MatRIC spille for a\u030a gj\u00f8re overgangen lettere?<\/p>\n<p>Hjertelig velkommen!<\/p>\n<p>Arvid Siqveland<br \/>\nLeder i Norsk matematikkr\u00e5d<\/p>\n<p><a class=\"menu\" href=\"http:\/\/www.oslo-katedral.vgs.no\/\">Oslo katedralskole<\/a><br \/>\n<a class=\"menu\" href=\"mailto:arvid.siqveland@hibu.no\">P\u00e5melding til lunsj sendes til arvid.siqveland@hibu.no senest 15. mai<\/a><\/p>\n<\/div>\n","protected":false},"excerpt":{"rendered":"<p>Holmboeseminaret mandag 19. mai 2014 Norsk matematikkr\u00e5d har tildelt Holmboeprisen 2014 til Tor Arne Mj\u00f8lund ved Kristiansand Katedralskole Gimle. Etter prisutdelingen p\u00e5 Oslo katedralskole blir det arrangert et symposium om matematikkundervisning. Prisutdelingen og symposiet (inkludert lunsj) er gratis og \u00e5pent &hellip; <a href=\"https:\/\/blogg.hiof.no\/holmboeprisen\/arkiv\/program-2014\/\">Les videre <span class=\"meta-nav\">&rarr;<\/span><\/a><\/p>\n","protected":false},"author":2225,"featured_media":0,"parent":124,"menu_order":0,"comment_status":"closed","ping_status":"closed","template":"","meta":{"footnotes":""},"class_list":["post-180","page","type-page","status-publish","hentry"],"_links":{"self":[{"href":"https:\/\/blogg.hiof.no\/holmboeprisen\/wp-json\/wp\/v2\/pages\/180","targetHints":{"allow":["GET"]}}],"collection":[{"href":"https:\/\/blogg.hiof.no\/holmboeprisen\/wp-json\/wp\/v2\/pages"}],"about":[{"href":"https:\/\/blogg.hiof.no\/holmboeprisen\/wp-json\/wp\/v2\/types\/page"}],"author":[{"embeddable":true,"href":"https:\/\/blogg.hiof.no\/holmboeprisen\/wp-json\/wp\/v2\/users\/2225"}],"replies":[{"embeddable":true,"href":"https:\/\/blogg.hiof.no\/holmboeprisen\/wp-json\/wp\/v2\/comments?post=180"}],"version-history":[{"count":1,"href":"https:\/\/blogg.hiof.no\/holmboeprisen\/wp-json\/wp\/v2\/pages\/180\/revisions"}],"predecessor-version":[{"id":181,"href":"https:\/\/blogg.hiof.no\/holmboeprisen\/wp-json\/wp\/v2\/pages\/180\/revisions\/181"}],"up":[{"embeddable":true,"href":"https:\/\/blogg.hiof.no\/holmboeprisen\/wp-json\/wp\/v2\/pages\/124"}],"wp:attachment":[{"href":"https:\/\/blogg.hiof.no\/holmboeprisen\/wp-json\/wp\/v2\/media?parent=180"}],"curies":[{"name":"wp","href":"https:\/\/api.w.org\/{rel}","templated":true}]}}