{"id":182,"date":"2024-11-22T14:30:35","date_gmt":"2024-11-22T13:30:35","guid":{"rendered":"https:\/\/blogg.hiof.no\/holmboeprisen\/?page_id=182"},"modified":"2024-11-22T14:30:35","modified_gmt":"2024-11-22T13:30:35","slug":"hedersomtale-2015","status":"publish","type":"page","link":"https:\/\/blogg.hiof.no\/holmboeprisen\/arkiv\/hedersomtale-2015\/","title":{"rendered":"Hedersomtale 2015"},"content":{"rendered":"<div class=\"light\">\n<h2>Hedersomtale 2015<\/h2>\n<p class=\"ingress\">I tillegg til \u00e5rets prisvinner gir Holmboekomit\u00e9en to kandidater hedersomtale:<\/p>\n<h3>Kjetil Id\u00e5s, Horten videreg\u00e5ende skole<\/h3>\n<p>Kjetil Id\u00e5s er en entusiastisk og overbevisende matematikkl\u00e6rer som er opptatt av \u00e5 dele av sine erfaringer med kollegaer. Han har en god relasjon til elevene og f\u00f8lger dem sv\u00e6rt tett opp. Han er sentral i utviklingen av den virtuelle matematikkskolen, og ivrer for \u00e5 ta digitale verkt\u00f8y i bruk i undervisningen. Dette gj\u00f8r han for \u00e5 \u00f8ke matematikkforst\u00e5elsen blant elever p\u00e5 alle trinn i videreg\u00e5ende skole og elever fra grunnskolen som forserer i faget. Id\u00e5s krever digital deltagelse, noe som gir han en god oversikt over elevenes mestring. Resultatene har ikke uteblitt. Id\u00e5s diskuterer matematikkfaglige problemstillinger p\u00e5 sosiale medier, og han bidrar s\u00e5ledes til \u00e5 spre engasjement og didaktiske ideer til inspirasjon for andre. Id\u00e5s har lang erfaring og er en attraktiv kurs- og foredragsholder.<\/p>\n<h3>Tor Kristiansen, Drammen videreg\u00e5ende skole<\/h3>\n<p>Tor Kristiansen har v\u00e6rt en faglig autoritet ved skolen i en \u00e5rrekke. Han har v\u00e6rt en inspirator og drivkraft i skolens arbeid med \u00e5 implementere nye l\u00e6replaner og didaktiske ideer. Han er en drivkraft bak en mentorordning der vg2-elever er mentorer for ungdomsskoleelever med interesse for matematikk. Gjennom arbeid med elever som forserer og som kursholder for l\u00e6rere p\u00e5 ungdomstrinnet, bidrar han til en bedre overgang mellom grunnskole og videreg\u00e5ende skole. Kristiansen engasjerer seg b\u00e5de for elever med gode forutsetninger i faget og for dem som av ulike \u00e5rsaker strever med matematikk. Han holder seg faglig oppdatert og benytter resultater fra forskning n\u00e5r han gj\u00f8r didaktiske valg i m\u00f8te med elevene.<\/p>\n<\/div>\n","protected":false},"excerpt":{"rendered":"<p>Hedersomtale 2015 I tillegg til \u00e5rets prisvinner gir Holmboekomit\u00e9en to kandidater hedersomtale: Kjetil Id\u00e5s, Horten videreg\u00e5ende skole Kjetil Id\u00e5s er en entusiastisk og overbevisende matematikkl\u00e6rer som er opptatt av \u00e5 dele av sine erfaringer med kollegaer. Han har en god &hellip; <a href=\"https:\/\/blogg.hiof.no\/holmboeprisen\/arkiv\/hedersomtale-2015\/\">Les videre <span class=\"meta-nav\">&rarr;<\/span><\/a><\/p>\n","protected":false},"author":2225,"featured_media":0,"parent":124,"menu_order":0,"comment_status":"closed","ping_status":"closed","template":"","meta":{"footnotes":""},"class_list":["post-182","page","type-page","status-publish","hentry"],"_links":{"self":[{"href":"https:\/\/blogg.hiof.no\/holmboeprisen\/wp-json\/wp\/v2\/pages\/182","targetHints":{"allow":["GET"]}}],"collection":[{"href":"https:\/\/blogg.hiof.no\/holmboeprisen\/wp-json\/wp\/v2\/pages"}],"about":[{"href":"https:\/\/blogg.hiof.no\/holmboeprisen\/wp-json\/wp\/v2\/types\/page"}],"author":[{"embeddable":true,"href":"https:\/\/blogg.hiof.no\/holmboeprisen\/wp-json\/wp\/v2\/users\/2225"}],"replies":[{"embeddable":true,"href":"https:\/\/blogg.hiof.no\/holmboeprisen\/wp-json\/wp\/v2\/comments?post=182"}],"version-history":[{"count":1,"href":"https:\/\/blogg.hiof.no\/holmboeprisen\/wp-json\/wp\/v2\/pages\/182\/revisions"}],"predecessor-version":[{"id":183,"href":"https:\/\/blogg.hiof.no\/holmboeprisen\/wp-json\/wp\/v2\/pages\/182\/revisions\/183"}],"up":[{"embeddable":true,"href":"https:\/\/blogg.hiof.no\/holmboeprisen\/wp-json\/wp\/v2\/pages\/124"}],"wp:attachment":[{"href":"https:\/\/blogg.hiof.no\/holmboeprisen\/wp-json\/wp\/v2\/media?parent=182"}],"curies":[{"name":"wp","href":"https:\/\/api.w.org\/{rel}","templated":true}]}}