{"id":186,"date":"2024-11-22T14:31:33","date_gmt":"2024-11-22T13:31:33","guid":{"rendered":"https:\/\/blogg.hiof.no\/holmboeprisen\/?page_id=186"},"modified":"2024-11-22T14:31:33","modified_gmt":"2024-11-22T13:31:33","slug":"program-2013","status":"publish","type":"page","link":"https:\/\/blogg.hiof.no\/holmboeprisen\/arkiv\/program-2013\/","title":{"rendered":"Program 2013"},"content":{"rendered":"<div class=\"ldark\">\n<h2>Holmboeseminaret onsdag 22. mai 2013<\/h2>\n<p>Norsk matematikkr\u00e5d har tildelt Holmboeprisen 2013 til Anne-Mari Jensen ved Mel\u00f8y videreg\u00e5ende skole. Etter prisutdelingen p\u00e5 Oslo katedralskole blir det arrangert et symposium om matematikkundervisning ved H\u00f8gskolen i Oslo. Prisutdelingen og symposiet (inkludert lunsj) er gratis og \u00e5pent for alle interesserte, men lunsjen krever p\u00e5melding (se nedenfor).<\/p>\n<p>Selv om prisutdelingen kommer midt i eksamenstiden, h\u00e5per vi p\u00e5 godt oppm\u00f8te fra l\u00e6rere, studenter, de som utdanner l\u00e6rere, matematikere og andre matematikkinteresserte!<\/p>\n<h3>Program for dagen<\/h3>\n<table class=\"program\">\n<tbody>\n<tr valign=\"top\">\n<th>09:00 \u2013 10:15<\/th>\n<td>Holmboeprisutdeling i Oslo katedralskoles nye aula. Kunnskapsminister Kristin Halvorsen overrekker prisen. Abelprisvinner Pierre Deligne vil v\u00e6re til stede. Alle b\u00f8r v\u00e6re p\u00e5 plass senest kl. 08:45.<\/td>\n<\/tr>\n<tr valign=\"top\">\n<td colspan=\"2\">Vi forflytter oss deretter til H\u00f8gskolen i Oslo der det er lunsj og seminar.<\/td>\n<\/tr>\n<tr valign=\"top\">\n<th>11:30 \u2013 12:30<\/th>\n<td>Lunsj i Festsalen, Pilestredet 52. Lunsjen er gratis s\u00e5 langt plassene rekker, men krever p\u00e5melding til Arvid Siqveland (<a href=\"mailto:arvid.siqveland@hibu.no\">arvid.siqveland@hibu.no<\/a>) innen 13. mai.<\/td>\n<\/tr>\n<tr valign=\"top\">\n<td colspan=\"2\">Seminaret er i auditorium P173 i Pilestredet 48 (ingen p\u00e5melding):<\/td>\n<\/tr>\n<tr valign=\"top\">\n<th>12:30 \u2013 13:15<\/th>\n<td>Roger Antonsen holder foredrag om matematikken og didaktikken bak show og sjonglering.<\/td>\n<\/tr>\n<tr valign=\"top\">\n<td colspan=\"2\">Kaffe<\/td>\n<\/tr>\n<tr valign=\"top\">\n<th>13:45 \u2013 14:30<\/th>\n<td>Foredrag ved Holmboeprisvinner Anne-Mari Jensen.<\/td>\n<\/tr>\n<tr valign=\"top\">\n<th>14:45 \u2013 15:30<\/th>\n<td>Helmer Aslaksen: <i>Matematikk i Singapore<\/i><\/td>\n<\/tr>\n<\/tbody>\n<\/table>\n<p>Hjertelig velkommen!<\/p>\n<p>Arvid Siqveland<br \/>\nLeder i Norsk matematikkr\u00e5d<\/p>\n<p><a class=\"menu\" href=\"http:\/\/www.oslo-katedral.vgs.no\/\">Oslo katedralskole<\/a><br \/>\n<a class=\"menu\" href=\"http:\/\/hio.no\/\">H\u00f8gskolen i Oslo<\/a><br \/>\n<a class=\"menu\" href=\"http:\/\/statisk.hio.no\/hiokart\/\">Campuskart \u2013 HiO<\/a><br \/>\n<a class=\"menu\" href=\"mailto:arvid.siqveland@hibu.no\">P\u00e5melding til lunsj sendes til arvid.siqveland@hibu.no senest 13. mai<\/a><\/p>\n<\/div>\n","protected":false},"excerpt":{"rendered":"<p>Holmboeseminaret onsdag 22. mai 2013 Norsk matematikkr\u00e5d har tildelt Holmboeprisen 2013 til Anne-Mari Jensen ved Mel\u00f8y videreg\u00e5ende skole. Etter prisutdelingen p\u00e5 Oslo katedralskole blir det arrangert et symposium om matematikkundervisning ved H\u00f8gskolen i Oslo. Prisutdelingen og symposiet (inkludert lunsj) er &hellip; <a href=\"https:\/\/blogg.hiof.no\/holmboeprisen\/arkiv\/program-2013\/\">Les videre <span class=\"meta-nav\">&rarr;<\/span><\/a><\/p>\n","protected":false},"author":2225,"featured_media":0,"parent":124,"menu_order":0,"comment_status":"closed","ping_status":"closed","template":"","meta":{"footnotes":""},"class_list":["post-186","page","type-page","status-publish","hentry"],"_links":{"self":[{"href":"https:\/\/blogg.hiof.no\/holmboeprisen\/wp-json\/wp\/v2\/pages\/186","targetHints":{"allow":["GET"]}}],"collection":[{"href":"https:\/\/blogg.hiof.no\/holmboeprisen\/wp-json\/wp\/v2\/pages"}],"about":[{"href":"https:\/\/blogg.hiof.no\/holmboeprisen\/wp-json\/wp\/v2\/types\/page"}],"author":[{"embeddable":true,"href":"https:\/\/blogg.hiof.no\/holmboeprisen\/wp-json\/wp\/v2\/users\/2225"}],"replies":[{"embeddable":true,"href":"https:\/\/blogg.hiof.no\/holmboeprisen\/wp-json\/wp\/v2\/comments?post=186"}],"version-history":[{"count":1,"href":"https:\/\/blogg.hiof.no\/holmboeprisen\/wp-json\/wp\/v2\/pages\/186\/revisions"}],"predecessor-version":[{"id":187,"href":"https:\/\/blogg.hiof.no\/holmboeprisen\/wp-json\/wp\/v2\/pages\/186\/revisions\/187"}],"up":[{"embeddable":true,"href":"https:\/\/blogg.hiof.no\/holmboeprisen\/wp-json\/wp\/v2\/pages\/124"}],"wp:attachment":[{"href":"https:\/\/blogg.hiof.no\/holmboeprisen\/wp-json\/wp\/v2\/media?parent=186"}],"curies":[{"name":"wp","href":"https:\/\/api.w.org\/{rel}","templated":true}]}}