{"id":188,"date":"2024-11-22T14:32:02","date_gmt":"2024-11-22T13:32:02","guid":{"rendered":"https:\/\/blogg.hiof.no\/holmboeprisen\/?page_id=188"},"modified":"2024-11-22T14:32:02","modified_gmt":"2024-11-22T13:32:02","slug":"program-2012","status":"publish","type":"page","link":"https:\/\/blogg.hiof.no\/holmboeprisen\/arkiv\/program-2012\/","title":{"rendered":"Program 2012"},"content":{"rendered":"<div class=\"dark\">\n<h2>Holmboe-symposiet mandag 21. mai 2012<\/h2>\n<p>Norsk matematikkr\u00e5d har tildelt Holmboeprisen 2012 til Gina Onsrud, Nardo skole. I forbindelse med utdelingen av prisen arrangeres det et symposium om matematikkundervisning ved H\u00f8gskolen i Oslo. Prisutdelingen og symposiet (inkludert lunsj) er gratis og \u00e5pent for alle interesserte, men lunsjen krever p\u00e5melding (se nedenfor).<\/p>\n<p>Selv om prisutdelingen kommer midt i eksamenstiden, h\u00e5per vi p\u00e5 godt oppm\u00f8te fra l\u00e6rere, studenter, l\u00e6rerutdannere, matematikere og andre matematikkinteresserte!<\/p>\n<h3>Program for dagen<\/h3>\n<table class=\"program\">\n<tbody>\n<tr valign=\"top\">\n<th>10:00 \u2013 ca. 11:00<\/th>\n<td>Prisutdeling p\u00e5 Oslo katedralskole. Prisutdeling ved statsr\u00e5d Kristin Halvorsen p\u00e5 Oslo katedralskole. Abelprisvinner Endre Szemer\u00e9di vil v\u00e6re til stede. (Alle b\u00f8r v\u00e6re p\u00e5 plass senest 9:45!)<\/td>\n<\/tr>\n<tr valign=\"top\">\n<td colspan=\"2\">Vi forflytter oss deretter til H\u00f8gskolen i Oslo der det er lunsj og seminar:<\/td>\n<\/tr>\n<tr valign=\"top\">\n<th>11:30 \u2013 12:30<\/th>\n<td>Lunsj i Festsalen, Pilestredet 52. Lunsjen er gratis s\u00e5 langt plassene rekker, men krever p\u00e5melding til Arvid Siqveland (<a href=\"mailto:arvid.siqveland@hibu.no\">arvid.siqveland@hibu.no<\/a>) innen 13. mai.<\/td>\n<\/tr>\n<tr valign=\"top\">\n<td colspan=\"2\">Seminaret er i auditorium P173 i Pilestredet 48 (ingen p\u00e5melding):<\/td>\n<\/tr>\n<tr valign=\"top\">\n<th>12:30 \u2013 13:15<\/th>\n<td>Prisvinnerens foredrag. Gina Onsrud: <i>Skal vi gj\u00f8re noe artig i matematikken i dag, l\u00e6rer?<\/i><\/td>\n<\/tr>\n<tr valign=\"top\">\n<td colspan=\"2\">Kaffe<\/td>\n<\/tr>\n<tr valign=\"top\">\n<th>13:45 \u2013 14:30<\/th>\n<td>Guri A. Nortvedt holder et foredrag om: <i>Probleml\u00f8sning.<\/i><\/td>\n<\/tr>\n<tr valign=\"top\">\n<th>14:45 \u2013 15:30<\/th>\n<td>Inger Christin Borge holder foredraget: <i>La oss v\u00e6re diskrete.<\/i><\/td>\n<\/tr>\n<\/tbody>\n<\/table>\n<p>Hjertelig velkommen!<\/p>\n<p>Arvid Siqveland<br \/>\nLeder i Norsk matematikkr\u00e5d<\/p>\n<p><a class=\"menu\" href=\"http:\/\/www.oslo-katedral.vgs.no\/\">Oslo katedralskole<\/a><br \/>\n<a class=\"menu\" href=\"http:\/\/hio.no\/\">H\u00f8gskolen i Oslo<\/a><br \/>\n<a class=\"menu\" href=\"http:\/\/statisk.hio.no\/hiokart\/\">Campuskart \u2013 HiO<\/a><br \/>\n<a class=\"menu\" href=\"mailto:arvid.siqveland@hibu.no\">P\u00e5melding til lunsj sendes til arvid.siqveland@hibu.no senest 13. mai<\/a><\/p>\n<\/div>\n","protected":false},"excerpt":{"rendered":"<p>Holmboe-symposiet mandag 21. mai 2012 Norsk matematikkr\u00e5d har tildelt Holmboeprisen 2012 til Gina Onsrud, Nardo skole. I forbindelse med utdelingen av prisen arrangeres det et symposium om matematikkundervisning ved H\u00f8gskolen i Oslo. Prisutdelingen og symposiet (inkludert lunsj) er gratis og &hellip; <a href=\"https:\/\/blogg.hiof.no\/holmboeprisen\/arkiv\/program-2012\/\">Les videre <span class=\"meta-nav\">&rarr;<\/span><\/a><\/p>\n","protected":false},"author":2225,"featured_media":0,"parent":124,"menu_order":0,"comment_status":"closed","ping_status":"closed","template":"","meta":{"footnotes":""},"class_list":["post-188","page","type-page","status-publish","hentry"],"_links":{"self":[{"href":"https:\/\/blogg.hiof.no\/holmboeprisen\/wp-json\/wp\/v2\/pages\/188","targetHints":{"allow":["GET"]}}],"collection":[{"href":"https:\/\/blogg.hiof.no\/holmboeprisen\/wp-json\/wp\/v2\/pages"}],"about":[{"href":"https:\/\/blogg.hiof.no\/holmboeprisen\/wp-json\/wp\/v2\/types\/page"}],"author":[{"embeddable":true,"href":"https:\/\/blogg.hiof.no\/holmboeprisen\/wp-json\/wp\/v2\/users\/2225"}],"replies":[{"embeddable":true,"href":"https:\/\/blogg.hiof.no\/holmboeprisen\/wp-json\/wp\/v2\/comments?post=188"}],"version-history":[{"count":1,"href":"https:\/\/blogg.hiof.no\/holmboeprisen\/wp-json\/wp\/v2\/pages\/188\/revisions"}],"predecessor-version":[{"id":189,"href":"https:\/\/blogg.hiof.no\/holmboeprisen\/wp-json\/wp\/v2\/pages\/188\/revisions\/189"}],"up":[{"embeddable":true,"href":"https:\/\/blogg.hiof.no\/holmboeprisen\/wp-json\/wp\/v2\/pages\/124"}],"wp:attachment":[{"href":"https:\/\/blogg.hiof.no\/holmboeprisen\/wp-json\/wp\/v2\/media?parent=188"}],"curies":[{"name":"wp","href":"https:\/\/api.w.org\/{rel}","templated":true}]}}