{"id":19,"date":"2024-11-22T10:11:56","date_gmt":"2024-11-22T09:11:56","guid":{"rendered":"https:\/\/blogg.hiof.no\/holmboeprisen\/?page_id=19"},"modified":"2025-09-18T11:48:20","modified_gmt":"2025-09-18T09:48:20","slug":"nominasjon","status":"publish","type":"page","link":"https:\/\/blogg.hiof.no\/holmboeprisen\/nominasjon\/","title":{"rendered":"Nominasjon"},"content":{"rendered":"<div class=\"ldark\">\n<h2>Nominasjoner til Holmboeprisen 2026<\/h2>\n<h3>Nominasjonsskjema &#8211; <a href=\"https:\/\/nettskjema.no\/a\/holmboe26\" target=\"_blank\" rel=\"noopener noreferrer\">Online nominasjonsskjema (Nettskjema)<\/a><\/h3>\n<p>Bruk eventuelt papirskjema som finnes her:<\/p>\n<ul>\n<li>for nominasjon av en individuell l\u00e6rer (<a href=\"https:\/\/holmboeprisen.no\/nominasjon\/Nominasjon_skjema-individuell.docx\">docx<\/a> \u00b7 <a href=\"https:\/\/holmboeprisen.no\/nominasjon\/Nominasjon_skjema-individuell.pdf\">pdf<\/a>)<\/li>\n<li>for nominasjon av en gruppe l\u00e6rere (<a href=\"https:\/\/holmboeprisen.no\/nominasjon\/Nominasjon_skjema-gruppe.docx\">docx<\/a> \u00b7 <a href=\"https:\/\/holmboeprisen.no\/nominasjon\/Nominasjon_skjema-gruppe.pdf\">pdf<\/a>)<\/li>\n<\/ul>\n<p>Skjemaet fylles ut og sendes inn, <a href=\"https:\/\/nettskjema.no\/a\/holmboe\" target=\"_blank\" rel=\"noopener noreferrer\">helst online<\/a>, <b>innen 15. januar 2026<\/b>. Du kan ogs\u00e5 sende nominasjonen som epost til <span class=\"email\"><a href=\"mailto:tore.a.kro@hiof.no\">tore.a.kro@hiof.no<\/a><\/span> eller med vanlig post til<\/p>\n<blockquote><p><b>Norsk matematikkr\u00e5d<\/b><br \/>\nved Tore August Kro<br \/>\nH\u00f8gskolen i \u00d8stfold<br \/>\nInstitutt for ingeni\u00f8rfag<br \/>\nPostboks 700<br \/>\n1757 Halden<\/p><\/blockquote>\n<div class=\"light\">\n<h2>Mer om nominasjonsprosessen<\/h2>\n<p class=\"ingress\"><b>Kjenner du en matematikkl\u00e6rer som fortjener en pris?<\/b> Noen som b\u00e5de brenner for sitt fag og greier \u00e5 formidle det til sine elever? Noen som har gitt et l\u00f8ft for matematikkfaget og som fortjener st\u00f8rre oppmerksomhet for det?<\/p>\n<blockquote class=\"petit\"><p>Bernt Michael Holmboe (1795\u20131850) var matematikkl\u00e6rer ved Christiania katedralskole. Det var han som oppdaget talentet til Niels Henrik Abel, og hjalp ham frem p\u00e5 begynnelsen av hans matematiske karriere. Gjennom hele Abels liv var Holmboe hans n\u00e6re venn og st\u00f8ttespiller. Holmboe var ogs\u00e5 l\u00e6rebokforfatter, og ble senere professor ved Universitetet.<\/p><\/blockquote>\n<p>Norsk matematikkr\u00e5d deler hver v\u00e5r ut Bernt Michael Holmboes minnepris. Holmboeprisen kan gis til en eller flere matematikkl\u00e6rere i norsk grunnskole eller videreg\u00e5ende skole. Prisen, som er finansiert av Abelprisen, er p\u00e5 <span class=\"nowrap\">kr 100 000<\/span> og skal deles mellom prisvinneren og skolen han eller hun kommer fra. Vi \u00f8nsker p\u00e5 denne m\u00e5ten \u00e5 l\u00f8fte frem gode matematikkl\u00e6rere som forbilder for alle som arbeider med undervisning. Utfordringen i matematikkfaget i dag er \u00e5 skape et godt grunnlag av kunnskaper \u00e5 bygge videre p\u00e5, samtidig som elevene m\u00e5 f\u00f8le at det de l\u00e6rer er relevant og ang\u00e5r dem. De l\u00e6rerne som greier dette har f\u00e5tt til noe som ogs\u00e5 andre b\u00f8r f\u00e5 ta del i og l\u00e6re av.<\/p>\n<p>Alle som vil kan nominere kandidater til Holmboeprisen. Det kan v\u00e6re n\u00e5v\u00e6rende eller tidligere elever, foreldre til elever eller kollegaer som vil rette oppmerksomhet mot en matematikkl\u00e6rer som har gjort en innsats utover det vanlige. Legg ved en begrunnelse for hvorfor du mener at din kandidat b\u00f8r f\u00e5 prisen, og navn p\u00e5 to referansepersoner som vi kan kontakte for \u00e5 f\u00e5 ytterligere informasjon.<\/p>\n<p>Det er mulig \u00e5 nominere en enkelt l\u00e6rer eller en gruppe l\u00e6rere som sammen har gjort en innsats for matematikkfaget. De nominerte b\u00f8r fremdeles v\u00e6re aktive som l\u00e6rere. Tenk p\u00e5 at vi trenger \u00e5 f\u00e5 et innblikk inn i klasserommet til de nominerte. Hvis du ikke har v\u00e6rt elev av den nominerte er det mulig \u00e5 ta med uttalelser fra (tidligere) elever eller deres foreldre, eller \u00e5 bruke dem som referansepersoner. I den grad engasjementet til de nominerte ogs\u00e5 har gitt seg utslag utenfor klasserommet \u00f8nsker vi \u00e5 f\u00e5 en omtale av dette.<\/p>\n<p>Legg hvis mulig ved en kort CV for den nominerte, s\u00e6rlig dersom du nominerer en enkeltperson.<\/p>\n<\/div>\n<\/div>\n","protected":false},"excerpt":{"rendered":"<p>Nominasjoner til Holmboeprisen 2026 Nominasjonsskjema &#8211; Online nominasjonsskjema (Nettskjema) Bruk eventuelt papirskjema som finnes her: for nominasjon av en individuell l\u00e6rer (docx \u00b7 pdf) for nominasjon av en gruppe l\u00e6rere (docx \u00b7 pdf) Skjemaet fylles ut og sendes inn, helst &hellip; <a href=\"https:\/\/blogg.hiof.no\/holmboeprisen\/nominasjon\/\">Les videre <span class=\"meta-nav\">&rarr;<\/span><\/a><\/p>\n","protected":false},"author":2225,"featured_media":0,"parent":0,"menu_order":0,"comment_status":"closed","ping_status":"closed","template":"","meta":{"footnotes":""},"class_list":["post-19","page","type-page","status-publish","hentry"],"_links":{"self":[{"href":"https:\/\/blogg.hiof.no\/holmboeprisen\/wp-json\/wp\/v2\/pages\/19","targetHints":{"allow":["GET"]}}],"collection":[{"href":"https:\/\/blogg.hiof.no\/holmboeprisen\/wp-json\/wp\/v2\/pages"}],"about":[{"href":"https:\/\/blogg.hiof.no\/holmboeprisen\/wp-json\/wp\/v2\/types\/page"}],"author":[{"embeddable":true,"href":"https:\/\/blogg.hiof.no\/holmboeprisen\/wp-json\/wp\/v2\/users\/2225"}],"replies":[{"embeddable":true,"href":"https:\/\/blogg.hiof.no\/holmboeprisen\/wp-json\/wp\/v2\/comments?post=19"}],"version-history":[{"count":7,"href":"https:\/\/blogg.hiof.no\/holmboeprisen\/wp-json\/wp\/v2\/pages\/19\/revisions"}],"predecessor-version":[{"id":295,"href":"https:\/\/blogg.hiof.no\/holmboeprisen\/wp-json\/wp\/v2\/pages\/19\/revisions\/295"}],"wp:attachment":[{"href":"https:\/\/blogg.hiof.no\/holmboeprisen\/wp-json\/wp\/v2\/media?parent=19"}],"curies":[{"name":"wp","href":"https:\/\/api.w.org\/{rel}","templated":true}]}}