{"id":192,"date":"2024-11-22T14:33:47","date_gmt":"2024-11-22T13:33:47","guid":{"rendered":"https:\/\/blogg.hiof.no\/holmboeprisen\/?page_id=192"},"modified":"2024-11-22T14:33:47","modified_gmt":"2024-11-22T13:33:47","slug":"hedersomtale-2011","status":"publish","type":"page","link":"https:\/\/blogg.hiof.no\/holmboeprisen\/arkiv\/hedersomtale-2011\/","title":{"rendered":"Hedersomtale 2011"},"content":{"rendered":"<div class=\"light\">\n<h2>Hedersomtale<\/h2>\n<p class=\"ingress\">I tillegg til \u00e5rets prisvinner gir Holmboekomit\u00e9en hedersomtale til:<\/p>\n<h3>Kari Hauk\u00e5s Lunde, Bryne skule<\/h3>\n<p>Kari Hauk\u00e5s Lunde har i mange \u00e5r arbeidet p\u00e5 Bryne skule (1-7 skole) i Rogaland. Hun har v\u00e6rt en matematisk inspirator for de andre l\u00e6rerne p\u00e5 skolen og i kommunen. Elevenes forst\u00e5else st\u00e5r i sentrum i klasserommet. Hun bruker varierte arbeidsm\u00e5ter med mye konkretisering og praktiske oppgaver og greier \u00e5 knytte matematikken opp til hverdagslivet. Tidligere elever sier timene til Kari er spennende, og elevene f\u00f8ler at Kari ser dem. M\u00e5let er at alle skal bli gode.<\/p>\n<p>Kari har v\u00e6rt en p\u00e5driver for \u00e5 f\u00e5 en stor samling matematikkutstyr p\u00e5 skolen. Hun deler gjerne nye kunnskaper med de andre l\u00e6rerne n\u00e5r hun selv har v\u00e6rt p\u00e5 kurs. Hennes faglige tyngde er stor, hun er hjelpsom og kreativ.<\/p>\n<p>Kari var i sin tid med p\u00e5 \u00e5 starte LAMIS lokallag i Rogaland. Hun har sittet b\u00e5de i lokallagsstyret og i sentralstyret. I Tangenten har hun bidratt med interessante artikler om matematikkundervisning.<\/p>\n<p>Hun har blitt brukt som kursholder b\u00e5de i egen og andre kommuner.<\/p>\n<p><a class=\"menu\" href=\"http:\/\/www.minskole.no\/minskole\/Bryne\/pilot.nsf\/vindex\">Bryne skule<\/a><br \/>\n<a class=\"menu\" href=\"http:\/\/www.caspar.no\/tangenten.php\">Tangenten<\/a><br \/>\n<a class=\"menu\" href=\"http:\/\/www.lamis.no\/\">LAMIS<\/a><\/p>\n<\/div>\n","protected":false},"excerpt":{"rendered":"<p>Hedersomtale I tillegg til \u00e5rets prisvinner gir Holmboekomit\u00e9en hedersomtale til: Kari Hauk\u00e5s Lunde, Bryne skule Kari Hauk\u00e5s Lunde har i mange \u00e5r arbeidet p\u00e5 Bryne skule (1-7 skole) i Rogaland. Hun har v\u00e6rt en matematisk inspirator for de andre l\u00e6rerne &hellip; <a href=\"https:\/\/blogg.hiof.no\/holmboeprisen\/arkiv\/hedersomtale-2011\/\">Les videre <span class=\"meta-nav\">&rarr;<\/span><\/a><\/p>\n","protected":false},"author":2225,"featured_media":0,"parent":124,"menu_order":0,"comment_status":"closed","ping_status":"closed","template":"","meta":{"footnotes":""},"class_list":["post-192","page","type-page","status-publish","hentry"],"_links":{"self":[{"href":"https:\/\/blogg.hiof.no\/holmboeprisen\/wp-json\/wp\/v2\/pages\/192","targetHints":{"allow":["GET"]}}],"collection":[{"href":"https:\/\/blogg.hiof.no\/holmboeprisen\/wp-json\/wp\/v2\/pages"}],"about":[{"href":"https:\/\/blogg.hiof.no\/holmboeprisen\/wp-json\/wp\/v2\/types\/page"}],"author":[{"embeddable":true,"href":"https:\/\/blogg.hiof.no\/holmboeprisen\/wp-json\/wp\/v2\/users\/2225"}],"replies":[{"embeddable":true,"href":"https:\/\/blogg.hiof.no\/holmboeprisen\/wp-json\/wp\/v2\/comments?post=192"}],"version-history":[{"count":1,"href":"https:\/\/blogg.hiof.no\/holmboeprisen\/wp-json\/wp\/v2\/pages\/192\/revisions"}],"predecessor-version":[{"id":193,"href":"https:\/\/blogg.hiof.no\/holmboeprisen\/wp-json\/wp\/v2\/pages\/192\/revisions\/193"}],"up":[{"embeddable":true,"href":"https:\/\/blogg.hiof.no\/holmboeprisen\/wp-json\/wp\/v2\/pages\/124"}],"wp:attachment":[{"href":"https:\/\/blogg.hiof.no\/holmboeprisen\/wp-json\/wp\/v2\/media?parent=192"}],"curies":[{"name":"wp","href":"https:\/\/api.w.org\/{rel}","templated":true}]}}